{"id":9683,"date":"2019-09-05T10:15:02","date_gmt":"2019-09-05T15:45:02","guid":{"rendered":"https:\/\/emergingmanagers.ca\/?post_type=product&#038;p=9683"},"modified":"2019-11-15T12:21:22","modified_gmt":"2019-11-15T17:51:22","slug":"2019-cge-emb-cap-intro","status":"publish","type":"product","link":"https:\/\/emergingmanagers.ca\/fr\/produit\/2019-cge-emb-cap-intro\/","title":{"rendered":"2019 CGE-EMB CAP INTRO"},"content":{"rendered":"<p style=\"text-align: center;\"><span lang=\"FR-CA\">2019\u00a0 CGE \u2014EMB Cap Intro<\/span><span lang=\"FR-CA\">.\u00a0<\/span><\/p>\n<p style=\"text-align: center;\"><strong><span style=\"text-decoration: underline;\">Programme pr\u00e9liminaire:<\/span><\/strong><\/p>\n<p><strong>9\u00a0h-9\u00a0h 30 inscription et r\u00e9seautage<\/strong><\/p>\n<p><strong>D\u00e9jeuner continental<\/strong><\/p>\n<p><strong>9\u00a0h\u00a030 \u201310\u00a0h 30 De\u0301bat d\u2019experts # 1:<\/strong><\/p>\n<div class=\"page\" title=\"Page 1\">\n<div class=\"section\">\n<div class=\"layoutArea\">\n<div class=\"column\">\n<p>Ge\u0301rer plus que la performance : faire croi\u0302tre une entreprise!<\/p>\n<\/div>\n<\/div>\n<\/div>\n<\/div>\n<div class=\"page\" title=\"Page 1\">\n<div class=\"section\">\n<div class=\"layoutArea\">\n<div class=\"column\">\n<ul>\n<li>La performance est tre\u0300s importante, mais quoi d\u2019autre pour gagner des mandats?<\/li>\n<li>Performance, personnel, marketing, ope\u0301rations \u2014 quoi prioriser?<\/li>\n<\/ul>\n<\/div>\n<\/div>\n<\/div>\n<\/div>\n<p><strong>10\u00a0h\u00a045 \u201312\u00a0h 15\u00a01-on-1 Meetings\u00a0:<\/strong><\/p>\n<p>Rencontres individuelles de 15 minutes entre allocateurs d\u2019actifs et gestionnaires \u00e9mergents.<\/p>\n<p><strong>12h 30 \u201313 h 30 Diner et pr\u00e9sentation #2 :<\/strong><\/p>\n<p>AIMA Canada<\/p>\n<p>Un survol des programmes de gestionnaires en e\u0301mergence a\u0300 travers le monde.<\/p>\n<p>&nbsp;<\/p>\n<p><a href=\"https:\/\/emergingmanagers.ca\/fr\/?attachment_id=9686\" rel=\"attachment wp-att-9686\"><img loading=\"lazy\" decoding=\"async\" class=\"aligncenter wp-image-9686\" src=\"https:\/\/emergingmanagers.ca\/wp-content\/uploads\/2019\/09\/collage-sponsors-2019-1.jpg\" alt=\"\" width=\"435\" height=\"339\" \/><\/a><\/p>\n<p>&nbsp;<\/p>\n<p>&nbsp;<\/p>\n","protected":false},"excerpt":{"rendered":"<h4 style=\"text-align: center;\">Assister au CAP INTRO 2019!<\/h4>\n<h4>Un \u00e9v\u00e9nement qui facilitera les liens entre les institutions, les investisseurs, et les principaux gestionnaires de fonds.<\/h4>\n<h4>De plus, le Cap Intro du CGE accueillera quelques conf\u00e9renciers et en plus de rencontre individuelle de type <em>One on one meeting<\/em>. Un moyen rapide et efficace de se faire connaitre par diff\u00e9rents allocateurs d\u2019actif.<\/h4>\n<p>L&rsquo;\u00e9v\u00e9nement aura lieu \u00e0 la date, l&rsquo;heure et le lieu ci-dessous :<\/p>\n<p><strong>Date:<\/strong>\u00a0 6 novembre, 2019<\/p>\n<p><strong>Location:<\/strong> Club Saint-James de Montr\u00e9al, 1145 Avenue Union, Montr\u00e9al<\/p>\n<p><strong>Prix:<\/strong> $200 par firme membre<\/p>\n<p style=\"text-align: center;\"><strong><span style=\"text-decoration: underline;\">Programme pr\u00e9liminaire:<\/span><\/strong><\/p>\n<p><strong>9 h 00 -9 h 30 inscription et r\u00e9seautage<\/strong><\/p>\n<p><strong>D\u00e9jeuner continental<\/strong><\/p>\n<p><strong>9:30 \u201310 h 30 De\u0301bat d\u2019experts # 1:<\/strong><\/p>\n<div class=\"page\" title=\"Page 1\">\n<div class=\"section\">\n<div class=\"layoutArea\">\n<div class=\"column\">\n<p>Ge\u0301rer plus que la performance : faire croi\u0302tre une entreprise!<\/p>\n<\/div>\n<\/div>\n<\/div>\n<\/div>\n<div class=\"page\" title=\"Page 1\">\n<div class=\"section\">\n<div class=\"layoutArea\">\n<div class=\"column\">\n<ul>\n<li>La performance est tre\u0300s importante, mais quoi d\u2019autre pour gagner des mandats?<\/li>\n<li>Performance, personnel, marketing, ope\u0301rations \u2013 quoi prioriser?<\/li>\n<\/ul>\n<\/div>\n<\/div>\n<\/div>\n<\/div>\n<p><strong>10:45 \u201312\u00a0h\u00a015 1-on-1 Meetings\u00a0:<\/strong><\/p>\n<p>Rencontres individuelles de 15 minutes entre allocateurs d\u2019actifs et gestionnaires \u00e9mergents.<\/p>\n<p><strong>12:30 \u201313\u00a0h\u00a030 Diner et pr\u00e9sentation #2\u00a0:<\/strong><\/p>\n<p><em>AIMA Canada &amp; Emerging Manager Programs<br \/>\n<\/em><\/p>\n<div class=\"page\" title=\"Page 1\">\n<div class=\"section\">\n<div class=\"layoutArea\">\n<div class=\"column\"><\/div>\n<\/div>\n<\/div>\n<\/div>\n<ul>\n<li>AIMA Canada: subject to follow<\/li>\n<li>An overview of emerging manager programs around the world<\/li>\n<\/ul>\n<p>&nbsp;<\/p>\n<h4><em><strong>Merci \u00e0 nos partenaires et au commanditaire de l&rsquo;\u00e9v\u00e9nement<\/strong><\/em><\/h4>\n<p><a href=\"https:\/\/emergingmanagers.ca\/fr\/?attachment_id=9686\" rel=\"attachment wp-att-9686\"><img loading=\"lazy\" decoding=\"async\" class=\"aligncenter wp-image-9686\" src=\"https:\/\/emergingmanagers.ca\/wp-content\/uploads\/2019\/09\/collage-sponsors-2019-1.jpg\" alt=\"\" width=\"408\" height=\"318\" \/><\/a><\/p>\n<p>Veuillez confirmer votre pr\u00e9sence\u00a0en s\u00e9lectionnant le lien suivant:<\/p>\n","protected":false},"featured_media":0,"template":"","meta":{"_acf_changed":false,"_et_pb_use_builder":"","_et_pb_old_content":"","_et_gb_content_width":"","_monsterinsights_skip_tracking":false,"_monsterinsights_sitenote_active":false,"_monsterinsights_sitenote_note":"","_monsterinsights_sitenote_category":0},"product_brand":[],"product_cat":[210],"product_tag":[],"class_list":{"0":"post-9683","1":"product","2":"type-product","3":"status-publish","5":"product_cat-non-classifiee","7":"first","8":"instock","9":"virtual","10":"sold-individually","11":"taxable","12":"purchasable","13":"product-type-simple"},"acf":[],"yoast_head":"<!-- This site is optimized with the Yoast SEO plugin v27.2 - https:\/\/yoast.com\/product\/yoast-seo-wordpress\/ -->\n<title>2019 CGE-EMB CAP INTRO - CGE-EMB<\/title>\n<meta name=\"robots\" content=\"noindex, follow\" \/>\n<meta property=\"og:locale\" content=\"fr_FR\" \/>\n<meta property=\"og:type\" content=\"article\" \/>\n<meta property=\"og:title\" content=\"2019 CGE-EMB CAP INTRO - CGE-EMB\" \/>\n<meta property=\"og:description\" content=\"Assister au CAP INTRO 2019! Un \u00e9v\u00e9nement qui facilitera les liens entre les institutions, les investisseurs, et les principaux gestionnaires de fonds. De plus, le Cap Intro du CGE accueillera quelques conf\u00e9renciers et en plus de rencontre individuelle de type One on one meeting. Un moyen rapide et efficace de se faire connaitre par diff\u00e9rents allocateurs d\u2019actif. L&#039;\u00e9v\u00e9nement aura lieu \u00e0 la date, l&#039;heure et le lieu ci-dessous :  Date:\u00a0 6 novembre, 2019  Location: Club Saint-James de Montr\u00e9al, 1145 Avenue Union, Montr\u00e9al  Prix: $200 par firme membre Programme pr\u00e9liminaire: 9 h 00 -9 h 30 inscription et r\u00e9seautage  D\u00e9jeuner continental  9:30 \u201310 h 30 De\u0301bat d\u2019experts # 1:      Ge\u0301rer plus que la performance : faire croi\u0302tre une entreprise!            La performance est tre\u0300s importante, mais quoi d\u2019autre pour gagner des mandats?  Performance, personnel, marketing, ope\u0301rations \u2013 quoi prioriser?      10:45 \u201312\u00a0h\u00a015 1-on-1 Meetings\u00a0:  Rencontres individuelles de 15 minutes entre allocateurs d\u2019actifs et gestionnaires \u00e9mergents.  12:30 \u201313\u00a0h\u00a030 Diner et pr\u00e9sentation #2\u00a0:  AIMA Canada &amp; Emerging Manager Programs           AIMA Canada: subject to follow  An overview of emerging manager programs around the world  &nbsp; Merci \u00e0 nos partenaires et au commanditaire de l&#039;\u00e9v\u00e9nement   Veuillez confirmer votre pr\u00e9sence\u00a0en s\u00e9lectionnant le lien suivant:\" \/>\n<meta property=\"og:url\" content=\"https:\/\/emergingmanagers.ca\/fr\/produit\/2019-cge-emb-cap-intro\/\" \/>\n<meta property=\"og:site_name\" content=\"CGE-EMB\" \/>\n<meta property=\"article:modified_time\" content=\"2019-11-15T17:51:22+00:00\" \/>\n<meta property=\"og:image\" content=\"https:\/\/emergingmanagers.ca\/wp-content\/uploads\/2019\/09\/collage-sponsors-2019-1.jpg\" \/>\n<script type=\"application\/ld+json\" class=\"yoast-schema-graph\">{\"@context\":\"https:\/\/schema.org\",\"@graph\":[{\"@type\":\"WebPage\",\"@id\":\"https:\/\/emergingmanagers.ca\/fr\/produit\/2019-cge-emb-cap-intro\/\",\"url\":\"https:\/\/emergingmanagers.ca\/fr\/produit\/2019-cge-emb-cap-intro\/\",\"name\":\"2019 CGE-EMB CAP INTRO - CGE-EMB\",\"isPartOf\":{\"@id\":\"https:\/\/emergingmanagers.ca\/#website\"},\"primaryImageOfPage\":{\"@id\":\"https:\/\/emergingmanagers.ca\/fr\/produit\/2019-cge-emb-cap-intro\/#primaryimage\"},\"image\":{\"@id\":\"https:\/\/emergingmanagers.ca\/fr\/produit\/2019-cge-emb-cap-intro\/#primaryimage\"},\"thumbnailUrl\":\"https:\/\/emergingmanagers.ca\/wp-content\/uploads\/2019\/09\/collage-sponsors-2019-1.jpg\",\"datePublished\":\"2019-09-05T15:45:02+00:00\",\"dateModified\":\"2019-11-15T17:51:22+00:00\",\"breadcrumb\":{\"@id\":\"https:\/\/emergingmanagers.ca\/fr\/produit\/2019-cge-emb-cap-intro\/#breadcrumb\"},\"inLanguage\":\"fr-FR\",\"potentialAction\":[{\"@type\":\"ReadAction\",\"target\":[\"https:\/\/emergingmanagers.ca\/fr\/produit\/2019-cge-emb-cap-intro\/\"]}]},{\"@type\":\"ImageObject\",\"inLanguage\":\"fr-FR\",\"@id\":\"https:\/\/emergingmanagers.ca\/fr\/produit\/2019-cge-emb-cap-intro\/#primaryimage\",\"url\":\"https:\/\/emergingmanagers.ca\/wp-content\/uploads\/2019\/09\/collage-sponsors-2019-1.jpg\",\"contentUrl\":\"https:\/\/emergingmanagers.ca\/wp-content\/uploads\/2019\/09\/collage-sponsors-2019-1.jpg\"},{\"@type\":\"BreadcrumbList\",\"@id\":\"https:\/\/emergingmanagers.ca\/fr\/produit\/2019-cge-emb-cap-intro\/#breadcrumb\",\"itemListElement\":[{\"@type\":\"ListItem\",\"position\":1,\"name\":\"Home\",\"item\":\"https:\/\/emergingmanagers.ca\/\"},{\"@type\":\"ListItem\",\"position\":2,\"name\":\"Products\",\"item\":\"https:\/\/emergingmanagers.ca\/shop\/\"},{\"@type\":\"ListItem\",\"position\":3,\"name\":\"2019 CGE-EMB CAP INTRO\"}]},{\"@type\":\"WebSite\",\"@id\":\"https:\/\/emergingmanagers.ca\/#website\",\"url\":\"https:\/\/emergingmanagers.ca\/\",\"name\":\"CGE-EMB\",\"description\":\"Conseil des Gestionnaires Emergents | Emerging Managers Board\",\"potentialAction\":[{\"@type\":\"SearchAction\",\"target\":{\"@type\":\"EntryPoint\",\"urlTemplate\":\"https:\/\/emergingmanagers.ca\/?s={search_term_string}\"},\"query-input\":{\"@type\":\"PropertyValueSpecification\",\"valueRequired\":true,\"valueName\":\"search_term_string\"}}],\"inLanguage\":\"fr-FR\"}]}<\/script>\n<!-- \/ Yoast SEO plugin. -->","yoast_head_json":{"title":"2019 CGE-EMB CAP INTRO - CGE-EMB","robots":{"index":"noindex","follow":"follow"},"og_locale":"fr_FR","og_type":"article","og_title":"2019 CGE-EMB CAP INTRO - CGE-EMB","og_description":"Assister au CAP INTRO 2019! Un \u00e9v\u00e9nement qui facilitera les liens entre les institutions, les investisseurs, et les principaux gestionnaires de fonds. De plus, le Cap Intro du CGE accueillera quelques conf\u00e9renciers et en plus de rencontre individuelle de type One on one meeting. Un moyen rapide et efficace de se faire connaitre par diff\u00e9rents allocateurs d\u2019actif. L'\u00e9v\u00e9nement aura lieu \u00e0 la date, l'heure et le lieu ci-dessous :  Date:\u00a0 6 novembre, 2019  Location: Club Saint-James de Montr\u00e9al, 1145 Avenue Union, Montr\u00e9al  Prix: $200 par firme membre Programme pr\u00e9liminaire: 9 h 00 -9 h 30 inscription et r\u00e9seautage  D\u00e9jeuner continental  9:30 \u201310 h 30 De\u0301bat d\u2019experts # 1:      Ge\u0301rer plus que la performance : faire croi\u0302tre une entreprise!            La performance est tre\u0300s importante, mais quoi d\u2019autre pour gagner des mandats?  Performance, personnel, marketing, ope\u0301rations \u2013 quoi prioriser?      10:45 \u201312\u00a0h\u00a015 1-on-1 Meetings\u00a0:  Rencontres individuelles de 15 minutes entre allocateurs d\u2019actifs et gestionnaires \u00e9mergents.  12:30 \u201313\u00a0h\u00a030 Diner et pr\u00e9sentation #2\u00a0:  AIMA Canada &amp; Emerging Manager Programs           AIMA Canada: subject to follow  An overview of emerging manager programs around the world  &nbsp; Merci \u00e0 nos partenaires et au commanditaire de l'\u00e9v\u00e9nement   Veuillez confirmer votre pr\u00e9sence\u00a0en s\u00e9lectionnant le lien suivant:","og_url":"https:\/\/emergingmanagers.ca\/fr\/produit\/2019-cge-emb-cap-intro\/","og_site_name":"CGE-EMB","article_modified_time":"2019-11-15T17:51:22+00:00","og_image":[{"url":"https:\/\/emergingmanagers.ca\/wp-content\/uploads\/2019\/09\/collage-sponsors-2019-1.jpg","type":"","width":"","height":""}],"schema":{"@context":"https:\/\/schema.org","@graph":[{"@type":"WebPage","@id":"https:\/\/emergingmanagers.ca\/fr\/produit\/2019-cge-emb-cap-intro\/","url":"https:\/\/emergingmanagers.ca\/fr\/produit\/2019-cge-emb-cap-intro\/","name":"2019 CGE-EMB CAP INTRO - CGE-EMB","isPartOf":{"@id":"https:\/\/emergingmanagers.ca\/#website"},"primaryImageOfPage":{"@id":"https:\/\/emergingmanagers.ca\/fr\/produit\/2019-cge-emb-cap-intro\/#primaryimage"},"image":{"@id":"https:\/\/emergingmanagers.ca\/fr\/produit\/2019-cge-emb-cap-intro\/#primaryimage"},"thumbnailUrl":"https:\/\/emergingmanagers.ca\/wp-content\/uploads\/2019\/09\/collage-sponsors-2019-1.jpg","datePublished":"2019-09-05T15:45:02+00:00","dateModified":"2019-11-15T17:51:22+00:00","breadcrumb":{"@id":"https:\/\/emergingmanagers.ca\/fr\/produit\/2019-cge-emb-cap-intro\/#breadcrumb"},"inLanguage":"fr-FR","potentialAction":[{"@type":"ReadAction","target":["https:\/\/emergingmanagers.ca\/fr\/produit\/2019-cge-emb-cap-intro\/"]}]},{"@type":"ImageObject","inLanguage":"fr-FR","@id":"https:\/\/emergingmanagers.ca\/fr\/produit\/2019-cge-emb-cap-intro\/#primaryimage","url":"https:\/\/emergingmanagers.ca\/wp-content\/uploads\/2019\/09\/collage-sponsors-2019-1.jpg","contentUrl":"https:\/\/emergingmanagers.ca\/wp-content\/uploads\/2019\/09\/collage-sponsors-2019-1.jpg"},{"@type":"BreadcrumbList","@id":"https:\/\/emergingmanagers.ca\/fr\/produit\/2019-cge-emb-cap-intro\/#breadcrumb","itemListElement":[{"@type":"ListItem","position":1,"name":"Home","item":"https:\/\/emergingmanagers.ca\/"},{"@type":"ListItem","position":2,"name":"Products","item":"https:\/\/emergingmanagers.ca\/shop\/"},{"@type":"ListItem","position":3,"name":"2019 CGE-EMB CAP INTRO"}]},{"@type":"WebSite","@id":"https:\/\/emergingmanagers.ca\/#website","url":"https:\/\/emergingmanagers.ca\/","name":"CGE-EMB","description":"Conseil des Gestionnaires Emergents | Emerging Managers Board","potentialAction":[{"@type":"SearchAction","target":{"@type":"EntryPoint","urlTemplate":"https:\/\/emergingmanagers.ca\/?s={search_term_string}"},"query-input":{"@type":"PropertyValueSpecification","valueRequired":true,"valueName":"search_term_string"}}],"inLanguage":"fr-FR"}]}},"_links":{"self":[{"href":"https:\/\/emergingmanagers.ca\/fr\/wp-json\/wp\/v2\/product\/9683","targetHints":{"allow":["GET"]}}],"collection":[{"href":"https:\/\/emergingmanagers.ca\/fr\/wp-json\/wp\/v2\/product"}],"about":[{"href":"https:\/\/emergingmanagers.ca\/fr\/wp-json\/wp\/v2\/types\/product"}],"wp:attachment":[{"href":"https:\/\/emergingmanagers.ca\/fr\/wp-json\/wp\/v2\/media?parent=9683"}],"wp:term":[{"taxonomy":"product_brand","embeddable":true,"href":"https:\/\/emergingmanagers.ca\/fr\/wp-json\/wp\/v2\/product_brand?post=9683"},{"taxonomy":"product_cat","embeddable":true,"href":"https:\/\/emergingmanagers.ca\/fr\/wp-json\/wp\/v2\/product_cat?post=9683"},{"taxonomy":"product_tag","embeddable":true,"href":"https:\/\/emergingmanagers.ca\/fr\/wp-json\/wp\/v2\/product_tag?post=9683"}],"curies":[{"name":"wp","href":"https:\/\/api.w.org\/{rel}","templated":true}]}}