{"id":7803,"date":"2019-03-05T18:06:14","date_gmt":"2019-03-05T23:36:25","guid":{"rendered":"https:\/\/emergingmanagers.ca\/?post_type=product&#038;p=7803"},"modified":"2019-04-10T08:47:55","modified_gmt":"2019-04-10T14:17:55","slug":"conseil-des-gestionnaires-en-emergence-bmo-capital-introduction","status":"publish","type":"product","link":"https:\/\/emergingmanagers.ca\/fr\/produit\/conseil-des-gestionnaires-en-emergence-bmo-capital-introduction\/","title":{"rendered":"Conseil des gestionnaires en \u00e9mergence &#038; BMO Capital Introduction"},"content":{"rendered":"<h3>Ordre du jour<\/h3>\n<p>8h00 Petit d\u00e9jeuner et inscription<\/p>\n<p>8h30\u00a0<strong>Partners in Prime<\/strong><\/p>\n<p>Katrina Rempel, Director, Capital Introduction &amp; Prime Brokerage Services, BMO Capital Markets<\/p>\n<p>8h45\u00a0<strong>Next Gen: Making it Big<\/strong><\/p>\n<p>Claire Van Wyk-Allan , AIMA Director, Head of Canada<\/p>\n<p>9h00\u00a0<strong>The Watch that Ends the Tightening Cycle?<\/strong><\/p>\n<p>Ben Reitzes, Canadian Rates &amp; Macro Strategist, BMO Capital Markets<\/p>\n<p>10h00<strong> Rencontres\u00a0<\/strong><\/p>\n<p>Capital Introduction <em>Speed-dating<\/em><\/p>\n<p>11h00 <strong>Fin de l&rsquo;\u00e9v\u00e9nement<\/strong><\/p>\n","protected":false},"excerpt":{"rendered":"<p>La section ontarienne du <strong>Conseil des gestionnaires en \u00e9mergence<\/strong>\u00a0est heureuse de s&rsquo;associer \u00e0 <strong><a href=\"https:\/\/www.bmocm.com\/francais\/\">BMO March\u00e9s des capitaux<\/a> <\/strong>et \u00e0 <strong><a href=\"https:\/\/www.aima.org\/global-network\/aima-in-the-americas\/canada\/about-aima-canada.html\">AIMA Canada<\/a> <\/strong>pour inviter ses membres au premier Cap Intro en Ontario. Cet \u00e9v\u00e9nement a pour but de faciliter les relations entre les Family Offices, les institutions, les investisseurs et les principaux gestionnaires de fonds.<\/p>\n<p><strong>Quand<\/strong><\/p>\n<p>Mardi 9 avril 2019 de 8h00 \u00e0 11h00<\/p>\n<p><strong>O\u00f9<\/strong><\/p>\n<p>BMO, Canadian Place, 100, rue King Ouest, 68 \u00e9tage, Toronto<\/p>\n<p><strong>Cout<\/strong><\/p>\n<p>200 $ par firme membre<\/p>\n<p>Vous devez compl\u00e9tez le formulaire d\u2019introduction ci-joint et confirmez votre pr\u00e9sence en suivant le lien ci-dessous.<\/p>\n<p><span style=\"color: #ff0000;\"><a style=\"color: #ff0000;\" href=\"https:\/\/emergingmanagers.ca\/fr\/?attachment_id=7804\" rel=\"attachment wp-att-7804\">CGE-ONTARIO-Cap-Intro-2019-Descriptions<\/a><\/span><\/p>\n<p>Si vous avez des questions concernant\u00a0 l&rsquo;\u00e9v\u00e9nement n&rsquo;h\u00e9sitez pas \u00e0 contacter les repr\u00e9sentants de votre conseil d&rsquo;administration de l&rsquo;Ontario.<br \/>\nKathleen Biggs<br \/>\nkathleen.biggs@lawrenceparkam.com 416.646.2180<\/p>\n<p>ou<\/p>\n<p>St\u00e9phanie Kremer<br \/>\nstephanie.kremer@ytmcapital.com 647-637-2940<\/p>\n<p><a href=\"https:\/\/emergingmanagers.ca\/fr\/?attachment_id=7805\" rel=\"attachment wp-att-7805\"><img loading=\"lazy\" decoding=\"async\" class=\"size-full wp-image-7805 alignnone\" src=\"https:\/\/emergingmanagers.ca\/wp-content\/uploads\/2019\/03\/collage-sponsors-2019-1.jpg\" alt=\"\" width=\"3600\" height=\"2800\" \/><\/a><\/p>\n","protected":false},"featured_media":0,"template":"","meta":{"_acf_changed":false,"_et_pb_use_builder":"","_et_pb_old_content":"","_et_gb_content_width":"","_monsterinsights_skip_tracking":false,"_monsterinsights_sitenote_active":false,"_monsterinsights_sitenote_note":"","_monsterinsights_sitenote_category":0},"product_brand":[],"product_cat":[210],"product_tag":[],"class_list":{"0":"post-7803","1":"product","2":"type-product","3":"status-publish","5":"product_cat-non-classifiee","7":"first","8":"instock","9":"sold-individually","10":"taxable","11":"shipping-taxable","12":"purchasable","13":"product-type-simple"},"acf":[],"yoast_head":"<!-- This site is optimized with the Yoast SEO plugin v27.2 - https:\/\/yoast.com\/product\/yoast-seo-wordpress\/ -->\n<title>Conseil des gestionnaires en \u00e9mergence &amp; BMO Capital Introduction - CGE-EMB<\/title>\n<meta name=\"robots\" content=\"noindex, follow\" \/>\n<meta property=\"og:locale\" content=\"fr_FR\" \/>\n<meta property=\"og:type\" content=\"article\" \/>\n<meta property=\"og:title\" content=\"Conseil des gestionnaires en \u00e9mergence &amp; BMO Capital Introduction - CGE-EMB\" \/>\n<meta property=\"og:description\" content=\"La section ontarienne du Conseil des gestionnaires en \u00e9mergence\u00a0est heureuse de s&#039;associer \u00e0 BMO March\u00e9s des capitaux et \u00e0 AIMA Canada pour inviter ses membres au premier Cap Intro en Ontario. Cet \u00e9v\u00e9nement a pour but de faciliter les relations entre les Family Offices, les institutions, les investisseurs et les principaux gestionnaires de fonds.  Quand  Mardi 9 avril 2019 de 8h00 \u00e0 11h00  O\u00f9  BMO, Canadian Place, 100, rue King Ouest, 68 \u00e9tage, Toronto  Cout  200 $ par firme membre  Vous devez compl\u00e9tez le formulaire d\u2019introduction ci-joint et confirmez votre pr\u00e9sence en suivant le lien ci-dessous.  CGE-ONTARIO-Cap-Intro-2019-Descriptions  Si vous avez des questions concernant\u00a0 l&#039;\u00e9v\u00e9nement n&#039;h\u00e9sitez pas \u00e0 contacter les repr\u00e9sentants de votre conseil d&#039;administration de l&#039;Ontario. Kathleen Biggs kathleen.biggs@lawrenceparkam.com 416.646.2180  ou  St\u00e9phanie Kremer stephanie.kremer@ytmcapital.com 647-637-2940\" \/>\n<meta property=\"og:url\" content=\"https:\/\/emergingmanagers.ca\/fr\/produit\/conseil-des-gestionnaires-en-emergence-bmo-capital-introduction\/\" \/>\n<meta property=\"og:site_name\" content=\"CGE-EMB\" \/>\n<meta property=\"article:modified_time\" content=\"2019-04-10T14:17:55+00:00\" \/>\n<script type=\"application\/ld+json\" class=\"yoast-schema-graph\">{\"@context\":\"https:\/\/schema.org\",\"@graph\":[{\"@type\":\"WebPage\",\"@id\":\"https:\/\/emergingmanagers.ca\/fr\/produit\/conseil-des-gestionnaires-en-emergence-bmo-capital-introduction\/\",\"url\":\"https:\/\/emergingmanagers.ca\/fr\/produit\/conseil-des-gestionnaires-en-emergence-bmo-capital-introduction\/\",\"name\":\"Conseil des gestionnaires en \u00e9mergence & BMO Capital Introduction - CGE-EMB\",\"isPartOf\":{\"@id\":\"https:\/\/emergingmanagers.ca\/#website\"},\"datePublished\":\"2019-03-05T23:36:25+00:00\",\"dateModified\":\"2019-04-10T14:17:55+00:00\",\"breadcrumb\":{\"@id\":\"https:\/\/emergingmanagers.ca\/fr\/produit\/conseil-des-gestionnaires-en-emergence-bmo-capital-introduction\/#breadcrumb\"},\"inLanguage\":\"fr-FR\",\"potentialAction\":[{\"@type\":\"ReadAction\",\"target\":[\"https:\/\/emergingmanagers.ca\/fr\/produit\/conseil-des-gestionnaires-en-emergence-bmo-capital-introduction\/\"]}]},{\"@type\":\"BreadcrumbList\",\"@id\":\"https:\/\/emergingmanagers.ca\/fr\/produit\/conseil-des-gestionnaires-en-emergence-bmo-capital-introduction\/#breadcrumb\",\"itemListElement\":[{\"@type\":\"ListItem\",\"position\":1,\"name\":\"Home\",\"item\":\"https:\/\/emergingmanagers.ca\/\"},{\"@type\":\"ListItem\",\"position\":2,\"name\":\"Products\",\"item\":\"https:\/\/emergingmanagers.ca\/shop\/\"},{\"@type\":\"ListItem\",\"position\":3,\"name\":\"Conseil des gestionnaires en \u00e9mergence &#038; BMO Capital Introduction\"}]},{\"@type\":\"WebSite\",\"@id\":\"https:\/\/emergingmanagers.ca\/#website\",\"url\":\"https:\/\/emergingmanagers.ca\/\",\"name\":\"CGE-EMB\",\"description\":\"Conseil des Gestionnaires Emergents | Emerging Managers Board\",\"potentialAction\":[{\"@type\":\"SearchAction\",\"target\":{\"@type\":\"EntryPoint\",\"urlTemplate\":\"https:\/\/emergingmanagers.ca\/?s={search_term_string}\"},\"query-input\":{\"@type\":\"PropertyValueSpecification\",\"valueRequired\":true,\"valueName\":\"search_term_string\"}}],\"inLanguage\":\"fr-FR\"}]}<\/script>\n<!-- \/ Yoast SEO plugin. -->","yoast_head_json":{"title":"Conseil des gestionnaires en \u00e9mergence & BMO Capital Introduction - CGE-EMB","robots":{"index":"noindex","follow":"follow"},"og_locale":"fr_FR","og_type":"article","og_title":"Conseil des gestionnaires en \u00e9mergence & BMO Capital Introduction - CGE-EMB","og_description":"La section ontarienne du Conseil des gestionnaires en \u00e9mergence\u00a0est heureuse de s'associer \u00e0 BMO March\u00e9s des capitaux et \u00e0 AIMA Canada pour inviter ses membres au premier Cap Intro en Ontario. Cet \u00e9v\u00e9nement a pour but de faciliter les relations entre les Family Offices, les institutions, les investisseurs et les principaux gestionnaires de fonds.  Quand  Mardi 9 avril 2019 de 8h00 \u00e0 11h00  O\u00f9  BMO, Canadian Place, 100, rue King Ouest, 68 \u00e9tage, Toronto  Cout  200 $ par firme membre  Vous devez compl\u00e9tez le formulaire d\u2019introduction ci-joint et confirmez votre pr\u00e9sence en suivant le lien ci-dessous.  CGE-ONTARIO-Cap-Intro-2019-Descriptions  Si vous avez des questions concernant\u00a0 l'\u00e9v\u00e9nement n'h\u00e9sitez pas \u00e0 contacter les repr\u00e9sentants de votre conseil d'administration de l'Ontario. Kathleen Biggs kathleen.biggs@lawrenceparkam.com 416.646.2180  ou  St\u00e9phanie Kremer stephanie.kremer@ytmcapital.com 647-637-2940","og_url":"https:\/\/emergingmanagers.ca\/fr\/produit\/conseil-des-gestionnaires-en-emergence-bmo-capital-introduction\/","og_site_name":"CGE-EMB","article_modified_time":"2019-04-10T14:17:55+00:00","schema":{"@context":"https:\/\/schema.org","@graph":[{"@type":"WebPage","@id":"https:\/\/emergingmanagers.ca\/fr\/produit\/conseil-des-gestionnaires-en-emergence-bmo-capital-introduction\/","url":"https:\/\/emergingmanagers.ca\/fr\/produit\/conseil-des-gestionnaires-en-emergence-bmo-capital-introduction\/","name":"Conseil des gestionnaires en \u00e9mergence & BMO Capital Introduction - CGE-EMB","isPartOf":{"@id":"https:\/\/emergingmanagers.ca\/#website"},"datePublished":"2019-03-05T23:36:25+00:00","dateModified":"2019-04-10T14:17:55+00:00","breadcrumb":{"@id":"https:\/\/emergingmanagers.ca\/fr\/produit\/conseil-des-gestionnaires-en-emergence-bmo-capital-introduction\/#breadcrumb"},"inLanguage":"fr-FR","potentialAction":[{"@type":"ReadAction","target":["https:\/\/emergingmanagers.ca\/fr\/produit\/conseil-des-gestionnaires-en-emergence-bmo-capital-introduction\/"]}]},{"@type":"BreadcrumbList","@id":"https:\/\/emergingmanagers.ca\/fr\/produit\/conseil-des-gestionnaires-en-emergence-bmo-capital-introduction\/#breadcrumb","itemListElement":[{"@type":"ListItem","position":1,"name":"Home","item":"https:\/\/emergingmanagers.ca\/"},{"@type":"ListItem","position":2,"name":"Products","item":"https:\/\/emergingmanagers.ca\/shop\/"},{"@type":"ListItem","position":3,"name":"Conseil des gestionnaires en \u00e9mergence &#038; BMO Capital Introduction"}]},{"@type":"WebSite","@id":"https:\/\/emergingmanagers.ca\/#website","url":"https:\/\/emergingmanagers.ca\/","name":"CGE-EMB","description":"Conseil des Gestionnaires Emergents | Emerging Managers Board","potentialAction":[{"@type":"SearchAction","target":{"@type":"EntryPoint","urlTemplate":"https:\/\/emergingmanagers.ca\/?s={search_term_string}"},"query-input":{"@type":"PropertyValueSpecification","valueRequired":true,"valueName":"search_term_string"}}],"inLanguage":"fr-FR"}]}},"_links":{"self":[{"href":"https:\/\/emergingmanagers.ca\/fr\/wp-json\/wp\/v2\/product\/7803","targetHints":{"allow":["GET"]}}],"collection":[{"href":"https:\/\/emergingmanagers.ca\/fr\/wp-json\/wp\/v2\/product"}],"about":[{"href":"https:\/\/emergingmanagers.ca\/fr\/wp-json\/wp\/v2\/types\/product"}],"wp:attachment":[{"href":"https:\/\/emergingmanagers.ca\/fr\/wp-json\/wp\/v2\/media?parent=7803"}],"wp:term":[{"taxonomy":"product_brand","embeddable":true,"href":"https:\/\/emergingmanagers.ca\/fr\/wp-json\/wp\/v2\/product_brand?post=7803"},{"taxonomy":"product_cat","embeddable":true,"href":"https:\/\/emergingmanagers.ca\/fr\/wp-json\/wp\/v2\/product_cat?post=7803"},{"taxonomy":"product_tag","embeddable":true,"href":"https:\/\/emergingmanagers.ca\/fr\/wp-json\/wp\/v2\/product_tag?post=7803"}],"curies":[{"name":"wp","href":"https:\/\/api.w.org\/{rel}","templated":true}]}}