{"id":7154,"date":"2018-11-07T10:06:48","date_gmt":"2018-11-07T15:36:48","guid":{"rendered":"https:\/\/emergingmanagers.ca\/?post_type=product&#038;p=7154"},"modified":"2019-01-21T12:09:04","modified_gmt":"2019-01-21T17:39:04","slug":"journee-de-formation-2018","status":"publish","type":"product","link":"https:\/\/emergingmanagers.ca\/fr\/produit\/journee-de-formation-2018\/","title":{"rendered":"Journ\u00e9e de Formation 2018"},"content":{"rendered":"<p>L&rsquo;\u00e9v\u00e9nement pour vous donner de pr\u00e9cieux conseils sur divers sujets<\/p>\n<p>administratifs \/ conformit\u00e9 \/op\u00e9rationnels.<\/p>\n<p><strong>Cette ann\u00e9e, nous aborderons les sujets suivants\u00a0:<\/strong><\/p>\n<div>\n<p><span lang=\"FR-CA\">8\u00a0h10:\u00a0D\u00e9jeuner<\/span><\/p>\n<p><strong><span lang=\"FR-CA\">8\u00a0h\u00a045\u00a0:\u00a0<\/span>Gatekeeper:<\/strong> les \u00e9tapes \u00e0 suivre et les diff\u00e9rentes restrictions\/contraintes afin d\u2019\u00eatre ajout\u00e9 sur les plateformes des courtiers\/banques canadiens<\/p>\n<ul>\n<li><strong>Mod\u00e9rateur:<\/strong> <strong>Fran\u00e7ois Dufour<\/strong>,\u00a0M.Sc., MBA,\u00a0<span lang=\"EN-CA\">Vice-President, Business Development,<strong>\u00a0<\/strong><\/span><span lang=\"EN-CA\">LionGuard Capital Management Inc.<\/span><\/li>\n<\/ul>\n<\/div>\n<div>\n<p class=\"x_xmsonormal\"><span lang=\"FR-CA\"><strong>Pannelistes:\u00a0<\/strong><\/span><\/p>\n<ul>\n<li class=\"x_xmsonormal\"><span lang=\"FR-CA\"><strong>Terry Dimock,<\/strong>\u00a0MBA, CFA,\u00a0<\/span><span lang=\"FR-CA\">gestionnaire de portefeuille en chef, BNI\u00a0<\/span><\/li>\n<li class=\"x_xmsonormal\"><strong><span lang=\"FR-CA\">Jean, Caleb,<\/span><\/strong><span lang=\"FR-CA\"> CFA,\u00a0<\/span><span lang=\"FR-CA\">Investment Analyst, Desjardins Gestion de Patrimoine<\/span><\/li>\n<\/ul>\n<p class=\"x_xmsonormal\"><strong>9\u00a0h 45: Les Assurances:\u00a0<\/strong>Comment entrer sur les plateformes des assureurs afin que votre fonds puissent \u00eatre disponible pour des polices d\u2019assurance vie universelle<\/p>\n<ul>\n<li><strong>Joseph Mekhael,<\/strong>\u00a0 CFA, Financial Planner, Property Insurance Broker, Mekhael Assurances et Services Financiers<\/li>\n<\/ul>\n<\/div>\n<p><span lang=\"FR-CA\"><strong>10h 30 : Conformit\u00e9\u00a0:<\/strong>\u00a0Mise \u00e0 jour du manuel incluant notamment la politique sur les personne vuln\u00e9rables.<\/span><\/p>\n<ul>\n<li class=\"x_xmsonormal\"><span lang=\"FR-CA\"><strong>Julie Paill\u00e9<\/strong>, Avocate,\u00a0<\/span><span lang=\"FR-CA\">Gervais &amp; Associ\u00e9s<\/span><\/li>\n<\/ul>\n<p><strong>11h15 : FINTRAC\/CANAFE:<\/strong> Comment r\u00e9ussir une revue des proc\u00e9dure FINTRAC\/CANAFE.<\/p>\n<ul>\n<li><strong>Philippe Couture,<\/strong> CRG Avocats et Alpha CCO<\/li>\n<\/ul>\n<p>&nbsp;<\/p>\n<p style=\"padding-left: 60px;\"><strong>Date\u00a0:<\/strong>\u00a05 d\u00e9cembre<\/p>\n<p style=\"padding-left: 60px;\"><strong>Heure:<\/strong>\u00a0 8h00<\/p>\n<p style=\"padding-left: 60px;\"><strong>O\u00f9:<\/strong>\u00a0Dentons, 1 Place Ville-Marie, Montr\u00e9al<\/p>\n<p style=\"padding-left: 60px;\"><strong>Co\u00fbt\u00a0:<\/strong>\u00a020 $<\/p>\n<p>&nbsp;<\/p>\n","protected":false},"excerpt":{"rendered":"<p>Comme les ann\u00e9es avant, le CGE organise au mois de d\u00e9cembre un \u00e9v\u00e9nement de formation pour ses membres. L\u2019objectif de l\u2019\u00e9v\u00e9nement est de donner aux firmes \u00e9mergentes de pr\u00e9cieux conseils sur divers sujets administratifs \/ conformit\u00e9 \/op\u00e9rationnels.<\/p>\n<p><b>Date\u00a0:<\/b>\u00a05 d\u00e9cembre<\/p>\n<p><strong>Heure:<\/strong>\u00a0 8h00<\/p>\n<p><b>O\u00f9:<\/b>\u00a0Dentons, 1 Place Ville-Marie, Montr\u00e9al<\/p>\n<p><b>Co\u00fbt\u00a0:<\/b>\u00a020 $<\/p>\n<p><em><strong>m<\/strong><\/em><\/p>\n<p><em><strong>Merci \u00e0 nos commanditaires:<\/strong><\/em><\/p>\n<p><a href=\"https:\/\/emergingmanagers.ca\/fr\/?attachment_id=7161\" rel=\"attachment wp-att-7161\"><img loading=\"lazy\" decoding=\"async\" class=\"aligncenter wp-image-7161\" src=\"https:\/\/emergingmanagers.ca\/wp-content\/uploads\/2018\/11\/Collage_sponsors-2018-fr.jpg\" alt=\"\" width=\"456\" height=\"355\" \/><\/a><\/p>\n<p>&nbsp;<\/p>\n","protected":false},"featured_media":0,"template":"","meta":{"_acf_changed":false,"_et_pb_use_builder":"","_et_pb_old_content":"","_et_gb_content_width":"","_monsterinsights_skip_tracking":false,"_monsterinsights_sitenote_active":false,"_monsterinsights_sitenote_note":"","_monsterinsights_sitenote_category":0},"product_brand":[],"product_cat":[210],"product_tag":[],"class_list":{"0":"post-7154","1":"product","2":"type-product","3":"status-publish","5":"product_cat-non-classifiee","7":"first","8":"instock","9":"sold-individually","10":"taxable","11":"shipping-taxable","12":"purchasable","13":"product-type-simple"},"acf":[],"yoast_head":"<!-- This site is optimized with the Yoast SEO plugin v27.2 - https:\/\/yoast.com\/product\/yoast-seo-wordpress\/ -->\n<title>Journ\u00e9e de Formation 2018 - CGE-EMB<\/title>\n<meta name=\"robots\" content=\"noindex, follow\" \/>\n<meta property=\"og:locale\" content=\"fr_FR\" \/>\n<meta property=\"og:type\" content=\"article\" \/>\n<meta property=\"og:title\" content=\"Journ\u00e9e de Formation 2018 - CGE-EMB\" \/>\n<meta property=\"og:description\" content=\"Comme les ann\u00e9es avant, le CGE organise au mois de d\u00e9cembre un \u00e9v\u00e9nement de formation pour ses membres. L\u2019objectif de l\u2019\u00e9v\u00e9nement est de donner aux firmes \u00e9mergentes de pr\u00e9cieux conseils sur divers sujets administratifs \/ conformit\u00e9 \/op\u00e9rationnels.  Date\u00a0:\u00a05 d\u00e9cembre  Heure:\u00a0 8h00  O\u00f9:\u00a0Dentons, 1 Place Ville-Marie, Montr\u00e9al  Co\u00fbt\u00a0:\u00a020 $  m  Merci \u00e0 nos commanditaires:    &nbsp;\" \/>\n<meta property=\"og:url\" content=\"https:\/\/emergingmanagers.ca\/fr\/produit\/journee-de-formation-2018\/\" \/>\n<meta property=\"og:site_name\" content=\"CGE-EMB\" \/>\n<meta property=\"article:modified_time\" content=\"2019-01-21T17:39:04+00:00\" \/>\n<meta name=\"twitter:label1\" content=\"Dur\u00e9e de lecture estim\u00e9e\" \/>\n\t<meta name=\"twitter:data1\" content=\"1 minute\" \/>\n<script type=\"application\/ld+json\" class=\"yoast-schema-graph\">{\"@context\":\"https:\/\/schema.org\",\"@graph\":[{\"@type\":\"WebPage\",\"@id\":\"https:\/\/emergingmanagers.ca\/fr\/produit\/journee-de-formation-2018\/\",\"url\":\"https:\/\/emergingmanagers.ca\/fr\/produit\/journee-de-formation-2018\/\",\"name\":\"Journ\u00e9e de Formation 2018 - CGE-EMB\",\"isPartOf\":{\"@id\":\"https:\/\/emergingmanagers.ca\/#website\"},\"datePublished\":\"2018-11-07T15:36:48+00:00\",\"dateModified\":\"2019-01-21T17:39:04+00:00\",\"breadcrumb\":{\"@id\":\"https:\/\/emergingmanagers.ca\/fr\/produit\/journee-de-formation-2018\/#breadcrumb\"},\"inLanguage\":\"fr-FR\",\"potentialAction\":[{\"@type\":\"ReadAction\",\"target\":[\"https:\/\/emergingmanagers.ca\/fr\/produit\/journee-de-formation-2018\/\"]}]},{\"@type\":\"BreadcrumbList\",\"@id\":\"https:\/\/emergingmanagers.ca\/fr\/produit\/journee-de-formation-2018\/#breadcrumb\",\"itemListElement\":[{\"@type\":\"ListItem\",\"position\":1,\"name\":\"Home\",\"item\":\"https:\/\/emergingmanagers.ca\/\"},{\"@type\":\"ListItem\",\"position\":2,\"name\":\"Products\",\"item\":\"https:\/\/emergingmanagers.ca\/shop\/\"},{\"@type\":\"ListItem\",\"position\":3,\"name\":\"Journ\u00e9e de Formation 2018\"}]},{\"@type\":\"WebSite\",\"@id\":\"https:\/\/emergingmanagers.ca\/#website\",\"url\":\"https:\/\/emergingmanagers.ca\/\",\"name\":\"CGE-EMB\",\"description\":\"Conseil des Gestionnaires Emergents | Emerging Managers Board\",\"potentialAction\":[{\"@type\":\"SearchAction\",\"target\":{\"@type\":\"EntryPoint\",\"urlTemplate\":\"https:\/\/emergingmanagers.ca\/?s={search_term_string}\"},\"query-input\":{\"@type\":\"PropertyValueSpecification\",\"valueRequired\":true,\"valueName\":\"search_term_string\"}}],\"inLanguage\":\"fr-FR\"}]}<\/script>\n<!-- \/ Yoast SEO plugin. -->","yoast_head_json":{"title":"Journ\u00e9e de Formation 2018 - CGE-EMB","robots":{"index":"noindex","follow":"follow"},"og_locale":"fr_FR","og_type":"article","og_title":"Journ\u00e9e de Formation 2018 - CGE-EMB","og_description":"Comme les ann\u00e9es avant, le CGE organise au mois de d\u00e9cembre un \u00e9v\u00e9nement de formation pour ses membres. L\u2019objectif de l\u2019\u00e9v\u00e9nement est de donner aux firmes \u00e9mergentes de pr\u00e9cieux conseils sur divers sujets administratifs \/ conformit\u00e9 \/op\u00e9rationnels.  Date\u00a0:\u00a05 d\u00e9cembre  Heure:\u00a0 8h00  O\u00f9:\u00a0Dentons, 1 Place Ville-Marie, Montr\u00e9al  Co\u00fbt\u00a0:\u00a020 $  m  Merci \u00e0 nos commanditaires:    &nbsp;","og_url":"https:\/\/emergingmanagers.ca\/fr\/produit\/journee-de-formation-2018\/","og_site_name":"CGE-EMB","article_modified_time":"2019-01-21T17:39:04+00:00","twitter_misc":{"Dur\u00e9e de lecture estim\u00e9e":"1 minute"},"schema":{"@context":"https:\/\/schema.org","@graph":[{"@type":"WebPage","@id":"https:\/\/emergingmanagers.ca\/fr\/produit\/journee-de-formation-2018\/","url":"https:\/\/emergingmanagers.ca\/fr\/produit\/journee-de-formation-2018\/","name":"Journ\u00e9e de Formation 2018 - CGE-EMB","isPartOf":{"@id":"https:\/\/emergingmanagers.ca\/#website"},"datePublished":"2018-11-07T15:36:48+00:00","dateModified":"2019-01-21T17:39:04+00:00","breadcrumb":{"@id":"https:\/\/emergingmanagers.ca\/fr\/produit\/journee-de-formation-2018\/#breadcrumb"},"inLanguage":"fr-FR","potentialAction":[{"@type":"ReadAction","target":["https:\/\/emergingmanagers.ca\/fr\/produit\/journee-de-formation-2018\/"]}]},{"@type":"BreadcrumbList","@id":"https:\/\/emergingmanagers.ca\/fr\/produit\/journee-de-formation-2018\/#breadcrumb","itemListElement":[{"@type":"ListItem","position":1,"name":"Home","item":"https:\/\/emergingmanagers.ca\/"},{"@type":"ListItem","position":2,"name":"Products","item":"https:\/\/emergingmanagers.ca\/shop\/"},{"@type":"ListItem","position":3,"name":"Journ\u00e9e de Formation 2018"}]},{"@type":"WebSite","@id":"https:\/\/emergingmanagers.ca\/#website","url":"https:\/\/emergingmanagers.ca\/","name":"CGE-EMB","description":"Conseil des Gestionnaires Emergents | Emerging Managers Board","potentialAction":[{"@type":"SearchAction","target":{"@type":"EntryPoint","urlTemplate":"https:\/\/emergingmanagers.ca\/?s={search_term_string}"},"query-input":{"@type":"PropertyValueSpecification","valueRequired":true,"valueName":"search_term_string"}}],"inLanguage":"fr-FR"}]}},"_links":{"self":[{"href":"https:\/\/emergingmanagers.ca\/fr\/wp-json\/wp\/v2\/product\/7154","targetHints":{"allow":["GET"]}}],"collection":[{"href":"https:\/\/emergingmanagers.ca\/fr\/wp-json\/wp\/v2\/product"}],"about":[{"href":"https:\/\/emergingmanagers.ca\/fr\/wp-json\/wp\/v2\/types\/product"}],"wp:attachment":[{"href":"https:\/\/emergingmanagers.ca\/fr\/wp-json\/wp\/v2\/media?parent=7154"}],"wp:term":[{"taxonomy":"product_brand","embeddable":true,"href":"https:\/\/emergingmanagers.ca\/fr\/wp-json\/wp\/v2\/product_brand?post=7154"},{"taxonomy":"product_cat","embeddable":true,"href":"https:\/\/emergingmanagers.ca\/fr\/wp-json\/wp\/v2\/product_cat?post=7154"},{"taxonomy":"product_tag","embeddable":true,"href":"https:\/\/emergingmanagers.ca\/fr\/wp-json\/wp\/v2\/product_tag?post=7154"}],"curies":[{"name":"wp","href":"https:\/\/api.w.org\/{rel}","templated":true}]}}