{"id":7073,"date":"2018-10-02T10:30:18","date_gmt":"2018-10-02T16:03:43","guid":{"rendered":"https:\/\/emergingmanagers.ca\/?post_type=product&#038;p=7073"},"modified":"2018-10-02T16:00:04","modified_gmt":"2018-10-02T21:30:04","slug":"2018-cge-emb-cap-intro-commanditaires","status":"publish","type":"product","link":"https:\/\/emergingmanagers.ca\/fr\/produit\/2018-cge-emb-cap-intro-commanditaires\/","title":{"rendered":"2018 CGE-EMB CAP INTRO-commanditaires"},"content":{"rendered":"<p style=\"text-align: center;\"><span lang=\"FR-CA\">2018\u00a0 CGE- EMB Cap Intro<\/span><span lang=\"FR-CA\">.\u00a0<\/span><\/p>\n<p style=\"text-align: center;\"><strong><span style=\"text-decoration: underline;\">Programme pr\u00e9liminaire:<\/span><\/strong><\/p>\n<p><strong>8 h 30 -9\u00a0h\u00a030 inscription et r\u00e9seautage<\/strong><\/p>\n<p><strong>D\u00e9jeuner continental<\/strong><\/p>\n<p><strong>9:30 \u201310\u00a0h\u00a030 Pr\u00e9sentation #1\u00a0:<\/strong><\/p>\n<p class=\"p1\">Comment faire un bon \u00abpitch\u00bb?<\/p>\n<ul>\n<li>Comment faire un\u00a0 pitch de moins de 2 minutes: \u00abthe elevator pitch\u00bb<\/li>\n<li>Comment faire un\u00a0 pitch en\u00a0 15-45 minutes<\/li>\n<li>Comment faire une\u00a0 presentation de finaliste<\/li>\n<\/ul>\n<p><strong>10:45 \u201312\u00a0h\u00a015 1-on-1 Meetings\u00a0:<\/strong><\/p>\n<p><strong>Rencontres individuelles de 15 minutes entre allocateurs d\u2019actifs et gestionnaires \u00e9mergents.<\/strong><\/p>\n<p>12:30 \u201313\u00a0h\u00a030 Diner et pr\u00e9sentation #2\u00a0:<\/p>\n<p><strong>AIMA Canada &amp; Family Office Discussion<\/strong><br \/>\nNos sp\u00e9cialistes r\u00e9pondent \u00e0 vos questions.<\/p>\n<ul>\n<li>Les firmes de $0-500M AUM grandissent au\u00a0 Canada; quels sont les raisons de ce succ\u00e8s? (AIMA Canada, 15 min)<\/li>\n<li>Family Offices: Que cherchons-nous exactement? (45 min)<\/li>\n<\/ul>\n<p><strong><em>Merci \u00e0 nos commanditaires,<\/em><\/strong><\/p>\n<h4><em><strong><a href=\"https:\/\/emergingmanagers.ca\/fr\/?attachment_id=6816\" rel=\"attachment wp-att-6816\"><img loading=\"lazy\" decoding=\"async\" class=\"size-full wp-image-6816 alignnone\" src=\"https:\/\/emergingmanagers.ca\/wp-content\/uploads\/2018\/04\/Collage_logos-sponsors-2018-fr.jpg\" alt=\"\" width=\"3600\" height=\"2800\" \/><\/a><\/strong><\/em><\/h4>\n","protected":false},"excerpt":{"rendered":"<h4 style=\"text-align: center;\">Assister au\u00a0CAP INTRO 2018!<\/h4>\n<h4>Un \u00e9v\u00e9nement qui facilitera les liens entre les institutions, les investisseurs, et les principaux gestionnaires de fonds.<\/h4>\n<h4>De plus, le Cap Intro du CGE accueillera quelques conf\u00e9renciers et en plus de rencontre individuelle de type <em>One on one meeting<\/em>. Un moyen rapide et efficace de se faire connaitre par diff\u00e9rents allocateurs d\u2019actif.<\/h4>\n<p>L&rsquo;\u00e9v\u00e9nement aura lieu \u00e0 la date, l&rsquo;heure et le lieu ci-dessous :<\/p>\n<p><strong>Date:<\/strong>\u00a0 <strong>MARDI<\/strong> 6 novembre, 2018<\/p>\n<p><strong>Location:<\/strong> Club Saint-James de Montr\u00e9al, 1145 Avenue Union, Montr\u00e9al<\/p>\n<p><strong>Prix:<\/strong>\u00a0Gratuit pour nos commanditaires<\/p>\n<h4><em><strong>Merci \u00e0 nos partenaires et au commanditaire de l&rsquo;\u00e9v\u00e9nement<a href=\"https:\/\/emergingmanagers.ca\/fr\/?attachment_id=6816\" rel=\"attachment wp-att-6816\"><img loading=\"lazy\" decoding=\"async\" class=\"aligncenter size-full wp-image-6816\" src=\"https:\/\/emergingmanagers.ca\/wp-content\/uploads\/2018\/04\/Collage_logos-sponsors-2018-fr.jpg\" alt=\"\" width=\"3600\" height=\"2800\" \/><\/a><\/strong><\/em><\/h4>\n<p>Veuillez confirmer votre pr\u00e9sence\u00a0en s\u00e9lectionnant le lien suivant:<\/p>\n","protected":false},"featured_media":0,"template":"","meta":{"_acf_changed":false,"_et_pb_use_builder":"","_et_pb_old_content":"","_et_gb_content_width":"","_monsterinsights_skip_tracking":false,"_monsterinsights_sitenote_active":false,"_monsterinsights_sitenote_note":"","_monsterinsights_sitenote_category":0},"product_brand":[],"product_cat":[210],"product_tag":[],"class_list":{"0":"post-7073","1":"product","2":"type-product","3":"status-publish","5":"product_cat-non-classifiee","7":"first","8":"instock","9":"virtual","10":"sold-individually","11":"purchasable","12":"product-type-simple"},"acf":[],"yoast_head":"<!-- This site is optimized with the Yoast SEO plugin v27.2 - https:\/\/yoast.com\/product\/yoast-seo-wordpress\/ -->\n<title>2018 CGE-EMB CAP INTRO-commanditaires - CGE-EMB<\/title>\n<meta name=\"robots\" content=\"noindex, follow\" \/>\n<meta property=\"og:locale\" content=\"fr_FR\" \/>\n<meta property=\"og:type\" content=\"article\" \/>\n<meta property=\"og:title\" content=\"2018 CGE-EMB CAP INTRO-commanditaires - CGE-EMB\" \/>\n<meta property=\"og:description\" content=\"Assister au\u00a0CAP INTRO 2018! Un \u00e9v\u00e9nement qui facilitera les liens entre les institutions, les investisseurs, et les principaux gestionnaires de fonds. De plus, le Cap Intro du CGE accueillera quelques conf\u00e9renciers et en plus de rencontre individuelle de type One on one meeting. Un moyen rapide et efficace de se faire connaitre par diff\u00e9rents allocateurs d\u2019actif. L&#039;\u00e9v\u00e9nement aura lieu \u00e0 la date, l&#039;heure et le lieu ci-dessous :  Date:\u00a0 MARDI 6 novembre, 2018  Location: Club Saint-James de Montr\u00e9al, 1145 Avenue Union, Montr\u00e9al  Prix:\u00a0Gratuit pour nos commanditaires Merci \u00e0 nos partenaires et au commanditaire de l&#039;\u00e9v\u00e9nement Veuillez confirmer votre pr\u00e9sence\u00a0en s\u00e9lectionnant le lien suivant:\" \/>\n<meta property=\"og:url\" content=\"https:\/\/emergingmanagers.ca\/fr\/produit\/2018-cge-emb-cap-intro-commanditaires\/\" \/>\n<meta property=\"og:site_name\" content=\"CGE-EMB\" \/>\n<meta property=\"article:modified_time\" content=\"2018-10-02T21:30:04+00:00\" \/>\n<meta property=\"og:image\" content=\"https:\/\/emergingmanagers.ca\/wp-content\/uploads\/2018\/04\/Collage_logos-sponsors-2018-fr.jpg\" \/>\n<meta name=\"twitter:label1\" content=\"Dur\u00e9e de lecture estim\u00e9e\" \/>\n\t<meta name=\"twitter:data1\" content=\"1 minute\" \/>\n<script type=\"application\/ld+json\" class=\"yoast-schema-graph\">{\"@context\":\"https:\/\/schema.org\",\"@graph\":[{\"@type\":\"WebPage\",\"@id\":\"https:\/\/emergingmanagers.ca\/fr\/produit\/2018-cge-emb-cap-intro-commanditaires\/\",\"url\":\"https:\/\/emergingmanagers.ca\/fr\/produit\/2018-cge-emb-cap-intro-commanditaires\/\",\"name\":\"2018 CGE-EMB CAP INTRO-commanditaires - CGE-EMB\",\"isPartOf\":{\"@id\":\"https:\/\/emergingmanagers.ca\/#website\"},\"primaryImageOfPage\":{\"@id\":\"https:\/\/emergingmanagers.ca\/fr\/produit\/2018-cge-emb-cap-intro-commanditaires\/#primaryimage\"},\"image\":{\"@id\":\"https:\/\/emergingmanagers.ca\/fr\/produit\/2018-cge-emb-cap-intro-commanditaires\/#primaryimage\"},\"thumbnailUrl\":\"https:\/\/emergingmanagers.ca\/wp-content\/uploads\/2018\/04\/Collage_logos-sponsors-2018-fr.jpg\",\"datePublished\":\"2018-10-02T16:03:43+00:00\",\"dateModified\":\"2018-10-02T21:30:04+00:00\",\"breadcrumb\":{\"@id\":\"https:\/\/emergingmanagers.ca\/fr\/produit\/2018-cge-emb-cap-intro-commanditaires\/#breadcrumb\"},\"inLanguage\":\"fr-FR\",\"potentialAction\":[{\"@type\":\"ReadAction\",\"target\":[\"https:\/\/emergingmanagers.ca\/fr\/produit\/2018-cge-emb-cap-intro-commanditaires\/\"]}]},{\"@type\":\"ImageObject\",\"inLanguage\":\"fr-FR\",\"@id\":\"https:\/\/emergingmanagers.ca\/fr\/produit\/2018-cge-emb-cap-intro-commanditaires\/#primaryimage\",\"url\":\"https:\/\/emergingmanagers.ca\/wp-content\/uploads\/2018\/04\/Collage_logos-sponsors-2018-fr.jpg\",\"contentUrl\":\"https:\/\/emergingmanagers.ca\/wp-content\/uploads\/2018\/04\/Collage_logos-sponsors-2018-fr.jpg\"},{\"@type\":\"BreadcrumbList\",\"@id\":\"https:\/\/emergingmanagers.ca\/fr\/produit\/2018-cge-emb-cap-intro-commanditaires\/#breadcrumb\",\"itemListElement\":[{\"@type\":\"ListItem\",\"position\":1,\"name\":\"Home\",\"item\":\"https:\/\/emergingmanagers.ca\/\"},{\"@type\":\"ListItem\",\"position\":2,\"name\":\"Products\",\"item\":\"https:\/\/emergingmanagers.ca\/shop\/\"},{\"@type\":\"ListItem\",\"position\":3,\"name\":\"2018 CGE-EMB CAP INTRO-commanditaires\"}]},{\"@type\":\"WebSite\",\"@id\":\"https:\/\/emergingmanagers.ca\/#website\",\"url\":\"https:\/\/emergingmanagers.ca\/\",\"name\":\"CGE-EMB\",\"description\":\"Conseil des Gestionnaires Emergents | Emerging Managers Board\",\"potentialAction\":[{\"@type\":\"SearchAction\",\"target\":{\"@type\":\"EntryPoint\",\"urlTemplate\":\"https:\/\/emergingmanagers.ca\/?s={search_term_string}\"},\"query-input\":{\"@type\":\"PropertyValueSpecification\",\"valueRequired\":true,\"valueName\":\"search_term_string\"}}],\"inLanguage\":\"fr-FR\"}]}<\/script>\n<!-- \/ Yoast SEO plugin. -->","yoast_head_json":{"title":"2018 CGE-EMB CAP INTRO-commanditaires - CGE-EMB","robots":{"index":"noindex","follow":"follow"},"og_locale":"fr_FR","og_type":"article","og_title":"2018 CGE-EMB CAP INTRO-commanditaires - CGE-EMB","og_description":"Assister au\u00a0CAP INTRO 2018! Un \u00e9v\u00e9nement qui facilitera les liens entre les institutions, les investisseurs, et les principaux gestionnaires de fonds. De plus, le Cap Intro du CGE accueillera quelques conf\u00e9renciers et en plus de rencontre individuelle de type One on one meeting. Un moyen rapide et efficace de se faire connaitre par diff\u00e9rents allocateurs d\u2019actif. L'\u00e9v\u00e9nement aura lieu \u00e0 la date, l'heure et le lieu ci-dessous :  Date:\u00a0 MARDI 6 novembre, 2018  Location: Club Saint-James de Montr\u00e9al, 1145 Avenue Union, Montr\u00e9al  Prix:\u00a0Gratuit pour nos commanditaires Merci \u00e0 nos partenaires et au commanditaire de l'\u00e9v\u00e9nement Veuillez confirmer votre pr\u00e9sence\u00a0en s\u00e9lectionnant le lien suivant:","og_url":"https:\/\/emergingmanagers.ca\/fr\/produit\/2018-cge-emb-cap-intro-commanditaires\/","og_site_name":"CGE-EMB","article_modified_time":"2018-10-02T21:30:04+00:00","og_image":[{"url":"https:\/\/emergingmanagers.ca\/wp-content\/uploads\/2018\/04\/Collage_logos-sponsors-2018-fr.jpg","type":"","width":"","height":""}],"twitter_misc":{"Dur\u00e9e de lecture estim\u00e9e":"1 minute"},"schema":{"@context":"https:\/\/schema.org","@graph":[{"@type":"WebPage","@id":"https:\/\/emergingmanagers.ca\/fr\/produit\/2018-cge-emb-cap-intro-commanditaires\/","url":"https:\/\/emergingmanagers.ca\/fr\/produit\/2018-cge-emb-cap-intro-commanditaires\/","name":"2018 CGE-EMB CAP INTRO-commanditaires - CGE-EMB","isPartOf":{"@id":"https:\/\/emergingmanagers.ca\/#website"},"primaryImageOfPage":{"@id":"https:\/\/emergingmanagers.ca\/fr\/produit\/2018-cge-emb-cap-intro-commanditaires\/#primaryimage"},"image":{"@id":"https:\/\/emergingmanagers.ca\/fr\/produit\/2018-cge-emb-cap-intro-commanditaires\/#primaryimage"},"thumbnailUrl":"https:\/\/emergingmanagers.ca\/wp-content\/uploads\/2018\/04\/Collage_logos-sponsors-2018-fr.jpg","datePublished":"2018-10-02T16:03:43+00:00","dateModified":"2018-10-02T21:30:04+00:00","breadcrumb":{"@id":"https:\/\/emergingmanagers.ca\/fr\/produit\/2018-cge-emb-cap-intro-commanditaires\/#breadcrumb"},"inLanguage":"fr-FR","potentialAction":[{"@type":"ReadAction","target":["https:\/\/emergingmanagers.ca\/fr\/produit\/2018-cge-emb-cap-intro-commanditaires\/"]}]},{"@type":"ImageObject","inLanguage":"fr-FR","@id":"https:\/\/emergingmanagers.ca\/fr\/produit\/2018-cge-emb-cap-intro-commanditaires\/#primaryimage","url":"https:\/\/emergingmanagers.ca\/wp-content\/uploads\/2018\/04\/Collage_logos-sponsors-2018-fr.jpg","contentUrl":"https:\/\/emergingmanagers.ca\/wp-content\/uploads\/2018\/04\/Collage_logos-sponsors-2018-fr.jpg"},{"@type":"BreadcrumbList","@id":"https:\/\/emergingmanagers.ca\/fr\/produit\/2018-cge-emb-cap-intro-commanditaires\/#breadcrumb","itemListElement":[{"@type":"ListItem","position":1,"name":"Home","item":"https:\/\/emergingmanagers.ca\/"},{"@type":"ListItem","position":2,"name":"Products","item":"https:\/\/emergingmanagers.ca\/shop\/"},{"@type":"ListItem","position":3,"name":"2018 CGE-EMB CAP INTRO-commanditaires"}]},{"@type":"WebSite","@id":"https:\/\/emergingmanagers.ca\/#website","url":"https:\/\/emergingmanagers.ca\/","name":"CGE-EMB","description":"Conseil des Gestionnaires Emergents | Emerging Managers Board","potentialAction":[{"@type":"SearchAction","target":{"@type":"EntryPoint","urlTemplate":"https:\/\/emergingmanagers.ca\/?s={search_term_string}"},"query-input":{"@type":"PropertyValueSpecification","valueRequired":true,"valueName":"search_term_string"}}],"inLanguage":"fr-FR"}]}},"_links":{"self":[{"href":"https:\/\/emergingmanagers.ca\/fr\/wp-json\/wp\/v2\/product\/7073","targetHints":{"allow":["GET"]}}],"collection":[{"href":"https:\/\/emergingmanagers.ca\/fr\/wp-json\/wp\/v2\/product"}],"about":[{"href":"https:\/\/emergingmanagers.ca\/fr\/wp-json\/wp\/v2\/types\/product"}],"wp:attachment":[{"href":"https:\/\/emergingmanagers.ca\/fr\/wp-json\/wp\/v2\/media?parent=7073"}],"wp:term":[{"taxonomy":"product_brand","embeddable":true,"href":"https:\/\/emergingmanagers.ca\/fr\/wp-json\/wp\/v2\/product_brand?post=7073"},{"taxonomy":"product_cat","embeddable":true,"href":"https:\/\/emergingmanagers.ca\/fr\/wp-json\/wp\/v2\/product_cat?post=7073"},{"taxonomy":"product_tag","embeddable":true,"href":"https:\/\/emergingmanagers.ca\/fr\/wp-json\/wp\/v2\/product_tag?post=7073"}],"curies":[{"name":"wp","href":"https:\/\/api.w.org\/{rel}","templated":true}]}}