{"id":7027,"date":"2018-08-09T09:37:41","date_gmt":"2018-08-09T15:07:41","guid":{"rendered":"https:\/\/emergingmanagers.ca\/product\/montreal-summer-bbq-mechoui\/"},"modified":"2018-08-28T14:54:39","modified_gmt":"2018-08-28T20:24:39","slug":"montreal-summer-bbq-mechoui","status":"publish","type":"product","link":"https:\/\/emergingmanagers.ca\/fr\/produit\/montreal-summer-bbq-mechoui\/","title":{"rendered":"Montr\u00e9al Summer BBQ \/ M\u00e9choui"},"content":{"rendered":"<p><strong>Le Canadian Alternative Strategies &amp; Assets (CAASA) s\u2019associe au Conseil des Gestionnaires en \u00c9mergence (CGE)<\/strong><\/p>\n<p><strong><br \/>\n<\/strong><strong><img loading=\"lazy\" decoding=\"async\" class=\"wp-image-1008 aligncenter\" src=\"https:\/\/caasa.ca\/wp-content\/uploads\/2018\/04\/CGE-EMB-Event-Logo.jpg\" alt=\"\" width=\"200\" height=\"87\" \/><\/strong><\/p>\n<p>Pour vous inviter \u00e0 sa 5i\u00e8me \u00e9dition \u201cM\u00e9choui BBQ\u201d dans un cadre convivial et enchanteur, une occasion toute estivale de Stimuler les \u00e9changes entre professionnels de l\u2019industrie Favoriser le d\u00e9veloppement des gestionnaires \u00e9mergents.<\/p>\n<p>\u2014\u2013<\/p>\n<p>An event you won\u2019t want to miss! This popular social series brings together a broad range of industry participants, to discuss trends and happenings in a convivial and enchanting setting.<\/p>\n<p>Jeudi\u00a0 le 23 ao\u00fbt, 2018<\/p>\n<p>Parc Jean-Drapeau<br \/>\nPavillon de la Jamaique<br \/>\n1 Circuit Gilles Villeneuve<br \/>\nMontreal, QC<br \/>\n(<strong><a href=\"https:\/\/www.google.ca\/maps\/place\/Jamaica+Pavilion\/@45.505375,-73.528414,15z\/data=!4m5!3m4!1s0x0:0x7460970956356591!8m2!3d45.505375!4d-73.528414\" target=\"_blank\" rel=\"noopener\">map<\/a><\/strong>)<\/p>\n<p>&nbsp;<\/p>\n","protected":false},"excerpt":{"rendered":"<p>&nbsp;<\/p>\n<p style=\"text-align: center;\">Jeudi 23 ao\u00fbt, 2018<\/p>\n<p style=\"text-align: center;\">Parc Jean-Drapeau<br \/>\nPavillon de la Jamaique<br \/>\n1 Circuit Gilles Villeneuve<br \/>\nMontreal, QC<br \/>\n(<strong><a href=\"https:\/\/www.google.ca\/maps\/place\/Jamaica+Pavilion\/@45.505375,-73.528414,15z\/data=!4m5!3m4!1s0x0:0x7460970956356591!8m2!3d45.505375!4d-73.528414\" target=\"_blank\" rel=\"noopener\">map<\/a><\/strong>)<\/p>\n<h3 style=\"text-align: left;\"><strong><a href=\"https:\/\/caasa.ca\/2018\/04\/01\/montreal-summer-bbq-mechoui\/\">Inscrivez-vous ici<\/a><\/strong><\/h3>\n<p>CAASA\/CGE Members: $60 +QST<\/p>\n<p>merci \u00e0 nos commanditaires:<\/p>\n<p><a href=\"https:\/\/emergingmanagers.ca\/?attachment_id=6817\" rel=\"attachment wp-att-6817\"><img loading=\"lazy\" decoding=\"async\" class=\"aligncenter size-full wp-image-6817\" src=\"https:\/\/emergingmanagers.ca\/wp-content\/uploads\/2018\/04\/Collage_sponsors-2018-An.jpg\" alt=\"\" width=\"3600\" height=\"2800\" \/><\/a><\/p>\n","protected":false},"featured_media":0,"template":"","meta":{"_acf_changed":false,"_et_pb_use_builder":"","_et_pb_old_content":"","_et_gb_content_width":"","_monsterinsights_skip_tracking":false,"_monsterinsights_sitenote_active":false,"_monsterinsights_sitenote_note":"","_monsterinsights_sitenote_category":0},"product_brand":[],"product_cat":[210],"product_tag":[],"class_list":{"0":"post-7027","1":"product","2":"type-product","3":"status-publish","5":"product_cat-non-classifiee","7":"first","8":"instock","9":"sold-individually","10":"taxable","11":"shipping-taxable","12":"product-type-simple"},"acf":[],"yoast_head":"<!-- This site is optimized with the Yoast SEO plugin v27.2 - https:\/\/yoast.com\/product\/yoast-seo-wordpress\/ -->\n<title>Montr\u00e9al Summer BBQ \/ M\u00e9choui - CGE-EMB<\/title>\n<meta name=\"robots\" content=\"noindex, follow\" \/>\n<meta property=\"og:locale\" content=\"fr_FR\" \/>\n<meta property=\"og:type\" content=\"article\" \/>\n<meta property=\"og:title\" content=\"Montr\u00e9al Summer BBQ \/ M\u00e9choui - CGE-EMB\" \/>\n<meta property=\"og:description\" content=\"&nbsp; Jeudi 23 ao\u00fbt, 2018 Parc Jean-Drapeau Pavillon de la Jamaique 1 Circuit Gilles Villeneuve Montreal, QC (map)  Inscrivez-vous ici CAASA\/CGE Members: $60 +QST  merci \u00e0 nos commanditaires:\" \/>\n<meta property=\"og:url\" content=\"https:\/\/emergingmanagers.ca\/fr\/produit\/montreal-summer-bbq-mechoui\/\" \/>\n<meta property=\"og:site_name\" content=\"CGE-EMB\" \/>\n<meta property=\"article:modified_time\" content=\"2018-08-28T20:24:39+00:00\" \/>\n<meta property=\"og:image\" content=\"https:\/\/caasa.ca\/wp-content\/uploads\/2018\/04\/CGE-EMB-Event-Logo.jpg\" \/>\n<meta name=\"twitter:label1\" content=\"Dur\u00e9e de lecture estim\u00e9e\" \/>\n\t<meta name=\"twitter:data1\" content=\"1 minute\" \/>\n<script type=\"application\/ld+json\" class=\"yoast-schema-graph\">{\"@context\":\"https:\/\/schema.org\",\"@graph\":[{\"@type\":\"WebPage\",\"@id\":\"https:\/\/emergingmanagers.ca\/fr\/produit\/montreal-summer-bbq-mechoui\/\",\"url\":\"https:\/\/emergingmanagers.ca\/fr\/produit\/montreal-summer-bbq-mechoui\/\",\"name\":\"Montr\u00e9al Summer BBQ \/ M\u00e9choui - CGE-EMB\",\"isPartOf\":{\"@id\":\"https:\/\/emergingmanagers.ca\/#website\"},\"primaryImageOfPage\":{\"@id\":\"https:\/\/emergingmanagers.ca\/fr\/produit\/montreal-summer-bbq-mechoui\/#primaryimage\"},\"image\":{\"@id\":\"https:\/\/emergingmanagers.ca\/fr\/produit\/montreal-summer-bbq-mechoui\/#primaryimage\"},\"thumbnailUrl\":\"https:\/\/caasa.ca\/wp-content\/uploads\/2018\/04\/CGE-EMB-Event-Logo.jpg\",\"datePublished\":\"2018-08-09T15:07:41+00:00\",\"dateModified\":\"2018-08-28T20:24:39+00:00\",\"breadcrumb\":{\"@id\":\"https:\/\/emergingmanagers.ca\/fr\/produit\/montreal-summer-bbq-mechoui\/#breadcrumb\"},\"inLanguage\":\"fr-FR\",\"potentialAction\":[{\"@type\":\"ReadAction\",\"target\":[\"https:\/\/emergingmanagers.ca\/fr\/produit\/montreal-summer-bbq-mechoui\/\"]}]},{\"@type\":\"ImageObject\",\"inLanguage\":\"fr-FR\",\"@id\":\"https:\/\/emergingmanagers.ca\/fr\/produit\/montreal-summer-bbq-mechoui\/#primaryimage\",\"url\":\"https:\/\/caasa.ca\/wp-content\/uploads\/2018\/04\/CGE-EMB-Event-Logo.jpg\",\"contentUrl\":\"https:\/\/caasa.ca\/wp-content\/uploads\/2018\/04\/CGE-EMB-Event-Logo.jpg\"},{\"@type\":\"BreadcrumbList\",\"@id\":\"https:\/\/emergingmanagers.ca\/fr\/produit\/montreal-summer-bbq-mechoui\/#breadcrumb\",\"itemListElement\":[{\"@type\":\"ListItem\",\"position\":1,\"name\":\"Home\",\"item\":\"https:\/\/emergingmanagers.ca\/\"},{\"@type\":\"ListItem\",\"position\":2,\"name\":\"Products\",\"item\":\"https:\/\/emergingmanagers.ca\/shop\/\"},{\"@type\":\"ListItem\",\"position\":3,\"name\":\"Montr\u00e9al Summer BBQ \/ M\u00e9choui\"}]},{\"@type\":\"WebSite\",\"@id\":\"https:\/\/emergingmanagers.ca\/#website\",\"url\":\"https:\/\/emergingmanagers.ca\/\",\"name\":\"CGE-EMB\",\"description\":\"Conseil des Gestionnaires Emergents | Emerging Managers Board\",\"potentialAction\":[{\"@type\":\"SearchAction\",\"target\":{\"@type\":\"EntryPoint\",\"urlTemplate\":\"https:\/\/emergingmanagers.ca\/?s={search_term_string}\"},\"query-input\":{\"@type\":\"PropertyValueSpecification\",\"valueRequired\":true,\"valueName\":\"search_term_string\"}}],\"inLanguage\":\"fr-FR\"}]}<\/script>\n<!-- \/ Yoast SEO plugin. -->","yoast_head_json":{"title":"Montr\u00e9al Summer BBQ \/ M\u00e9choui - CGE-EMB","robots":{"index":"noindex","follow":"follow"},"og_locale":"fr_FR","og_type":"article","og_title":"Montr\u00e9al Summer BBQ \/ M\u00e9choui - CGE-EMB","og_description":"&nbsp; Jeudi 23 ao\u00fbt, 2018 Parc Jean-Drapeau Pavillon de la Jamaique 1 Circuit Gilles Villeneuve Montreal, QC (map)  Inscrivez-vous ici CAASA\/CGE Members: $60 +QST  merci \u00e0 nos commanditaires:","og_url":"https:\/\/emergingmanagers.ca\/fr\/produit\/montreal-summer-bbq-mechoui\/","og_site_name":"CGE-EMB","article_modified_time":"2018-08-28T20:24:39+00:00","og_image":[{"url":"https:\/\/caasa.ca\/wp-content\/uploads\/2018\/04\/CGE-EMB-Event-Logo.jpg","type":"","width":"","height":""}],"twitter_misc":{"Dur\u00e9e de lecture estim\u00e9e":"1 minute"},"schema":{"@context":"https:\/\/schema.org","@graph":[{"@type":"WebPage","@id":"https:\/\/emergingmanagers.ca\/fr\/produit\/montreal-summer-bbq-mechoui\/","url":"https:\/\/emergingmanagers.ca\/fr\/produit\/montreal-summer-bbq-mechoui\/","name":"Montr\u00e9al Summer BBQ \/ M\u00e9choui - CGE-EMB","isPartOf":{"@id":"https:\/\/emergingmanagers.ca\/#website"},"primaryImageOfPage":{"@id":"https:\/\/emergingmanagers.ca\/fr\/produit\/montreal-summer-bbq-mechoui\/#primaryimage"},"image":{"@id":"https:\/\/emergingmanagers.ca\/fr\/produit\/montreal-summer-bbq-mechoui\/#primaryimage"},"thumbnailUrl":"https:\/\/caasa.ca\/wp-content\/uploads\/2018\/04\/CGE-EMB-Event-Logo.jpg","datePublished":"2018-08-09T15:07:41+00:00","dateModified":"2018-08-28T20:24:39+00:00","breadcrumb":{"@id":"https:\/\/emergingmanagers.ca\/fr\/produit\/montreal-summer-bbq-mechoui\/#breadcrumb"},"inLanguage":"fr-FR","potentialAction":[{"@type":"ReadAction","target":["https:\/\/emergingmanagers.ca\/fr\/produit\/montreal-summer-bbq-mechoui\/"]}]},{"@type":"ImageObject","inLanguage":"fr-FR","@id":"https:\/\/emergingmanagers.ca\/fr\/produit\/montreal-summer-bbq-mechoui\/#primaryimage","url":"https:\/\/caasa.ca\/wp-content\/uploads\/2018\/04\/CGE-EMB-Event-Logo.jpg","contentUrl":"https:\/\/caasa.ca\/wp-content\/uploads\/2018\/04\/CGE-EMB-Event-Logo.jpg"},{"@type":"BreadcrumbList","@id":"https:\/\/emergingmanagers.ca\/fr\/produit\/montreal-summer-bbq-mechoui\/#breadcrumb","itemListElement":[{"@type":"ListItem","position":1,"name":"Home","item":"https:\/\/emergingmanagers.ca\/"},{"@type":"ListItem","position":2,"name":"Products","item":"https:\/\/emergingmanagers.ca\/shop\/"},{"@type":"ListItem","position":3,"name":"Montr\u00e9al Summer BBQ \/ M\u00e9choui"}]},{"@type":"WebSite","@id":"https:\/\/emergingmanagers.ca\/#website","url":"https:\/\/emergingmanagers.ca\/","name":"CGE-EMB","description":"Conseil des Gestionnaires Emergents | Emerging Managers Board","potentialAction":[{"@type":"SearchAction","target":{"@type":"EntryPoint","urlTemplate":"https:\/\/emergingmanagers.ca\/?s={search_term_string}"},"query-input":{"@type":"PropertyValueSpecification","valueRequired":true,"valueName":"search_term_string"}}],"inLanguage":"fr-FR"}]}},"_links":{"self":[{"href":"https:\/\/emergingmanagers.ca\/fr\/wp-json\/wp\/v2\/product\/7027","targetHints":{"allow":["GET"]}}],"collection":[{"href":"https:\/\/emergingmanagers.ca\/fr\/wp-json\/wp\/v2\/product"}],"about":[{"href":"https:\/\/emergingmanagers.ca\/fr\/wp-json\/wp\/v2\/types\/product"}],"wp:attachment":[{"href":"https:\/\/emergingmanagers.ca\/fr\/wp-json\/wp\/v2\/media?parent=7027"}],"wp:term":[{"taxonomy":"product_brand","embeddable":true,"href":"https:\/\/emergingmanagers.ca\/fr\/wp-json\/wp\/v2\/product_brand?post=7027"},{"taxonomy":"product_cat","embeddable":true,"href":"https:\/\/emergingmanagers.ca\/fr\/wp-json\/wp\/v2\/product_cat?post=7027"},{"taxonomy":"product_tag","embeddable":true,"href":"https:\/\/emergingmanagers.ca\/fr\/wp-json\/wp\/v2\/product_tag?post=7027"}],"curies":[{"name":"wp","href":"https:\/\/api.w.org\/{rel}","templated":true}]}}