{"id":6932,"date":"2018-05-16T15:13:31","date_gmt":"2018-05-16T20:43:31","guid":{"rendered":"https:\/\/emergingmanagers.ca\/product\/pmac-forum-sur-la-conformite-et-la-reglementation-montreal\/"},"modified":"2018-06-13T09:51:34","modified_gmt":"2018-06-13T15:21:34","slug":"pmac-forum-sur-la-conformite-et-la-reglementation-montreal","status":"publish","type":"product","link":"https:\/\/emergingmanagers.ca\/fr\/produit\/pmac-forum-sur-la-conformite-et-la-reglementation-montreal\/","title":{"rendered":"PMAC Forum sur la conformit\u00e9 et la r\u00e9glementation \u00e0 Montr\u00e9al"},"content":{"rendered":"<p><span lang=\"FR-CA\">Pour les firmes qui d\u00e9sirent\u00a0 participer le\u00a0<b>CGE<\/b>\u00a0s\u2019engage \u00e0 payer la moiti\u00e9 des frais\u00a0: soit 162.50$ plus taxes.<\/span><\/p>\n<p><b>Voici les d\u00e9tails de l\u2019\u00e9v\u00e9nement\u00a0:<\/b><\/p>\n<blockquote>\n<blockquote><p><b><span lang=\"EN-US\">PMAC 2018 Montreal Regulatory &amp; Compliance Forum<\/span><\/b><\/p><\/blockquote>\n<\/blockquote>\n<ul type=\"square\">\n<li style=\"list-style-type: none;\">\n<ul type=\"square\">\n<li class=\"x_x_MsoNormal\"><b><span lang=\"EN-US\">Date:\u00a0<\/span><\/b><span lang=\"EN-US\">Thursday, June 7, 2018\/ Jeudi 7 juin 2018<\/span><\/li>\n<li class=\"x_x_MsoNormal\"><b><span lang=\"EN-US\">Time:\u00a08:00 AM\u00a0<\/span><\/b><span lang=\"EN-US\">(Breakfast and registration),\u00a0<b>8:30 to 4:30 PM EDT (<\/b>Networking Reception to Follow<b>)<\/b><\/span><\/li>\n<li class=\"x_x_MsoNormal\"><b><span lang=\"EN-US\">Location:\u00a0<\/span><\/b><span lang=\"EN-US\">Sofitel Montreal Le Carr\u00e9 Dor\u00e9, 1155 Sherbrooke St W, Montreal, QC<\/span><\/li>\n<li class=\"x_x_MsoNormal\"><b><span lang=\"EN-US\">Agenda:\u00a0<\/span><\/b><span lang=\"EN-US\"><a href=\"http:\/\/www.portfoliomanagement.org\/wp-content\/uploads\/2018\/05\/2018-Montreal-Forum-Agenda-translated-2018-05-10.pdf\" target=\"_blank\" rel=\"noopener noreferrer\">View here<\/a>\u00a0(also attached)<\/span><\/li>\n<\/ul>\n<\/li>\n<\/ul>\n<p><b><span lang=\"EN-US\">Event Overview:<br \/>\n<\/span><\/b><span lang=\"EN-US\">Hear from the industry&rsquo;s senior members and experts.\u00a0Join us for a full day event\u00a0that includes timely\u00a0sessions on the latest regulatory developments, emerging issues and trends and compliance best practices.\u00a0The Montreal Regulatory &amp; Compliance Forum will cover a variety of topics that address new developments, critical issues, and insights on how to sustain a successful compliance program.<\/span><\/p>\n<p><span lang=\"EN-US\">Venez \u00e9coutez les membres seniors et les experts de l&rsquo;industrie. Joignez-vous \u00e0 nous pour un \u00e9v\u00e9nement d&rsquo;une journ\u00e9e qui comprend des sessions\u00a0sur les derniers d\u00e9veloppements en mati\u00e8re de r\u00e9glementation, les\u00a0tendances et les meilleures pratiques en mati\u00e8re de conformit\u00e9. Le Forum sur la r\u00e9glementation et la conformit\u00e9 de Montr\u00e9al abordera une vari\u00e9t\u00e9 de sujets comme\u00a0les nouveaux d\u00e9veloppements, les probl\u00e8mes ainsi que\u00a0la fa\u00e7on de maintenir un programme de conformit\u00e9.<\/span><\/p>\n<p><span lang=\"EN-US\">\u00a0<\/span><span lang=\"EN-US\">Session topics will include the following:<\/span><\/p>\n<ul type=\"square\">\n<li class=\"x_x_MsoNormal\"><span lang=\"EN-US\">U.S. \/ Canada Regulatory Conversation with The Honourable Hester M. Peirce, Commissioner, U.S. Securities and Exchange Commission.<\/span><\/li>\n<li class=\"x_x_MsoNormal\"><span lang=\"EN-US\">Update from the regulators on recent policy developments and best practices.<\/span><\/li>\n<li class=\"x_x_MsoNormal\"><span lang=\"EN-US\">Case studies from subject matter experts on key compliance issues.<\/span><\/li>\n<li class=\"x_x_MsoNormal\"><span lang=\"EN-US\">How firms can bolster their practices with senior and vulnerable investors.<\/span><\/li>\n<li class=\"x_x_MsoNormal\"><span lang=\"EN-US\">Discussion on PMAC\u2019s 2018 Compliance Benchmarking Survey.<\/span><\/li>\n<\/ul>\n<p><span lang=\"FR-CA\">Veuillez noter que toutes les diapositives seront propos\u00e9es en anglais et en fran\u00e7ais; les conf\u00e9renciers s\u2019adresseront soit en anglais ou en fran\u00e7ais.\u00a0<\/span><span lang=\"EN-US\">Speakers may present in either English or French. PowerPoint presentations will be in both languages.<\/span><\/p>\n<div><\/div>\n","protected":false},"excerpt":{"rendered":"<p>Pour les firmes qui d\u00e9sirent\u00a0 participer le\u00a0CGE\u00a0s\u2019engage \u00e0 payer la moiti\u00e9 des frais\u00a0: soit 162.50$ plus taxes. Voici les d\u00e9tails de l\u2019\u00e9v\u00e9nement\u00a0: PMAC 2018 Montreal Regulatory &amp; Compliance Forum Date:\u00a0Thursday, [&hellip;]<\/p>\n","protected":false},"featured_media":0,"template":"","meta":{"_acf_changed":false,"_et_pb_use_builder":"","_et_pb_old_content":"","_et_gb_content_width":"","_monsterinsights_skip_tracking":false,"_monsterinsights_sitenote_active":false,"_monsterinsights_sitenote_note":"","_monsterinsights_sitenote_category":0},"product_brand":[],"product_cat":[209],"product_tag":[],"class_list":{"0":"post-6932","1":"product","2":"type-product","3":"status-publish","5":"product_cat-uncategorized","7":"first","8":"instock","9":"sold-individually","10":"taxable","11":"shipping-taxable","12":"purchasable","13":"product-type-simple"},"acf":[],"yoast_head":"<!-- This site is optimized with the Yoast SEO plugin v27.2 - https:\/\/yoast.com\/product\/yoast-seo-wordpress\/ -->\n<title>PMAC Forum sur la conformit\u00e9 et la r\u00e9glementation \u00e0 Montr\u00e9al - CGE-EMB<\/title>\n<meta name=\"robots\" content=\"noindex, follow\" \/>\n<meta property=\"og:locale\" content=\"fr_FR\" \/>\n<meta property=\"og:type\" content=\"article\" \/>\n<meta property=\"og:title\" content=\"PMAC Forum sur la conformit\u00e9 et la r\u00e9glementation \u00e0 Montr\u00e9al - CGE-EMB\" \/>\n<meta property=\"og:description\" content=\"Pour les firmes qui d\u00e9sirent\u00a0 participer le\u00a0CGE\u00a0s\u2019engage \u00e0 payer la moiti\u00e9 des frais\u00a0: soit 162.50$ plus taxes. Voici les d\u00e9tails de l\u2019\u00e9v\u00e9nement\u00a0: PMAC 2018 Montreal Regulatory &amp; Compliance Forum Date:\u00a0Thursday, [&hellip;]\" \/>\n<meta property=\"og:url\" content=\"https:\/\/emergingmanagers.ca\/fr\/produit\/pmac-forum-sur-la-conformite-et-la-reglementation-montreal\/\" \/>\n<meta property=\"og:site_name\" content=\"CGE-EMB\" \/>\n<meta property=\"article:modified_time\" content=\"2018-06-13T15:21:34+00:00\" \/>\n<meta name=\"twitter:label1\" content=\"Dur\u00e9e de lecture estim\u00e9e\" \/>\n\t<meta name=\"twitter:data1\" content=\"2 minutes\" \/>\n<script type=\"application\/ld+json\" class=\"yoast-schema-graph\">{\"@context\":\"https:\/\/schema.org\",\"@graph\":[{\"@type\":\"WebPage\",\"@id\":\"https:\/\/emergingmanagers.ca\/fr\/produit\/pmac-forum-sur-la-conformite-et-la-reglementation-montreal\/\",\"url\":\"https:\/\/emergingmanagers.ca\/fr\/produit\/pmac-forum-sur-la-conformite-et-la-reglementation-montreal\/\",\"name\":\"PMAC Forum sur la conformit\u00e9 et la r\u00e9glementation \u00e0 Montr\u00e9al - CGE-EMB\",\"isPartOf\":{\"@id\":\"https:\/\/emergingmanagers.ca\/#website\"},\"datePublished\":\"2018-05-16T20:43:31+00:00\",\"dateModified\":\"2018-06-13T15:21:34+00:00\",\"breadcrumb\":{\"@id\":\"https:\/\/emergingmanagers.ca\/fr\/produit\/pmac-forum-sur-la-conformite-et-la-reglementation-montreal\/#breadcrumb\"},\"inLanguage\":\"fr-FR\",\"potentialAction\":[{\"@type\":\"ReadAction\",\"target\":[\"https:\/\/emergingmanagers.ca\/fr\/produit\/pmac-forum-sur-la-conformite-et-la-reglementation-montreal\/\"]}]},{\"@type\":\"BreadcrumbList\",\"@id\":\"https:\/\/emergingmanagers.ca\/fr\/produit\/pmac-forum-sur-la-conformite-et-la-reglementation-montreal\/#breadcrumb\",\"itemListElement\":[{\"@type\":\"ListItem\",\"position\":1,\"name\":\"Home\",\"item\":\"https:\/\/emergingmanagers.ca\/\"},{\"@type\":\"ListItem\",\"position\":2,\"name\":\"Products\",\"item\":\"https:\/\/emergingmanagers.ca\/shop\/\"},{\"@type\":\"ListItem\",\"position\":3,\"name\":\"PMAC Forum sur la conformit\u00e9 et la r\u00e9glementation \u00e0 Montr\u00e9al\"}]},{\"@type\":\"WebSite\",\"@id\":\"https:\/\/emergingmanagers.ca\/#website\",\"url\":\"https:\/\/emergingmanagers.ca\/\",\"name\":\"CGE-EMB\",\"description\":\"Conseil des Gestionnaires Emergents | Emerging Managers Board\",\"potentialAction\":[{\"@type\":\"SearchAction\",\"target\":{\"@type\":\"EntryPoint\",\"urlTemplate\":\"https:\/\/emergingmanagers.ca\/?s={search_term_string}\"},\"query-input\":{\"@type\":\"PropertyValueSpecification\",\"valueRequired\":true,\"valueName\":\"search_term_string\"}}],\"inLanguage\":\"fr-FR\"}]}<\/script>\n<!-- \/ Yoast SEO plugin. -->","yoast_head_json":{"title":"PMAC Forum sur la conformit\u00e9 et la r\u00e9glementation \u00e0 Montr\u00e9al - CGE-EMB","robots":{"index":"noindex","follow":"follow"},"og_locale":"fr_FR","og_type":"article","og_title":"PMAC Forum sur la conformit\u00e9 et la r\u00e9glementation \u00e0 Montr\u00e9al - CGE-EMB","og_description":"Pour les firmes qui d\u00e9sirent\u00a0 participer le\u00a0CGE\u00a0s\u2019engage \u00e0 payer la moiti\u00e9 des frais\u00a0: soit 162.50$ plus taxes. Voici les d\u00e9tails de l\u2019\u00e9v\u00e9nement\u00a0: PMAC 2018 Montreal Regulatory &amp; Compliance Forum Date:\u00a0Thursday, [&hellip;]","og_url":"https:\/\/emergingmanagers.ca\/fr\/produit\/pmac-forum-sur-la-conformite-et-la-reglementation-montreal\/","og_site_name":"CGE-EMB","article_modified_time":"2018-06-13T15:21:34+00:00","twitter_misc":{"Dur\u00e9e de lecture estim\u00e9e":"2 minutes"},"schema":{"@context":"https:\/\/schema.org","@graph":[{"@type":"WebPage","@id":"https:\/\/emergingmanagers.ca\/fr\/produit\/pmac-forum-sur-la-conformite-et-la-reglementation-montreal\/","url":"https:\/\/emergingmanagers.ca\/fr\/produit\/pmac-forum-sur-la-conformite-et-la-reglementation-montreal\/","name":"PMAC Forum sur la conformit\u00e9 et la r\u00e9glementation \u00e0 Montr\u00e9al - CGE-EMB","isPartOf":{"@id":"https:\/\/emergingmanagers.ca\/#website"},"datePublished":"2018-05-16T20:43:31+00:00","dateModified":"2018-06-13T15:21:34+00:00","breadcrumb":{"@id":"https:\/\/emergingmanagers.ca\/fr\/produit\/pmac-forum-sur-la-conformite-et-la-reglementation-montreal\/#breadcrumb"},"inLanguage":"fr-FR","potentialAction":[{"@type":"ReadAction","target":["https:\/\/emergingmanagers.ca\/fr\/produit\/pmac-forum-sur-la-conformite-et-la-reglementation-montreal\/"]}]},{"@type":"BreadcrumbList","@id":"https:\/\/emergingmanagers.ca\/fr\/produit\/pmac-forum-sur-la-conformite-et-la-reglementation-montreal\/#breadcrumb","itemListElement":[{"@type":"ListItem","position":1,"name":"Home","item":"https:\/\/emergingmanagers.ca\/"},{"@type":"ListItem","position":2,"name":"Products","item":"https:\/\/emergingmanagers.ca\/shop\/"},{"@type":"ListItem","position":3,"name":"PMAC Forum sur la conformit\u00e9 et la r\u00e9glementation \u00e0 Montr\u00e9al"}]},{"@type":"WebSite","@id":"https:\/\/emergingmanagers.ca\/#website","url":"https:\/\/emergingmanagers.ca\/","name":"CGE-EMB","description":"Conseil des Gestionnaires Emergents | Emerging Managers Board","potentialAction":[{"@type":"SearchAction","target":{"@type":"EntryPoint","urlTemplate":"https:\/\/emergingmanagers.ca\/?s={search_term_string}"},"query-input":{"@type":"PropertyValueSpecification","valueRequired":true,"valueName":"search_term_string"}}],"inLanguage":"fr-FR"}]}},"_links":{"self":[{"href":"https:\/\/emergingmanagers.ca\/fr\/wp-json\/wp\/v2\/product\/6932","targetHints":{"allow":["GET"]}}],"collection":[{"href":"https:\/\/emergingmanagers.ca\/fr\/wp-json\/wp\/v2\/product"}],"about":[{"href":"https:\/\/emergingmanagers.ca\/fr\/wp-json\/wp\/v2\/types\/product"}],"wp:attachment":[{"href":"https:\/\/emergingmanagers.ca\/fr\/wp-json\/wp\/v2\/media?parent=6932"}],"wp:term":[{"taxonomy":"product_brand","embeddable":true,"href":"https:\/\/emergingmanagers.ca\/fr\/wp-json\/wp\/v2\/product_brand?post=6932"},{"taxonomy":"product_cat","embeddable":true,"href":"https:\/\/emergingmanagers.ca\/fr\/wp-json\/wp\/v2\/product_cat?post=6932"},{"taxonomy":"product_tag","embeddable":true,"href":"https:\/\/emergingmanagers.ca\/fr\/wp-json\/wp\/v2\/product_tag?post=6932"}],"curies":[{"name":"wp","href":"https:\/\/api.w.org\/{rel}","templated":true}]}}