{"id":6614,"date":"2018-01-22T15:52:37","date_gmt":"2018-01-22T21:22:37","guid":{"rendered":"https:\/\/emergingmanagers.ca\/?post_type=product&#038;p=6614\/"},"modified":"2018-02-08T12:10:52","modified_gmt":"2018-02-08T17:40:52","slug":"cge-emb-elections-2018","status":"publish","type":"product","link":"https:\/\/emergingmanagers.ca\/fr\/produit\/cge-emb-elections-2018\/","title":{"rendered":"CGE-EMB Elections 2018"},"content":{"rendered":"<p>Bien que toute personne puisse \u00eatre \u00e9ligible au poste d\u2019administrateur de l\u2019Association, les r\u00e8glements pr\u00e9voient qu\u2019un maximum de 2 personnes peuvent \u00eatre choisi parmi les membres non votant, c.-\u00e0-d. ne travaillant pas au sein de firme de gestionnaires \u00e9mergents. Par ailleurs, \u00e9tant donn\u00e9 l\u2019implication de Finance Montr\u00e9al, une place est g\u00e9n\u00e9ralement r\u00e9serv\u00e9e au sein du CA \u00e0 un de leur repr\u00e9sentant.<\/p>\n<p>Veuillez noter que les personnes suivantes, d\u00e9j\u00e0 membres de votre CA souhaitent solliciter un renouvellement de leur mandat au sein du CA de l\u2019Association.<\/p>\n<p>\u00b7 <strong>Genevi\u00e8ve Blouin<\/strong>, Altervest, pr\u00e9sidente du CGE,<\/p>\n<p>\u00b7 <strong>Guy Desrochers<\/strong>, IPSOL Capital,<\/p>\n<p>\u00b7 <strong>Philippe Hynes<\/strong>, Tonus Capital,<\/p>\n<p>\u00b7 <strong>Kit Dalaroy<\/strong>, Landry Investment Management,<\/p>\n<p>\u00b7 <strong>Charles Lemay<\/strong>, Addenda Capital, issu d\u2019un membre non votant,<\/p>\n<p>\u00b7 <strong>Mathieu Cardinal<\/strong>, repr\u00e9sentant de Finance Montr\u00e9al, issu d\u2019un membre non-votant.<\/p>\n<p>De plus, <strong>Louis Fortin<\/strong>, d\u2019Inovestor Asset Management, entend poursuivre son implication en tant que responsable du d\u00e9veloppement du CGE en Ontario.<\/p>\n<p>Notons \u00e9galement que trois membres, issus de firmes de gestionnaires \u00e9mergents, souhaitent soumettre leur candidature :<\/p>\n<p>\u00b7 <strong>Gabriel Cefaloni<\/strong>, Nymbus Capital, agissant actuellement comme secr\u00e9taire lors des r\u00e9unions du CA,<\/p>\n<p>\u00b7 <strong>Marc Rivest<\/strong>, Nymbus Capital, qui s\u2019est port\u00e9 volontaire pour travailler au projet de d\u00e9veloppement d\u2019une coop\u00e9rative de gestionnaires \u00e9mergents,<\/p>\n<p>\u00b7 <strong>Ken Koby<\/strong>, Galliant Advisors LP.<\/p>\n<p><strong>Afin de soumettre votre candidature<\/strong>, veuillez SVP envoyer un courriel \u00e0 <a href=\"mailto:info@emergingmanagers.ca\">info@emergingmanagers.ca<\/a> en incluant un bref texte explicitant vos motivations.<\/p>\n<p>Nous esp\u00e9rons que plusieurs d\u2019entre vous soumettront votre candidature comme membre du conseil d\u2019administration du CGE. N\u2019h\u00e9sitez pas \u00e0 communiquer avec votre pr\u00e9sidente, madame Genevi\u00e8ve Blouin pour obtenir davantage d\u2019information sur le r\u00f4le et les responsabilit\u00e9s des membres du conseil d\u2019administration.<\/p>\n<p><a href=\"https:\/\/emergingmanagers.ca\/fr\/produit\/cge-emb-elections-2018\/collage_sponsors-2018\/\" rel=\"attachment wp-att-6616\"><img loading=\"lazy\" decoding=\"async\" class=\"wp-image-6616 size-medium aligncenter\" src=\"https:\/\/emergingmanagers.ca\/wp-content\/uploads\/2018\/01\/Collage_sponsors-2018-300x233.jpg\" alt=\"\" width=\"300\" height=\"233\" srcset=\"https:\/\/emergingmanagers.ca\/wp-content\/uploads\/2018\/01\/Collage_sponsors-2018-scaled-300x233.jpg 300w, https:\/\/emergingmanagers.ca\/wp-content\/uploads\/2018\/01\/Collage_sponsors-2018-scaled-600x467.jpg 600w, https:\/\/emergingmanagers.ca\/wp-content\/uploads\/2018\/01\/Collage_sponsors-2018-768x597.jpg 768w, https:\/\/emergingmanagers.ca\/wp-content\/uploads\/2018\/01\/Collage_sponsors-2018-1024x796.jpg 1024w, https:\/\/emergingmanagers.ca\/wp-content\/uploads\/2018\/01\/Collage_sponsors-2018-scaled-830x646.jpg 830w\" sizes=\"(max-width: 300px) 100vw, 300px\" \/><\/a><\/p>\n<p>&nbsp;<\/p>\n<p>&nbsp;<\/p>\n","protected":false},"excerpt":{"rendered":"<p>Il est d\u00e9j\u00e0 temps d&rsquo;\u00e9lire les membres de votre conseil d&rsquo;administration.<\/p>\n<p>Comme chaque ann\u00e9e, nous chercherons \u00e0 pourvoir les places disponibles au sein du conseil d\u2018administration. Tel que pr\u00e9cis\u00e9 lors de l\u2019Assembl\u00e9e Annuelle de 2016, les membres du conseil d\u2019administration sont \u00e9lus pour un mandat renouvelable de deux ans. Cette ann\u00e9e, les 9 postes du conseil d\u2019administration sont en r\u00e9\u00e9lection. Ainsi, nous sollicitons la candidature des personnes int\u00e9ress\u00e9es \u00e0 jouer un r\u00f4le actif aupr\u00e8s de l\u2019Association.<\/p>\n<p>Les \u00e9lection auront lieux\u00a0 le 7 f\u00e9vrier 2018<a href=\"https:\/\/emergingmanagers.ca\/?attachment_id=6616\" rel=\"attachment wp-att-6616\"><img loading=\"lazy\" decoding=\"async\" class=\"alignright wp-image-6616 size-large\" src=\"https:\/\/emergingmanagers.ca\/wp-content\/uploads\/2018\/01\/Collage_sponsors-2018-1024x796.jpg\" alt=\"\" width=\"474\" height=\"368\" srcset=\"https:\/\/emergingmanagers.ca\/wp-content\/uploads\/2018\/01\/Collage_sponsors-2018-1024x796.jpg 1024w, https:\/\/emergingmanagers.ca\/wp-content\/uploads\/2018\/01\/Collage_sponsors-2018-scaled-600x467.jpg 600w, https:\/\/emergingmanagers.ca\/wp-content\/uploads\/2018\/01\/Collage_sponsors-2018-scaled-300x233.jpg 300w, https:\/\/emergingmanagers.ca\/wp-content\/uploads\/2018\/01\/Collage_sponsors-2018-768x597.jpg 768w, https:\/\/emergingmanagers.ca\/wp-content\/uploads\/2018\/01\/Collage_sponsors-2018-scaled-830x646.jpg 830w\" sizes=\"(max-width: 474px) 100vw, 474px\" \/><\/a><\/p>\n<p>de 17:00\u00a0 \u00e0 19:00<\/p>\n<p>dans les bureaux de <strong>Fasken<\/strong><\/p>\n<p>800, rue du Square-Victoria, bureau 3700, Montr\u00e9al, Qu\u00e9bec\u00a0H4Z 1E9<\/p>\n<p>Admission: Gratuite<\/p>\n","protected":false},"featured_media":0,"template":"","meta":{"_acf_changed":false,"_et_pb_use_builder":"","_et_pb_old_content":"","_et_gb_content_width":"","_monsterinsights_skip_tracking":false,"_monsterinsights_sitenote_active":false,"_monsterinsights_sitenote_note":"","_monsterinsights_sitenote_category":0},"product_brand":[],"product_cat":[209],"product_tag":[],"class_list":{"0":"post-6614","1":"product","2":"type-product","3":"status-publish","5":"product_cat-uncategorized","7":"first","8":"instock","9":"sold-individually","10":"taxable","11":"shipping-taxable","12":"purchasable","13":"product-type-simple"},"acf":[],"yoast_head":"<!-- This site is optimized with the Yoast SEO plugin v27.2 - https:\/\/yoast.com\/product\/yoast-seo-wordpress\/ -->\n<title>CGE-EMB Elections 2018 - CGE-EMB<\/title>\n<meta name=\"robots\" content=\"noindex, follow\" \/>\n<meta property=\"og:locale\" content=\"fr_FR\" \/>\n<meta property=\"og:type\" content=\"article\" \/>\n<meta property=\"og:title\" content=\"CGE-EMB Elections 2018 - CGE-EMB\" \/>\n<meta property=\"og:description\" content=\"Il est d\u00e9j\u00e0 temps d&#039;\u00e9lire les membres de votre conseil d&#039;administration.  Comme chaque ann\u00e9e, nous chercherons \u00e0 pourvoir les places disponibles au sein du conseil d\u2018administration. Tel que pr\u00e9cis\u00e9 lors de l\u2019Assembl\u00e9e Annuelle de 2016, les membres du conseil d\u2019administration sont \u00e9lus pour un mandat renouvelable de deux ans. Cette ann\u00e9e, les 9 postes du conseil d\u2019administration sont en r\u00e9\u00e9lection. Ainsi, nous sollicitons la candidature des personnes int\u00e9ress\u00e9es \u00e0 jouer un r\u00f4le actif aupr\u00e8s de l\u2019Association.  Les \u00e9lection auront lieux\u00a0 le 7 f\u00e9vrier 2018  de 17:00\u00a0 \u00e0 19:00  dans les bureaux de Fasken  800, rue du Square-Victoria, bureau 3700, Montr\u00e9al, Qu\u00e9bec\u00a0H4Z 1E9  Admission: Gratuite\" \/>\n<meta property=\"og:url\" content=\"https:\/\/emergingmanagers.ca\/fr\/produit\/cge-emb-elections-2018\/\" \/>\n<meta property=\"og:site_name\" content=\"CGE-EMB\" \/>\n<meta property=\"article:modified_time\" content=\"2018-02-08T17:40:52+00:00\" \/>\n<meta property=\"og:image\" content=\"https:\/\/emergingmanagers.ca\/wp-content\/uploads\/2018\/01\/Collage_sponsors-2018-300x233.jpg\" \/>\n<meta name=\"twitter:label1\" content=\"Dur\u00e9e de lecture estim\u00e9e\" \/>\n\t<meta name=\"twitter:data1\" content=\"1 minute\" \/>\n<script type=\"application\/ld+json\" class=\"yoast-schema-graph\">{\"@context\":\"https:\/\/schema.org\",\"@graph\":[{\"@type\":\"WebPage\",\"@id\":\"https:\/\/emergingmanagers.ca\/fr\/produit\/cge-emb-elections-2018\/\",\"url\":\"https:\/\/emergingmanagers.ca\/fr\/produit\/cge-emb-elections-2018\/\",\"name\":\"CGE-EMB Elections 2018 - CGE-EMB\",\"isPartOf\":{\"@id\":\"https:\/\/emergingmanagers.ca\/#website\"},\"primaryImageOfPage\":{\"@id\":\"https:\/\/emergingmanagers.ca\/fr\/produit\/cge-emb-elections-2018\/#primaryimage\"},\"image\":{\"@id\":\"https:\/\/emergingmanagers.ca\/fr\/produit\/cge-emb-elections-2018\/#primaryimage\"},\"thumbnailUrl\":\"https:\/\/emergingmanagers.ca\/wp-content\/uploads\/2018\/01\/Collage_sponsors-2018-300x233.jpg\",\"datePublished\":\"2018-01-22T21:22:37+00:00\",\"dateModified\":\"2018-02-08T17:40:52+00:00\",\"breadcrumb\":{\"@id\":\"https:\/\/emergingmanagers.ca\/fr\/produit\/cge-emb-elections-2018\/#breadcrumb\"},\"inLanguage\":\"fr-FR\",\"potentialAction\":[{\"@type\":\"ReadAction\",\"target\":[\"https:\/\/emergingmanagers.ca\/fr\/produit\/cge-emb-elections-2018\/\"]}]},{\"@type\":\"ImageObject\",\"inLanguage\":\"fr-FR\",\"@id\":\"https:\/\/emergingmanagers.ca\/fr\/produit\/cge-emb-elections-2018\/#primaryimage\",\"url\":\"https:\/\/emergingmanagers.ca\/wp-content\/uploads\/2018\/01\/Collage_sponsors-2018-300x233.jpg\",\"contentUrl\":\"https:\/\/emergingmanagers.ca\/wp-content\/uploads\/2018\/01\/Collage_sponsors-2018-300x233.jpg\"},{\"@type\":\"BreadcrumbList\",\"@id\":\"https:\/\/emergingmanagers.ca\/fr\/produit\/cge-emb-elections-2018\/#breadcrumb\",\"itemListElement\":[{\"@type\":\"ListItem\",\"position\":1,\"name\":\"Home\",\"item\":\"https:\/\/emergingmanagers.ca\/\"},{\"@type\":\"ListItem\",\"position\":2,\"name\":\"Products\",\"item\":\"https:\/\/emergingmanagers.ca\/shop\/\"},{\"@type\":\"ListItem\",\"position\":3,\"name\":\"CGE-EMB Elections 2018\"}]},{\"@type\":\"WebSite\",\"@id\":\"https:\/\/emergingmanagers.ca\/#website\",\"url\":\"https:\/\/emergingmanagers.ca\/\",\"name\":\"CGE-EMB\",\"description\":\"Conseil des Gestionnaires Emergents | Emerging Managers Board\",\"potentialAction\":[{\"@type\":\"SearchAction\",\"target\":{\"@type\":\"EntryPoint\",\"urlTemplate\":\"https:\/\/emergingmanagers.ca\/?s={search_term_string}\"},\"query-input\":{\"@type\":\"PropertyValueSpecification\",\"valueRequired\":true,\"valueName\":\"search_term_string\"}}],\"inLanguage\":\"fr-FR\"}]}<\/script>\n<!-- \/ Yoast SEO plugin. -->","yoast_head_json":{"title":"CGE-EMB Elections 2018 - CGE-EMB","robots":{"index":"noindex","follow":"follow"},"og_locale":"fr_FR","og_type":"article","og_title":"CGE-EMB Elections 2018 - CGE-EMB","og_description":"Il est d\u00e9j\u00e0 temps d'\u00e9lire les membres de votre conseil d'administration.  Comme chaque ann\u00e9e, nous chercherons \u00e0 pourvoir les places disponibles au sein du conseil d\u2018administration. Tel que pr\u00e9cis\u00e9 lors de l\u2019Assembl\u00e9e Annuelle de 2016, les membres du conseil d\u2019administration sont \u00e9lus pour un mandat renouvelable de deux ans. Cette ann\u00e9e, les 9 postes du conseil d\u2019administration sont en r\u00e9\u00e9lection. Ainsi, nous sollicitons la candidature des personnes int\u00e9ress\u00e9es \u00e0 jouer un r\u00f4le actif aupr\u00e8s de l\u2019Association.  Les \u00e9lection auront lieux\u00a0 le 7 f\u00e9vrier 2018  de 17:00\u00a0 \u00e0 19:00  dans les bureaux de Fasken  800, rue du Square-Victoria, bureau 3700, Montr\u00e9al, Qu\u00e9bec\u00a0H4Z 1E9  Admission: Gratuite","og_url":"https:\/\/emergingmanagers.ca\/fr\/produit\/cge-emb-elections-2018\/","og_site_name":"CGE-EMB","article_modified_time":"2018-02-08T17:40:52+00:00","og_image":[{"url":"https:\/\/emergingmanagers.ca\/wp-content\/uploads\/2018\/01\/Collage_sponsors-2018-300x233.jpg","type":"","width":"","height":""}],"twitter_misc":{"Dur\u00e9e de lecture estim\u00e9e":"1 minute"},"schema":{"@context":"https:\/\/schema.org","@graph":[{"@type":"WebPage","@id":"https:\/\/emergingmanagers.ca\/fr\/produit\/cge-emb-elections-2018\/","url":"https:\/\/emergingmanagers.ca\/fr\/produit\/cge-emb-elections-2018\/","name":"CGE-EMB Elections 2018 - CGE-EMB","isPartOf":{"@id":"https:\/\/emergingmanagers.ca\/#website"},"primaryImageOfPage":{"@id":"https:\/\/emergingmanagers.ca\/fr\/produit\/cge-emb-elections-2018\/#primaryimage"},"image":{"@id":"https:\/\/emergingmanagers.ca\/fr\/produit\/cge-emb-elections-2018\/#primaryimage"},"thumbnailUrl":"https:\/\/emergingmanagers.ca\/wp-content\/uploads\/2018\/01\/Collage_sponsors-2018-300x233.jpg","datePublished":"2018-01-22T21:22:37+00:00","dateModified":"2018-02-08T17:40:52+00:00","breadcrumb":{"@id":"https:\/\/emergingmanagers.ca\/fr\/produit\/cge-emb-elections-2018\/#breadcrumb"},"inLanguage":"fr-FR","potentialAction":[{"@type":"ReadAction","target":["https:\/\/emergingmanagers.ca\/fr\/produit\/cge-emb-elections-2018\/"]}]},{"@type":"ImageObject","inLanguage":"fr-FR","@id":"https:\/\/emergingmanagers.ca\/fr\/produit\/cge-emb-elections-2018\/#primaryimage","url":"https:\/\/emergingmanagers.ca\/wp-content\/uploads\/2018\/01\/Collage_sponsors-2018-300x233.jpg","contentUrl":"https:\/\/emergingmanagers.ca\/wp-content\/uploads\/2018\/01\/Collage_sponsors-2018-300x233.jpg"},{"@type":"BreadcrumbList","@id":"https:\/\/emergingmanagers.ca\/fr\/produit\/cge-emb-elections-2018\/#breadcrumb","itemListElement":[{"@type":"ListItem","position":1,"name":"Home","item":"https:\/\/emergingmanagers.ca\/"},{"@type":"ListItem","position":2,"name":"Products","item":"https:\/\/emergingmanagers.ca\/shop\/"},{"@type":"ListItem","position":3,"name":"CGE-EMB Elections 2018"}]},{"@type":"WebSite","@id":"https:\/\/emergingmanagers.ca\/#website","url":"https:\/\/emergingmanagers.ca\/","name":"CGE-EMB","description":"Conseil des Gestionnaires Emergents | Emerging Managers Board","potentialAction":[{"@type":"SearchAction","target":{"@type":"EntryPoint","urlTemplate":"https:\/\/emergingmanagers.ca\/?s={search_term_string}"},"query-input":{"@type":"PropertyValueSpecification","valueRequired":true,"valueName":"search_term_string"}}],"inLanguage":"fr-FR"}]}},"_links":{"self":[{"href":"https:\/\/emergingmanagers.ca\/fr\/wp-json\/wp\/v2\/product\/6614","targetHints":{"allow":["GET"]}}],"collection":[{"href":"https:\/\/emergingmanagers.ca\/fr\/wp-json\/wp\/v2\/product"}],"about":[{"href":"https:\/\/emergingmanagers.ca\/fr\/wp-json\/wp\/v2\/types\/product"}],"wp:attachment":[{"href":"https:\/\/emergingmanagers.ca\/fr\/wp-json\/wp\/v2\/media?parent=6614"}],"wp:term":[{"taxonomy":"product_brand","embeddable":true,"href":"https:\/\/emergingmanagers.ca\/fr\/wp-json\/wp\/v2\/product_brand?post=6614"},{"taxonomy":"product_cat","embeddable":true,"href":"https:\/\/emergingmanagers.ca\/fr\/wp-json\/wp\/v2\/product_cat?post=6614"},{"taxonomy":"product_tag","embeddable":true,"href":"https:\/\/emergingmanagers.ca\/fr\/wp-json\/wp\/v2\/product_tag?post=6614"}],"curies":[{"name":"wp","href":"https:\/\/api.w.org\/{rel}","templated":true}]}}