{"id":6523,"date":"2017-11-06T09:24:38","date_gmt":"2017-11-06T14:56:11","guid":{"rendered":"https:\/\/emergingmanagers.ca\/?post_type=product&#038;p=6523\/"},"modified":"2018-01-08T13:21:26","modified_gmt":"2018-01-08T18:51:26","slug":"journee-formation-commanditaires","status":"publish","type":"product","link":"https:\/\/emergingmanagers.ca\/fr\/produit\/journee-formation-commanditaires\/","title":{"rendered":"Journ\u00e9e Formation commanditaires"},"content":{"rendered":"<p><strong>Cher commanditaire, comme l\u2019an dernier, le CGE organise encore une fois au mois de d\u00e9cembre un \u00e9v\u00e9nement de formation pour ses membres. L\u2019objectif de l\u2019\u00e9v\u00e9nement est de donner aux firmes \u00e9mergentes de pr\u00e9cieux conseils sur divers sujets administratifs \/ conformit\u00e9 \/op\u00e9rationnels. Cette ann\u00e9e, nous aborderons les sujets suivants :<\/strong><\/p>\n<p><strong>8 \u00e0 8\u00a0:30 : D\u00e9jeuner<\/strong><\/p>\n<p><strong>8\u00a0:30-8\u00a0:45\u00a0: Introduction<\/strong><\/p>\n<p><strong>8\u00a0:45-9\u00a0:30\u00a0:\u00a0\u00a0Conformit\u00e9\u00a0:<\/strong><\/p>\n<p style=\"padding-left: 30px;\"><strong>Philippe Couture, \u00a0Alpha CCO<\/strong><\/p>\n<p style=\"padding-left: 30px;\"><strong>Julie Paill\u00e9, Pr\u00e9sentation du nouveau livre de conformit\u00e9<\/strong><\/p>\n<p><strong>9\u00a0:45-10\u00a0:30\u00a0: Investissement responsable<\/strong><\/p>\n<p><strong>10\u00a0:45-11\u00a0:30\u00a0: Cybers\u00e9curit\u00e9<\/strong><\/p>\n<p style=\"padding-left: 30px;\"><strong>Comment adapter ses politiques\/proc\u00e9dures et se prot\u00e9ger<\/strong><\/p>\n<p style=\"padding-left: 150px;\"><strong>Date\u00a0:\u00a0<\/strong>7 d\u00e9cembre<\/p>\n<p style=\"padding-left: 150px;\"><strong>Heure:\u00a0 <\/strong>8h00<\/p>\n<p style=\"padding-left: 150px;\"><strong>O\u00f9:\u00a0<\/strong>Dentons, 1 Place Ville-Marie, Montr\u00e9al<\/p>\n<p style=\"padding-left: 150px;\">\n","protected":false},"excerpt":{"rendered":"<p>Cher commanditaire, comme l\u2019an dernier, le CGE organise au mois de d\u00e9cembre un \u00e9v\u00e9nement de formation pour ses membres. L\u2019objectif de l\u2019\u00e9v\u00e9nement est de donner aux firmes \u00e9mergentes de pr\u00e9cieux conseils sur divers sujets administratifs \/ conformit\u00e9 \/op\u00e9rationnels. Cette ann\u00e9e, nous aborderons les sujets suivants :<\/p>\n<p>&#8211; Cybers\u00e9curit\u00e9 : comment adapter ses politiques\/proc\u00e9dures et se prot\u00e9ger<\/p>\n<p>&#8211; ESG (Facteurs environnementaux, facteurs sociaux et facteurs li\u00e9s \u00e0 la gouvernance): comment simplifier l\u2019adh\u00e9sion aux PRI (Principle for Responsible investing)pour les petits gestionnaires<\/p>\n<p>&#8211; Conformit\u00e9 : pr\u00e9sentation du manuel de conformit\u00e9 pour les gestionnaires de fonds (Qu\u00e9bec)<\/p>\n<p>&nbsp;<\/p>\n","protected":false},"featured_media":0,"template":"","meta":{"_acf_changed":false,"_et_pb_use_builder":"","_et_pb_old_content":"","_et_gb_content_width":"","_monsterinsights_skip_tracking":false,"_monsterinsights_sitenote_active":false,"_monsterinsights_sitenote_note":"","_monsterinsights_sitenote_category":0},"product_brand":[],"product_cat":[209],"product_tag":[],"class_list":{"0":"post-6523","1":"product","2":"type-product","3":"status-publish","5":"product_cat-uncategorized","7":"first","8":"instock","9":"sold-individually","10":"taxable","11":"shipping-taxable","12":"purchasable","13":"product-type-simple"},"acf":[],"yoast_head":"<!-- This site is optimized with the Yoast SEO plugin v27.2 - https:\/\/yoast.com\/product\/yoast-seo-wordpress\/ -->\n<title>Journ\u00e9e Formation commanditaires - CGE-EMB<\/title>\n<meta name=\"robots\" content=\"noindex, follow\" \/>\n<meta property=\"og:locale\" content=\"fr_FR\" \/>\n<meta property=\"og:type\" content=\"article\" \/>\n<meta property=\"og:title\" content=\"Journ\u00e9e Formation commanditaires - CGE-EMB\" \/>\n<meta property=\"og:description\" content=\"Cher commanditaire, comme l\u2019an dernier, le CGE organise au mois de d\u00e9cembre un \u00e9v\u00e9nement de formation pour ses membres. L\u2019objectif de l\u2019\u00e9v\u00e9nement est de donner aux firmes \u00e9mergentes de pr\u00e9cieux conseils sur divers sujets administratifs \/ conformit\u00e9 \/op\u00e9rationnels. Cette ann\u00e9e, nous aborderons les sujets suivants :  - Cybers\u00e9curit\u00e9 : comment adapter ses politiques\/proc\u00e9dures et se prot\u00e9ger  - ESG (Facteurs environnementaux, facteurs sociaux et facteurs li\u00e9s \u00e0 la gouvernance): comment simplifier l\u2019adh\u00e9sion aux PRI (Principle for Responsible investing)pour les petits gestionnaires  - Conformit\u00e9 : pr\u00e9sentation du manuel de conformit\u00e9 pour les gestionnaires de fonds (Qu\u00e9bec)  &nbsp;\" \/>\n<meta property=\"og:url\" content=\"https:\/\/emergingmanagers.ca\/fr\/produit\/journee-formation-commanditaires\/\" \/>\n<meta property=\"og:site_name\" content=\"CGE-EMB\" \/>\n<meta property=\"article:modified_time\" content=\"2018-01-08T18:51:26+00:00\" \/>\n<meta name=\"twitter:label1\" content=\"Dur\u00e9e de lecture estim\u00e9e\" \/>\n\t<meta name=\"twitter:data1\" content=\"1 minute\" \/>\n<script type=\"application\/ld+json\" class=\"yoast-schema-graph\">{\"@context\":\"https:\/\/schema.org\",\"@graph\":[{\"@type\":\"WebPage\",\"@id\":\"https:\/\/emergingmanagers.ca\/fr\/produit\/journee-formation-commanditaires\/\",\"url\":\"https:\/\/emergingmanagers.ca\/fr\/produit\/journee-formation-commanditaires\/\",\"name\":\"Journ\u00e9e Formation commanditaires - CGE-EMB\",\"isPartOf\":{\"@id\":\"https:\/\/emergingmanagers.ca\/#website\"},\"datePublished\":\"2017-11-06T14:56:11+00:00\",\"dateModified\":\"2018-01-08T18:51:26+00:00\",\"breadcrumb\":{\"@id\":\"https:\/\/emergingmanagers.ca\/fr\/produit\/journee-formation-commanditaires\/#breadcrumb\"},\"inLanguage\":\"fr-FR\",\"potentialAction\":[{\"@type\":\"ReadAction\",\"target\":[\"https:\/\/emergingmanagers.ca\/fr\/produit\/journee-formation-commanditaires\/\"]}]},{\"@type\":\"BreadcrumbList\",\"@id\":\"https:\/\/emergingmanagers.ca\/fr\/produit\/journee-formation-commanditaires\/#breadcrumb\",\"itemListElement\":[{\"@type\":\"ListItem\",\"position\":1,\"name\":\"Home\",\"item\":\"https:\/\/emergingmanagers.ca\/\"},{\"@type\":\"ListItem\",\"position\":2,\"name\":\"Products\",\"item\":\"https:\/\/emergingmanagers.ca\/shop\/\"},{\"@type\":\"ListItem\",\"position\":3,\"name\":\"Journ\u00e9e Formation commanditaires\"}]},{\"@type\":\"WebSite\",\"@id\":\"https:\/\/emergingmanagers.ca\/#website\",\"url\":\"https:\/\/emergingmanagers.ca\/\",\"name\":\"CGE-EMB\",\"description\":\"Conseil des Gestionnaires Emergents | Emerging Managers Board\",\"potentialAction\":[{\"@type\":\"SearchAction\",\"target\":{\"@type\":\"EntryPoint\",\"urlTemplate\":\"https:\/\/emergingmanagers.ca\/?s={search_term_string}\"},\"query-input\":{\"@type\":\"PropertyValueSpecification\",\"valueRequired\":true,\"valueName\":\"search_term_string\"}}],\"inLanguage\":\"fr-FR\"}]}<\/script>\n<!-- \/ Yoast SEO plugin. -->","yoast_head_json":{"title":"Journ\u00e9e Formation commanditaires - CGE-EMB","robots":{"index":"noindex","follow":"follow"},"og_locale":"fr_FR","og_type":"article","og_title":"Journ\u00e9e Formation commanditaires - CGE-EMB","og_description":"Cher commanditaire, comme l\u2019an dernier, le CGE organise au mois de d\u00e9cembre un \u00e9v\u00e9nement de formation pour ses membres. L\u2019objectif de l\u2019\u00e9v\u00e9nement est de donner aux firmes \u00e9mergentes de pr\u00e9cieux conseils sur divers sujets administratifs \/ conformit\u00e9 \/op\u00e9rationnels. Cette ann\u00e9e, nous aborderons les sujets suivants :  - Cybers\u00e9curit\u00e9 : comment adapter ses politiques\/proc\u00e9dures et se prot\u00e9ger  - ESG (Facteurs environnementaux, facteurs sociaux et facteurs li\u00e9s \u00e0 la gouvernance): comment simplifier l\u2019adh\u00e9sion aux PRI (Principle for Responsible investing)pour les petits gestionnaires  - Conformit\u00e9 : pr\u00e9sentation du manuel de conformit\u00e9 pour les gestionnaires de fonds (Qu\u00e9bec)  &nbsp;","og_url":"https:\/\/emergingmanagers.ca\/fr\/produit\/journee-formation-commanditaires\/","og_site_name":"CGE-EMB","article_modified_time":"2018-01-08T18:51:26+00:00","twitter_misc":{"Dur\u00e9e de lecture estim\u00e9e":"1 minute"},"schema":{"@context":"https:\/\/schema.org","@graph":[{"@type":"WebPage","@id":"https:\/\/emergingmanagers.ca\/fr\/produit\/journee-formation-commanditaires\/","url":"https:\/\/emergingmanagers.ca\/fr\/produit\/journee-formation-commanditaires\/","name":"Journ\u00e9e Formation commanditaires - CGE-EMB","isPartOf":{"@id":"https:\/\/emergingmanagers.ca\/#website"},"datePublished":"2017-11-06T14:56:11+00:00","dateModified":"2018-01-08T18:51:26+00:00","breadcrumb":{"@id":"https:\/\/emergingmanagers.ca\/fr\/produit\/journee-formation-commanditaires\/#breadcrumb"},"inLanguage":"fr-FR","potentialAction":[{"@type":"ReadAction","target":["https:\/\/emergingmanagers.ca\/fr\/produit\/journee-formation-commanditaires\/"]}]},{"@type":"BreadcrumbList","@id":"https:\/\/emergingmanagers.ca\/fr\/produit\/journee-formation-commanditaires\/#breadcrumb","itemListElement":[{"@type":"ListItem","position":1,"name":"Home","item":"https:\/\/emergingmanagers.ca\/"},{"@type":"ListItem","position":2,"name":"Products","item":"https:\/\/emergingmanagers.ca\/shop\/"},{"@type":"ListItem","position":3,"name":"Journ\u00e9e Formation commanditaires"}]},{"@type":"WebSite","@id":"https:\/\/emergingmanagers.ca\/#website","url":"https:\/\/emergingmanagers.ca\/","name":"CGE-EMB","description":"Conseil des Gestionnaires Emergents | Emerging Managers Board","potentialAction":[{"@type":"SearchAction","target":{"@type":"EntryPoint","urlTemplate":"https:\/\/emergingmanagers.ca\/?s={search_term_string}"},"query-input":{"@type":"PropertyValueSpecification","valueRequired":true,"valueName":"search_term_string"}}],"inLanguage":"fr-FR"}]}},"_links":{"self":[{"href":"https:\/\/emergingmanagers.ca\/fr\/wp-json\/wp\/v2\/product\/6523","targetHints":{"allow":["GET"]}}],"collection":[{"href":"https:\/\/emergingmanagers.ca\/fr\/wp-json\/wp\/v2\/product"}],"about":[{"href":"https:\/\/emergingmanagers.ca\/fr\/wp-json\/wp\/v2\/types\/product"}],"wp:attachment":[{"href":"https:\/\/emergingmanagers.ca\/fr\/wp-json\/wp\/v2\/media?parent=6523"}],"wp:term":[{"taxonomy":"product_brand","embeddable":true,"href":"https:\/\/emergingmanagers.ca\/fr\/wp-json\/wp\/v2\/product_brand?post=6523"},{"taxonomy":"product_cat","embeddable":true,"href":"https:\/\/emergingmanagers.ca\/fr\/wp-json\/wp\/v2\/product_cat?post=6523"},{"taxonomy":"product_tag","embeddable":true,"href":"https:\/\/emergingmanagers.ca\/fr\/wp-json\/wp\/v2\/product_tag?post=6523"}],"curies":[{"name":"wp","href":"https:\/\/api.w.org\/{rel}","templated":true}]}}