{"id":6517,"date":"2017-11-06T08:55:50","date_gmt":"2017-11-06T14:25:50","guid":{"rendered":"https:\/\/emergingmanagers.ca\/?post_type=product&#038;p=6517\/"},"modified":"2018-01-08T13:20:32","modified_gmt":"2018-01-08T18:50:32","slug":"journee-de-formation-2017","status":"publish","type":"product","link":"https:\/\/emergingmanagers.ca\/fr\/produit\/journee-de-formation-2017\/","title":{"rendered":"Journ\u00e9e de Formation 2017"},"content":{"rendered":"<p>L&rsquo;\u00e9v\u00e9nement pour vous donner de pr\u00e9cieux conseils sur divers sujets<\/p>\n<p>administratifs \/ conformit\u00e9 \/op\u00e9rationnels.<\/p>\n<p><strong>Cette ann\u00e9e, nous aborderons les sujets suivants\u00a0:<\/strong><\/p>\n<p>D\u00e9jeuner 8 \u00e0 8\u00a0:30<\/p>\n<p>8\u00a0:30-8\u00a0:45\u00a0: Introduction<\/p>\n<p>8\u00a0:45-9\u00a0:30\u00a0:<strong>\u00a0<\/strong>\u00a0Conformit\u00e9\u00a0:<\/p>\n<p>Philippe Couture, \u00a0Alpha CCO<\/p>\n<p>Julie Paill\u00e9, Pr\u00e9sentation du nouveau livre de conformit\u00e9<\/p>\n<p>9\u00a0:45-10\u00a0:30\u00a0: Investissement responsable<\/p>\n<p>10\u00a0:45-11\u00a0:30\u00a0: Cybers\u00e9curit\u00e9<\/p>\n<p>Comment adapter ses politiques\/proc\u00e9dures et se prot\u00e9ger<\/p>\n<p style=\"text-align: left; padding-left: 90px;\"><b>Date\u00a0:<\/b>\u00a07 d\u00e9cembre<\/p>\n<p style=\"padding-left: 90px;\"><strong>Heure:<\/strong>\u00a0 8h00<\/p>\n<p style=\"text-align: left; padding-left: 90px;\"><b>O\u00f9:<\/b>\u00a0Dentons, 1 Place Ville-Marie, Montr\u00e9al<\/p>\n<p style=\"padding-left: 90px;\"><b>Co\u00fbt\u00a0:<\/b>\u00a025 $<\/p>\n<p>&nbsp;<\/p>\n","protected":false},"excerpt":{"rendered":"<p>Comme l\u2019an dernier, le CGE organise au mois de d\u00e9cembre un \u00e9v\u00e9nement de formation pour ses membres. L\u2019objectif de l\u2019\u00e9v\u00e9nement est de donner aux firmes \u00e9mergentes de pr\u00e9cieux conseils sur divers sujets administratifs \/ conformit\u00e9 \/op\u00e9rationnels.<\/p>\n<p><b>Date\u00a0:<\/b>\u00a07 d\u00e9cembre<\/p>\n<p><strong>Heure:<\/strong>\u00a0 8h00<\/p>\n<p><b>O\u00f9:<\/b>\u00a0Dentons, 1 Place Ville-Marie, Montr\u00e9al<\/p>\n<p><b>Co\u00fbt\u00a0:<\/b>\u00a025 $<\/p>\n<p>&nbsp;<\/p>\n","protected":false},"featured_media":0,"template":"","meta":{"_acf_changed":false,"_et_pb_use_builder":"","_et_pb_old_content":"","_et_gb_content_width":"","_monsterinsights_skip_tracking":false,"_monsterinsights_sitenote_active":false,"_monsterinsights_sitenote_note":"","_monsterinsights_sitenote_category":0},"product_brand":[],"product_cat":[209],"product_tag":[],"class_list":{"0":"post-6517","1":"product","2":"type-product","3":"status-publish","5":"product_cat-uncategorized","7":"first","8":"instock","9":"sold-individually","10":"taxable","11":"shipping-taxable","12":"purchasable","13":"product-type-simple"},"acf":[],"yoast_head":"<!-- This site is optimized with the Yoast SEO plugin v27.5 - https:\/\/yoast.com\/product\/yoast-seo-wordpress\/ -->\n<title>Journ\u00e9e de Formation 2017 - CGE-EMB<\/title>\n<meta name=\"robots\" content=\"noindex, follow\" \/>\n<meta property=\"og:locale\" content=\"fr_FR\" \/>\n<meta property=\"og:type\" content=\"article\" \/>\n<meta property=\"og:title\" content=\"Journ\u00e9e de Formation 2017 - CGE-EMB\" \/>\n<meta property=\"og:description\" content=\"Comme l\u2019an dernier, le CGE organise au mois de d\u00e9cembre un \u00e9v\u00e9nement de formation pour ses membres. L\u2019objectif de l\u2019\u00e9v\u00e9nement est de donner aux firmes \u00e9mergentes de pr\u00e9cieux conseils sur divers sujets administratifs \/ conformit\u00e9 \/op\u00e9rationnels.  Date\u00a0:\u00a07 d\u00e9cembre  Heure:\u00a0 8h00  O\u00f9:\u00a0Dentons, 1 Place Ville-Marie, Montr\u00e9al  Co\u00fbt\u00a0:\u00a025 $  &nbsp;\" \/>\n<meta property=\"og:url\" content=\"https:\/\/emergingmanagers.ca\/fr\/produit\/journee-de-formation-2017\/\" \/>\n<meta property=\"og:site_name\" content=\"CGE-EMB\" \/>\n<meta property=\"article:modified_time\" content=\"2018-01-08T18:50:32+00:00\" \/>\n<script type=\"application\/ld+json\" class=\"yoast-schema-graph\">{\"@context\":\"https:\\\/\\\/schema.org\",\"@graph\":[{\"@type\":\"WebPage\",\"@id\":\"https:\\\/\\\/emergingmanagers.ca\\\/fr\\\/produit\\\/journee-de-formation-2017\\\/\",\"url\":\"https:\\\/\\\/emergingmanagers.ca\\\/fr\\\/produit\\\/journee-de-formation-2017\\\/\",\"name\":\"Journ\u00e9e de Formation 2017 - CGE-EMB\",\"isPartOf\":{\"@id\":\"https:\\\/\\\/emergingmanagers.ca\\\/#website\"},\"datePublished\":\"2017-11-06T14:25:50+00:00\",\"dateModified\":\"2018-01-08T18:50:32+00:00\",\"breadcrumb\":{\"@id\":\"https:\\\/\\\/emergingmanagers.ca\\\/fr\\\/produit\\\/journee-de-formation-2017\\\/#breadcrumb\"},\"inLanguage\":\"fr-FR\",\"potentialAction\":[{\"@type\":\"ReadAction\",\"target\":[\"https:\\\/\\\/emergingmanagers.ca\\\/fr\\\/produit\\\/journee-de-formation-2017\\\/\"]}]},{\"@type\":\"BreadcrumbList\",\"@id\":\"https:\\\/\\\/emergingmanagers.ca\\\/fr\\\/produit\\\/journee-de-formation-2017\\\/#breadcrumb\",\"itemListElement\":[{\"@type\":\"ListItem\",\"position\":1,\"name\":\"Home\",\"item\":\"https:\\\/\\\/emergingmanagers.ca\\\/\"},{\"@type\":\"ListItem\",\"position\":2,\"name\":\"Products\",\"item\":\"https:\\\/\\\/emergingmanagers.ca\\\/shop\\\/\"},{\"@type\":\"ListItem\",\"position\":3,\"name\":\"Journ\u00e9e de Formation 2017\"}]},{\"@type\":\"WebSite\",\"@id\":\"https:\\\/\\\/emergingmanagers.ca\\\/#website\",\"url\":\"https:\\\/\\\/emergingmanagers.ca\\\/\",\"name\":\"CGE-EMB\",\"description\":\"Conseil des Gestionnaires Emergents | Emerging Managers Board\",\"potentialAction\":[{\"@type\":\"SearchAction\",\"target\":{\"@type\":\"EntryPoint\",\"urlTemplate\":\"https:\\\/\\\/emergingmanagers.ca\\\/?s={search_term_string}\"},\"query-input\":{\"@type\":\"PropertyValueSpecification\",\"valueRequired\":true,\"valueName\":\"search_term_string\"}}],\"inLanguage\":\"fr-FR\"}]}<\/script>\n<!-- \/ Yoast SEO plugin. -->","yoast_head_json":{"title":"Journ\u00e9e de Formation 2017 - CGE-EMB","robots":{"index":"noindex","follow":"follow"},"og_locale":"fr_FR","og_type":"article","og_title":"Journ\u00e9e de Formation 2017 - CGE-EMB","og_description":"Comme l\u2019an dernier, le CGE organise au mois de d\u00e9cembre un \u00e9v\u00e9nement de formation pour ses membres. L\u2019objectif de l\u2019\u00e9v\u00e9nement est de donner aux firmes \u00e9mergentes de pr\u00e9cieux conseils sur divers sujets administratifs \/ conformit\u00e9 \/op\u00e9rationnels.  Date\u00a0:\u00a07 d\u00e9cembre  Heure:\u00a0 8h00  O\u00f9:\u00a0Dentons, 1 Place Ville-Marie, Montr\u00e9al  Co\u00fbt\u00a0:\u00a025 $  &nbsp;","og_url":"https:\/\/emergingmanagers.ca\/fr\/produit\/journee-de-formation-2017\/","og_site_name":"CGE-EMB","article_modified_time":"2018-01-08T18:50:32+00:00","schema":{"@context":"https:\/\/schema.org","@graph":[{"@type":"WebPage","@id":"https:\/\/emergingmanagers.ca\/fr\/produit\/journee-de-formation-2017\/","url":"https:\/\/emergingmanagers.ca\/fr\/produit\/journee-de-formation-2017\/","name":"Journ\u00e9e de Formation 2017 - CGE-EMB","isPartOf":{"@id":"https:\/\/emergingmanagers.ca\/#website"},"datePublished":"2017-11-06T14:25:50+00:00","dateModified":"2018-01-08T18:50:32+00:00","breadcrumb":{"@id":"https:\/\/emergingmanagers.ca\/fr\/produit\/journee-de-formation-2017\/#breadcrumb"},"inLanguage":"fr-FR","potentialAction":[{"@type":"ReadAction","target":["https:\/\/emergingmanagers.ca\/fr\/produit\/journee-de-formation-2017\/"]}]},{"@type":"BreadcrumbList","@id":"https:\/\/emergingmanagers.ca\/fr\/produit\/journee-de-formation-2017\/#breadcrumb","itemListElement":[{"@type":"ListItem","position":1,"name":"Home","item":"https:\/\/emergingmanagers.ca\/"},{"@type":"ListItem","position":2,"name":"Products","item":"https:\/\/emergingmanagers.ca\/shop\/"},{"@type":"ListItem","position":3,"name":"Journ\u00e9e de Formation 2017"}]},{"@type":"WebSite","@id":"https:\/\/emergingmanagers.ca\/#website","url":"https:\/\/emergingmanagers.ca\/","name":"CGE-EMB","description":"Conseil des Gestionnaires Emergents | Emerging Managers Board","potentialAction":[{"@type":"SearchAction","target":{"@type":"EntryPoint","urlTemplate":"https:\/\/emergingmanagers.ca\/?s={search_term_string}"},"query-input":{"@type":"PropertyValueSpecification","valueRequired":true,"valueName":"search_term_string"}}],"inLanguage":"fr-FR"}]}},"_links":{"self":[{"href":"https:\/\/emergingmanagers.ca\/fr\/wp-json\/wp\/v2\/product\/6517","targetHints":{"allow":["GET"]}}],"collection":[{"href":"https:\/\/emergingmanagers.ca\/fr\/wp-json\/wp\/v2\/product"}],"about":[{"href":"https:\/\/emergingmanagers.ca\/fr\/wp-json\/wp\/v2\/types\/product"}],"wp:attachment":[{"href":"https:\/\/emergingmanagers.ca\/fr\/wp-json\/wp\/v2\/media?parent=6517"}],"wp:term":[{"taxonomy":"product_brand","embeddable":true,"href":"https:\/\/emergingmanagers.ca\/fr\/wp-json\/wp\/v2\/product_brand?post=6517"},{"taxonomy":"product_cat","embeddable":true,"href":"https:\/\/emergingmanagers.ca\/fr\/wp-json\/wp\/v2\/product_cat?post=6517"},{"taxonomy":"product_tag","embeddable":true,"href":"https:\/\/emergingmanagers.ca\/fr\/wp-json\/wp\/v2\/product_tag?post=6517"}],"curies":[{"name":"wp","href":"https:\/\/api.w.org\/{rel}","templated":true}]}}