{"id":6422,"date":"2017-09-06T08:49:54","date_gmt":"2017-09-06T14:21:27","guid":{"rendered":"https:\/\/emergingmanagers.ca\/?post_type=product&#038;p=6422\/"},"modified":"2017-11-06T09:27:39","modified_gmt":"2017-11-06T14:57:39","slug":"cap-intro-2017-commanditaires","status":"publish","type":"product","link":"https:\/\/emergingmanagers.ca\/fr\/produit\/cap-intro-2017-commanditaires\/","title":{"rendered":"CAP INTRO 2017- commanditaires"},"content":{"rendered":"<p><span lang=\"FR-CA\">2017 \u00a0CGE- EMB Cap Intro<\/span><span lang=\"FR-CA\">.\u00a0<\/span><\/p>\n<h4><strong>Programme pr\u00e9liminaire:<\/strong><\/h4>\n<h4><strong>8 h 30 -9\u00a0h\u00a030 inscription et r\u00e9seautage<\/strong><\/h4>\n<h4><strong>D\u00e9jeuner continental<\/strong><\/h4>\n<h4><strong>9:30 \u201310\u00a0h\u00a030 Pr\u00e9sentation #1\u00a0:<\/strong><\/h4>\n<h4><strong>TBD<\/strong><\/h4>\n<h4><strong>10:45 \u201312\u00a0h\u00a015 1-on-1 Meetings\u00a0:<\/strong><\/h4>\n<h4><strong>Rencontres individuelles de 15 minutes entre allocateurs d\u2019actifs et gestionnaires \u00e9mergents.<\/strong><\/h4>\n<h4><strong>12:30 \u201313\u00a0h\u00a030 Diner et pr\u00e9sentation #2\u00a0:<\/strong><\/h4>\n<h4><strong>TBD<\/strong><\/h4>\n<p><strong><em>Merci \u00e0 nos commanditaires,<\/em><\/strong><\/p>\n<p><strong><em>Thanks to our sponsors&#8230;<\/em><\/strong><\/p>\n<div class=\"su-row\"><div class=\"su-column su-column-size-1-4\"><div class=\"su-column-inner su-u-clearfix su-u-trim\"><img loading=\"lazy\" decoding=\"async\" class=\"alignnone size-full wp-image-4803\" src=\"https:\/\/emergingmanagers.ca\/wp-content\/uploads\/2016\/06\/PWC_low_Fotor-e1466444506482.jpg\" alt=\"PWC_low_Fotor\" width=\"85\" height=\"64\" \/><\/div><\/div>\n<div class=\"su-column su-column-size-1-4\"><div class=\"su-column-inner su-u-clearfix su-u-trim\"> <img loading=\"lazy\" decoding=\"async\" class=\"alignnone size-full wp-image-4800\" src=\"https:\/\/emergingmanagers.ca\/wp-content\/uploads\/2016\/06\/dentons-low_Fotor-e1466084616650.jpg\" alt=\"dentons-low_Fotor\" width=\"85\" height=\"21\" \/><\/div><\/div>\n<div class=\"su-column su-column-size-1-4\"><div class=\"su-column-inner su-u-clearfix su-u-trim\"><img decoding=\"async\" src=\"https:\/\/emergingmanagers.ca\/wp-content\/uploads\/2017\/01\/inovestor_Fotor-low-e1484927276987.png\" \/><\/div><\/div>\n<div class=\"su-column su-column-size-1-4\"><div class=\"su-column-inner su-u-clearfix su-u-trim\"><img loading=\"lazy\" decoding=\"async\" class=\"alignnone size-full wp-image-4802\" src=\"https:\/\/emergingmanagers.ca\/wp-content\/uploads\/2016\/06\/Logo-Finance-Montreal_Fotor-e1466084677824.jpg\" alt=\"Logo - Finance Montreal_Fotor\" width=\"85\" height=\"58\" \/><\/div><\/div><\/div>\n<div class=\"su-row\"><div class=\"su-column su-column-size-1-4\"><div class=\"su-column-inner su-u-clearfix su-u-trim\"><img loading=\"lazy\" decoding=\"async\" class=\"alignnone wp-image-3480\" src=\"https:\/\/emergingmanagers.ca\/wp-content\/uploads\/2015\/02\/nbcn-new-logo-en.jpg\" alt=\"nbcn-new-logo-en\" width=\"114\" height=\"54\" \/><\/div><\/div>\n<div class=\"su-column su-column-size-1-4\"><div class=\"su-column-inner su-u-clearfix su-u-trim\"><img loading=\"lazy\" decoding=\"async\" class=\"alignnone size-full wp-image-4799\" src=\"https:\/\/emergingmanagers.ca\/wp-content\/uploads\/2016\/06\/iSharesR-BLK_Stacked_-Low_low-e1466444533169.jpg\" alt=\"iShares_Logo_140818\" width=\"85\" height=\"39\" \/><\/div><\/div>\n<div class=\"su-column su-column-size-1-4\"><div class=\"su-column-inner su-u-clearfix su-u-trim\"><img loading=\"lazy\" decoding=\"async\" class=\"alignnone wp-image-5039\" src=\"https:\/\/emergingmanagers.ca\/wp-content\/uploads\/2016\/08\/FaskenMartineau_fond-blanc_Couleur_low.jpg\" alt=\"FaskenMartineau_fond blanc_Couleur_low\" width=\"94\" height=\"20\" \/><\/div><\/div>\n<div class=\"su-column su-column-size-1-4\"><div class=\"su-column-inner su-u-clearfix su-u-trim\"><img loading=\"lazy\" decoding=\"async\" class=\"alignnone wp-image-5038\" src=\"https:\/\/emergingmanagers.ca\/wp-content\/uploads\/2016\/08\/NewITG_logo_circle_r_pref_blk_cmyk-150x150.jpg\" alt=\"NewITG_logo_circle_r_pref_blk_cmyk\" width=\"64\" height=\"64\" srcset=\"https:\/\/emergingmanagers.ca\/wp-content\/uploads\/2016\/08\/NewITG_logo_circle_r_pref_blk_cmyk-150x150.jpg 150w, https:\/\/emergingmanagers.ca\/wp-content\/uploads\/2016\/08\/NewITG_logo_circle_r_pref_blk_cmyk-100x100.jpg 100w\" sizes=\"(max-width: 64px) 100vw, 64px\" \/> <\/div><\/div><\/div>\n<div class=\"su-row\"><div class=\"su-column su-column-size-1-4\"><div class=\"su-column-inner su-u-clearfix su-u-trim\"><img loading=\"lazy\" decoding=\"async\" class=\"alignnone wp-image-5103\" src=\"https:\/\/emergingmanagers.ca\/wp-content\/uploads\/2016\/08\/Fundata-logo-PNG_Fotor-1-150x21.jpg\" alt=\"Fundata-logo-PNG_Fotor\" width=\"129\" height=\"18\" \/>\u00a0<\/div><\/div>\n<div class=\"su-column su-column-size-1-4\"><div class=\"su-column-inner su-u-clearfix su-u-trim\"><a href=\"https:\/\/emergingmanagers.ca\/kpmg_logostrap_lc_tm\/\"><img loading=\"lazy\" decoding=\"async\" class=\"aligncenter wp-image-6319\" src=\"https:\/\/emergingmanagers.ca\/wp-content\/uploads\/2017\/07\/KPMG_200x147-150x147.jpg\" alt=\"\" width=\"85\" height=\"83\" \/><\/div><\/div>\u00a0<\/a><div class=\"su-column su-column-size-1-4\"><div class=\"su-column-inner su-u-clearfix su-u-trim\"><a href=\"https:\/\/emergingmanagers.ca\/fr\/produit\/2017-cge-emb-cap-intro\/ib-logo_fotor\/\" rel=\"attachment wp-att-6455\"><img loading=\"lazy\" decoding=\"async\" class=\"aligncenter size-full wp-image-6455\" src=\"https:\/\/emergingmanagers.ca\/wp-content\/uploads\/2017\/06\/IB-Logo_Fotor.jpg\" alt=\"\" width=\"200\" height=\"49\" \/><\/a><\/div><\/div> <\/div>\n<p>&nbsp;<\/p>\n<p>&nbsp;<\/p>\n","protected":false},"excerpt":{"rendered":"<h4>Assister au\u00a0CAP INTRO 2017!<\/h4>\n<h4>Un \u00e9v\u00e9nement qui facilitera les liens entre les institutions, les investisseurs, et les principaux gestionnaires de fonds.<\/h4>\n<h4>De plus, le Cap Intro du CGE accueillera quelques conf\u00e9renciers et en plus de rencontre individuelle de type <em>One on one meeting<\/em>. Un moyen rapide et efficace de se faire connaitre par diff\u00e9rents allocateurs d\u2019actif.<\/h4>\n<h4>L&rsquo;\u00e9v\u00e9nement aura lieu \u00e0 la date, l&rsquo;heure et le lieu ci-dessous :<\/h4>\n<table class=\" cke_show_border\" border=\"0\" cellspacing=\"0\" cellpadding=\"0\" align=\"center\">\n<tbody>\n<tr>\n<td>\n<h4><strong>Quand :<\/strong><\/h4>\n<\/td>\n<td>\n<h4>\u00a0 \u00a0 Mercredi 27 septembre\u00a02017 de 8:30 \u00e0 14:00<\/h4>\n<\/td>\n<\/tr>\n<tr>\n<td>\n<h4><strong>O\u00f9 :<\/strong><\/h4>\n<\/td>\n<td>\n<h4><a href=\"https:\/\/www.google.ca\/maps\/place\/Saint+James+Club\/@45.5024289,-73.5686283,17z\/data=!3m1!4b1!4m5!3m4!1s0x4cc91a44cf067c89:0xd04678bab2576588!8m2!3d45.5024289!4d-73.5664343\" data-cke-saved-href=\"https:\/\/www.google.ca\/maps\/place\/Saint+James+Club\/@45.5024289,-73.5686283,17z\/data=!3m1!4b1!4m5!3m4!1s0x4cc91a44cf067c89:0xd04678bab2576588!8m2!3d45.5024289!4d-73.5664343\">Club Saint-James<\/a><\/h4>\n<h4>1145 avenue Union,\u00a0Montr\u00e9al (Qu\u00e9bec), \u00a0H3B 3C2<\/h4>\n<\/td>\n<\/tr>\n<\/tbody>\n<\/table>\n<h4 style=\"text-align: center;\"><span style=\"color: #3366ff;\"><em><strong>\u00a0Merci \u00e0 nos partenaires et au commanditaire de l&rsquo;\u00e9v\u00e9nement<\/strong><\/em><\/span><a href=\"https:\/\/emergingmanagers.ca\/fr\/produit\/2017-cge-emb-cap-intro\/collage_sponsors-juillet-2017-hr\/\" rel=\"attachment wp-att-6336\"><img loading=\"lazy\" decoding=\"async\" class=\"size-large wp-image-6336 alignleft\" src=\"https:\/\/emergingmanagers.ca\/wp-content\/uploads\/2017\/06\/Collage_sponsors-juillet-2017-HR-1-1024x796.jpg\" alt=\"\" width=\"474\" height=\"368\" srcset=\"https:\/\/emergingmanagers.ca\/wp-content\/uploads\/2017\/06\/Collage_sponsors-juillet-2017-HR-1-1024x796.jpg 1024w, https:\/\/emergingmanagers.ca\/wp-content\/uploads\/2017\/06\/Collage_sponsors-juillet-2017-HR-1-scaled-600x467.jpg 600w, https:\/\/emergingmanagers.ca\/wp-content\/uploads\/2017\/06\/Collage_sponsors-juillet-2017-HR-1-scaled-300x233.jpg 300w, https:\/\/emergingmanagers.ca\/wp-content\/uploads\/2017\/06\/Collage_sponsors-juillet-2017-HR-1-768x597.jpg 768w, https:\/\/emergingmanagers.ca\/wp-content\/uploads\/2017\/06\/Collage_sponsors-juillet-2017-HR-1-scaled-830x646.jpg 830w\" sizes=\"(max-width: 474px) 100vw, 474px\" \/><\/a><\/h4>\n<p><a href=\"https:\/\/emergingmanagers.ca\/fr\/produit\/cap-intro-2017-commanditaires\/ib-logo-1\/\" rel=\"attachment wp-att-6456\"><img loading=\"lazy\" decoding=\"async\" class=\"wp-image-6456 alignright\" src=\"https:\/\/emergingmanagers.ca\/wp-content\/uploads\/2017\/09\/IB-Logo-1-1024x255.jpg\" alt=\"\" width=\"322\" height=\"81\" srcset=\"https:\/\/emergingmanagers.ca\/wp-content\/uploads\/2017\/09\/IB-Logo-1-1024x255.jpg 1024w, https:\/\/emergingmanagers.ca\/wp-content\/uploads\/2017\/09\/IB-Logo-1-600x149.jpg 600w, https:\/\/emergingmanagers.ca\/wp-content\/uploads\/2017\/09\/IB-Logo-1-300x75.jpg 300w, https:\/\/emergingmanagers.ca\/wp-content\/uploads\/2017\/09\/IB-Logo-1-768x191.jpg 768w, https:\/\/emergingmanagers.ca\/wp-content\/uploads\/2017\/09\/IB-Logo-1-830x206.jpg 830w, https:\/\/emergingmanagers.ca\/wp-content\/uploads\/2017\/09\/IB-Logo-1.jpg 1512w\" sizes=\"(max-width: 322px) 100vw, 322px\" \/><\/a><\/p>\n<p>&nbsp;<\/p>\n<p>&nbsp;<\/p>\n<p>&nbsp;<\/p>\n<p>&nbsp;<\/p>\n<p>&nbsp;<\/p>\n<p>&nbsp;<\/p>\n<p>&nbsp;<\/p>\n<p>&nbsp;<\/p>\n<p>&nbsp;<\/p>\n<p>&nbsp;<\/p>\n<p>Veuillez confirmer votre pr\u00e9sence\u00a0en s\u00e9lectionnant le lien suivant:<\/p>\n","protected":false},"featured_media":0,"template":"","meta":{"_acf_changed":false,"_et_pb_use_builder":"","_et_pb_old_content":"","_et_gb_content_width":"","_monsterinsights_skip_tracking":false,"_monsterinsights_sitenote_active":false,"_monsterinsights_sitenote_note":"","_monsterinsights_sitenote_category":0},"product_brand":[],"product_cat":[209],"product_tag":[],"class_list":{"0":"post-6422","1":"product","2":"type-product","3":"status-publish","5":"product_cat-uncategorized","7":"first","8":"instock","9":"sold-individually","10":"taxable","11":"shipping-taxable","12":"purchasable","13":"product-type-simple"},"acf":[],"yoast_head":"<!-- This site is optimized with the Yoast SEO plugin v27.2 - https:\/\/yoast.com\/product\/yoast-seo-wordpress\/ -->\n<title>CAP INTRO 2017- commanditaires - CGE-EMB<\/title>\n<meta name=\"robots\" content=\"noindex, follow\" \/>\n<meta property=\"og:locale\" content=\"fr_FR\" \/>\n<meta property=\"og:type\" content=\"article\" \/>\n<meta property=\"og:title\" content=\"CAP INTRO 2017- commanditaires - CGE-EMB\" \/>\n<meta property=\"og:description\" content=\"Assister au\u00a0CAP INTRO 2017! Un \u00e9v\u00e9nement qui facilitera les liens entre les institutions, les investisseurs, et les principaux gestionnaires de fonds. De plus, le Cap Intro du CGE accueillera quelques conf\u00e9renciers et en plus de rencontre individuelle de type One on one meeting. Un moyen rapide et efficace de se faire connaitre par diff\u00e9rents allocateurs d\u2019actif. L&#039;\u00e9v\u00e9nement aura lieu \u00e0 la date, l&#039;heure et le lieu ci-dessous :     Quand :   \u00a0 \u00a0 Mercredi 27 septembre\u00a02017 de 8:30 \u00e0 14:00     O\u00f9 :   Club Saint-James 1145 avenue Union,\u00a0Montr\u00e9al (Qu\u00e9bec), \u00a0H3B 3C2     \u00a0Merci \u00e0 nos partenaires et au commanditaire de l&#039;\u00e9v\u00e9nement   &nbsp;  &nbsp;  &nbsp;  &nbsp;  &nbsp;  &nbsp;  &nbsp;  &nbsp;  &nbsp;  &nbsp;  Veuillez confirmer votre pr\u00e9sence\u00a0en s\u00e9lectionnant le lien suivant:\" \/>\n<meta property=\"og:url\" content=\"https:\/\/emergingmanagers.ca\/fr\/produit\/cap-intro-2017-commanditaires\/\" \/>\n<meta property=\"og:site_name\" content=\"CGE-EMB\" \/>\n<meta property=\"article:modified_time\" content=\"2017-11-06T14:57:39+00:00\" \/>\n<meta property=\"og:image\" content=\"https:\/\/emergingmanagers.ca\/wp-content\/uploads\/2016\/06\/PWC_low_Fotor-e1466444506482.jpg\" \/>\n<meta name=\"twitter:label1\" content=\"Dur\u00e9e de lecture estim\u00e9e\" \/>\n\t<meta name=\"twitter:data1\" content=\"1 minute\" \/>\n<script type=\"application\/ld+json\" class=\"yoast-schema-graph\">{\"@context\":\"https:\/\/schema.org\",\"@graph\":[{\"@type\":\"WebPage\",\"@id\":\"https:\/\/emergingmanagers.ca\/fr\/produit\/cap-intro-2017-commanditaires\/\",\"url\":\"https:\/\/emergingmanagers.ca\/fr\/produit\/cap-intro-2017-commanditaires\/\",\"name\":\"CAP INTRO 2017- commanditaires - CGE-EMB\",\"isPartOf\":{\"@id\":\"https:\/\/emergingmanagers.ca\/#website\"},\"primaryImageOfPage\":{\"@id\":\"https:\/\/emergingmanagers.ca\/fr\/produit\/cap-intro-2017-commanditaires\/#primaryimage\"},\"image\":{\"@id\":\"https:\/\/emergingmanagers.ca\/fr\/produit\/cap-intro-2017-commanditaires\/#primaryimage\"},\"thumbnailUrl\":\"https:\/\/emergingmanagers.ca\/wp-content\/uploads\/2016\/06\/PWC_low_Fotor-e1466444506482.jpg\",\"datePublished\":\"2017-09-06T14:21:27+00:00\",\"dateModified\":\"2017-11-06T14:57:39+00:00\",\"breadcrumb\":{\"@id\":\"https:\/\/emergingmanagers.ca\/fr\/produit\/cap-intro-2017-commanditaires\/#breadcrumb\"},\"inLanguage\":\"fr-FR\",\"potentialAction\":[{\"@type\":\"ReadAction\",\"target\":[\"https:\/\/emergingmanagers.ca\/fr\/produit\/cap-intro-2017-commanditaires\/\"]}]},{\"@type\":\"ImageObject\",\"inLanguage\":\"fr-FR\",\"@id\":\"https:\/\/emergingmanagers.ca\/fr\/produit\/cap-intro-2017-commanditaires\/#primaryimage\",\"url\":\"https:\/\/emergingmanagers.ca\/wp-content\/uploads\/2016\/06\/PWC_low_Fotor-e1466444506482.jpg\",\"contentUrl\":\"https:\/\/emergingmanagers.ca\/wp-content\/uploads\/2016\/06\/PWC_low_Fotor-e1466444506482.jpg\"},{\"@type\":\"BreadcrumbList\",\"@id\":\"https:\/\/emergingmanagers.ca\/fr\/produit\/cap-intro-2017-commanditaires\/#breadcrumb\",\"itemListElement\":[{\"@type\":\"ListItem\",\"position\":1,\"name\":\"Home\",\"item\":\"https:\/\/emergingmanagers.ca\/\"},{\"@type\":\"ListItem\",\"position\":2,\"name\":\"Products\",\"item\":\"https:\/\/emergingmanagers.ca\/shop\/\"},{\"@type\":\"ListItem\",\"position\":3,\"name\":\"CAP INTRO 2017- commanditaires\"}]},{\"@type\":\"WebSite\",\"@id\":\"https:\/\/emergingmanagers.ca\/#website\",\"url\":\"https:\/\/emergingmanagers.ca\/\",\"name\":\"CGE-EMB\",\"description\":\"Conseil des Gestionnaires Emergents | Emerging Managers Board\",\"potentialAction\":[{\"@type\":\"SearchAction\",\"target\":{\"@type\":\"EntryPoint\",\"urlTemplate\":\"https:\/\/emergingmanagers.ca\/?s={search_term_string}\"},\"query-input\":{\"@type\":\"PropertyValueSpecification\",\"valueRequired\":true,\"valueName\":\"search_term_string\"}}],\"inLanguage\":\"fr-FR\"}]}<\/script>\n<!-- \/ Yoast SEO plugin. -->","yoast_head_json":{"title":"CAP INTRO 2017- commanditaires - CGE-EMB","robots":{"index":"noindex","follow":"follow"},"og_locale":"fr_FR","og_type":"article","og_title":"CAP INTRO 2017- commanditaires - CGE-EMB","og_description":"Assister au\u00a0CAP INTRO 2017! Un \u00e9v\u00e9nement qui facilitera les liens entre les institutions, les investisseurs, et les principaux gestionnaires de fonds. De plus, le Cap Intro du CGE accueillera quelques conf\u00e9renciers et en plus de rencontre individuelle de type One on one meeting. Un moyen rapide et efficace de se faire connaitre par diff\u00e9rents allocateurs d\u2019actif. L'\u00e9v\u00e9nement aura lieu \u00e0 la date, l'heure et le lieu ci-dessous :     Quand :   \u00a0 \u00a0 Mercredi 27 septembre\u00a02017 de 8:30 \u00e0 14:00     O\u00f9 :   Club Saint-James 1145 avenue Union,\u00a0Montr\u00e9al (Qu\u00e9bec), \u00a0H3B 3C2     \u00a0Merci \u00e0 nos partenaires et au commanditaire de l'\u00e9v\u00e9nement   &nbsp;  &nbsp;  &nbsp;  &nbsp;  &nbsp;  &nbsp;  &nbsp;  &nbsp;  &nbsp;  &nbsp;  Veuillez confirmer votre pr\u00e9sence\u00a0en s\u00e9lectionnant le lien suivant:","og_url":"https:\/\/emergingmanagers.ca\/fr\/produit\/cap-intro-2017-commanditaires\/","og_site_name":"CGE-EMB","article_modified_time":"2017-11-06T14:57:39+00:00","og_image":[{"url":"https:\/\/emergingmanagers.ca\/wp-content\/uploads\/2016\/06\/PWC_low_Fotor-e1466444506482.jpg","type":"","width":"","height":""}],"twitter_misc":{"Dur\u00e9e de lecture estim\u00e9e":"1 minute"},"schema":{"@context":"https:\/\/schema.org","@graph":[{"@type":"WebPage","@id":"https:\/\/emergingmanagers.ca\/fr\/produit\/cap-intro-2017-commanditaires\/","url":"https:\/\/emergingmanagers.ca\/fr\/produit\/cap-intro-2017-commanditaires\/","name":"CAP INTRO 2017- commanditaires - CGE-EMB","isPartOf":{"@id":"https:\/\/emergingmanagers.ca\/#website"},"primaryImageOfPage":{"@id":"https:\/\/emergingmanagers.ca\/fr\/produit\/cap-intro-2017-commanditaires\/#primaryimage"},"image":{"@id":"https:\/\/emergingmanagers.ca\/fr\/produit\/cap-intro-2017-commanditaires\/#primaryimage"},"thumbnailUrl":"https:\/\/emergingmanagers.ca\/wp-content\/uploads\/2016\/06\/PWC_low_Fotor-e1466444506482.jpg","datePublished":"2017-09-06T14:21:27+00:00","dateModified":"2017-11-06T14:57:39+00:00","breadcrumb":{"@id":"https:\/\/emergingmanagers.ca\/fr\/produit\/cap-intro-2017-commanditaires\/#breadcrumb"},"inLanguage":"fr-FR","potentialAction":[{"@type":"ReadAction","target":["https:\/\/emergingmanagers.ca\/fr\/produit\/cap-intro-2017-commanditaires\/"]}]},{"@type":"ImageObject","inLanguage":"fr-FR","@id":"https:\/\/emergingmanagers.ca\/fr\/produit\/cap-intro-2017-commanditaires\/#primaryimage","url":"https:\/\/emergingmanagers.ca\/wp-content\/uploads\/2016\/06\/PWC_low_Fotor-e1466444506482.jpg","contentUrl":"https:\/\/emergingmanagers.ca\/wp-content\/uploads\/2016\/06\/PWC_low_Fotor-e1466444506482.jpg"},{"@type":"BreadcrumbList","@id":"https:\/\/emergingmanagers.ca\/fr\/produit\/cap-intro-2017-commanditaires\/#breadcrumb","itemListElement":[{"@type":"ListItem","position":1,"name":"Home","item":"https:\/\/emergingmanagers.ca\/"},{"@type":"ListItem","position":2,"name":"Products","item":"https:\/\/emergingmanagers.ca\/shop\/"},{"@type":"ListItem","position":3,"name":"CAP INTRO 2017- commanditaires"}]},{"@type":"WebSite","@id":"https:\/\/emergingmanagers.ca\/#website","url":"https:\/\/emergingmanagers.ca\/","name":"CGE-EMB","description":"Conseil des Gestionnaires Emergents | Emerging Managers Board","potentialAction":[{"@type":"SearchAction","target":{"@type":"EntryPoint","urlTemplate":"https:\/\/emergingmanagers.ca\/?s={search_term_string}"},"query-input":{"@type":"PropertyValueSpecification","valueRequired":true,"valueName":"search_term_string"}}],"inLanguage":"fr-FR"}]}},"_links":{"self":[{"href":"https:\/\/emergingmanagers.ca\/fr\/wp-json\/wp\/v2\/product\/6422","targetHints":{"allow":["GET"]}}],"collection":[{"href":"https:\/\/emergingmanagers.ca\/fr\/wp-json\/wp\/v2\/product"}],"about":[{"href":"https:\/\/emergingmanagers.ca\/fr\/wp-json\/wp\/v2\/types\/product"}],"wp:attachment":[{"href":"https:\/\/emergingmanagers.ca\/fr\/wp-json\/wp\/v2\/media?parent=6422"}],"wp:term":[{"taxonomy":"product_brand","embeddable":true,"href":"https:\/\/emergingmanagers.ca\/fr\/wp-json\/wp\/v2\/product_brand?post=6422"},{"taxonomy":"product_cat","embeddable":true,"href":"https:\/\/emergingmanagers.ca\/fr\/wp-json\/wp\/v2\/product_cat?post=6422"},{"taxonomy":"product_tag","embeddable":true,"href":"https:\/\/emergingmanagers.ca\/fr\/wp-json\/wp\/v2\/product_tag?post=6422"}],"curies":[{"name":"wp","href":"https:\/\/api.w.org\/{rel}","templated":true}]}}