{"id":6214,"date":"2017-05-16T09:30:06","date_gmt":"2017-05-16T15:01:18","guid":{"rendered":"https:\/\/emergingmanagers.ca\/?post_type=product&#038;p=6214\/"},"modified":"2017-09-28T11:08:28","modified_gmt":"2017-09-28T16:38:28","slug":"bbq-aima-cge-emb","status":"publish","type":"product","link":"https:\/\/emergingmanagers.ca\/fr\/produit\/bbq-aima-cge-emb\/","title":{"rendered":"BBQ AIMA &#038; CGE-EMB"},"content":{"rendered":"<p>R\u00e9server la date!<\/p>\n<p>L\u2019\u00e9v\u00e9nement aura lieu \u00e0 la date, \u00a0le lieu ci-dessous :<\/p>\n<div align=\"center\">\n<table class=\"ecxMsoNormalTable\" border=\"0\" cellspacing=\"0\" cellpadding=\"0\">\n<tbody>\n<tr>\n<td width=\"160\">\n<p class=\"ecxMsoNormal\"><strong>Quand :<\/strong><\/p>\n<\/td>\n<td width=\"300\">\n<p class=\"ecxMsoNormal\">23 ao\u00fbt 2017<\/p>\n<p class=\"ecxMsoNormal\">\u00e0 partir de 16h<\/p>\n<\/td>\n<\/tr>\n<tr>\n<td width=\"160\">\n<p class=\"ecxMsoNormal\"><strong>O\u00f9 :<\/strong><\/p>\n<\/td>\n<td width=\"300\">Pavillon de la Jama\u00efque<\/p>\n<p>Parc Jean Drapeau<\/td>\n<\/tr>\n<\/tbody>\n<\/table>\n<\/div>\n<div><\/div>\n<div><\/div>\n<div><a href=\"https:\/\/www.aima.org\/event\/montreal-summer-social-2017.html\">S&rsquo;inscrire ici<\/a><\/div>\n<div><\/div>\n","protected":false},"excerpt":{"rendered":"<p>R\u00e9server la date! L\u2019\u00e9v\u00e9nement aura lieu \u00e0 la date, \u00a0le lieu ci-dessous : Quand : 23 ao\u00fbt 2017 \u00e0 partir de 16h O\u00f9 : Pavillon de la Jama\u00efque Parc Jean [&hellip;]<\/p>\n","protected":false},"featured_media":0,"template":"","meta":{"_acf_changed":false,"_et_pb_use_builder":"","_et_pb_old_content":"","_et_gb_content_width":"","_monsterinsights_skip_tracking":false,"_monsterinsights_sitenote_active":false,"_monsterinsights_sitenote_note":"","_monsterinsights_sitenote_category":0},"product_brand":[],"product_cat":[209],"product_tag":[],"class_list":{"0":"post-6214","1":"product","2":"type-product","3":"status-publish","5":"product_cat-uncategorized","7":"first","8":"instock","9":"sold-individually","10":"taxable","11":"shipping-taxable","12":"product-type-simple"},"acf":[],"yoast_head":"<!-- This site is optimized with the Yoast SEO plugin v27.2 - https:\/\/yoast.com\/product\/yoast-seo-wordpress\/ -->\n<title>BBQ AIMA &amp; CGE-EMB - CGE-EMB<\/title>\n<meta name=\"robots\" content=\"noindex, follow\" \/>\n<meta property=\"og:locale\" content=\"fr_FR\" \/>\n<meta property=\"og:type\" content=\"article\" \/>\n<meta property=\"og:title\" content=\"BBQ AIMA &amp; CGE-EMB - CGE-EMB\" \/>\n<meta property=\"og:description\" content=\"R\u00e9server la date! L\u2019\u00e9v\u00e9nement aura lieu \u00e0 la date, \u00a0le lieu ci-dessous : Quand : 23 ao\u00fbt 2017 \u00e0 partir de 16h O\u00f9 : Pavillon de la Jama\u00efque Parc Jean [&hellip;]\" \/>\n<meta property=\"og:url\" content=\"https:\/\/emergingmanagers.ca\/fr\/produit\/bbq-aima-cge-emb\/\" \/>\n<meta property=\"og:site_name\" content=\"CGE-EMB\" \/>\n<meta property=\"article:modified_time\" content=\"2017-09-28T16:38:28+00:00\" \/>\n<script type=\"application\/ld+json\" class=\"yoast-schema-graph\">{\"@context\":\"https:\/\/schema.org\",\"@graph\":[{\"@type\":\"WebPage\",\"@id\":\"https:\/\/emergingmanagers.ca\/fr\/produit\/bbq-aima-cge-emb\/\",\"url\":\"https:\/\/emergingmanagers.ca\/fr\/produit\/bbq-aima-cge-emb\/\",\"name\":\"BBQ AIMA & CGE-EMB - CGE-EMB\",\"isPartOf\":{\"@id\":\"https:\/\/emergingmanagers.ca\/#website\"},\"datePublished\":\"2017-05-16T15:01:18+00:00\",\"dateModified\":\"2017-09-28T16:38:28+00:00\",\"breadcrumb\":{\"@id\":\"https:\/\/emergingmanagers.ca\/fr\/produit\/bbq-aima-cge-emb\/#breadcrumb\"},\"inLanguage\":\"fr-FR\",\"potentialAction\":[{\"@type\":\"ReadAction\",\"target\":[\"https:\/\/emergingmanagers.ca\/fr\/produit\/bbq-aima-cge-emb\/\"]}]},{\"@type\":\"BreadcrumbList\",\"@id\":\"https:\/\/emergingmanagers.ca\/fr\/produit\/bbq-aima-cge-emb\/#breadcrumb\",\"itemListElement\":[{\"@type\":\"ListItem\",\"position\":1,\"name\":\"Home\",\"item\":\"https:\/\/emergingmanagers.ca\/\"},{\"@type\":\"ListItem\",\"position\":2,\"name\":\"Products\",\"item\":\"https:\/\/emergingmanagers.ca\/shop\/\"},{\"@type\":\"ListItem\",\"position\":3,\"name\":\"BBQ AIMA &#038; CGE-EMB\"}]},{\"@type\":\"WebSite\",\"@id\":\"https:\/\/emergingmanagers.ca\/#website\",\"url\":\"https:\/\/emergingmanagers.ca\/\",\"name\":\"CGE-EMB\",\"description\":\"Conseil des Gestionnaires Emergents | Emerging Managers Board\",\"potentialAction\":[{\"@type\":\"SearchAction\",\"target\":{\"@type\":\"EntryPoint\",\"urlTemplate\":\"https:\/\/emergingmanagers.ca\/?s={search_term_string}\"},\"query-input\":{\"@type\":\"PropertyValueSpecification\",\"valueRequired\":true,\"valueName\":\"search_term_string\"}}],\"inLanguage\":\"fr-FR\"}]}<\/script>\n<!-- \/ Yoast SEO plugin. -->","yoast_head_json":{"title":"BBQ AIMA & CGE-EMB - CGE-EMB","robots":{"index":"noindex","follow":"follow"},"og_locale":"fr_FR","og_type":"article","og_title":"BBQ AIMA & CGE-EMB - CGE-EMB","og_description":"R\u00e9server la date! L\u2019\u00e9v\u00e9nement aura lieu \u00e0 la date, \u00a0le lieu ci-dessous : Quand : 23 ao\u00fbt 2017 \u00e0 partir de 16h O\u00f9 : Pavillon de la Jama\u00efque Parc Jean [&hellip;]","og_url":"https:\/\/emergingmanagers.ca\/fr\/produit\/bbq-aima-cge-emb\/","og_site_name":"CGE-EMB","article_modified_time":"2017-09-28T16:38:28+00:00","schema":{"@context":"https:\/\/schema.org","@graph":[{"@type":"WebPage","@id":"https:\/\/emergingmanagers.ca\/fr\/produit\/bbq-aima-cge-emb\/","url":"https:\/\/emergingmanagers.ca\/fr\/produit\/bbq-aima-cge-emb\/","name":"BBQ AIMA & CGE-EMB - CGE-EMB","isPartOf":{"@id":"https:\/\/emergingmanagers.ca\/#website"},"datePublished":"2017-05-16T15:01:18+00:00","dateModified":"2017-09-28T16:38:28+00:00","breadcrumb":{"@id":"https:\/\/emergingmanagers.ca\/fr\/produit\/bbq-aima-cge-emb\/#breadcrumb"},"inLanguage":"fr-FR","potentialAction":[{"@type":"ReadAction","target":["https:\/\/emergingmanagers.ca\/fr\/produit\/bbq-aima-cge-emb\/"]}]},{"@type":"BreadcrumbList","@id":"https:\/\/emergingmanagers.ca\/fr\/produit\/bbq-aima-cge-emb\/#breadcrumb","itemListElement":[{"@type":"ListItem","position":1,"name":"Home","item":"https:\/\/emergingmanagers.ca\/"},{"@type":"ListItem","position":2,"name":"Products","item":"https:\/\/emergingmanagers.ca\/shop\/"},{"@type":"ListItem","position":3,"name":"BBQ AIMA &#038; CGE-EMB"}]},{"@type":"WebSite","@id":"https:\/\/emergingmanagers.ca\/#website","url":"https:\/\/emergingmanagers.ca\/","name":"CGE-EMB","description":"Conseil des Gestionnaires Emergents | Emerging Managers Board","potentialAction":[{"@type":"SearchAction","target":{"@type":"EntryPoint","urlTemplate":"https:\/\/emergingmanagers.ca\/?s={search_term_string}"},"query-input":{"@type":"PropertyValueSpecification","valueRequired":true,"valueName":"search_term_string"}}],"inLanguage":"fr-FR"}]}},"_links":{"self":[{"href":"https:\/\/emergingmanagers.ca\/fr\/wp-json\/wp\/v2\/product\/6214","targetHints":{"allow":["GET"]}}],"collection":[{"href":"https:\/\/emergingmanagers.ca\/fr\/wp-json\/wp\/v2\/product"}],"about":[{"href":"https:\/\/emergingmanagers.ca\/fr\/wp-json\/wp\/v2\/types\/product"}],"wp:attachment":[{"href":"https:\/\/emergingmanagers.ca\/fr\/wp-json\/wp\/v2\/media?parent=6214"}],"wp:term":[{"taxonomy":"product_brand","embeddable":true,"href":"https:\/\/emergingmanagers.ca\/fr\/wp-json\/wp\/v2\/product_brand?post=6214"},{"taxonomy":"product_cat","embeddable":true,"href":"https:\/\/emergingmanagers.ca\/fr\/wp-json\/wp\/v2\/product_cat?post=6214"},{"taxonomy":"product_tag","embeddable":true,"href":"https:\/\/emergingmanagers.ca\/fr\/wp-json\/wp\/v2\/product_tag?post=6214"}],"curies":[{"name":"wp","href":"https:\/\/api.w.org\/{rel}","templated":true}]}}