{"id":5413,"date":"2016-12-15T16:21:39","date_gmt":"2016-12-15T21:52:47","guid":{"rendered":"https:\/\/emergingmanagers.ca\/?post_type=product&#038;p=5413\/"},"modified":"2017-01-11T15:09:57","modified_gmt":"2017-01-11T20:39:57","slug":"lancement-des-indices","status":"publish","type":"product","link":"https:\/\/emergingmanagers.ca\/fr\/produit\/lancement-des-indices\/","title":{"rendered":"Lancement des indices"},"content":{"rendered":"<p>Vous \u00eates invit\u00e9s au lancement officiel des Indices CGE qui aura lieu le Jeudi 19 Janvier 2017 de 17h \u00e0 19h au 39\u00e8me \u00e9tage, 1 Place Ville-Marie (\u00e9tage Dentons). Ne loupez pas la pr\u00e9sentation des premiers indices d\u00e9di\u00e9s aux gestionnaires d\u2019actifs \u00e9mergents !<\/p>\n<p><strong>Au programme :<\/strong><\/p>\n<p><strong>1. Objectifs des indices CGE<\/strong><\/p>\n<p><strong>2. M\u00e9thodologie de construction des indices CGE<\/strong><\/p>\n<p><strong>3. Publications mensuelles des indices CGE<\/strong><\/p>\n<p>************<\/p>\n<p>We are pleased to invite you to the launch of the EMB Indices that will take place on Thursday January, 19th, 2017 from 5 to 7pm, on the 39th floor, 1 Place Ville-Marie (Dentons\u2019 floor). Do not miss the launch of the first indices dedicated to emerging asset managers !<\/p>\n<p>Agenda :<\/p>\n<p>1. EMB indices\u2019 main objectives<\/p>\n<p>2. Methodology of the EMB indices<\/p>\n<p>3. Monthly updates of the EMB indices<\/p>\n<p>&nbsp;<\/p>\n","protected":false},"excerpt":{"rendered":"<p>Vous \u00eates invit\u00e9s au lancement officiel des Indices CGE.<\/p>\n<p>Ne loupez pas la pr\u00e9sentation des premiers indices d\u00e9di\u00e9s aux gestionnaires d\u2019actifs \u00e9mergents !<\/p>\n<p class=\"p1\"><strong>QUAND:<\/strong><\/p>\n<p class=\"p1\">Jeudi 19 Janvier 2017 de 17h \u00e0 19h<\/p>\n<p class=\"p1\"><strong>O\u00d9:<\/strong><\/p>\n<p class=\"p1\"><strong>Dentons<\/strong>, 39\u00e8me \u00e9tage, 1 Place Ville-Marie, Montr\u00e9al,\u00a0QC, H3B 4M7<\/p>\n<p><strong><em>Merci \u00e0 nos partenaires et commanditaires,<br \/>\nThanks to our partners and sponsors&#8230;<\/em><\/strong><\/p>\n<div class=\"su-row\"><div class=\"su-column su-column-size-1-4\"><div class=\"su-column-inner su-u-clearfix su-u-trim\"><a href=\"https:\/\/emergingmanagers.ca\/product\/index-launch\/fondactioncoul\/\" rel=\"attachment wp-att-5545\"><img loading=\"lazy\" decoding=\"async\" class=\"alignnone wp-image-5545\" src=\"https:\/\/emergingmanagers.ca\/wp-content\/uploads\/2016\/12\/FondactionCoul300dpi-300x77.jpg\" alt=\"\" width=\"249\" height=\"64\" \/><\/a><\/div><\/div><\/p>\n<p><div class=\"su-row\"><\/div><div class=\"su-column su-column-size-1-4\"><div class=\"su-column-inner su-u-clearfix su-u-trim\"><a href=\"https:\/\/emergingmanagers.ca\/?attachment_id=5441\" rel=\"attachment wp-att-5441\"><img loading=\"lazy\" decoding=\"async\" class=\"alignnone wp-image-5441\" src=\"https:\/\/emergingmanagers.ca\/wp-content\/uploads\/2016\/12\/IFSID_medaillon-2_PETIT-150x133.jpg\" alt=\"ifsid_medaillon-2_petit\" width=\"123\" height=\"109\" \/><\/a><\/div><\/div><\/p>\n<p><div class=\"su-row\"><\/div><div class=\"su-column su-column-size-1-4\"><div class=\"su-column-inner su-u-clearfix su-u-trim\"><a href=\"https:\/\/emergingmanagers.ca\/product\/index-launch\/batirente_regime\/\" rel=\"attachment wp-att-5553\"><img loading=\"lazy\" decoding=\"async\" class=\"alignnone size-medium wp-image-5553\" src=\"https:\/\/emergingmanagers.ca\/wp-content\/uploads\/2016\/12\/batirente_regime-300x79.jpg\" alt=\"\" width=\"300\" height=\"79\" srcset=\"https:\/\/emergingmanagers.ca\/wp-content\/uploads\/2016\/12\/batirente_regime-300x79.jpg 300w, https:\/\/emergingmanagers.ca\/wp-content\/uploads\/2016\/12\/batirente_regime-600x159.jpg 600w, https:\/\/emergingmanagers.ca\/wp-content\/uploads\/2016\/12\/batirente_regime.jpg 612w\" sizes=\"(max-width: 300px) 100vw, 300px\" \/><\/a><\/div><\/div><\/p>\n<p><div class=\"su-row\"><\/div><div class=\"su-column su-column-size-1-4\"><div class=\"su-column-inner su-u-clearfix su-u-trim\"><img loading=\"lazy\" decoding=\"async\" class=\"alignnone size-full wp-image-4803\" src=\"https:\/\/emergingmanagers.ca\/wp-content\/uploads\/2016\/06\/PWC_low_Fotor-e1466444506482.jpg\" alt=\"PWC_low_Fotor\" width=\"85\" height=\"64\" \/><\/div><\/div><\/p>\n<p><div class=\"su-column su-column-size-1-4\"><div class=\"su-column-inner su-u-clearfix su-u-trim\"> <img loading=\"lazy\" decoding=\"async\" class=\"alignnone size-full wp-image-4800\" src=\"https:\/\/emergingmanagers.ca\/wp-content\/uploads\/2016\/06\/dentons-low_Fotor-e1466084616650.jpg\" alt=\"dentons-low_Fotor\" width=\"85\" height=\"21\" \/><\/div><\/div><\/p>\n<p><div class=\"su-column su-column-size-1-4\"><div class=\"su-column-inner su-u-clearfix su-u-trim\"><img loading=\"lazy\" decoding=\"async\" class=\"alignnone size-full wp-image-4801\" src=\"https:\/\/emergingmanagers.ca\/wp-content\/uploads\/2016\/06\/Bloomberg-Logo_low_Fotor-e1466084535231.jpg\" alt=\"Bloomberg Logo 2\" width=\"85\" height=\"56\" \/><\/div><\/div><\/p>\n<p><div class=\"su-column su-column-size-1-4\"><div class=\"su-column-inner su-u-clearfix su-u-trim\"><img loading=\"lazy\" decoding=\"async\" class=\"alignnone size-full wp-image-4802\" src=\"https:\/\/emergingmanagers.ca\/wp-content\/uploads\/2016\/06\/Logo-Finance-Montreal_Fotor-e1466084677824.jpg\" alt=\"Logo - Finance Montreal_Fotor\" width=\"85\" height=\"58\" \/><\/div><\/div><\/div>\n<div class=\"su-row\"><div class=\"su-column su-column-size-1-4\"><div class=\"su-column-inner su-u-clearfix su-u-trim\"><img decoding=\"async\" class=\"alignnone size-full wp-image-3480\" src=\"\/\/emergingmanagers.ca\/wp-content\/uploads\/2015\/02\/nbcn-new-logo-en.jpg\" alt=\"nbcn-new-logo-en\" \/><\/div><\/div><\/p>\n<p><div class=\"su-column su-column-size-1-4\"><div class=\"su-column-inner su-u-clearfix su-u-trim\"><img loading=\"lazy\" decoding=\"async\" class=\"alignnone size-full wp-image-4799\" src=\"https:\/\/emergingmanagers.ca\/wp-content\/uploads\/2016\/06\/iSharesR-BLK_Stacked_-Low_low-e1466444533169.jpg\" alt=\"iShares_Logo_140818\" width=\"85\" height=\"39\" \/><\/div><\/div><\/p>\n<p><div class=\"su-column su-column-size-1-4\"><div class=\"su-column-inner su-u-clearfix su-u-trim\"><a href=\"https:\/\/emergingmanagers.ca\/product\/cge-emb-ontario-launch\/faskenmartineau_fond-blanc_couleur_200\/\" rel=\"attachment wp-att-5181\"><img loading=\"lazy\" decoding=\"async\" class=\"alignnone size-full wp-image-5181\" src=\"https:\/\/emergingmanagers.ca\/wp-content\/uploads\/2016\/09\/FaskenMartineau_fond-blanc_Couleur_200.jpg\" alt=\"\" width=\"200\" height=\"43\" \/><\/a><\/div><\/div><br \/>\n<div class=\"su-column su-column-size-1-4\"><div class=\"su-column-inner su-u-clearfix su-u-trim\"><img loading=\"lazy\" decoding=\"async\" class=\"alignnone wp-image-5038\" src=\"https:\/\/emergingmanagers.ca\/wp-content\/uploads\/2016\/08\/NewITG_logo_circle_r_pref_blk_cmyk-150x150.jpg\" alt=\"NewITG_logo_circle_r_pref_blk_cmyk\" width=\"78\" height=\"78\" srcset=\"https:\/\/emergingmanagers.ca\/wp-content\/uploads\/2016\/08\/NewITG_logo_circle_r_pref_blk_cmyk-150x150.jpg 150w, https:\/\/emergingmanagers.ca\/wp-content\/uploads\/2016\/08\/NewITG_logo_circle_r_pref_blk_cmyk-100x100.jpg 100w\" sizes=\"(max-width: 78px) 100vw, 78px\" \/> <\/div><\/div><\/div>\n<div class=\"su-row\"><div class=\"su-column su-column-size-1-4\"><div class=\"su-column-inner su-u-clearfix su-u-trim\"><img loading=\"lazy\" decoding=\"async\" class=\"alignnone size-thumbnail wp-image-5101\" src=\"https:\/\/emergingmanagers.ca\/wp-content\/uploads\/2016\/08\/Fundata-logo-PNG_Fotor-150x21.jpg\" alt=\"Fundata-logo-PNG_Fotor\" width=\"150\" height=\"21\" \/><\/div><\/div><\/div>\n","protected":false},"featured_media":0,"template":"","meta":{"_acf_changed":false,"_et_pb_use_builder":"","_et_pb_old_content":"","_et_gb_content_width":"","_monsterinsights_skip_tracking":false,"_monsterinsights_sitenote_active":false,"_monsterinsights_sitenote_note":"","_monsterinsights_sitenote_category":0},"product_brand":[],"product_cat":[209],"product_tag":[],"class_list":{"0":"post-5413","1":"product","2":"type-product","3":"status-publish","5":"product_cat-uncategorized","7":"first","8":"instock","9":"virtual","10":"sold-individually","11":"taxable","12":"purchasable","13":"product-type-simple"},"acf":[],"yoast_head":"<!-- This site is optimized with the Yoast SEO plugin v27.2 - https:\/\/yoast.com\/product\/yoast-seo-wordpress\/ -->\n<title>Lancement des indices - CGE-EMB<\/title>\n<meta name=\"robots\" content=\"noindex, follow\" \/>\n<meta property=\"og:locale\" content=\"fr_FR\" \/>\n<meta property=\"og:type\" content=\"article\" \/>\n<meta property=\"og:title\" content=\"Lancement des indices - CGE-EMB\" \/>\n<meta property=\"og:description\" content=\"Vous \u00eates invit\u00e9s au lancement officiel des Indices CGE.  Ne loupez pas la pr\u00e9sentation des premiers indices d\u00e9di\u00e9s aux gestionnaires d\u2019actifs \u00e9mergents ! QUAND: Jeudi 19 Janvier 2017 de 17h \u00e0 19h O\u00d9: Dentons, 39\u00e8me \u00e9tage, 1 Place Ville-Marie, Montr\u00e9al,\u00a0QC, H3B 4M7 Merci \u00e0 nos partenaires et commanditaires, Thanks to our partners and sponsors...\" \/>\n<meta property=\"og:url\" content=\"https:\/\/emergingmanagers.ca\/fr\/produit\/lancement-des-indices\/\" \/>\n<meta property=\"og:site_name\" content=\"CGE-EMB\" \/>\n<meta property=\"article:modified_time\" content=\"2017-01-11T20:39:57+00:00\" \/>\n<meta name=\"twitter:label1\" content=\"Dur\u00e9e de lecture estim\u00e9e\" \/>\n\t<meta name=\"twitter:data1\" content=\"1 minute\" \/>\n<script type=\"application\/ld+json\" class=\"yoast-schema-graph\">{\"@context\":\"https:\/\/schema.org\",\"@graph\":[{\"@type\":\"WebPage\",\"@id\":\"https:\/\/emergingmanagers.ca\/fr\/produit\/lancement-des-indices\/\",\"url\":\"https:\/\/emergingmanagers.ca\/fr\/produit\/lancement-des-indices\/\",\"name\":\"Lancement des indices - CGE-EMB\",\"isPartOf\":{\"@id\":\"https:\/\/emergingmanagers.ca\/#website\"},\"datePublished\":\"2016-12-15T21:52:47+00:00\",\"dateModified\":\"2017-01-11T20:39:57+00:00\",\"breadcrumb\":{\"@id\":\"https:\/\/emergingmanagers.ca\/fr\/produit\/lancement-des-indices\/#breadcrumb\"},\"inLanguage\":\"fr-FR\",\"potentialAction\":[{\"@type\":\"ReadAction\",\"target\":[\"https:\/\/emergingmanagers.ca\/fr\/produit\/lancement-des-indices\/\"]}]},{\"@type\":\"BreadcrumbList\",\"@id\":\"https:\/\/emergingmanagers.ca\/fr\/produit\/lancement-des-indices\/#breadcrumb\",\"itemListElement\":[{\"@type\":\"ListItem\",\"position\":1,\"name\":\"Home\",\"item\":\"https:\/\/emergingmanagers.ca\/\"},{\"@type\":\"ListItem\",\"position\":2,\"name\":\"Products\",\"item\":\"https:\/\/emergingmanagers.ca\/shop\/\"},{\"@type\":\"ListItem\",\"position\":3,\"name\":\"Lancement des indices\"}]},{\"@type\":\"WebSite\",\"@id\":\"https:\/\/emergingmanagers.ca\/#website\",\"url\":\"https:\/\/emergingmanagers.ca\/\",\"name\":\"CGE-EMB\",\"description\":\"Conseil des Gestionnaires Emergents | Emerging Managers Board\",\"potentialAction\":[{\"@type\":\"SearchAction\",\"target\":{\"@type\":\"EntryPoint\",\"urlTemplate\":\"https:\/\/emergingmanagers.ca\/?s={search_term_string}\"},\"query-input\":{\"@type\":\"PropertyValueSpecification\",\"valueRequired\":true,\"valueName\":\"search_term_string\"}}],\"inLanguage\":\"fr-FR\"}]}<\/script>\n<!-- \/ Yoast SEO plugin. -->","yoast_head_json":{"title":"Lancement des indices - CGE-EMB","robots":{"index":"noindex","follow":"follow"},"og_locale":"fr_FR","og_type":"article","og_title":"Lancement des indices - CGE-EMB","og_description":"Vous \u00eates invit\u00e9s au lancement officiel des Indices CGE.  Ne loupez pas la pr\u00e9sentation des premiers indices d\u00e9di\u00e9s aux gestionnaires d\u2019actifs \u00e9mergents ! QUAND: Jeudi 19 Janvier 2017 de 17h \u00e0 19h O\u00d9: Dentons, 39\u00e8me \u00e9tage, 1 Place Ville-Marie, Montr\u00e9al,\u00a0QC, H3B 4M7 Merci \u00e0 nos partenaires et commanditaires, Thanks to our partners and sponsors...","og_url":"https:\/\/emergingmanagers.ca\/fr\/produit\/lancement-des-indices\/","og_site_name":"CGE-EMB","article_modified_time":"2017-01-11T20:39:57+00:00","twitter_misc":{"Dur\u00e9e de lecture estim\u00e9e":"1 minute"},"schema":{"@context":"https:\/\/schema.org","@graph":[{"@type":"WebPage","@id":"https:\/\/emergingmanagers.ca\/fr\/produit\/lancement-des-indices\/","url":"https:\/\/emergingmanagers.ca\/fr\/produit\/lancement-des-indices\/","name":"Lancement des indices - CGE-EMB","isPartOf":{"@id":"https:\/\/emergingmanagers.ca\/#website"},"datePublished":"2016-12-15T21:52:47+00:00","dateModified":"2017-01-11T20:39:57+00:00","breadcrumb":{"@id":"https:\/\/emergingmanagers.ca\/fr\/produit\/lancement-des-indices\/#breadcrumb"},"inLanguage":"fr-FR","potentialAction":[{"@type":"ReadAction","target":["https:\/\/emergingmanagers.ca\/fr\/produit\/lancement-des-indices\/"]}]},{"@type":"BreadcrumbList","@id":"https:\/\/emergingmanagers.ca\/fr\/produit\/lancement-des-indices\/#breadcrumb","itemListElement":[{"@type":"ListItem","position":1,"name":"Home","item":"https:\/\/emergingmanagers.ca\/"},{"@type":"ListItem","position":2,"name":"Products","item":"https:\/\/emergingmanagers.ca\/shop\/"},{"@type":"ListItem","position":3,"name":"Lancement des indices"}]},{"@type":"WebSite","@id":"https:\/\/emergingmanagers.ca\/#website","url":"https:\/\/emergingmanagers.ca\/","name":"CGE-EMB","description":"Conseil des Gestionnaires Emergents | Emerging Managers Board","potentialAction":[{"@type":"SearchAction","target":{"@type":"EntryPoint","urlTemplate":"https:\/\/emergingmanagers.ca\/?s={search_term_string}"},"query-input":{"@type":"PropertyValueSpecification","valueRequired":true,"valueName":"search_term_string"}}],"inLanguage":"fr-FR"}]}},"_links":{"self":[{"href":"https:\/\/emergingmanagers.ca\/fr\/wp-json\/wp\/v2\/product\/5413","targetHints":{"allow":["GET"]}}],"collection":[{"href":"https:\/\/emergingmanagers.ca\/fr\/wp-json\/wp\/v2\/product"}],"about":[{"href":"https:\/\/emergingmanagers.ca\/fr\/wp-json\/wp\/v2\/types\/product"}],"wp:attachment":[{"href":"https:\/\/emergingmanagers.ca\/fr\/wp-json\/wp\/v2\/media?parent=5413"}],"wp:term":[{"taxonomy":"product_brand","embeddable":true,"href":"https:\/\/emergingmanagers.ca\/fr\/wp-json\/wp\/v2\/product_brand?post=5413"},{"taxonomy":"product_cat","embeddable":true,"href":"https:\/\/emergingmanagers.ca\/fr\/wp-json\/wp\/v2\/product_cat?post=5413"},{"taxonomy":"product_tag","embeddable":true,"href":"https:\/\/emergingmanagers.ca\/fr\/wp-json\/wp\/v2\/product_tag?post=5413"}],"curies":[{"name":"wp","href":"https:\/\/api.w.org\/{rel}","templated":true}]}}