{"id":5104,"date":"2016-09-06T11:31:37","date_gmt":"2016-09-06T17:01:37","guid":{"rendered":"http:\/\/emergingmanagers.ca\/fr\/?post_type=product&#038;p=5104"},"modified":"2017-07-25T15:05:30","modified_gmt":"2017-07-25T20:35:30","slug":"cap-intro-5-octobre-2","status":"publish","type":"product","link":"https:\/\/emergingmanagers.ca\/fr\/produit\/cap-intro-5-octobre-2\/","title":{"rendered":"CAP INTRO 5 octobre"},"content":{"rendered":"<p><span lang=\"FR-CA\">\u00a0CGE- EMB Cap Intro<\/span><span lang=\"FR-CA\">.\u00a0<\/span><\/p>\n<p style=\"text-align: center;\"><span style=\"text-decoration: underline;\"><strong>Horaire:<\/strong><\/span><\/p>\n<h4><strong>9\u00a0h -9\u00a0h\u00a030 inscription et r\u00e9seautage<\/strong><\/h4>\n<h5>D\u00e9jeuner continental<\/h5>\n<h4><strong>9:30 \u201310\u00a0h\u00a030 Pr\u00e9sentation #1\u00a0:<\/strong><\/h4>\n<p>Comment un gestionnaire \u00e9mergeant\u2026 \u00e9merge\u00a0!<\/p>\n<p>Conf\u00e9renciers\u00a0: Peter Pavlina, directeur g\u00e9n\u00e9ral chez Hamersley Partners<\/p>\n<h4><strong>10:45 \u201312\u00a0h\u00a015 1-on-1 Meetings\u00a0:<\/strong><\/h4>\n<p>Rencontres individuelles de 15 minutes entre allocateurs d\u2019actifs et gestionnaires \u00e9mergents.<\/p>\n<h4><strong>12:30 \u201313\u00a0h\u00a030 Diner et pr\u00e9sentation #2\u00a0:<\/strong><\/h4>\n<p>Les tendances \u00a0\u00e9mergentes\u2013 <em>Hot and Not!<\/em><\/p>\n<p>Conf\u00e9rencier\u00a0: Fran\u00e7ois Rivard, directeur g\u00e9n\u00e9ral chez Innocap<\/p>\n<p><strong><em>Merci \u00e0 nos commanditaires,<\/em><\/strong><\/p>\n<p><strong><em>Thanks to our sponsors&#8230;<\/em><\/strong><\/p>\n<div class=\"su-row\"><div class=\"su-column su-column-size-1-4\"><div class=\"su-column-inner su-u-clearfix su-u-trim\"><img loading=\"lazy\" decoding=\"async\" class=\"alignnone size-full wp-image-4803\" src=\"https:\/\/emergingmanagers.ca\/wp-content\/uploads\/2016\/06\/PWC_low_Fotor-e1466444506482.jpg\" alt=\"PWC_low_Fotor\" width=\"85\" height=\"64\" \/><\/div><\/div>\n<div class=\"su-column su-column-size-1-4\"><div class=\"su-column-inner su-u-clearfix su-u-trim\"> <img loading=\"lazy\" decoding=\"async\" class=\"alignnone size-full wp-image-4800\" src=\"https:\/\/emergingmanagers.ca\/wp-content\/uploads\/2016\/06\/dentons-low_Fotor-e1466084616650.jpg\" alt=\"dentons-low_Fotor\" width=\"85\" height=\"21\" \/><\/div><\/div>\n<div class=\"su-column su-column-size-1-4\"><div class=\"su-column-inner su-u-clearfix su-u-trim\"><img loading=\"lazy\" decoding=\"async\" class=\"alignnone size-full wp-image-4801\" src=\"https:\/\/emergingmanagers.ca\/wp-content\/uploads\/2016\/06\/Bloomberg-Logo_low_Fotor-e1466084535231.jpg\" alt=\"Bloomberg Logo 2\" width=\"85\" height=\"56\" \/><\/div><\/div>\n<div class=\"su-column su-column-size-1-4\"><div class=\"su-column-inner su-u-clearfix su-u-trim\"><img loading=\"lazy\" decoding=\"async\" class=\"alignnone size-full wp-image-4802\" src=\"https:\/\/emergingmanagers.ca\/wp-content\/uploads\/2016\/06\/Logo-Finance-Montreal_Fotor-e1466084677824.jpg\" alt=\"Logo - Finance Montreal_Fotor\" width=\"85\" height=\"58\" \/><\/div><\/div><\/div>\n<div class=\"su-row\"><div class=\"su-column su-column-size-1-4\"><div class=\"su-column-inner su-u-clearfix su-u-trim\"><img decoding=\"async\" class=\"alignnone size-full wp-image-3480\" src=\"\/\/emergingmanagers.ca\/wp-content\/uploads\/2015\/02\/nbcn-new-logo-en.jpg\" alt=\"nbcn-new-logo-en\" \/><\/div><\/div>\n<div class=\"su-column su-column-size-1-4\"><div class=\"su-column-inner su-u-clearfix su-u-trim\"><img loading=\"lazy\" decoding=\"async\" class=\"alignnone size-full wp-image-4799\" src=\"https:\/\/emergingmanagers.ca\/wp-content\/uploads\/2016\/06\/iSharesR-BLK_Stacked_-Low_low-e1466444533169.jpg\" alt=\"iShares_Logo_140818\" width=\"85\" height=\"39\" \/><\/div><\/div>\n<div class=\"su-column su-column-size-1-4\"><div class=\"su-column-inner su-u-clearfix su-u-trim\"><img loading=\"lazy\" decoding=\"async\" class=\"alignnone wp-image-5039\" src=\"https:\/\/emergingmanagers.ca\/wp-content\/uploads\/2016\/08\/FaskenMartineau_fond-blanc_Couleur_low.jpg\" alt=\"FaskenMartineau_fond blanc_Couleur_low\" width=\"94\" height=\"20\" \/><\/div><\/div>\n<div class=\"su-column su-column-size-1-4\"><div class=\"su-column-inner su-u-clearfix su-u-trim\"><img loading=\"lazy\" decoding=\"async\" class=\"alignnone wp-image-5038\" src=\"https:\/\/emergingmanagers.ca\/wp-content\/uploads\/2016\/08\/NewITG_logo_circle_r_pref_blk_cmyk-150x150.jpg\" alt=\"NewITG_logo_circle_r_pref_blk_cmyk\" width=\"78\" height=\"78\" srcset=\"https:\/\/emergingmanagers.ca\/wp-content\/uploads\/2016\/08\/NewITG_logo_circle_r_pref_blk_cmyk-150x150.jpg 150w, https:\/\/emergingmanagers.ca\/wp-content\/uploads\/2016\/08\/NewITG_logo_circle_r_pref_blk_cmyk-100x100.jpg 100w\" sizes=\"(max-width: 78px) 100vw, 78px\" \/> <\/div><\/div><\/div>\n<div class=\"su-row\"><div class=\"su-column su-column-size-1-4\"><div class=\"su-column-inner su-u-clearfix su-u-trim\"><img loading=\"lazy\" decoding=\"async\" class=\"alignnone size-thumbnail wp-image-5103\" src=\"https:\/\/emergingmanagers.ca\/wp-content\/uploads\/2016\/08\/Fundata-logo-PNG_Fotor-1-150x21.jpg\" alt=\"Fundata-logo-PNG_Fotor\" width=\"150\" height=\"21\" \/>\u00a0<\/div><\/div><\/div>\n<p>&nbsp;<\/p>\n","protected":false},"excerpt":{"rendered":"<h4>Assister \u00e0 notre tout premier CAP INTRO!<\/h4>\n<h5>Un \u00e9v\u00e9nement qui facilitera les liens entre les institutions, les investisseurs, et les principaux gestionnaires de fonds.<\/h5>\n<h5>De plus, le Cap Intro du CGE accueillera quelques conf\u00e9renciers et en plus de rencontre individuelle de type <em>One on one meeting<\/em>. Un moyen rapide et efficace de se faire connaitre par diff\u00e9rents allocateurs d\u2019actif.<\/h5>\n<h5>L&rsquo;\u00e9v\u00e9nement aura lieu \u00e0 la date, l&rsquo;heure et le lieu ci-dessous :<\/h5>\n<table class=\" cke_show_border\" border=\"0\" cellspacing=\"0\" cellpadding=\"0\" align=\"center\">\n<tbody>\n<tr>\n<td>\n<h5><strong>Quand :<\/strong><\/h5>\n<\/td>\n<td>\n<h5>\u00a0 \u00a0 Mercredi\u00a05 octobre 2016 de 9:00 \u00e0 14:00<\/h5>\n<\/td>\n<\/tr>\n<tr>\n<td>\n<h5><strong>O\u00f9 :<\/strong><\/h5>\n<\/td>\n<td>\n<h5><a href=\"https:\/\/www.google.ca\/maps\/place\/Saint+James+Club\/@45.5024289,-73.5686283,17z\/data=!3m1!4b1!4m5!3m4!1s0x4cc91a44cf067c89:0xd04678bab2576588!8m2!3d45.5024289!4d-73.5664343\" data-cke-saved-href=\"https:\/\/www.google.ca\/maps\/place\/Saint+James+Club\/@45.5024289,-73.5686283,17z\/data=!3m1!4b1!4m5!3m4!1s0x4cc91a44cf067c89:0xd04678bab2576588!8m2!3d45.5024289!4d-73.5664343\">Club Saint-James<\/a><\/h5>\n<h5>1145 avenue Union,\u00a0Montr\u00e9al (Qu\u00e9bec), \u00a0H3B 3C2<\/h5>\n<\/td>\n<\/tr>\n<\/tbody>\n<\/table>\n<h5><\/h5>\n<h5><strong><em>Merci \u00e0 nos commanditaires,<\/em><\/strong><\/h5>\n<h5><strong><em>Thanks to our sponsors&#8230;<\/em><\/strong><\/h5>\n<div class=\"su-row\"><div class=\"su-column su-column-size-1-4\"><div class=\"su-column-inner su-u-clearfix su-u-trim\"><img loading=\"lazy\" decoding=\"async\" class=\"alignnone size-full wp-image-4803\" src=\"https:\/\/emergingmanagers.ca\/wp-content\/uploads\/2016\/06\/PWC_low_Fotor-e1466444506482.jpg\" alt=\"PWC_low_Fotor\" width=\"85\" height=\"64\" \/><\/div><\/div><\/p>\n<p><div class=\"su-column su-column-size-1-4\"><div class=\"su-column-inner su-u-clearfix su-u-trim\"> <img loading=\"lazy\" decoding=\"async\" class=\"alignnone size-full wp-image-4800\" src=\"https:\/\/emergingmanagers.ca\/wp-content\/uploads\/2016\/06\/dentons-low_Fotor-e1466084616650.jpg\" alt=\"dentons-low_Fotor\" width=\"85\" height=\"21\" \/><\/div><\/div><\/p>\n<p><div class=\"su-column su-column-size-1-4\"><div class=\"su-column-inner su-u-clearfix su-u-trim\"><img loading=\"lazy\" decoding=\"async\" class=\"alignnone size-full wp-image-4801\" src=\"https:\/\/emergingmanagers.ca\/wp-content\/uploads\/2016\/06\/Bloomberg-Logo_low_Fotor-e1466084535231.jpg\" alt=\"Bloomberg Logo 2\" width=\"85\" height=\"56\" \/><\/div><\/div><\/p>\n<p><div class=\"su-column su-column-size-1-4\"><div class=\"su-column-inner su-u-clearfix su-u-trim\"><img loading=\"lazy\" decoding=\"async\" class=\"alignnone size-full wp-image-4802\" src=\"https:\/\/emergingmanagers.ca\/wp-content\/uploads\/2016\/06\/Logo-Finance-Montreal_Fotor-e1466084677824.jpg\" alt=\"Logo - Finance Montreal_Fotor\" width=\"85\" height=\"58\" \/><\/div><\/div><\/div>\n<div class=\"su-row\"><div class=\"su-column su-column-size-1-4\"><div class=\"su-column-inner su-u-clearfix su-u-trim\"><img decoding=\"async\" class=\"alignnone size-full wp-image-3480\" src=\"https:\/\/emergingmanagers.ca\/wp-content\/uploads\/2015\/02\/nbcn-new-logo-en.jpg\" alt=\"nbcn-new-logo-en\" \/><\/div><\/div><\/p>\n<p><div class=\"su-column su-column-size-1-4\"><div class=\"su-column-inner su-u-clearfix su-u-trim\"><img loading=\"lazy\" decoding=\"async\" class=\"alignnone size-full wp-image-4799\" src=\"https:\/\/emergingmanagers.ca\/wp-content\/uploads\/2016\/06\/iSharesR-BLK_Stacked_-Low_low-e1466444533169.jpg\" alt=\"iShares_Logo_140818\" width=\"85\" height=\"39\" \/><\/div><\/div><\/p>\n<p><div class=\"su-column su-column-size-1-4\"><div class=\"su-column-inner su-u-clearfix su-u-trim\"><img loading=\"lazy\" decoding=\"async\" class=\"alignnone wp-image-5039\" src=\"https:\/\/emergingmanagers.ca\/wp-content\/uploads\/2016\/08\/FaskenMartineau_fond-blanc_Couleur_low.jpg\" alt=\"FaskenMartineau_fond blanc_Couleur_low\" width=\"94\" height=\"20\" \/><\/div><\/div><br \/>\n<div class=\"su-column su-column-size-1-4\"><div class=\"su-column-inner su-u-clearfix su-u-trim\"><img loading=\"lazy\" decoding=\"async\" class=\"alignnone wp-image-5038\" src=\"https:\/\/emergingmanagers.ca\/wp-content\/uploads\/2016\/08\/NewITG_logo_circle_r_pref_blk_cmyk-150x150.jpg\" alt=\"NewITG_logo_circle_r_pref_blk_cmyk\" width=\"78\" height=\"78\" srcset=\"https:\/\/emergingmanagers.ca\/wp-content\/uploads\/2016\/08\/NewITG_logo_circle_r_pref_blk_cmyk-150x150.jpg 150w, https:\/\/emergingmanagers.ca\/wp-content\/uploads\/2016\/08\/NewITG_logo_circle_r_pref_blk_cmyk-100x100.jpg 100w\" sizes=\"(max-width: 78px) 100vw, 78px\" \/> <\/div><\/div><\/div>\n<div class=\"su-row\"><div class=\"su-column su-column-size-1-4\"><div class=\"su-column-inner su-u-clearfix su-u-trim\"><img loading=\"lazy\" decoding=\"async\" class=\"alignnone size-thumbnail wp-image-5103\" src=\"https:\/\/emergingmanagers.ca\/wp-content\/uploads\/2016\/08\/Fundata-logo-PNG_Fotor-1-150x21.jpg\" alt=\"Fundata-logo-PNG_Fotor\" width=\"150\" height=\"21\" \/>\u00a0<\/div><\/div><\/div>\n<p>Veuillez confirmer votre pr\u00e9sence\u00a0en s\u00e9lectionnant le lien suivant:<\/p>\n","protected":false},"featured_media":0,"template":"","meta":{"_acf_changed":false,"_et_pb_use_builder":"","_et_pb_old_content":"","_et_gb_content_width":"","_monsterinsights_skip_tracking":false,"_monsterinsights_sitenote_active":false,"_monsterinsights_sitenote_note":"","_monsterinsights_sitenote_category":0},"product_brand":[],"product_cat":[209],"product_tag":[],"class_list":{"0":"post-5104","1":"product","2":"type-product","3":"status-publish","5":"product_cat-uncategorized","7":"first","8":"instock","9":"virtual","10":"sold-individually","11":"taxable","12":"purchasable","13":"product-type-simple"},"acf":[],"yoast_head":"<!-- This site is optimized with the Yoast SEO plugin v27.5 - https:\/\/yoast.com\/product\/yoast-seo-wordpress\/ -->\n<title>CAP INTRO 5 octobre - CGE-EMB<\/title>\n<meta name=\"robots\" content=\"noindex, follow\" \/>\n<meta property=\"og:locale\" content=\"fr_FR\" \/>\n<meta property=\"og:type\" content=\"article\" \/>\n<meta property=\"og:title\" content=\"CAP INTRO 5 octobre - CGE-EMB\" \/>\n<meta property=\"og:description\" content=\"Assister \u00e0 notre tout premier CAP INTRO! Un \u00e9v\u00e9nement qui facilitera les liens entre les institutions, les investisseurs, et les principaux gestionnaires de fonds. De plus, le Cap Intro du CGE accueillera quelques conf\u00e9renciers et en plus de rencontre individuelle de type One on one meeting. Un moyen rapide et efficace de se faire connaitre par diff\u00e9rents allocateurs d\u2019actif. L&#039;\u00e9v\u00e9nement aura lieu \u00e0 la date, l&#039;heure et le lieu ci-dessous :     Quand :   \u00a0 \u00a0 Mercredi\u00a05 octobre 2016 de 9:00 \u00e0 14:00     O\u00f9 :   Club Saint-James 1145 avenue Union,\u00a0Montr\u00e9al (Qu\u00e9bec), \u00a0H3B 3C2      Merci \u00e0 nos commanditaires, Thanks to our sponsors...       Veuillez confirmer votre pr\u00e9sence\u00a0en s\u00e9lectionnant le lien suivant:\" \/>\n<meta property=\"og:url\" content=\"https:\/\/emergingmanagers.ca\/fr\/produit\/cap-intro-5-octobre-2\/\" \/>\n<meta property=\"og:site_name\" content=\"CGE-EMB\" \/>\n<meta property=\"article:modified_time\" content=\"2017-07-25T20:35:30+00:00\" \/>\n<meta property=\"og:image\" content=\"https:\/\/emergingmanagers.ca\/wp-content\/uploads\/2016\/06\/PWC_low_Fotor-e1466444506482.jpg\" \/>\n<meta name=\"twitter:label1\" content=\"Dur\u00e9e de lecture estim\u00e9e\" \/>\n\t<meta name=\"twitter:data1\" content=\"1 minute\" \/>\n<script type=\"application\/ld+json\" class=\"yoast-schema-graph\">{\"@context\":\"https:\\\/\\\/schema.org\",\"@graph\":[{\"@type\":\"WebPage\",\"@id\":\"https:\\\/\\\/emergingmanagers.ca\\\/fr\\\/produit\\\/cap-intro-5-octobre-2\\\/\",\"url\":\"https:\\\/\\\/emergingmanagers.ca\\\/fr\\\/produit\\\/cap-intro-5-octobre-2\\\/\",\"name\":\"CAP INTRO 5 octobre - CGE-EMB\",\"isPartOf\":{\"@id\":\"https:\\\/\\\/emergingmanagers.ca\\\/#website\"},\"primaryImageOfPage\":{\"@id\":\"https:\\\/\\\/emergingmanagers.ca\\\/fr\\\/produit\\\/cap-intro-5-octobre-2\\\/#primaryimage\"},\"image\":{\"@id\":\"https:\\\/\\\/emergingmanagers.ca\\\/fr\\\/produit\\\/cap-intro-5-octobre-2\\\/#primaryimage\"},\"thumbnailUrl\":\"https:\\\/\\\/emergingmanagers.ca\\\/wp-content\\\/uploads\\\/2016\\\/06\\\/PWC_low_Fotor-e1466444506482.jpg\",\"datePublished\":\"2016-09-06T17:01:37+00:00\",\"dateModified\":\"2017-07-25T20:35:30+00:00\",\"breadcrumb\":{\"@id\":\"https:\\\/\\\/emergingmanagers.ca\\\/fr\\\/produit\\\/cap-intro-5-octobre-2\\\/#breadcrumb\"},\"inLanguage\":\"fr-FR\",\"potentialAction\":[{\"@type\":\"ReadAction\",\"target\":[\"https:\\\/\\\/emergingmanagers.ca\\\/fr\\\/produit\\\/cap-intro-5-octobre-2\\\/\"]}]},{\"@type\":\"ImageObject\",\"inLanguage\":\"fr-FR\",\"@id\":\"https:\\\/\\\/emergingmanagers.ca\\\/fr\\\/produit\\\/cap-intro-5-octobre-2\\\/#primaryimage\",\"url\":\"https:\\\/\\\/emergingmanagers.ca\\\/wp-content\\\/uploads\\\/2016\\\/06\\\/PWC_low_Fotor-e1466444506482.jpg\",\"contentUrl\":\"https:\\\/\\\/emergingmanagers.ca\\\/wp-content\\\/uploads\\\/2016\\\/06\\\/PWC_low_Fotor-e1466444506482.jpg\"},{\"@type\":\"BreadcrumbList\",\"@id\":\"https:\\\/\\\/emergingmanagers.ca\\\/fr\\\/produit\\\/cap-intro-5-octobre-2\\\/#breadcrumb\",\"itemListElement\":[{\"@type\":\"ListItem\",\"position\":1,\"name\":\"Home\",\"item\":\"https:\\\/\\\/emergingmanagers.ca\\\/\"},{\"@type\":\"ListItem\",\"position\":2,\"name\":\"Products\",\"item\":\"https:\\\/\\\/emergingmanagers.ca\\\/shop\\\/\"},{\"@type\":\"ListItem\",\"position\":3,\"name\":\"CAP INTRO 5 octobre\"}]},{\"@type\":\"WebSite\",\"@id\":\"https:\\\/\\\/emergingmanagers.ca\\\/#website\",\"url\":\"https:\\\/\\\/emergingmanagers.ca\\\/\",\"name\":\"CGE-EMB\",\"description\":\"Conseil des Gestionnaires Emergents | Emerging Managers Board\",\"potentialAction\":[{\"@type\":\"SearchAction\",\"target\":{\"@type\":\"EntryPoint\",\"urlTemplate\":\"https:\\\/\\\/emergingmanagers.ca\\\/?s={search_term_string}\"},\"query-input\":{\"@type\":\"PropertyValueSpecification\",\"valueRequired\":true,\"valueName\":\"search_term_string\"}}],\"inLanguage\":\"fr-FR\"}]}<\/script>\n<!-- \/ Yoast SEO plugin. -->","yoast_head_json":{"title":"CAP INTRO 5 octobre - CGE-EMB","robots":{"index":"noindex","follow":"follow"},"og_locale":"fr_FR","og_type":"article","og_title":"CAP INTRO 5 octobre - CGE-EMB","og_description":"Assister \u00e0 notre tout premier CAP INTRO! Un \u00e9v\u00e9nement qui facilitera les liens entre les institutions, les investisseurs, et les principaux gestionnaires de fonds. De plus, le Cap Intro du CGE accueillera quelques conf\u00e9renciers et en plus de rencontre individuelle de type One on one meeting. Un moyen rapide et efficace de se faire connaitre par diff\u00e9rents allocateurs d\u2019actif. L'\u00e9v\u00e9nement aura lieu \u00e0 la date, l'heure et le lieu ci-dessous :     Quand :   \u00a0 \u00a0 Mercredi\u00a05 octobre 2016 de 9:00 \u00e0 14:00     O\u00f9 :   Club Saint-James 1145 avenue Union,\u00a0Montr\u00e9al (Qu\u00e9bec), \u00a0H3B 3C2      Merci \u00e0 nos commanditaires, Thanks to our sponsors...       Veuillez confirmer votre pr\u00e9sence\u00a0en s\u00e9lectionnant le lien suivant:","og_url":"https:\/\/emergingmanagers.ca\/fr\/produit\/cap-intro-5-octobre-2\/","og_site_name":"CGE-EMB","article_modified_time":"2017-07-25T20:35:30+00:00","og_image":[{"url":"https:\/\/emergingmanagers.ca\/wp-content\/uploads\/2016\/06\/PWC_low_Fotor-e1466444506482.jpg","type":"","width":"","height":""}],"twitter_misc":{"Dur\u00e9e de lecture estim\u00e9e":"1 minute"},"schema":{"@context":"https:\/\/schema.org","@graph":[{"@type":"WebPage","@id":"https:\/\/emergingmanagers.ca\/fr\/produit\/cap-intro-5-octobre-2\/","url":"https:\/\/emergingmanagers.ca\/fr\/produit\/cap-intro-5-octobre-2\/","name":"CAP INTRO 5 octobre - CGE-EMB","isPartOf":{"@id":"https:\/\/emergingmanagers.ca\/#website"},"primaryImageOfPage":{"@id":"https:\/\/emergingmanagers.ca\/fr\/produit\/cap-intro-5-octobre-2\/#primaryimage"},"image":{"@id":"https:\/\/emergingmanagers.ca\/fr\/produit\/cap-intro-5-octobre-2\/#primaryimage"},"thumbnailUrl":"https:\/\/emergingmanagers.ca\/wp-content\/uploads\/2016\/06\/PWC_low_Fotor-e1466444506482.jpg","datePublished":"2016-09-06T17:01:37+00:00","dateModified":"2017-07-25T20:35:30+00:00","breadcrumb":{"@id":"https:\/\/emergingmanagers.ca\/fr\/produit\/cap-intro-5-octobre-2\/#breadcrumb"},"inLanguage":"fr-FR","potentialAction":[{"@type":"ReadAction","target":["https:\/\/emergingmanagers.ca\/fr\/produit\/cap-intro-5-octobre-2\/"]}]},{"@type":"ImageObject","inLanguage":"fr-FR","@id":"https:\/\/emergingmanagers.ca\/fr\/produit\/cap-intro-5-octobre-2\/#primaryimage","url":"https:\/\/emergingmanagers.ca\/wp-content\/uploads\/2016\/06\/PWC_low_Fotor-e1466444506482.jpg","contentUrl":"https:\/\/emergingmanagers.ca\/wp-content\/uploads\/2016\/06\/PWC_low_Fotor-e1466444506482.jpg"},{"@type":"BreadcrumbList","@id":"https:\/\/emergingmanagers.ca\/fr\/produit\/cap-intro-5-octobre-2\/#breadcrumb","itemListElement":[{"@type":"ListItem","position":1,"name":"Home","item":"https:\/\/emergingmanagers.ca\/"},{"@type":"ListItem","position":2,"name":"Products","item":"https:\/\/emergingmanagers.ca\/shop\/"},{"@type":"ListItem","position":3,"name":"CAP INTRO 5 octobre"}]},{"@type":"WebSite","@id":"https:\/\/emergingmanagers.ca\/#website","url":"https:\/\/emergingmanagers.ca\/","name":"CGE-EMB","description":"Conseil des Gestionnaires Emergents | Emerging Managers Board","potentialAction":[{"@type":"SearchAction","target":{"@type":"EntryPoint","urlTemplate":"https:\/\/emergingmanagers.ca\/?s={search_term_string}"},"query-input":{"@type":"PropertyValueSpecification","valueRequired":true,"valueName":"search_term_string"}}],"inLanguage":"fr-FR"}]}},"_links":{"self":[{"href":"https:\/\/emergingmanagers.ca\/fr\/wp-json\/wp\/v2\/product\/5104","targetHints":{"allow":["GET"]}}],"collection":[{"href":"https:\/\/emergingmanagers.ca\/fr\/wp-json\/wp\/v2\/product"}],"about":[{"href":"https:\/\/emergingmanagers.ca\/fr\/wp-json\/wp\/v2\/types\/product"}],"wp:attachment":[{"href":"https:\/\/emergingmanagers.ca\/fr\/wp-json\/wp\/v2\/media?parent=5104"}],"wp:term":[{"taxonomy":"product_brand","embeddable":true,"href":"https:\/\/emergingmanagers.ca\/fr\/wp-json\/wp\/v2\/product_brand?post=5104"},{"taxonomy":"product_cat","embeddable":true,"href":"https:\/\/emergingmanagers.ca\/fr\/wp-json\/wp\/v2\/product_cat?post=5104"},{"taxonomy":"product_tag","embeddable":true,"href":"https:\/\/emergingmanagers.ca\/fr\/wp-json\/wp\/v2\/product_tag?post=5104"}],"curies":[{"name":"wp","href":"https:\/\/api.w.org\/{rel}","templated":true}]}}