{"id":4101,"date":"2015-04-30T10:33:23","date_gmt":"2015-04-30T16:03:23","guid":{"rendered":"http:\/\/emergingmanagers.ca\/fr\/produit\/diner-rencontre-avec-pierre-parent-de-normandin-beaudry-members\/"},"modified":"2015-10-22T08:08:44","modified_gmt":"2015-10-22T13:38:44","slug":"diner-rencontre-pierre-parent-normandin-beaudry","status":"publish","type":"product","link":"https:\/\/emergingmanagers.ca\/fr\/produit\/diner-rencontre-pierre-parent-normandin-beaudry\/","title":{"rendered":"D\u00eener rencontre avec Pierre Parent de Normandin Beaudry"},"content":{"rendered":"<p>D\u00eener rencontre avec Pierre Parent de Normandin Beaudry.<\/p>\n<p>Vous \u00eates cordialement invit\u00e9 \u00e0 rencontrer\u00a0Monsieur Pierre Parent de Normandin Beaudry, le 14 mai prochain.<\/p>\n<p>&nbsp;<\/p>\n<p><strong><em>Merci \u00e0 nos commanditaires,<\/em><\/strong><\/p>\n<p><strong><em>Thanks to our sponsors&#8230;<\/em><\/strong><\/p>\n<p>&nbsp;<\/p>\n<div class=\"su-row\"><div class=\"su-column su-column-size-1-4\"><div class=\"su-column-inner su-u-clearfix su-u-trim\"><img decoding=\"async\" class=\"alignnone size-full wp-image-3480\" src=\"\/\/emergingmanagers.ca\/wp-content\/uploads\/2015\/02\/pwc-logo_small.png\" alt=\"nbcn-new-logo-en\" \/><\/div><\/div>\n<div class=\"su-column su-column-size-1-4\"><div class=\"su-column-inner su-u-clearfix su-u-trim\"><a href=\"\/\/emergingmanagers.ca\/wp-content\/uploads\/2015\/04\/logoPrint_fr-lavery.png\"><img loading=\"lazy\" decoding=\"async\" class=\"alignnone wp-image-4103 \" src=\"\/\/emergingmanagers.ca\/wp-content\/uploads\/2015\/04\/logoPrint_fr-lavery-300x125.png\" alt=\"\" width=\"240\" height=\"100\" \/><\/a><\/div><\/div>\n<div class=\"su-column su-column-size-1-4\"><div class=\"su-column-inner su-u-clearfix su-u-trim\"><img decoding=\"async\" class=\"alignnone size-full wp-image-3480\" src=\"\/\/emergingmanagers.ca\/wp-content\/uploads\/2015\/02\/bloomberg_small.png\" alt=\"nbcn-new-logo-en\" \/><\/div><\/div>\n<div class=\"su-column su-column-size-1-4\"><div class=\"su-column-inner su-u-clearfix su-u-trim\"><\/div><\/div><\/div>\n<div class=\"su-row\"><div class=\"su-column su-column-size-1-4\"><div class=\"su-column-inner su-u-clearfix su-u-trim\"><img decoding=\"async\" class=\"alignnone size-full wp-image-3480\" src=\"\/\/emergingmanagers.ca\/wp-content\/uploads\/2015\/02\/nbcn-new-logo-en.jpg\" alt=\"nbcn-new-logo-en\" \/><\/div><\/div>\n<div class=\"su-column su-column-size-1-4\"><div class=\"su-column-inner su-u-clearfix su-u-trim\"><img decoding=\"async\" class=\"alignnone size-full wp-image-3480\" src=\"\/\/emergingmanagers.ca\/wp-content\/uploads\/2015\/02\/finance-montreal-small.png\" alt=\"nbcn-new-logo-en\" \/><\/div><\/div>\n<div class=\"su-column su-column-size-1-4\"><div class=\"su-column-inner su-u-clearfix su-u-trim\"><\/div><\/div>\n<div class=\"su-column su-column-size-1-4\"><div class=\"su-column-inner su-u-clearfix su-u-trim\"><\/div><\/div><\/div>\n<p>&nbsp;<\/p>\n","protected":false},"excerpt":{"rendered":"<p>Chers membres ,<\/p>\n<p>Vous \u00eates cordialement invit\u00e9 \u00e0 rencontrer\u00a0Monsieur Pierre Parent de Normandin Beaudry, le 14 mai prochain. Lors de ce diner rencontre, M. Parent pr\u00e9sentera la conf\u00e9rence qu\u2019il a donn\u00e9e sur les gestionnaires \u00e9mergents dans le cadre de la Revue annuelle des gestionnaires de placement 2014. Plus de 120 membres de comit\u00e9s de retraite ou de placement ont assist\u00e9 \u00e0 cette Revue annuelle tenue le 19 f\u00e9vrier dernier.<\/p>\n<p>Genevi\u00e8ve Blouin CFA, CMT, Pr\u00e9sidente CGE<\/p>\n<p>L&rsquo;\u00e9v\u00e9nement aura lieu \u00e0 la date, l&rsquo;heure et le lieu ci-dessous :<\/p>\n<div class=\"su-row\"><div class=\"su-column su-column-size-1-2\"><div class=\"su-column-inner su-u-clearfix su-u-trim\"><\/p>\n<p><strong>Jeudi 14\u00a0mai 2015 de midi\u00a0\u00e0 14:00<\/strong><\/p>\n<p>Bureau de Lavery<\/p>\n<p><a href=\"https:\/\/www.google.ca\/maps\/place\/Lavery,+de+Billy+L+L+P\/@45.501782,-73.567755,17z\/data=!3m1!4b1!4m2!3m1!1s0x4cc91a44bd92c565:0x9ebce3e087806716\"><strong>1 Place Ville Marie, 40e \u00e9tage, Montr\u00e9al, H3B 4M4<\/strong><\/a><\/p>\n<p><strong>Shushi Lunch<\/strong><\/p>\n<p><strong>Admission:\u00a035$<\/strong><\/p>\n<p><\/div><\/div><\/p>\n<p><div class=\"su-column su-column-size-1-2\"><div class=\"su-column-inner su-u-clearfix su-u-trim\"><div class=\"su-gmap su-u-responsive-media-yes\"><iframe loading=\"lazy\" width=\"700\" height=\"320\" src=\"\/\/maps.google.com\/maps?q=%26lt%3Bb%26gt%3B1%20Place%20Ville%20Marie%2C%20Montr%C3%A9al%2C%20H3B%204M4%26lt%3B%2Fb%26gt%3B&amp;output=embed\" title=\"\"><\/iframe><\/div><\/div><\/div><\/div>\n<p>[formcraft id=9]<\/p>\n<p>&nbsp;<\/p>\n","protected":false},"featured_media":0,"template":"","meta":{"_acf_changed":false,"_et_pb_use_builder":"","_et_pb_old_content":"","_et_gb_content_width":"","_monsterinsights_skip_tracking":false,"_monsterinsights_sitenote_active":false,"_monsterinsights_sitenote_note":"","_monsterinsights_sitenote_category":0},"product_brand":[],"product_cat":[209],"product_tag":[],"class_list":{"0":"post-4101","1":"product","2":"type-product","3":"status-publish","5":"product_cat-uncategorized","7":"first","8":"instock","9":"sold-individually","10":"taxable","11":"shipping-taxable","12":"purchasable","13":"product-type-variable"},"acf":[],"yoast_head":"<!-- This site is optimized with the Yoast SEO plugin v27.2 - https:\/\/yoast.com\/product\/yoast-seo-wordpress\/ -->\n<title>D\u00eener rencontre avec Pierre Parent de Normandin Beaudry - CGE-EMB<\/title>\n<meta name=\"robots\" content=\"noindex, follow\" \/>\n<meta property=\"og:locale\" content=\"fr_FR\" \/>\n<meta property=\"og:type\" content=\"article\" \/>\n<meta property=\"og:title\" content=\"D\u00eener rencontre avec Pierre Parent de Normandin Beaudry - CGE-EMB\" \/>\n<meta property=\"og:description\" content=\"Chers membres ,  Vous \u00eates cordialement invit\u00e9 \u00e0 rencontrer\u00a0Monsieur Pierre Parent de Normandin Beaudry, le 14 mai prochain. Lors de ce diner rencontre, M. Parent pr\u00e9sentera la conf\u00e9rence qu\u2019il a donn\u00e9e sur les gestionnaires \u00e9mergents dans le cadre de la Revue annuelle des gestionnaires de placement 2014. Plus de 120 membres de comit\u00e9s de retraite ou de placement ont assist\u00e9 \u00e0 cette Revue annuelle tenue le 19 f\u00e9vrier dernier.  Genevi\u00e8ve Blouin CFA, CMT, Pr\u00e9sidente CGE  L&#039;\u00e9v\u00e9nement aura lieu \u00e0 la date, l&#039;heure et le lieu ci-dessous :    [formcraft id=9]  &nbsp;\" \/>\n<meta property=\"og:url\" content=\"https:\/\/emergingmanagers.ca\/fr\/produit\/diner-rencontre-pierre-parent-normandin-beaudry\/\" \/>\n<meta property=\"og:site_name\" content=\"CGE-EMB\" \/>\n<meta property=\"article:modified_time\" content=\"2015-10-22T13:38:44+00:00\" \/>\n<meta property=\"og:image\" content=\"\/\/emergingmanagers.ca\/wp-content\/uploads\/2015\/02\/pwc-logo_small.png\" \/>\n<script type=\"application\/ld+json\" class=\"yoast-schema-graph\">{\"@context\":\"https:\/\/schema.org\",\"@graph\":[{\"@type\":\"WebPage\",\"@id\":\"https:\/\/emergingmanagers.ca\/fr\/produit\/diner-rencontre-pierre-parent-normandin-beaudry\/\",\"url\":\"https:\/\/emergingmanagers.ca\/fr\/produit\/diner-rencontre-pierre-parent-normandin-beaudry\/\",\"name\":\"D\u00eener rencontre avec Pierre Parent de Normandin Beaudry - CGE-EMB\",\"isPartOf\":{\"@id\":\"https:\/\/emergingmanagers.ca\/#website\"},\"datePublished\":\"2015-04-30T16:03:23+00:00\",\"dateModified\":\"2015-10-22T13:38:44+00:00\",\"breadcrumb\":{\"@id\":\"https:\/\/emergingmanagers.ca\/fr\/produit\/diner-rencontre-pierre-parent-normandin-beaudry\/#breadcrumb\"},\"inLanguage\":\"fr-FR\",\"potentialAction\":[{\"@type\":\"ReadAction\",\"target\":[\"https:\/\/emergingmanagers.ca\/fr\/produit\/diner-rencontre-pierre-parent-normandin-beaudry\/\"]}]},{\"@type\":\"BreadcrumbList\",\"@id\":\"https:\/\/emergingmanagers.ca\/fr\/produit\/diner-rencontre-pierre-parent-normandin-beaudry\/#breadcrumb\",\"itemListElement\":[{\"@type\":\"ListItem\",\"position\":1,\"name\":\"Home\",\"item\":\"https:\/\/emergingmanagers.ca\/\"},{\"@type\":\"ListItem\",\"position\":2,\"name\":\"Products\",\"item\":\"https:\/\/emergingmanagers.ca\/shop\/\"},{\"@type\":\"ListItem\",\"position\":3,\"name\":\"D\u00eener rencontre avec Pierre Parent de Normandin Beaudry\"}]},{\"@type\":\"WebSite\",\"@id\":\"https:\/\/emergingmanagers.ca\/#website\",\"url\":\"https:\/\/emergingmanagers.ca\/\",\"name\":\"CGE-EMB\",\"description\":\"Conseil des Gestionnaires Emergents | Emerging Managers Board\",\"potentialAction\":[{\"@type\":\"SearchAction\",\"target\":{\"@type\":\"EntryPoint\",\"urlTemplate\":\"https:\/\/emergingmanagers.ca\/?s={search_term_string}\"},\"query-input\":{\"@type\":\"PropertyValueSpecification\",\"valueRequired\":true,\"valueName\":\"search_term_string\"}}],\"inLanguage\":\"fr-FR\"}]}<\/script>\n<!-- \/ Yoast SEO plugin. -->","yoast_head_json":{"title":"D\u00eener rencontre avec Pierre Parent de Normandin Beaudry - CGE-EMB","robots":{"index":"noindex","follow":"follow"},"og_locale":"fr_FR","og_type":"article","og_title":"D\u00eener rencontre avec Pierre Parent de Normandin Beaudry - CGE-EMB","og_description":"Chers membres ,  Vous \u00eates cordialement invit\u00e9 \u00e0 rencontrer\u00a0Monsieur Pierre Parent de Normandin Beaudry, le 14 mai prochain. Lors de ce diner rencontre, M. Parent pr\u00e9sentera la conf\u00e9rence qu\u2019il a donn\u00e9e sur les gestionnaires \u00e9mergents dans le cadre de la Revue annuelle des gestionnaires de placement 2014. Plus de 120 membres de comit\u00e9s de retraite ou de placement ont assist\u00e9 \u00e0 cette Revue annuelle tenue le 19 f\u00e9vrier dernier.  Genevi\u00e8ve Blouin CFA, CMT, Pr\u00e9sidente CGE  L'\u00e9v\u00e9nement aura lieu \u00e0 la date, l'heure et le lieu ci-dessous :    [formcraft id=9]  &nbsp;","og_url":"https:\/\/emergingmanagers.ca\/fr\/produit\/diner-rencontre-pierre-parent-normandin-beaudry\/","og_site_name":"CGE-EMB","article_modified_time":"2015-10-22T13:38:44+00:00","og_image":[{"url":"\/\/emergingmanagers.ca\/wp-content\/uploads\/2015\/02\/pwc-logo_small.png","type":"","width":"","height":""}],"schema":{"@context":"https:\/\/schema.org","@graph":[{"@type":"WebPage","@id":"https:\/\/emergingmanagers.ca\/fr\/produit\/diner-rencontre-pierre-parent-normandin-beaudry\/","url":"https:\/\/emergingmanagers.ca\/fr\/produit\/diner-rencontre-pierre-parent-normandin-beaudry\/","name":"D\u00eener rencontre avec Pierre Parent de Normandin Beaudry - CGE-EMB","isPartOf":{"@id":"https:\/\/emergingmanagers.ca\/#website"},"datePublished":"2015-04-30T16:03:23+00:00","dateModified":"2015-10-22T13:38:44+00:00","breadcrumb":{"@id":"https:\/\/emergingmanagers.ca\/fr\/produit\/diner-rencontre-pierre-parent-normandin-beaudry\/#breadcrumb"},"inLanguage":"fr-FR","potentialAction":[{"@type":"ReadAction","target":["https:\/\/emergingmanagers.ca\/fr\/produit\/diner-rencontre-pierre-parent-normandin-beaudry\/"]}]},{"@type":"BreadcrumbList","@id":"https:\/\/emergingmanagers.ca\/fr\/produit\/diner-rencontre-pierre-parent-normandin-beaudry\/#breadcrumb","itemListElement":[{"@type":"ListItem","position":1,"name":"Home","item":"https:\/\/emergingmanagers.ca\/"},{"@type":"ListItem","position":2,"name":"Products","item":"https:\/\/emergingmanagers.ca\/shop\/"},{"@type":"ListItem","position":3,"name":"D\u00eener rencontre avec Pierre Parent de Normandin Beaudry"}]},{"@type":"WebSite","@id":"https:\/\/emergingmanagers.ca\/#website","url":"https:\/\/emergingmanagers.ca\/","name":"CGE-EMB","description":"Conseil des Gestionnaires Emergents | Emerging Managers Board","potentialAction":[{"@type":"SearchAction","target":{"@type":"EntryPoint","urlTemplate":"https:\/\/emergingmanagers.ca\/?s={search_term_string}"},"query-input":{"@type":"PropertyValueSpecification","valueRequired":true,"valueName":"search_term_string"}}],"inLanguage":"fr-FR"}]}},"_links":{"self":[{"href":"https:\/\/emergingmanagers.ca\/fr\/wp-json\/wp\/v2\/product\/4101","targetHints":{"allow":["GET"]}}],"collection":[{"href":"https:\/\/emergingmanagers.ca\/fr\/wp-json\/wp\/v2\/product"}],"about":[{"href":"https:\/\/emergingmanagers.ca\/fr\/wp-json\/wp\/v2\/types\/product"}],"wp:attachment":[{"href":"https:\/\/emergingmanagers.ca\/fr\/wp-json\/wp\/v2\/media?parent=4101"}],"wp:term":[{"taxonomy":"product_brand","embeddable":true,"href":"https:\/\/emergingmanagers.ca\/fr\/wp-json\/wp\/v2\/product_brand?post=4101"},{"taxonomy":"product_cat","embeddable":true,"href":"https:\/\/emergingmanagers.ca\/fr\/wp-json\/wp\/v2\/product_cat?post=4101"},{"taxonomy":"product_tag","embeddable":true,"href":"https:\/\/emergingmanagers.ca\/fr\/wp-json\/wp\/v2\/product_tag?post=4101"}],"curies":[{"name":"wp","href":"https:\/\/api.w.org\/{rel}","templated":true}]}}