{"id":3954,"date":"2015-04-01T11:56:37","date_gmt":"2015-04-01T17:26:37","guid":{"rendered":"http:\/\/emergingmanagers.ca\/?post_type=product&#038;p=3954"},"modified":"2016-12-23T17:36:41","modified_gmt":"2016-12-23T23:06:41","slug":"cocktail-members-2015","status":"publish","type":"product","link":"https:\/\/emergingmanagers.ca\/fr\/produit\/cocktail-members-2015\/","title":{"rendered":"Cocktail Annuel du Conseil des Gestionnaires en \u00c9mergence (Members)"},"content":{"rendered":"","protected":false},"excerpt":{"rendered":"<p>Chers membres de la communaut\u00e9 financi\u00e8re,<\/p>\n<p>Vous \u00eates cordialement invit\u00e9s\u00a0au cocktail annuel du Conseil des Gestionnaires en \u00c9mergence (CGE).<\/p>\n<p>Lors du cocktail, Vital Proulx et St\u00e9phane Corriveau vous feront part des initiatives prises par le chantier entrepreneuriat de Finance Montr\u00e9al pour faciliter l\u2019appui \u00e0 la nouvelle g\u00e9n\u00e9ration d\u2019entrepreneurs en gestion de portefeuilles d\u2019ici.<\/p>\n<p>Votre pr\u00e9sence aide le CGE \u00e0 tisser des liens entre les membres de notre communaut\u00e9 financi\u00e8re afin de transformer notre \u00e9cosyst\u00e8me financier en une plaque tournante pour les gestionnaires en \u00e9mergence.<\/p>\n<p>Je vous remercie \u00e0 l\u2019avance de votre participation.<\/p>\n<p>Genevi\u00e8ve Blouin CFA, CMT, Pr\u00e9sidente CGE<\/p>\n<p>L&#039;\u00e9v\u00e9nement aura lieu \u00e0 la date, l&#039;heure et le lieu ci-dessous :<\/p>\n<div class=\"su-row\"><div class=\"su-column su-column-size-1-2\"><div class=\"su-column-inner su-u-clearfix su-u-trim\"><\/p>\n<p><strong>Jeudi 23 avril 2015 de 17:30 \u00e0 20:00<\/strong><\/p>\n<p><strong>Mus\u00e9e McCord<\/strong><\/p>\n<p><strong><a href=\"https:\/\/www.google.ca\/maps\/place\/690+Rue+Sherbrooke+O,+McGill+University,+Montr%C3%A9al,+QC+H3A+0B2\/@45.5038678,-73.5771171,16z\/data=!4m2!3m1!1s0x4cc91a465f3cbc53:0xda8224d3a9cf4e36\">690 Rue Sherbrooke O, Montr\u00e9al, QC H3A 1E9<\/a><\/strong><\/p>\n<p><strong>Admission: Gratuite<\/strong><\/p>\n<p><\/div><\/div><\/p>\n<p><div class=\"su-column su-column-size-1-2\"><div class=\"su-column-inner su-u-clearfix su-u-trim\"><div class=\"su-gmap su-u-responsive-media-yes\"><iframe loading=\"lazy\" width=\"700\" height=\"320\" src=\"\/\/maps.google.com\/maps?q=690%20Sherbrooke%20W%2C%20Montreal%2C%20QC%20H3A%201E9&amp;output=embed\" title=\"\"><\/iframe><\/div><\/div><\/div><\/div>\n<p>Afin de r\u00e9server votre place, veuillez remplir et soummettre le formulaire suivant:<\/p>\n<p>[formcraft id=9]<\/p>\n<p><strong><em>Merci \u00e0 nos commanditaires,<\/em><\/strong><br \/>\n<strong> <em>Thanks to our sponsors&#8230;<\/em><\/strong><\/p>\n<p>&nbsp;<\/p>\n<div class=\"su-row\"><div class=\"su-column su-column-size-1-4\"><div class=\"su-column-inner su-u-clearfix su-u-trim\"><img decoding=\"async\" class=\"alignnone size-full wp-image-3480\" src=\"http:\/\/emergingmanagers.ca\/wp-content\/uploads\/2015\/02\/pwc-logo_small.png\" alt=\"nbcn-new-logo-en\"  \/><\/div><\/div><\/p>\n<p><div class=\"su-column su-column-size-1-4\"><div class=\"su-column-inner su-u-clearfix su-u-trim\"><img decoding=\"async\" class=\"alignnone size-full wp-image-3480\" src=\"http:\/\/emergingmanagers.ca\/wp-content\/uploads\/2015\/02\/logoPrint_en-small.png\" alt=\"nbcn-new-logo-en\" \/><\/div><\/div><\/p>\n<p><div class=\"su-column su-column-size-1-4\"><div class=\"su-column-inner su-u-clearfix su-u-trim\"><img decoding=\"async\" class=\"alignnone size-full wp-image-3480\" src=\"http:\/\/emergingmanagers.ca\/wp-content\/uploads\/2015\/02\/bloomberg_small.png\" alt=\"nbcn-new-logo-en\"  \/><\/div><\/div><\/p>\n<p><div class=\"su-column su-column-size-1-4\"><div class=\"su-column-inner su-u-clearfix su-u-trim\"><img loading=\"lazy\" decoding=\"async\" width=\"218\" height=\"146\" class=\"alignnone size-full wp-image-3951\" src=\"http:\/\/emergingmanagers.ca\/wp-content\/uploads\/2015\/04\/FIS-Group-Logo.jpg\" alt=\"FIS Group Logo\"  \/><\/div><\/div><\/div>\n<div class=\"su-row\"><div class=\"su-column su-column-size-1-4\"><div class=\"su-column-inner su-u-clearfix su-u-trim\"><img decoding=\"async\" class=\"alignnone size-full wp-image-3480\" src=\"http:\/\/emergingmanagers.ca\/wp-content\/uploads\/2015\/02\/nbcn-new-logo-en.jpg\" alt=\"nbcn-new-logo-en\" \/><\/div><\/div><\/p>\n<p><div class=\"su-column su-column-size-1-4\"><div class=\"su-column-inner su-u-clearfix su-u-trim\"><img decoding=\"async\" class=\"alignnone size-full wp-image-3480\" src=\"http:\/\/emergingmanagers.ca\/wp-content\/uploads\/2015\/02\/finance-montreal-small.png\" alt=\"nbcn-new-logo-en\"  \/><\/div><\/div><\/p>\n<p><div class=\"su-column su-column-size-1-4\"><div class=\"su-column-inner su-u-clearfix su-u-trim\"><img loading=\"lazy\" decoding=\"async\" width=\"218\" height=\"146\" class=\"alignnone size-full wp-image-3948\" src=\"http:\/\/emergingmanagers.ca\/wp-content\/uploads\/2015\/04\/IB-Logo.jpg\" alt=\"IB Logo\"  \/><\/div><\/div><br \/>\n<div class=\"su-column su-column-size-1-4\"><div class=\"su-column-inner su-u-clearfix su-u-trim\"><img loading=\"lazy\" decoding=\"async\" width=\"218\" height=\"146\" class=\"alignnone size-full wp-image-3947\" src=\"http:\/\/emergingmanagers.ca\/wp-content\/uploads\/2015\/04\/FinLogik-Logo.jpg\" alt=\"FinLogik Logo\"  \/><\/div><\/div><\/div>\n","protected":false},"featured_media":0,"template":"","meta":{"_acf_changed":false,"_et_pb_use_builder":"","_et_pb_old_content":"","_et_gb_content_width":"","_monsterinsights_skip_tracking":false,"_monsterinsights_sitenote_active":false,"_monsterinsights_sitenote_note":"","_monsterinsights_sitenote_category":0},"product_brand":[],"product_cat":[209],"product_tag":[],"class_list":{"0":"post-3954","1":"product","2":"type-product","3":"status-publish","5":"product_cat-uncategorized","7":"first","8":"instock","9":"virtual","10":"sold-individually","11":"taxable","12":"product-type-simple"},"acf":[],"yoast_head":"<!-- This site is optimized with the Yoast SEO plugin v27.2 - https:\/\/yoast.com\/product\/yoast-seo-wordpress\/ -->\n<title>Cocktail Annuel du Conseil des Gestionnaires en \u00c9mergence (Members) - CGE-EMB<\/title>\n<meta name=\"robots\" content=\"noindex, follow\" \/>\n<meta property=\"og:locale\" content=\"fr_FR\" \/>\n<meta property=\"og:type\" content=\"article\" \/>\n<meta property=\"og:title\" content=\"Cocktail Annuel du Conseil des Gestionnaires en \u00c9mergence (Members) - CGE-EMB\" \/>\n<meta property=\"og:description\" content=\"Chers membres de la communaut\u00e9 financi\u00e8re,  Vous \u00eates cordialement invit\u00e9s\u00a0au cocktail annuel du Conseil des Gestionnaires en \u00c9mergence (CGE).  Lors du cocktail, Vital Proulx et St\u00e9phane Corriveau vous feront part des initiatives prises par le chantier entrepreneuriat de Finance Montr\u00e9al pour faciliter l\u2019appui \u00e0 la nouvelle g\u00e9n\u00e9ration d\u2019entrepreneurs en gestion de portefeuilles d\u2019ici.  Votre pr\u00e9sence aide le CGE \u00e0 tisser des liens entre les membres de notre communaut\u00e9 financi\u00e8re afin de transformer notre \u00e9cosyst\u00e8me financier en une plaque tournante pour les gestionnaires en \u00e9mergence.  Je vous remercie \u00e0 l\u2019avance de votre participation.  Genevi\u00e8ve Blouin CFA, CMT, Pr\u00e9sidente CGE  L&#039;\u00e9v\u00e9nement aura lieu \u00e0 la date, l&#039;heure et le lieu ci-dessous :    Afin de r\u00e9server votre place, veuillez remplir et soummettre le formulaire suivant:  [formcraft id=9]  Merci \u00e0 nos commanditaires,  Thanks to our sponsors...  &nbsp;\" \/>\n<meta property=\"og:url\" content=\"https:\/\/emergingmanagers.ca\/fr\/produit\/cocktail-members-2015\/\" \/>\n<meta property=\"og:site_name\" content=\"CGE-EMB\" \/>\n<meta property=\"article:modified_time\" content=\"2016-12-23T23:06:41+00:00\" \/>\n<script type=\"application\/ld+json\" class=\"yoast-schema-graph\">{\"@context\":\"https:\/\/schema.org\",\"@graph\":[{\"@type\":\"WebPage\",\"@id\":\"https:\/\/emergingmanagers.ca\/fr\/produit\/cocktail-members-2015\/\",\"url\":\"https:\/\/emergingmanagers.ca\/fr\/produit\/cocktail-members-2015\/\",\"name\":\"Cocktail Annuel du Conseil des Gestionnaires en \u00c9mergence (Members) - CGE-EMB\",\"isPartOf\":{\"@id\":\"https:\/\/emergingmanagers.ca\/#website\"},\"datePublished\":\"2015-04-01T17:26:37+00:00\",\"dateModified\":\"2016-12-23T23:06:41+00:00\",\"breadcrumb\":{\"@id\":\"https:\/\/emergingmanagers.ca\/fr\/produit\/cocktail-members-2015\/#breadcrumb\"},\"inLanguage\":\"fr-FR\",\"potentialAction\":[{\"@type\":\"ReadAction\",\"target\":[\"https:\/\/emergingmanagers.ca\/fr\/produit\/cocktail-members-2015\/\"]}]},{\"@type\":\"BreadcrumbList\",\"@id\":\"https:\/\/emergingmanagers.ca\/fr\/produit\/cocktail-members-2015\/#breadcrumb\",\"itemListElement\":[{\"@type\":\"ListItem\",\"position\":1,\"name\":\"Home\",\"item\":\"https:\/\/emergingmanagers.ca\/\"},{\"@type\":\"ListItem\",\"position\":2,\"name\":\"Products\",\"item\":\"https:\/\/emergingmanagers.ca\/shop\/\"},{\"@type\":\"ListItem\",\"position\":3,\"name\":\"Cocktail Annuel du Conseil des Gestionnaires en \u00c9mergence (Members)\"}]},{\"@type\":\"WebSite\",\"@id\":\"https:\/\/emergingmanagers.ca\/#website\",\"url\":\"https:\/\/emergingmanagers.ca\/\",\"name\":\"CGE-EMB\",\"description\":\"Conseil des Gestionnaires Emergents | Emerging Managers Board\",\"potentialAction\":[{\"@type\":\"SearchAction\",\"target\":{\"@type\":\"EntryPoint\",\"urlTemplate\":\"https:\/\/emergingmanagers.ca\/?s={search_term_string}\"},\"query-input\":{\"@type\":\"PropertyValueSpecification\",\"valueRequired\":true,\"valueName\":\"search_term_string\"}}],\"inLanguage\":\"fr-FR\"}]}<\/script>\n<!-- \/ Yoast SEO plugin. -->","yoast_head_json":{"title":"Cocktail Annuel du Conseil des Gestionnaires en \u00c9mergence (Members) - CGE-EMB","robots":{"index":"noindex","follow":"follow"},"og_locale":"fr_FR","og_type":"article","og_title":"Cocktail Annuel du Conseil des Gestionnaires en \u00c9mergence (Members) - CGE-EMB","og_description":"Chers membres de la communaut\u00e9 financi\u00e8re,  Vous \u00eates cordialement invit\u00e9s\u00a0au cocktail annuel du Conseil des Gestionnaires en \u00c9mergence (CGE).  Lors du cocktail, Vital Proulx et St\u00e9phane Corriveau vous feront part des initiatives prises par le chantier entrepreneuriat de Finance Montr\u00e9al pour faciliter l\u2019appui \u00e0 la nouvelle g\u00e9n\u00e9ration d\u2019entrepreneurs en gestion de portefeuilles d\u2019ici.  Votre pr\u00e9sence aide le CGE \u00e0 tisser des liens entre les membres de notre communaut\u00e9 financi\u00e8re afin de transformer notre \u00e9cosyst\u00e8me financier en une plaque tournante pour les gestionnaires en \u00e9mergence.  Je vous remercie \u00e0 l\u2019avance de votre participation.  Genevi\u00e8ve Blouin CFA, CMT, Pr\u00e9sidente CGE  L&#039;\u00e9v\u00e9nement aura lieu \u00e0 la date, l&#039;heure et le lieu ci-dessous :    Afin de r\u00e9server votre place, veuillez remplir et soummettre le formulaire suivant:  [formcraft id=9]  Merci \u00e0 nos commanditaires,  Thanks to our sponsors...  &nbsp;","og_url":"https:\/\/emergingmanagers.ca\/fr\/produit\/cocktail-members-2015\/","og_site_name":"CGE-EMB","article_modified_time":"2016-12-23T23:06:41+00:00","schema":{"@context":"https:\/\/schema.org","@graph":[{"@type":"WebPage","@id":"https:\/\/emergingmanagers.ca\/fr\/produit\/cocktail-members-2015\/","url":"https:\/\/emergingmanagers.ca\/fr\/produit\/cocktail-members-2015\/","name":"Cocktail Annuel du Conseil des Gestionnaires en \u00c9mergence (Members) - CGE-EMB","isPartOf":{"@id":"https:\/\/emergingmanagers.ca\/#website"},"datePublished":"2015-04-01T17:26:37+00:00","dateModified":"2016-12-23T23:06:41+00:00","breadcrumb":{"@id":"https:\/\/emergingmanagers.ca\/fr\/produit\/cocktail-members-2015\/#breadcrumb"},"inLanguage":"fr-FR","potentialAction":[{"@type":"ReadAction","target":["https:\/\/emergingmanagers.ca\/fr\/produit\/cocktail-members-2015\/"]}]},{"@type":"BreadcrumbList","@id":"https:\/\/emergingmanagers.ca\/fr\/produit\/cocktail-members-2015\/#breadcrumb","itemListElement":[{"@type":"ListItem","position":1,"name":"Home","item":"https:\/\/emergingmanagers.ca\/"},{"@type":"ListItem","position":2,"name":"Products","item":"https:\/\/emergingmanagers.ca\/shop\/"},{"@type":"ListItem","position":3,"name":"Cocktail Annuel du Conseil des Gestionnaires en \u00c9mergence (Members)"}]},{"@type":"WebSite","@id":"https:\/\/emergingmanagers.ca\/#website","url":"https:\/\/emergingmanagers.ca\/","name":"CGE-EMB","description":"Conseil des Gestionnaires Emergents | Emerging Managers Board","potentialAction":[{"@type":"SearchAction","target":{"@type":"EntryPoint","urlTemplate":"https:\/\/emergingmanagers.ca\/?s={search_term_string}"},"query-input":{"@type":"PropertyValueSpecification","valueRequired":true,"valueName":"search_term_string"}}],"inLanguage":"fr-FR"}]}},"_links":{"self":[{"href":"https:\/\/emergingmanagers.ca\/fr\/wp-json\/wp\/v2\/product\/3954","targetHints":{"allow":["GET"]}}],"collection":[{"href":"https:\/\/emergingmanagers.ca\/fr\/wp-json\/wp\/v2\/product"}],"about":[{"href":"https:\/\/emergingmanagers.ca\/fr\/wp-json\/wp\/v2\/types\/product"}],"wp:attachment":[{"href":"https:\/\/emergingmanagers.ca\/fr\/wp-json\/wp\/v2\/media?parent=3954"}],"wp:term":[{"taxonomy":"product_brand","embeddable":true,"href":"https:\/\/emergingmanagers.ca\/fr\/wp-json\/wp\/v2\/product_brand?post=3954"},{"taxonomy":"product_cat","embeddable":true,"href":"https:\/\/emergingmanagers.ca\/fr\/wp-json\/wp\/v2\/product_cat?post=3954"},{"taxonomy":"product_tag","embeddable":true,"href":"https:\/\/emergingmanagers.ca\/fr\/wp-json\/wp\/v2\/product_tag?post=3954"}],"curies":[{"name":"wp","href":"https:\/\/api.w.org\/{rel}","templated":true}]}}