{"id":3941,"date":"2015-03-31T22:18:08","date_gmt":"2015-04-01T03:48:08","guid":{"rendered":"http:\/\/emergingmanagers.ca\/?post_type=product&#038;p=3941"},"modified":"2016-05-27T10:28:57","modified_gmt":"2016-05-27T15:58:57","slug":"cocktail-annuel","status":"publish","type":"product","link":"https:\/\/emergingmanagers.ca\/fr\/produit\/cocktail-annuel\/","title":{"rendered":"Cocktail Annuel du Conseil des Gestionnaires en \u00c9mergence"},"content":{"rendered":"","protected":false},"excerpt":{"rendered":"<p>Chers membres de la communaut\u00e9 financi\u00e8re,<\/p>\n<p>Vous \u00eates cordialement invit\u00e9s\u00a0au cocktail annuel du Conseil des Gestionnaires en \u00c9mergence (CGE).<br \/>\nLors du cocktail, nous vous pr\u00e9senterons le projet de construction d\u2019un indice\u00a0de Gestionnaires en \u00c9mergence Qu\u00e9b\u00e9cois qui sera officiellement lanc\u00e9 en automne 2016 gr\u00e2ce \u00e0 l\u2019appui de Finance Montr\u00e9al et du CGE.<\/p>\n<p>Le CGE est convaincu que l\u2019\u00e9panouissement et la croissance de notre \u00e9cosyst\u00e8me financier d\u00e9pendent fortement de l\u2019implication des membres de sa communaut\u00e9. Venez en grand nombre tisser des liens avec la rel\u00e8ve entrepreneuriale en gestion d\u2019actifs et constater l\u2019impact qu\u2019a eu le support de la communaut\u00e9 au cours de la derni\u00e8re ann\u00e9e.<\/p>\n<p>Je vous remercie \u00e0 l\u2019avance de votre participation.<\/p>\n<p>Genevi\u00e8ve Blouin CFA, CMT, Pr\u00e9sidente CGE<\/p>\n<p>L&rsquo;\u00e9v\u00e9nement aura lieu \u00e0 la date, l&rsquo;heure et le lieu ci-dessous :<\/p>\n<div class=\"su-row\"><div class=\"su-column su-column-size-1-2\"><div class=\"su-column-inner su-u-clearfix su-u-trim\"><\/p>\n<p><strong>Jeudi 16 juin 2016 de 17:30 \u00e0 20:00<\/strong><\/p>\n<p><strong>Mus\u00e9e McCord<\/strong><\/p>\n<p><strong><a href=\"https:\/\/www.google.ca\/maps\/place\/690+Rue+Sherbrooke+O,+McGill+University,+Montr%C3%A9al,+QC+H3A+0B2\/@45.5038678,-73.5771171,16z\/data=!4m2!3m1!1s0x4cc91a465f3cbc53:0xda8224d3a9cf4e36\">690 Rue Sherbrooke O, Montr\u00e9al, QC H3A 1E9<\/a><\/strong><\/p>\n<p><strong>Admission: Gratuite<\/strong><\/p>\n<p><\/div><\/div><\/p>\n<p><div class=\"su-column su-column-size-1-2\"><div class=\"su-column-inner su-u-clearfix su-u-trim\"><div class=\"su-gmap su-u-responsive-media-yes\"><iframe loading=\"lazy\" width=\"700\" height=\"320\" src=\"\/\/maps.google.com\/maps?q=690%20Sherbrooke%20W%2C%20Montreal%2C%20QC%20H3A%201E9&amp;output=embed\" title=\"\"><\/iframe><\/div><\/div><\/div><\/div>\n<p>Afin de r\u00e9server votre place, veuillez remplir et soummettre le formulaire suivant:<br \/>\n[formcraft id=8]<\/p>\n<p><strong><em>Merci \u00e0 nos commanditaires,<\/em><\/strong><br \/>\n<strong> <em>Thanks to our sponsors&#8230;<\/em><\/strong><\/p>\n<p>&nbsp;<\/p>\n<h2 style=\"color: #3c3c3c; font-size: 51px; line-height: normal; font-weight: normal; font-family: 'swis721_th_btthin'; text-align: center; margin-bottom: 10px;\">Partenaires Principaux<\/h2>\n<p><img loading=\"lazy\" decoding=\"async\" class=\"alignnone size-full wp-image-3965\" src=\"http:\/\/emergingmanagers.ca\/wp-content\/uploads\/2015\/03\/Partenaires-CGE_.jpg\" alt=\"MailChimp Premium Sponsors\" width=\"1000\" height=\"160\" \/><a href=\"http:\/\/emergingmanagers.ca\/fr\/produit\/cocktail-annuel\/tmx-mx-fr-color-2\/\" rel=\"attachment wp-att-4763\"><img loading=\"lazy\" decoding=\"async\" class=\"alignnone  wp-image-4763\" src=\"http:\/\/emergingmanagers.ca\/wp-content\/uploads\/2015\/03\/TMX-MX-FR-Color-300x136.png\" alt=\"TMX MX-FR-Color\" width=\"194\" height=\"88\" srcset=\"https:\/\/emergingmanagers.ca\/wp-content\/uploads\/2015\/03\/TMX-MX-FR-Color-300x136.png 300w, https:\/\/emergingmanagers.ca\/wp-content\/uploads\/2015\/03\/TMX-MX-FR-Color-600x271.png 600w, https:\/\/emergingmanagers.ca\/wp-content\/uploads\/2015\/03\/TMX-MX-FR-Color-768x347.png 768w, https:\/\/emergingmanagers.ca\/wp-content\/uploads\/2015\/03\/TMX-MX-FR-Color-622x281.png 622w, https:\/\/emergingmanagers.ca\/wp-content\/uploads\/2015\/03\/TMX-MX-FR-Color.png 830w\" sizes=\"(max-width: 194px) 100vw, 194px\" \/><\/a><\/p>\n","protected":false},"featured_media":0,"template":"","meta":{"_acf_changed":false,"_et_pb_use_builder":"","_et_pb_old_content":"","_et_gb_content_width":"","_monsterinsights_skip_tracking":false,"_monsterinsights_sitenote_active":false,"_monsterinsights_sitenote_note":"","_monsterinsights_sitenote_category":0},"product_brand":[],"product_cat":[209],"product_tag":[],"class_list":{"0":"post-3941","1":"product","2":"type-product","3":"status-publish","5":"product_cat-uncategorized","7":"first","8":"instock","9":"sold-individually","10":"taxable","11":"shipping-taxable","12":"product-type-simple"},"acf":[],"yoast_head":"<!-- This site is optimized with the Yoast SEO plugin v27.2 - https:\/\/yoast.com\/product\/yoast-seo-wordpress\/ -->\n<title>Cocktail Annuel du Conseil des Gestionnaires en \u00c9mergence - CGE-EMB<\/title>\n<meta name=\"robots\" content=\"noindex, follow\" \/>\n<meta property=\"og:locale\" content=\"fr_FR\" \/>\n<meta property=\"og:type\" content=\"article\" \/>\n<meta property=\"og:title\" content=\"Cocktail Annuel du Conseil des Gestionnaires en \u00c9mergence - CGE-EMB\" \/>\n<meta property=\"og:description\" content=\"Chers membres de la communaut\u00e9 financi\u00e8re,  Vous \u00eates cordialement invit\u00e9s\u00a0au cocktail annuel du Conseil des Gestionnaires en \u00c9mergence (CGE). Lors du cocktail, nous vous pr\u00e9senterons le projet de construction d\u2019un indice\u00a0de Gestionnaires en \u00c9mergence Qu\u00e9b\u00e9cois qui sera officiellement lanc\u00e9 en automne 2016 gr\u00e2ce \u00e0 l\u2019appui de Finance Montr\u00e9al et du CGE.  Le CGE est convaincu que l\u2019\u00e9panouissement et la croissance de notre \u00e9cosyst\u00e8me financier d\u00e9pendent fortement de l\u2019implication des membres de sa communaut\u00e9. Venez en grand nombre tisser des liens avec la rel\u00e8ve entrepreneuriale en gestion d\u2019actifs et constater l\u2019impact qu\u2019a eu le support de la communaut\u00e9 au cours de la derni\u00e8re ann\u00e9e.  Je vous remercie \u00e0 l\u2019avance de votre participation.  Genevi\u00e8ve Blouin CFA, CMT, Pr\u00e9sidente CGE  L&#039;\u00e9v\u00e9nement aura lieu \u00e0 la date, l&#039;heure et le lieu ci-dessous :    Afin de r\u00e9server votre place, veuillez remplir et soummettre le formulaire suivant: [formcraft id=8]  Merci \u00e0 nos commanditaires,  Thanks to our sponsors...  &nbsp; Partenaires Principaux\" \/>\n<meta property=\"og:url\" content=\"https:\/\/emergingmanagers.ca\/fr\/produit\/cocktail-annuel\/\" \/>\n<meta property=\"og:site_name\" content=\"CGE-EMB\" \/>\n<meta property=\"article:modified_time\" content=\"2016-05-27T15:58:57+00:00\" \/>\n<script type=\"application\/ld+json\" class=\"yoast-schema-graph\">{\"@context\":\"https:\/\/schema.org\",\"@graph\":[{\"@type\":\"WebPage\",\"@id\":\"https:\/\/emergingmanagers.ca\/fr\/produit\/cocktail-annuel\/\",\"url\":\"https:\/\/emergingmanagers.ca\/fr\/produit\/cocktail-annuel\/\",\"name\":\"Cocktail Annuel du Conseil des Gestionnaires en \u00c9mergence - CGE-EMB\",\"isPartOf\":{\"@id\":\"https:\/\/emergingmanagers.ca\/#website\"},\"datePublished\":\"2015-04-01T03:48:08+00:00\",\"dateModified\":\"2016-05-27T15:58:57+00:00\",\"breadcrumb\":{\"@id\":\"https:\/\/emergingmanagers.ca\/fr\/produit\/cocktail-annuel\/#breadcrumb\"},\"inLanguage\":\"fr-FR\",\"potentialAction\":[{\"@type\":\"ReadAction\",\"target\":[\"https:\/\/emergingmanagers.ca\/fr\/produit\/cocktail-annuel\/\"]}]},{\"@type\":\"BreadcrumbList\",\"@id\":\"https:\/\/emergingmanagers.ca\/fr\/produit\/cocktail-annuel\/#breadcrumb\",\"itemListElement\":[{\"@type\":\"ListItem\",\"position\":1,\"name\":\"Home\",\"item\":\"https:\/\/emergingmanagers.ca\/\"},{\"@type\":\"ListItem\",\"position\":2,\"name\":\"Products\",\"item\":\"https:\/\/emergingmanagers.ca\/shop\/\"},{\"@type\":\"ListItem\",\"position\":3,\"name\":\"Cocktail Annuel du Conseil des Gestionnaires en \u00c9mergence\"}]},{\"@type\":\"WebSite\",\"@id\":\"https:\/\/emergingmanagers.ca\/#website\",\"url\":\"https:\/\/emergingmanagers.ca\/\",\"name\":\"CGE-EMB\",\"description\":\"Conseil des Gestionnaires Emergents | Emerging Managers Board\",\"potentialAction\":[{\"@type\":\"SearchAction\",\"target\":{\"@type\":\"EntryPoint\",\"urlTemplate\":\"https:\/\/emergingmanagers.ca\/?s={search_term_string}\"},\"query-input\":{\"@type\":\"PropertyValueSpecification\",\"valueRequired\":true,\"valueName\":\"search_term_string\"}}],\"inLanguage\":\"fr-FR\"}]}<\/script>\n<!-- \/ Yoast SEO plugin. -->","yoast_head_json":{"title":"Cocktail Annuel du Conseil des Gestionnaires en \u00c9mergence - CGE-EMB","robots":{"index":"noindex","follow":"follow"},"og_locale":"fr_FR","og_type":"article","og_title":"Cocktail Annuel du Conseil des Gestionnaires en \u00c9mergence - CGE-EMB","og_description":"Chers membres de la communaut\u00e9 financi\u00e8re,  Vous \u00eates cordialement invit\u00e9s\u00a0au cocktail annuel du Conseil des Gestionnaires en \u00c9mergence (CGE). Lors du cocktail, nous vous pr\u00e9senterons le projet de construction d\u2019un indice\u00a0de Gestionnaires en \u00c9mergence Qu\u00e9b\u00e9cois qui sera officiellement lanc\u00e9 en automne 2016 gr\u00e2ce \u00e0 l\u2019appui de Finance Montr\u00e9al et du CGE.  Le CGE est convaincu que l\u2019\u00e9panouissement et la croissance de notre \u00e9cosyst\u00e8me financier d\u00e9pendent fortement de l\u2019implication des membres de sa communaut\u00e9. Venez en grand nombre tisser des liens avec la rel\u00e8ve entrepreneuriale en gestion d\u2019actifs et constater l\u2019impact qu\u2019a eu le support de la communaut\u00e9 au cours de la derni\u00e8re ann\u00e9e.  Je vous remercie \u00e0 l\u2019avance de votre participation.  Genevi\u00e8ve Blouin CFA, CMT, Pr\u00e9sidente CGE  L'\u00e9v\u00e9nement aura lieu \u00e0 la date, l'heure et le lieu ci-dessous :    Afin de r\u00e9server votre place, veuillez remplir et soummettre le formulaire suivant: [formcraft id=8]  Merci \u00e0 nos commanditaires,  Thanks to our sponsors...  &nbsp; Partenaires Principaux","og_url":"https:\/\/emergingmanagers.ca\/fr\/produit\/cocktail-annuel\/","og_site_name":"CGE-EMB","article_modified_time":"2016-05-27T15:58:57+00:00","schema":{"@context":"https:\/\/schema.org","@graph":[{"@type":"WebPage","@id":"https:\/\/emergingmanagers.ca\/fr\/produit\/cocktail-annuel\/","url":"https:\/\/emergingmanagers.ca\/fr\/produit\/cocktail-annuel\/","name":"Cocktail Annuel du Conseil des Gestionnaires en \u00c9mergence - CGE-EMB","isPartOf":{"@id":"https:\/\/emergingmanagers.ca\/#website"},"datePublished":"2015-04-01T03:48:08+00:00","dateModified":"2016-05-27T15:58:57+00:00","breadcrumb":{"@id":"https:\/\/emergingmanagers.ca\/fr\/produit\/cocktail-annuel\/#breadcrumb"},"inLanguage":"fr-FR","potentialAction":[{"@type":"ReadAction","target":["https:\/\/emergingmanagers.ca\/fr\/produit\/cocktail-annuel\/"]}]},{"@type":"BreadcrumbList","@id":"https:\/\/emergingmanagers.ca\/fr\/produit\/cocktail-annuel\/#breadcrumb","itemListElement":[{"@type":"ListItem","position":1,"name":"Home","item":"https:\/\/emergingmanagers.ca\/"},{"@type":"ListItem","position":2,"name":"Products","item":"https:\/\/emergingmanagers.ca\/shop\/"},{"@type":"ListItem","position":3,"name":"Cocktail Annuel du Conseil des Gestionnaires en \u00c9mergence"}]},{"@type":"WebSite","@id":"https:\/\/emergingmanagers.ca\/#website","url":"https:\/\/emergingmanagers.ca\/","name":"CGE-EMB","description":"Conseil des Gestionnaires Emergents | Emerging Managers Board","potentialAction":[{"@type":"SearchAction","target":{"@type":"EntryPoint","urlTemplate":"https:\/\/emergingmanagers.ca\/?s={search_term_string}"},"query-input":{"@type":"PropertyValueSpecification","valueRequired":true,"valueName":"search_term_string"}}],"inLanguage":"fr-FR"}]}},"_links":{"self":[{"href":"https:\/\/emergingmanagers.ca\/fr\/wp-json\/wp\/v2\/product\/3941","targetHints":{"allow":["GET"]}}],"collection":[{"href":"https:\/\/emergingmanagers.ca\/fr\/wp-json\/wp\/v2\/product"}],"about":[{"href":"https:\/\/emergingmanagers.ca\/fr\/wp-json\/wp\/v2\/types\/product"}],"wp:attachment":[{"href":"https:\/\/emergingmanagers.ca\/fr\/wp-json\/wp\/v2\/media?parent=3941"}],"wp:term":[{"taxonomy":"product_brand","embeddable":true,"href":"https:\/\/emergingmanagers.ca\/fr\/wp-json\/wp\/v2\/product_brand?post=3941"},{"taxonomy":"product_cat","embeddable":true,"href":"https:\/\/emergingmanagers.ca\/fr\/wp-json\/wp\/v2\/product_cat?post=3941"},{"taxonomy":"product_tag","embeddable":true,"href":"https:\/\/emergingmanagers.ca\/fr\/wp-json\/wp\/v2\/product_tag?post=3941"}],"curies":[{"name":"wp","href":"https:\/\/api.w.org\/{rel}","templated":true}]}}