{"id":31622,"date":"2025-11-24T13:28:24","date_gmt":"2025-11-24T18:28:24","guid":{"rendered":"https:\/\/emergingmanagers.ca\/?post_type=product&#038;p=31622"},"modified":"2026-04-21T02:40:50","modified_gmt":"2026-04-21T06:40:50","slug":"renouvellement-annuel-2026","status":"publish","type":"product","link":"https:\/\/emergingmanagers.ca\/fr\/produit\/renouvellement-annuel-2026\/","title":{"rendered":"Renouvellement annuel 2026"},"content":{"rendered":"[et_pb_section fb_built=\u00a0\u00bb1&Prime; _builder_version=\u00a0\u00bb4.21.0&Prime; _module_preset=\u00a0\u00bbdefault\u00a0\u00bb global_colors_info=\u00a0\u00bb{}\u00a0\u00bb][\/et_pb_section][et_pb_section fb_built=\u00a0\u00bb1&Prime; _builder_version=\u00a0\u00bb4.16&Prime; custom_padding=\u00a0\u00bb0px||||false|false\u00a0\u00bb global_colors_info=\u00a0\u00bb{}\u00a0\u00bb][et_pb_row _builder_version=\u00a0\u00bb4.16&Prime; background_size=\u00a0\u00bbinitial\u00a0\u00bb background_position=\u00a0\u00bbtop_left\u00a0\u00bb background_repeat=\u00a0\u00bbrepeat\u00a0\u00bb width=\u00a0\u00bb100%\u00a0\u00bb custom_padding=\u00a0\u00bb0px||0px||false|false\u00a0\u00bb global_colors_info=\u00a0\u00bb{}\u00a0\u00bb][et_pb_column type=\u00a0\u00bb4_4&Prime; _builder_version=\u00a0\u00bb4.16&Prime; custom_padding=\u00a0\u00bb|||\u00a0\u00bb global_colors_info=\u00a0\u00bb{}\u00a0\u00bb custom_padding__hover=\u00a0\u00bb|||\u00a0\u00bb][et_pb_wc_cart_notice _builder_version=\u00a0\u00bb4.16&Prime; global_colors_info=\u00a0\u00bb{}\u00a0\u00bb][\/et_pb_wc_cart_notice][\/et_pb_column][\/et_pb_row][et_pb_row column_structure=\u00a0\u00bb1_2,1_2&Prime; _builder_version=\u00a0\u00bb4.16&Prime; background_size=\u00a0\u00bbinitial\u00a0\u00bb background_position=\u00a0\u00bbtop_left\u00a0\u00bb background_repeat=\u00a0\u00bbrepeat\u00a0\u00bb width=\u00a0\u00bb100%\u00a0\u00bb custom_padding=\u00a0\u00bb0px||||false|false\u00a0\u00bb global_colors_info=\u00a0\u00bb{}\u00a0\u00bb][et_pb_column type=\u00a0\u00bb1_2&Prime; _builder_version=\u00a0\u00bb4.16&Prime; custom_padding=\u00a0\u00bb|||\u00a0\u00bb global_colors_info=\u00a0\u00bb{}\u00a0\u00bb custom_padding__hover=\u00a0\u00bb|||\u00a0\u00bb][et_pb_wc_images show_product_gallery=\u00a0\u00bboff\u00a0\u00bb show_sale_badge=\u00a0\u00bboff\u00a0\u00bb _builder_version=\u00a0\u00bb4.21.0&Prime; global_colors_info=\u00a0\u00bb{}\u00a0\u00bb][\/et_pb_wc_images][\/et_pb_column][et_pb_column type=\u00a0\u00bb1_2&Prime; _builder_version=\u00a0\u00bb4.16&Prime; custom_padding=\u00a0\u00bb|||\u00a0\u00bb global_colors_info=\u00a0\u00bb{}\u00a0\u00bb custom_padding__hover=\u00a0\u00bb|||\u00a0\u00bb][et_pb_wc_title _builder_version=\u00a0\u00bb4.16&Prime; global_colors_info=\u00a0\u00bb{}\u00a0\u00bb][\/et_pb_wc_title][et_pb_wc_rating _builder_version=\u00a0\u00bb4.16&Prime; global_colors_info=\u00a0\u00bb{}\u00a0\u00bb][\/et_pb_wc_rating][et_pb_wc_description _builder_version=\u00a0\u00bb4.16&Prime; global_colors_info=\u00a0\u00bb{}\u00a0\u00bb][\/et_pb_wc_description][et_pb_wc_price _builder_version=\u00a0\u00bb4.16&Prime; global_colors_info=\u00a0\u00bb{}\u00a0\u00bb][\/et_pb_wc_price][et_pb_wc_add_to_cart _builder_version=\u00a0\u00bb4.16&Prime; global_colors_info=\u00a0\u00bb{}\u00a0\u00bb][\/et_pb_wc_add_to_cart][\/et_pb_column][\/et_pb_row][et_pb_row _builder_version=\u00a0\u00bb4.16&Prime; background_size=\u00a0\u00bbinitial\u00a0\u00bb background_position=\u00a0\u00bbtop_left\u00a0\u00bb background_repeat=\u00a0\u00bbrepeat\u00a0\u00bb width=\u00a0\u00bb100%\u00a0\u00bb global_colors_info=\u00a0\u00bb{}\u00a0\u00bb][et_pb_column type=\u00a0\u00bb4_4&Prime; _builder_version=\u00a0\u00bb4.16&Prime; custom_padding=\u00a0\u00bb|||\u00a0\u00bb global_colors_info=\u00a0\u00bb{}\u00a0\u00bb custom_padding__hover=\u00a0\u00bb|||\u00a0\u00bb][et_pb_wc_tabs _builder_version=\u00a0\u00bb4.16&Prime; global_colors_info=\u00a0\u00bb{}\u00a0\u00bb]\t\t\t\t\t[\/et_pb_wc_tabs][\/et_pb_column][\/et_pb_row][\/et_pb_section]\n","protected":false},"excerpt":{"rendered":"<p>Veuillez cliquer sur le lien ci-dessous pour payer vos frais d&rsquo;adh\u00e9sion au Conseil des Gestionnaires en \u00c9mergence.<\/p>\n<p>Le paiement peut \u00eatre effectu\u00e9 par carte de cr\u00e9dit. Une fois le paiement effectu\u00e9, vous recevrez un courriel confirmant votre adh\u00e9sion au CGE pour votre adh\u00e9sion 2026 ainsi qu\u2019un re\u00e7u.<\/p>\n<p>Si vous avez des questions, communiquez avec nous au info@emergingmanagers.ca<\/p>\n<p><strong>Cotisation pour la p\u00e9riode du 1er janvier 2026 au 31 d\u00e9cembre 2026.<\/strong><\/p>\n","protected":false},"featured_media":26693,"template":"","meta":{"_acf_changed":false,"_et_pb_use_builder":"on","_et_pb_old_content":"Veuillez cliquer sur le lien ci-dessous pour payer votre cotisation annuelle. Le paiement peut \u00eatre effectu\u00e9 par carte de cr\u00e9dit. Une fois le paiement effectu\u00e9, vous recevrez un courriel confirmant votre adh\u00e9sion pour 2026 et un re\u00e7u. Si vous avez des questions, communiquez avec nous au info@emergingmanagers.ca. Cotisation annuelle au CGE pour la p\u00e9riode du 1er janvier 2026 au 31 d\u00e9cembre 2026.","_et_gb_content_width":"","_monsterinsights_skip_tracking":false,"_monsterinsights_sitenote_active":false,"_monsterinsights_sitenote_note":"","_monsterinsights_sitenote_category":0},"product_brand":[],"product_cat":[49,51],"product_tag":[],"class_list":{"0":"post-31622","1":"product","2":"type-product","3":"status-publish","4":"has-post-thumbnail","6":"product_cat-event-fr","7":"product_cat-membership-fr","9":"first","10":"instock","11":"virtual","12":"sold-individually","13":"taxable","14":"purchasable","15":"product-type-simple"},"acf":[],"yoast_head":"<!-- This site is optimized with the Yoast SEO plugin v27.2 - https:\/\/yoast.com\/product\/yoast-seo-wordpress\/ -->\n<title>Renouvellement annuel 2026 - CGE-EMB<\/title>\n<meta name=\"robots\" content=\"noindex, follow\" \/>\n<meta property=\"og:locale\" content=\"fr_FR\" \/>\n<meta property=\"og:type\" content=\"article\" \/>\n<meta property=\"og:title\" content=\"Renouvellement annuel 2026 - CGE-EMB\" \/>\n<meta property=\"og:description\" content=\"Veuillez cliquer sur le lien ci-dessous pour payer vos frais d&#039;adh\u00e9sion au Conseil des Gestionnaires en \u00c9mergence.  Le paiement peut \u00eatre effectu\u00e9 par carte de cr\u00e9dit. Une fois le paiement effectu\u00e9, vous recevrez un courriel confirmant votre adh\u00e9sion au CGE pour votre adh\u00e9sion 2026 ainsi qu\u2019un re\u00e7u.  Si vous avez des questions, communiquez avec nous au info@emergingmanagers.ca  Cotisation pour la p\u00e9riode du 1er janvier 2026 au 31 d\u00e9cembre 2026.\" \/>\n<meta property=\"og:url\" content=\"https:\/\/emergingmanagers.ca\/produit\/annual-membership-renewal-2026\/\" \/>\n<meta property=\"og:site_name\" content=\"CGE-EMB\" \/>\n<meta property=\"article:modified_time\" content=\"2026-04-21T06:40:50+00:00\" \/>\n<meta property=\"og:image\" content=\"https:\/\/emergingmanagers.ca\/wp-content\/uploads\/2022\/12\/Visuel-renouvellement-2.png\" \/>\n\t<meta property=\"og:image:width\" content=\"800\" \/>\n\t<meta property=\"og:image:height\" content=\"421\" \/>\n\t<meta property=\"og:image:type\" content=\"image\/png\" \/>\n<meta name=\"twitter:label1\" content=\"Dur\u00e9e de lecture estim\u00e9e\" \/>\n\t<meta name=\"twitter:data1\" content=\"1 minute\" \/>\n<script type=\"application\/ld+json\" class=\"yoast-schema-graph\">{\"@context\":\"https:\/\/schema.org\",\"@graph\":[{\"@type\":\"WebPage\",\"@id\":\"https:\/\/emergingmanagers.ca\/produit\/annual-membership-renewal-2026\/\",\"url\":\"https:\/\/emergingmanagers.ca\/produit\/annual-membership-renewal-2026\/\",\"name\":\"Renouvellement annuel 2026 - CGE-EMB\",\"isPartOf\":{\"@id\":\"https:\/\/emergingmanagers.ca\/#website\"},\"primaryImageOfPage\":{\"@id\":\"https:\/\/emergingmanagers.ca\/produit\/annual-membership-renewal-2026\/#primaryimage\"},\"image\":{\"@id\":\"https:\/\/emergingmanagers.ca\/produit\/annual-membership-renewal-2026\/#primaryimage\"},\"thumbnailUrl\":\"https:\/\/emergingmanagers.ca\/wp-content\/uploads\/2022\/12\/Visuel-renouvellement-2.png\",\"datePublished\":\"2025-11-24T18:28:24+00:00\",\"dateModified\":\"2026-04-21T06:40:50+00:00\",\"breadcrumb\":{\"@id\":\"https:\/\/emergingmanagers.ca\/produit\/annual-membership-renewal-2026\/#breadcrumb\"},\"inLanguage\":\"fr-FR\",\"potentialAction\":[{\"@type\":\"ReadAction\",\"target\":[\"https:\/\/emergingmanagers.ca\/produit\/annual-membership-renewal-2026\/\"]}]},{\"@type\":\"ImageObject\",\"inLanguage\":\"fr-FR\",\"@id\":\"https:\/\/emergingmanagers.ca\/produit\/annual-membership-renewal-2026\/#primaryimage\",\"url\":\"https:\/\/emergingmanagers.ca\/wp-content\/uploads\/2022\/12\/Visuel-renouvellement-2.png\",\"contentUrl\":\"https:\/\/emergingmanagers.ca\/wp-content\/uploads\/2022\/12\/Visuel-renouvellement-2.png\",\"width\":800,\"height\":421},{\"@type\":\"BreadcrumbList\",\"@id\":\"https:\/\/emergingmanagers.ca\/produit\/annual-membership-renewal-2026\/#breadcrumb\",\"itemListElement\":[{\"@type\":\"ListItem\",\"position\":1,\"name\":\"Home\",\"item\":\"https:\/\/emergingmanagers.ca\/\"},{\"@type\":\"ListItem\",\"position\":2,\"name\":\"Products\",\"item\":\"https:\/\/emergingmanagers.ca\/shop\/\"},{\"@type\":\"ListItem\",\"position\":3,\"name\":\"Renouvellement annuel 2026\"}]},{\"@type\":\"WebSite\",\"@id\":\"https:\/\/emergingmanagers.ca\/#website\",\"url\":\"https:\/\/emergingmanagers.ca\/\",\"name\":\"CGE-EMB\",\"description\":\"Conseil des Gestionnaires Emergents | Emerging Managers Board\",\"potentialAction\":[{\"@type\":\"SearchAction\",\"target\":{\"@type\":\"EntryPoint\",\"urlTemplate\":\"https:\/\/emergingmanagers.ca\/?s={search_term_string}\"},\"query-input\":{\"@type\":\"PropertyValueSpecification\",\"valueRequired\":true,\"valueName\":\"search_term_string\"}}],\"inLanguage\":\"fr-FR\"}]}<\/script>\n<!-- \/ Yoast SEO plugin. -->","yoast_head_json":{"title":"Renouvellement annuel 2026 - CGE-EMB","robots":{"index":"noindex","follow":"follow"},"og_locale":"fr_FR","og_type":"article","og_title":"Renouvellement annuel 2026 - CGE-EMB","og_description":"Veuillez cliquer sur le lien ci-dessous pour payer vos frais d'adh\u00e9sion au Conseil des Gestionnaires en \u00c9mergence.  Le paiement peut \u00eatre effectu\u00e9 par carte de cr\u00e9dit. Une fois le paiement effectu\u00e9, vous recevrez un courriel confirmant votre adh\u00e9sion au CGE pour votre adh\u00e9sion 2026 ainsi qu\u2019un re\u00e7u.  Si vous avez des questions, communiquez avec nous au info@emergingmanagers.ca  Cotisation pour la p\u00e9riode du 1er janvier 2026 au 31 d\u00e9cembre 2026.","og_url":"https:\/\/emergingmanagers.ca\/produit\/annual-membership-renewal-2026\/","og_site_name":"CGE-EMB","article_modified_time":"2026-04-21T06:40:50+00:00","og_image":[{"width":800,"height":421,"url":"https:\/\/emergingmanagers.ca\/wp-content\/uploads\/2022\/12\/Visuel-renouvellement-2.png","type":"image\/png"}],"twitter_misc":{"Dur\u00e9e de lecture estim\u00e9e":"1 minute"},"schema":{"@context":"https:\/\/schema.org","@graph":[{"@type":"WebPage","@id":"https:\/\/emergingmanagers.ca\/produit\/annual-membership-renewal-2026\/","url":"https:\/\/emergingmanagers.ca\/produit\/annual-membership-renewal-2026\/","name":"Renouvellement annuel 2026 - CGE-EMB","isPartOf":{"@id":"https:\/\/emergingmanagers.ca\/#website"},"primaryImageOfPage":{"@id":"https:\/\/emergingmanagers.ca\/produit\/annual-membership-renewal-2026\/#primaryimage"},"image":{"@id":"https:\/\/emergingmanagers.ca\/produit\/annual-membership-renewal-2026\/#primaryimage"},"thumbnailUrl":"https:\/\/emergingmanagers.ca\/wp-content\/uploads\/2022\/12\/Visuel-renouvellement-2.png","datePublished":"2025-11-24T18:28:24+00:00","dateModified":"2026-04-21T06:40:50+00:00","breadcrumb":{"@id":"https:\/\/emergingmanagers.ca\/produit\/annual-membership-renewal-2026\/#breadcrumb"},"inLanguage":"fr-FR","potentialAction":[{"@type":"ReadAction","target":["https:\/\/emergingmanagers.ca\/produit\/annual-membership-renewal-2026\/"]}]},{"@type":"ImageObject","inLanguage":"fr-FR","@id":"https:\/\/emergingmanagers.ca\/produit\/annual-membership-renewal-2026\/#primaryimage","url":"https:\/\/emergingmanagers.ca\/wp-content\/uploads\/2022\/12\/Visuel-renouvellement-2.png","contentUrl":"https:\/\/emergingmanagers.ca\/wp-content\/uploads\/2022\/12\/Visuel-renouvellement-2.png","width":800,"height":421},{"@type":"BreadcrumbList","@id":"https:\/\/emergingmanagers.ca\/produit\/annual-membership-renewal-2026\/#breadcrumb","itemListElement":[{"@type":"ListItem","position":1,"name":"Home","item":"https:\/\/emergingmanagers.ca\/"},{"@type":"ListItem","position":2,"name":"Products","item":"https:\/\/emergingmanagers.ca\/shop\/"},{"@type":"ListItem","position":3,"name":"Renouvellement annuel 2026"}]},{"@type":"WebSite","@id":"https:\/\/emergingmanagers.ca\/#website","url":"https:\/\/emergingmanagers.ca\/","name":"CGE-EMB","description":"Conseil des Gestionnaires Emergents | Emerging Managers Board","potentialAction":[{"@type":"SearchAction","target":{"@type":"EntryPoint","urlTemplate":"https:\/\/emergingmanagers.ca\/?s={search_term_string}"},"query-input":{"@type":"PropertyValueSpecification","valueRequired":true,"valueName":"search_term_string"}}],"inLanguage":"fr-FR"}]}},"_links":{"self":[{"href":"https:\/\/emergingmanagers.ca\/fr\/wp-json\/wp\/v2\/product\/31622","targetHints":{"allow":["GET"]}}],"collection":[{"href":"https:\/\/emergingmanagers.ca\/fr\/wp-json\/wp\/v2\/product"}],"about":[{"href":"https:\/\/emergingmanagers.ca\/fr\/wp-json\/wp\/v2\/types\/product"}],"wp:featuredmedia":[{"embeddable":true,"href":"https:\/\/emergingmanagers.ca\/fr\/wp-json\/wp\/v2\/media\/26693"}],"wp:attachment":[{"href":"https:\/\/emergingmanagers.ca\/fr\/wp-json\/wp\/v2\/media?parent=31622"}],"wp:term":[{"taxonomy":"product_brand","embeddable":true,"href":"https:\/\/emergingmanagers.ca\/fr\/wp-json\/wp\/v2\/product_brand?post=31622"},{"taxonomy":"product_cat","embeddable":true,"href":"https:\/\/emergingmanagers.ca\/fr\/wp-json\/wp\/v2\/product_cat?post=31622"},{"taxonomy":"product_tag","embeddable":true,"href":"https:\/\/emergingmanagers.ca\/fr\/wp-json\/wp\/v2\/product_tag?post=31622"}],"curies":[{"name":"wp","href":"https:\/\/api.w.org\/{rel}","templated":true}]}}