{"id":30764,"date":"2025-09-03T15:10:47","date_gmt":"2025-09-06T19:36:08","guid":{"rendered":"https:\/\/emergingmanagers.ca\/?post_type=product&#038;p=30764"},"modified":"2025-09-06T15:36:10","modified_gmt":"2025-09-06T19:36:10","slug":"cap-intro-de-montreal-membres","status":"publish","type":"product","link":"https:\/\/emergingmanagers.ca\/fr\/produit\/cap-intro-de-montreal-membres\/","title":{"rendered":"CAP INTRO de Montr\u00e9al (membres)"},"content":{"rendered":"","protected":false},"excerpt":{"rendered":"<p>Un \u00e9v\u00e9nement qui facilitera les liens entre les institutions, les investisseurs, et les principaux gestionnaires de fonds.<\/p>\n<p>De plus, le Cap Intro du CGE accueillera quelques conf\u00e9renciers et en plus de rencontre individuelle de type <em>One on one meeting<\/em>. Un moyen rapide et efficace de se faire connaitre par diff\u00e9rents allocateurs d\u2019actif.<\/p>\n<p>L&rsquo;\u00e9v\u00e9nement aura lieu \u00e0 la date, l&rsquo;heure et le lieu ci-dessous :<\/p>\n<p><strong>Date:<\/strong>\u00a0 6 novembre, 2025<\/p>\n<p><strong>Location:<\/strong> Club Saint-James de Montr\u00e9al, 1145 Avenue Union, Montr\u00e9al<\/p>\n<p><strong>Prix:<\/strong> $300par firme membre<\/p>\n<p>POUR PARTICIPER aux RENCONTRES individuelles, vous devez remplir et renvoyer votre formulaire <span style=\"color: #993300;\"><strong>avant le 10 octobre<\/strong><\/span> \u00e0 l&rsquo;adresse info@emergingmanagers.ca.<\/p>\n<p style=\"text-align: center;\"><a href=\"https:\/\/emergingmanagers.ca\/wp-content\/uploads\/2025\/09\/Manager-factsheet-MTL-Cap-Intro-November-2025.xlsx\" target=\"_blank\" rel=\"noopener\"><span style=\"background-color: #4485b8; color: #fff; display: inline-block; padding: 10px 45px; font-weight: bold; border-radius: 10px;\">REMPLISSER LE FORMULAIRE<\/span><\/a><\/p>\n","protected":false},"featured_media":30757,"template":"","meta":{"_acf_changed":false,"_et_pb_use_builder":"","_et_pb_old_content":"","_et_gb_content_width":"","_monsterinsights_skip_tracking":false,"_monsterinsights_sitenote_active":false,"_monsterinsights_sitenote_note":"","_monsterinsights_sitenote_category":0},"product_brand":[],"product_cat":[49,210],"product_tag":[],"class_list":{"0":"post-30764","1":"product","2":"type-product","3":"status-publish","4":"has-post-thumbnail","6":"product_cat-event-fr","7":"product_cat-non-classifiee","9":"first","10":"instock","11":"sold-individually","12":"taxable","13":"shipping-taxable","14":"purchasable","15":"product-type-simple"},"acf":[],"yoast_head":"<!-- This site is optimized with the Yoast SEO plugin v27.2 - https:\/\/yoast.com\/product\/yoast-seo-wordpress\/ -->\n<title>CAP INTRO de Montr\u00e9al (membres) - CGE-EMB<\/title>\n<meta name=\"robots\" content=\"noindex, follow\" \/>\n<meta property=\"og:locale\" content=\"fr_FR\" \/>\n<meta property=\"og:type\" content=\"article\" \/>\n<meta property=\"og:title\" content=\"CAP INTRO de Montr\u00e9al (membres) - CGE-EMB\" \/>\n<meta property=\"og:description\" content=\"Un \u00e9v\u00e9nement qui facilitera les liens entre les institutions, les investisseurs, et les principaux gestionnaires de fonds.  De plus, le Cap Intro du CGE accueillera quelques conf\u00e9renciers et en plus de rencontre individuelle de type One on one meeting. Un moyen rapide et efficace de se faire connaitre par diff\u00e9rents allocateurs d\u2019actif.  L&#039;\u00e9v\u00e9nement aura lieu \u00e0 la date, l&#039;heure et le lieu ci-dessous :  Date:\u00a0 6 novembre, 2025  Location: Club Saint-James de Montr\u00e9al, 1145 Avenue Union, Montr\u00e9al  Prix: $300par firme membre  POUR PARTICIPER aux RENCONTRES individuelles, vous devez remplir et renvoyer votre formulaire avant le 10 octobre \u00e0 l&#039;adresse info@emergingmanagers.ca. REMPLISSER LE FORMULAIRE\" \/>\n<meta property=\"og:url\" content=\"https:\/\/emergingmanagers.ca\/fr\/produit\/cap-intro-de-montreal-membres\/\" \/>\n<meta property=\"og:site_name\" content=\"CGE-EMB\" \/>\n<meta property=\"article:modified_time\" content=\"2025-09-06T19:36:10+00:00\" \/>\n<meta property=\"og:image\" content=\"https:\/\/emergingmanagers.ca\/wp-content\/uploads\/2025\/09\/CAP-INTRO-FR.png\" \/>\n\t<meta property=\"og:image:width\" content=\"1200\" \/>\n\t<meta property=\"og:image:height\" content=\"850\" \/>\n\t<meta property=\"og:image:type\" content=\"image\/png\" \/>\n<meta name=\"twitter:label1\" content=\"Dur\u00e9e de lecture estim\u00e9e\" \/>\n\t<meta name=\"twitter:data1\" content=\"1 minute\" \/>\n<script type=\"application\/ld+json\" class=\"yoast-schema-graph\">{\"@context\":\"https:\/\/schema.org\",\"@graph\":[{\"@type\":\"WebPage\",\"@id\":\"https:\/\/emergingmanagers.ca\/fr\/produit\/cap-intro-de-montreal-membres\/\",\"url\":\"https:\/\/emergingmanagers.ca\/fr\/produit\/cap-intro-de-montreal-membres\/\",\"name\":\"CAP INTRO de Montr\u00e9al (membres) - CGE-EMB\",\"isPartOf\":{\"@id\":\"https:\/\/emergingmanagers.ca\/#website\"},\"primaryImageOfPage\":{\"@id\":\"https:\/\/emergingmanagers.ca\/fr\/produit\/cap-intro-de-montreal-membres\/#primaryimage\"},\"image\":{\"@id\":\"https:\/\/emergingmanagers.ca\/fr\/produit\/cap-intro-de-montreal-membres\/#primaryimage\"},\"thumbnailUrl\":\"https:\/\/emergingmanagers.ca\/wp-content\/uploads\/2025\/09\/CAP-INTRO-FR.png\",\"datePublished\":\"2025-09-06T19:36:08+00:00\",\"dateModified\":\"2025-09-06T19:36:10+00:00\",\"breadcrumb\":{\"@id\":\"https:\/\/emergingmanagers.ca\/fr\/produit\/cap-intro-de-montreal-membres\/#breadcrumb\"},\"inLanguage\":\"fr-FR\",\"potentialAction\":[{\"@type\":\"ReadAction\",\"target\":[\"https:\/\/emergingmanagers.ca\/fr\/produit\/cap-intro-de-montreal-membres\/\"]}]},{\"@type\":\"ImageObject\",\"inLanguage\":\"fr-FR\",\"@id\":\"https:\/\/emergingmanagers.ca\/fr\/produit\/cap-intro-de-montreal-membres\/#primaryimage\",\"url\":\"https:\/\/emergingmanagers.ca\/wp-content\/uploads\/2025\/09\/CAP-INTRO-FR.png\",\"contentUrl\":\"https:\/\/emergingmanagers.ca\/wp-content\/uploads\/2025\/09\/CAP-INTRO-FR.png\",\"width\":1200,\"height\":850},{\"@type\":\"BreadcrumbList\",\"@id\":\"https:\/\/emergingmanagers.ca\/fr\/produit\/cap-intro-de-montreal-membres\/#breadcrumb\",\"itemListElement\":[{\"@type\":\"ListItem\",\"position\":1,\"name\":\"Home\",\"item\":\"https:\/\/emergingmanagers.ca\/\"},{\"@type\":\"ListItem\",\"position\":2,\"name\":\"Products\",\"item\":\"https:\/\/emergingmanagers.ca\/shop\/\"},{\"@type\":\"ListItem\",\"position\":3,\"name\":\"CAP INTRO de Montr\u00e9al (membres)\"}]},{\"@type\":\"WebSite\",\"@id\":\"https:\/\/emergingmanagers.ca\/#website\",\"url\":\"https:\/\/emergingmanagers.ca\/\",\"name\":\"CGE-EMB\",\"description\":\"Conseil des Gestionnaires Emergents | Emerging Managers Board\",\"potentialAction\":[{\"@type\":\"SearchAction\",\"target\":{\"@type\":\"EntryPoint\",\"urlTemplate\":\"https:\/\/emergingmanagers.ca\/?s={search_term_string}\"},\"query-input\":{\"@type\":\"PropertyValueSpecification\",\"valueRequired\":true,\"valueName\":\"search_term_string\"}}],\"inLanguage\":\"fr-FR\"}]}<\/script>\n<!-- \/ Yoast SEO plugin. -->","yoast_head_json":{"title":"CAP INTRO de Montr\u00e9al (membres) - CGE-EMB","robots":{"index":"noindex","follow":"follow"},"og_locale":"fr_FR","og_type":"article","og_title":"CAP INTRO de Montr\u00e9al (membres) - CGE-EMB","og_description":"Un \u00e9v\u00e9nement qui facilitera les liens entre les institutions, les investisseurs, et les principaux gestionnaires de fonds.  De plus, le Cap Intro du CGE accueillera quelques conf\u00e9renciers et en plus de rencontre individuelle de type One on one meeting. Un moyen rapide et efficace de se faire connaitre par diff\u00e9rents allocateurs d\u2019actif.  L'\u00e9v\u00e9nement aura lieu \u00e0 la date, l'heure et le lieu ci-dessous :  Date:\u00a0 6 novembre, 2025  Location: Club Saint-James de Montr\u00e9al, 1145 Avenue Union, Montr\u00e9al  Prix: $300par firme membre  POUR PARTICIPER aux RENCONTRES individuelles, vous devez remplir et renvoyer votre formulaire avant le 10 octobre \u00e0 l'adresse info@emergingmanagers.ca. REMPLISSER LE FORMULAIRE","og_url":"https:\/\/emergingmanagers.ca\/fr\/produit\/cap-intro-de-montreal-membres\/","og_site_name":"CGE-EMB","article_modified_time":"2025-09-06T19:36:10+00:00","og_image":[{"width":1200,"height":850,"url":"https:\/\/emergingmanagers.ca\/wp-content\/uploads\/2025\/09\/CAP-INTRO-FR.png","type":"image\/png"}],"twitter_misc":{"Dur\u00e9e de lecture estim\u00e9e":"1 minute"},"schema":{"@context":"https:\/\/schema.org","@graph":[{"@type":"WebPage","@id":"https:\/\/emergingmanagers.ca\/fr\/produit\/cap-intro-de-montreal-membres\/","url":"https:\/\/emergingmanagers.ca\/fr\/produit\/cap-intro-de-montreal-membres\/","name":"CAP INTRO de Montr\u00e9al (membres) - CGE-EMB","isPartOf":{"@id":"https:\/\/emergingmanagers.ca\/#website"},"primaryImageOfPage":{"@id":"https:\/\/emergingmanagers.ca\/fr\/produit\/cap-intro-de-montreal-membres\/#primaryimage"},"image":{"@id":"https:\/\/emergingmanagers.ca\/fr\/produit\/cap-intro-de-montreal-membres\/#primaryimage"},"thumbnailUrl":"https:\/\/emergingmanagers.ca\/wp-content\/uploads\/2025\/09\/CAP-INTRO-FR.png","datePublished":"2025-09-06T19:36:08+00:00","dateModified":"2025-09-06T19:36:10+00:00","breadcrumb":{"@id":"https:\/\/emergingmanagers.ca\/fr\/produit\/cap-intro-de-montreal-membres\/#breadcrumb"},"inLanguage":"fr-FR","potentialAction":[{"@type":"ReadAction","target":["https:\/\/emergingmanagers.ca\/fr\/produit\/cap-intro-de-montreal-membres\/"]}]},{"@type":"ImageObject","inLanguage":"fr-FR","@id":"https:\/\/emergingmanagers.ca\/fr\/produit\/cap-intro-de-montreal-membres\/#primaryimage","url":"https:\/\/emergingmanagers.ca\/wp-content\/uploads\/2025\/09\/CAP-INTRO-FR.png","contentUrl":"https:\/\/emergingmanagers.ca\/wp-content\/uploads\/2025\/09\/CAP-INTRO-FR.png","width":1200,"height":850},{"@type":"BreadcrumbList","@id":"https:\/\/emergingmanagers.ca\/fr\/produit\/cap-intro-de-montreal-membres\/#breadcrumb","itemListElement":[{"@type":"ListItem","position":1,"name":"Home","item":"https:\/\/emergingmanagers.ca\/"},{"@type":"ListItem","position":2,"name":"Products","item":"https:\/\/emergingmanagers.ca\/shop\/"},{"@type":"ListItem","position":3,"name":"CAP INTRO de Montr\u00e9al (membres)"}]},{"@type":"WebSite","@id":"https:\/\/emergingmanagers.ca\/#website","url":"https:\/\/emergingmanagers.ca\/","name":"CGE-EMB","description":"Conseil des Gestionnaires Emergents | Emerging Managers Board","potentialAction":[{"@type":"SearchAction","target":{"@type":"EntryPoint","urlTemplate":"https:\/\/emergingmanagers.ca\/?s={search_term_string}"},"query-input":{"@type":"PropertyValueSpecification","valueRequired":true,"valueName":"search_term_string"}}],"inLanguage":"fr-FR"}]}},"_links":{"self":[{"href":"https:\/\/emergingmanagers.ca\/fr\/wp-json\/wp\/v2\/product\/30764","targetHints":{"allow":["GET"]}}],"collection":[{"href":"https:\/\/emergingmanagers.ca\/fr\/wp-json\/wp\/v2\/product"}],"about":[{"href":"https:\/\/emergingmanagers.ca\/fr\/wp-json\/wp\/v2\/types\/product"}],"wp:featuredmedia":[{"embeddable":true,"href":"https:\/\/emergingmanagers.ca\/fr\/wp-json\/wp\/v2\/media\/30757"}],"wp:attachment":[{"href":"https:\/\/emergingmanagers.ca\/fr\/wp-json\/wp\/v2\/media?parent=30764"}],"wp:term":[{"taxonomy":"product_brand","embeddable":true,"href":"https:\/\/emergingmanagers.ca\/fr\/wp-json\/wp\/v2\/product_brand?post=30764"},{"taxonomy":"product_cat","embeddable":true,"href":"https:\/\/emergingmanagers.ca\/fr\/wp-json\/wp\/v2\/product_cat?post=30764"},{"taxonomy":"product_tag","embeddable":true,"href":"https:\/\/emergingmanagers.ca\/fr\/wp-json\/wp\/v2\/product_tag?post=30764"}],"curies":[{"name":"wp","href":"https:\/\/api.w.org\/{rel}","templated":true}]}}