{"id":27035,"date":"2023-09-19T13:17:58","date_gmt":"2023-09-22T16:00:43","guid":{"rendered":"https:\/\/emergingmanagers.ca\/?post_type=product&#038;p=27035"},"modified":"2023-09-22T12:00:44","modified_gmt":"2023-09-22T16:00:44","slug":"diner-conference-sur-les-enjeux-de-la-cybersecurite","status":"publish","type":"product","link":"https:\/\/emergingmanagers.ca\/fr\/produit\/diner-conference-sur-les-enjeux-de-la-cybersecurite\/","title":{"rendered":"Diner-conf\u00e9rence sur les enjeux de la cybers\u00e9curit\u00e9"},"content":{"rendered":"","protected":false},"excerpt":{"rendered":"<table width=\"100%\">\n<tbody>\n<tr>\n<td>Augmenter vos\u00a0 connaissances en mati\u00e8re de protection des actifs financiers et pour discuter avec vos pairs et des experts en cybers\u00e9curit\u00e9.<\/td>\n<\/tr>\n<\/tbody>\n<\/table>\n<table width=\"100%\">\n<tbody>\n<tr>\n<td><strong>Vous aurez la chance de\u00a0<\/strong><strong>:<\/strong><\/td>\n<\/tr>\n<\/tbody>\n<\/table>\n<table width=\"100%\">\n<tbody>\n<tr>\n<td>\n<ul>\n<li>Entendre des experts expliquer les menaces et les meilleures pratiques en cybers\u00e9curit\u00e9.<\/li>\n<li>D\u00e9couvrir des \u00e9tudes de cas sur des cyberattaques r\u00e9centes et leurs impacts financiers.<\/li>\n<li>\u00c9couter une table ronde r\u00e9unissant diverses parties prenantes du milieu.<\/li>\n<\/ul>\n<\/td>\n<\/tr>\n<\/tbody>\n<\/table>\n<table width=\"100%\">\n<tbody>\n<tr>\n<td>Prenez note que le contenu de ce diner- conf\u00e9rence fera partie du programme du prochain Cap Intro. Il est ouvert aux non-membres au cout de 50$.<\/td>\n<\/tr>\n<\/tbody>\n<\/table>\n","protected":false},"featured_media":27030,"template":"","meta":{"_acf_changed":false,"_et_pb_use_builder":"","_et_pb_old_content":"","_et_gb_content_width":"","_monsterinsights_skip_tracking":false,"_monsterinsights_sitenote_active":false,"_monsterinsights_sitenote_note":"","_monsterinsights_sitenote_category":0},"product_brand":[],"product_cat":[49],"product_tag":[],"class_list":{"0":"post-27035","1":"product","2":"type-product","3":"status-publish","4":"has-post-thumbnail","6":"product_cat-event-fr","8":"first","9":"instock","10":"sold-individually","11":"taxable","12":"shipping-taxable","13":"purchasable","14":"product-type-simple"},"acf":[],"yoast_head":"<!-- This site is optimized with the Yoast SEO plugin v27.2 - https:\/\/yoast.com\/product\/yoast-seo-wordpress\/ -->\n<title>Diner-conf\u00e9rence sur les enjeux de la cybers\u00e9curit\u00e9 - CGE-EMB<\/title>\n<meta name=\"robots\" content=\"noindex, follow\" \/>\n<meta property=\"og:locale\" content=\"fr_FR\" \/>\n<meta property=\"og:type\" content=\"article\" \/>\n<meta property=\"og:title\" content=\"Diner-conf\u00e9rence sur les enjeux de la cybers\u00e9curit\u00e9 - CGE-EMB\" \/>\n<meta property=\"og:description\" content=\"Augmenter vos\u00a0 connaissances en mati\u00e8re de protection des actifs financiers et pour discuter avec vos pairs et des experts en cybers\u00e9curit\u00e9.       Vous aurez la chance de\u00a0:          Entendre des experts expliquer les menaces et les meilleures pratiques en cybers\u00e9curit\u00e9.  D\u00e9couvrir des \u00e9tudes de cas sur des cyberattaques r\u00e9centes et leurs impacts financiers.  \u00c9couter une table ronde r\u00e9unissant diverses parties prenantes du milieu.         Prenez note que le contenu de ce diner- conf\u00e9rence fera partie du programme du prochain Cap Intro. Il est ouvert aux non-membres au cout de 50$.\" \/>\n<meta property=\"og:url\" content=\"https:\/\/emergingmanagers.ca\/fr\/produit\/diner-conference-sur-les-enjeux-de-la-cybersecurite\/\" \/>\n<meta property=\"og:site_name\" content=\"CGE-EMB\" \/>\n<meta property=\"article:modified_time\" content=\"2023-09-22T16:00:44+00:00\" \/>\n<meta property=\"og:image\" content=\"https:\/\/emergingmanagers.ca\/wp-content\/uploads\/2023\/09\/cyber-cap-20231250x850-1.png\" \/>\n\t<meta property=\"og:image:width\" content=\"1280\" \/>\n\t<meta property=\"og:image:height\" content=\"850\" \/>\n\t<meta property=\"og:image:type\" content=\"image\/png\" \/>\n<script type=\"application\/ld+json\" class=\"yoast-schema-graph\">{\"@context\":\"https:\/\/schema.org\",\"@graph\":[{\"@type\":\"WebPage\",\"@id\":\"https:\/\/emergingmanagers.ca\/fr\/produit\/diner-conference-sur-les-enjeux-de-la-cybersecurite\/\",\"url\":\"https:\/\/emergingmanagers.ca\/fr\/produit\/diner-conference-sur-les-enjeux-de-la-cybersecurite\/\",\"name\":\"Diner-conf\u00e9rence sur les enjeux de la cybers\u00e9curit\u00e9 - CGE-EMB\",\"isPartOf\":{\"@id\":\"https:\/\/emergingmanagers.ca\/#website\"},\"primaryImageOfPage\":{\"@id\":\"https:\/\/emergingmanagers.ca\/fr\/produit\/diner-conference-sur-les-enjeux-de-la-cybersecurite\/#primaryimage\"},\"image\":{\"@id\":\"https:\/\/emergingmanagers.ca\/fr\/produit\/diner-conference-sur-les-enjeux-de-la-cybersecurite\/#primaryimage\"},\"thumbnailUrl\":\"https:\/\/emergingmanagers.ca\/wp-content\/uploads\/2023\/09\/cyber-cap-20231250x850-1.png\",\"datePublished\":\"2023-09-22T16:00:43+00:00\",\"dateModified\":\"2023-09-22T16:00:44+00:00\",\"breadcrumb\":{\"@id\":\"https:\/\/emergingmanagers.ca\/fr\/produit\/diner-conference-sur-les-enjeux-de-la-cybersecurite\/#breadcrumb\"},\"inLanguage\":\"fr-FR\",\"potentialAction\":[{\"@type\":\"ReadAction\",\"target\":[\"https:\/\/emergingmanagers.ca\/fr\/produit\/diner-conference-sur-les-enjeux-de-la-cybersecurite\/\"]}]},{\"@type\":\"ImageObject\",\"inLanguage\":\"fr-FR\",\"@id\":\"https:\/\/emergingmanagers.ca\/fr\/produit\/diner-conference-sur-les-enjeux-de-la-cybersecurite\/#primaryimage\",\"url\":\"https:\/\/emergingmanagers.ca\/wp-content\/uploads\/2023\/09\/cyber-cap-20231250x850-1.png\",\"contentUrl\":\"https:\/\/emergingmanagers.ca\/wp-content\/uploads\/2023\/09\/cyber-cap-20231250x850-1.png\",\"width\":1280,\"height\":850},{\"@type\":\"BreadcrumbList\",\"@id\":\"https:\/\/emergingmanagers.ca\/fr\/produit\/diner-conference-sur-les-enjeux-de-la-cybersecurite\/#breadcrumb\",\"itemListElement\":[{\"@type\":\"ListItem\",\"position\":1,\"name\":\"Home\",\"item\":\"https:\/\/emergingmanagers.ca\/\"},{\"@type\":\"ListItem\",\"position\":2,\"name\":\"Products\",\"item\":\"https:\/\/emergingmanagers.ca\/shop\/\"},{\"@type\":\"ListItem\",\"position\":3,\"name\":\"Diner-conf\u00e9rence sur les enjeux de la cybers\u00e9curit\u00e9\"}]},{\"@type\":\"WebSite\",\"@id\":\"https:\/\/emergingmanagers.ca\/#website\",\"url\":\"https:\/\/emergingmanagers.ca\/\",\"name\":\"CGE-EMB\",\"description\":\"Conseil des Gestionnaires Emergents | Emerging Managers Board\",\"potentialAction\":[{\"@type\":\"SearchAction\",\"target\":{\"@type\":\"EntryPoint\",\"urlTemplate\":\"https:\/\/emergingmanagers.ca\/?s={search_term_string}\"},\"query-input\":{\"@type\":\"PropertyValueSpecification\",\"valueRequired\":true,\"valueName\":\"search_term_string\"}}],\"inLanguage\":\"fr-FR\"}]}<\/script>\n<!-- \/ Yoast SEO plugin. -->","yoast_head_json":{"title":"Diner-conf\u00e9rence sur les enjeux de la cybers\u00e9curit\u00e9 - CGE-EMB","robots":{"index":"noindex","follow":"follow"},"og_locale":"fr_FR","og_type":"article","og_title":"Diner-conf\u00e9rence sur les enjeux de la cybers\u00e9curit\u00e9 - CGE-EMB","og_description":"Augmenter vos\u00a0 connaissances en mati\u00e8re de protection des actifs financiers et pour discuter avec vos pairs et des experts en cybers\u00e9curit\u00e9.       Vous aurez la chance de\u00a0:          Entendre des experts expliquer les menaces et les meilleures pratiques en cybers\u00e9curit\u00e9.  D\u00e9couvrir des \u00e9tudes de cas sur des cyberattaques r\u00e9centes et leurs impacts financiers.  \u00c9couter une table ronde r\u00e9unissant diverses parties prenantes du milieu.         Prenez note que le contenu de ce diner- conf\u00e9rence fera partie du programme du prochain Cap Intro. Il est ouvert aux non-membres au cout de 50$.","og_url":"https:\/\/emergingmanagers.ca\/fr\/produit\/diner-conference-sur-les-enjeux-de-la-cybersecurite\/","og_site_name":"CGE-EMB","article_modified_time":"2023-09-22T16:00:44+00:00","og_image":[{"width":1280,"height":850,"url":"https:\/\/emergingmanagers.ca\/wp-content\/uploads\/2023\/09\/cyber-cap-20231250x850-1.png","type":"image\/png"}],"schema":{"@context":"https:\/\/schema.org","@graph":[{"@type":"WebPage","@id":"https:\/\/emergingmanagers.ca\/fr\/produit\/diner-conference-sur-les-enjeux-de-la-cybersecurite\/","url":"https:\/\/emergingmanagers.ca\/fr\/produit\/diner-conference-sur-les-enjeux-de-la-cybersecurite\/","name":"Diner-conf\u00e9rence sur les enjeux de la cybers\u00e9curit\u00e9 - CGE-EMB","isPartOf":{"@id":"https:\/\/emergingmanagers.ca\/#website"},"primaryImageOfPage":{"@id":"https:\/\/emergingmanagers.ca\/fr\/produit\/diner-conference-sur-les-enjeux-de-la-cybersecurite\/#primaryimage"},"image":{"@id":"https:\/\/emergingmanagers.ca\/fr\/produit\/diner-conference-sur-les-enjeux-de-la-cybersecurite\/#primaryimage"},"thumbnailUrl":"https:\/\/emergingmanagers.ca\/wp-content\/uploads\/2023\/09\/cyber-cap-20231250x850-1.png","datePublished":"2023-09-22T16:00:43+00:00","dateModified":"2023-09-22T16:00:44+00:00","breadcrumb":{"@id":"https:\/\/emergingmanagers.ca\/fr\/produit\/diner-conference-sur-les-enjeux-de-la-cybersecurite\/#breadcrumb"},"inLanguage":"fr-FR","potentialAction":[{"@type":"ReadAction","target":["https:\/\/emergingmanagers.ca\/fr\/produit\/diner-conference-sur-les-enjeux-de-la-cybersecurite\/"]}]},{"@type":"ImageObject","inLanguage":"fr-FR","@id":"https:\/\/emergingmanagers.ca\/fr\/produit\/diner-conference-sur-les-enjeux-de-la-cybersecurite\/#primaryimage","url":"https:\/\/emergingmanagers.ca\/wp-content\/uploads\/2023\/09\/cyber-cap-20231250x850-1.png","contentUrl":"https:\/\/emergingmanagers.ca\/wp-content\/uploads\/2023\/09\/cyber-cap-20231250x850-1.png","width":1280,"height":850},{"@type":"BreadcrumbList","@id":"https:\/\/emergingmanagers.ca\/fr\/produit\/diner-conference-sur-les-enjeux-de-la-cybersecurite\/#breadcrumb","itemListElement":[{"@type":"ListItem","position":1,"name":"Home","item":"https:\/\/emergingmanagers.ca\/"},{"@type":"ListItem","position":2,"name":"Products","item":"https:\/\/emergingmanagers.ca\/shop\/"},{"@type":"ListItem","position":3,"name":"Diner-conf\u00e9rence sur les enjeux de la cybers\u00e9curit\u00e9"}]},{"@type":"WebSite","@id":"https:\/\/emergingmanagers.ca\/#website","url":"https:\/\/emergingmanagers.ca\/","name":"CGE-EMB","description":"Conseil des Gestionnaires Emergents | Emerging Managers Board","potentialAction":[{"@type":"SearchAction","target":{"@type":"EntryPoint","urlTemplate":"https:\/\/emergingmanagers.ca\/?s={search_term_string}"},"query-input":{"@type":"PropertyValueSpecification","valueRequired":true,"valueName":"search_term_string"}}],"inLanguage":"fr-FR"}]}},"_links":{"self":[{"href":"https:\/\/emergingmanagers.ca\/fr\/wp-json\/wp\/v2\/product\/27035","targetHints":{"allow":["GET"]}}],"collection":[{"href":"https:\/\/emergingmanagers.ca\/fr\/wp-json\/wp\/v2\/product"}],"about":[{"href":"https:\/\/emergingmanagers.ca\/fr\/wp-json\/wp\/v2\/types\/product"}],"wp:featuredmedia":[{"embeddable":true,"href":"https:\/\/emergingmanagers.ca\/fr\/wp-json\/wp\/v2\/media\/27030"}],"wp:attachment":[{"href":"https:\/\/emergingmanagers.ca\/fr\/wp-json\/wp\/v2\/media?parent=27035"}],"wp:term":[{"taxonomy":"product_brand","embeddable":true,"href":"https:\/\/emergingmanagers.ca\/fr\/wp-json\/wp\/v2\/product_brand?post=27035"},{"taxonomy":"product_cat","embeddable":true,"href":"https:\/\/emergingmanagers.ca\/fr\/wp-json\/wp\/v2\/product_cat?post=27035"},{"taxonomy":"product_tag","embeddable":true,"href":"https:\/\/emergingmanagers.ca\/fr\/wp-json\/wp\/v2\/product_tag?post=27035"}],"curies":[{"name":"wp","href":"https:\/\/api.w.org\/{rel}","templated":true}]}}