{"id":24455,"date":"2022-12-09T12:12:44","date_gmt":"2022-12-09T17:12:47","guid":{"rendered":"https:\/\/emergingmanagers.ca\/?post_type=product&#038;p=24455"},"modified":"2022-12-09T12:17:48","modified_gmt":"2022-12-09T17:17:48","slug":"cotisation-annuelle-membre-non-votant-du-cge-2023-emb-non-voting-member-annual-dues","status":"publish","type":"product","link":"https:\/\/emergingmanagers.ca\/fr\/produit\/cotisation-annuelle-membre-non-votant-du-cge-2023-emb-non-voting-member-annual-dues\/","title":{"rendered":"Cotisation Annuelle Membre Non-Votant du CGE 2023-EMB Non-Voting Member Annual Dues"},"content":{"rendered":"","protected":false},"excerpt":{"rendered":"<h3 style=\"text-align: center;\">Pour les gestionnaires ayant <strong>plus\u00a0 de 1 milliard$ d\u2019ASG<\/strong>.<\/h3>\n<p>Le paiement peut \u00eatre effectu\u00e9 par carte de cr\u00e9dit. Une fois le paiement effectu\u00e9, vous recevrez un courriel confirmant votre adh\u00e9sion au CGE pour votre adh\u00e9sion 2023.<\/p>\n<p>Si vous avez des questions s&rsquo;il vous pla\u00eet, communiquez avec le CGE \u00e0 info@emergingmanagers.ca<\/p>\n<p><strong>Cotisations des membres pour la p\u00e9riode du 1er janvier 2023 au 31 d\u00e9cembre 2023.\u00a0<\/strong><\/p>\n<p>&nbsp;<\/p>\n","protected":false},"featured_media":11857,"template":"","meta":{"_acf_changed":false,"_et_pb_use_builder":"","_et_pb_old_content":"","_et_gb_content_width":"","_monsterinsights_skip_tracking":false,"_monsterinsights_sitenote_active":false,"_monsterinsights_sitenote_note":"","_monsterinsights_sitenote_category":0},"product_brand":[],"product_cat":[49,51],"product_tag":[],"class_list":{"0":"post-24455","1":"product","2":"type-product","3":"status-publish","4":"has-post-thumbnail","6":"product_cat-event-fr","7":"product_cat-membership-fr","9":"first","10":"instock","11":"virtual","12":"sold-individually","13":"taxable","14":"purchasable","15":"product-type-simple"},"acf":[],"yoast_head":"<!-- This site is optimized with the Yoast SEO plugin v27.2 - https:\/\/yoast.com\/product\/yoast-seo-wordpress\/ -->\n<title>Cotisation Annuelle Membre Non-Votant du CGE 2023-EMB Non-Voting Member Annual Dues - CGE-EMB<\/title>\n<meta name=\"robots\" content=\"noindex, follow\" \/>\n<meta property=\"og:locale\" content=\"fr_FR\" \/>\n<meta property=\"og:type\" content=\"article\" \/>\n<meta property=\"og:title\" content=\"Cotisation Annuelle Membre Non-Votant du CGE 2023-EMB Non-Voting Member Annual Dues - CGE-EMB\" \/>\n<meta property=\"og:description\" content=\"Pour les gestionnaires ayant plus\u00a0 de 1 milliard$ d\u2019ASG. Le paiement peut \u00eatre effectu\u00e9 par carte de cr\u00e9dit. Une fois le paiement effectu\u00e9, vous recevrez un courriel confirmant votre adh\u00e9sion au CGE pour votre adh\u00e9sion 2023.  Si vous avez des questions s&#039;il vous pla\u00eet, communiquez avec le CGE \u00e0 info@emergingmanagers.ca  Cotisations des membres pour la p\u00e9riode du 1er janvier 2023 au 31 d\u00e9cembre 2023.\u00a0  &nbsp;\" \/>\n<meta property=\"og:url\" content=\"https:\/\/emergingmanagers.ca\/fr\/produit\/cotisation-annuelle-membre-non-votant-du-cge-2023-emb-non-voting-member-annual-dues\/\" \/>\n<meta property=\"og:site_name\" content=\"CGE-EMB\" \/>\n<meta property=\"article:modified_time\" content=\"2022-12-09T17:17:48+00:00\" \/>\n<meta property=\"og:image\" content=\"https:\/\/emergingmanagers.ca\/wp-content\/uploads\/2014\/12\/Ville-Marie.jpg\" \/>\n\t<meta property=\"og:image:width\" content=\"300\" \/>\n\t<meta property=\"og:image:height\" content=\"298\" \/>\n\t<meta property=\"og:image:type\" content=\"image\/jpeg\" \/>\n<script type=\"application\/ld+json\" class=\"yoast-schema-graph\">{\"@context\":\"https:\/\/schema.org\",\"@graph\":[{\"@type\":\"WebPage\",\"@id\":\"https:\/\/emergingmanagers.ca\/fr\/produit\/cotisation-annuelle-membre-non-votant-du-cge-2023-emb-non-voting-member-annual-dues\/\",\"url\":\"https:\/\/emergingmanagers.ca\/fr\/produit\/cotisation-annuelle-membre-non-votant-du-cge-2023-emb-non-voting-member-annual-dues\/\",\"name\":\"Cotisation Annuelle Membre Non-Votant du CGE 2023-EMB Non-Voting Member Annual Dues - CGE-EMB\",\"isPartOf\":{\"@id\":\"https:\/\/emergingmanagers.ca\/#website\"},\"primaryImageOfPage\":{\"@id\":\"https:\/\/emergingmanagers.ca\/fr\/produit\/cotisation-annuelle-membre-non-votant-du-cge-2023-emb-non-voting-member-annual-dues\/#primaryimage\"},\"image\":{\"@id\":\"https:\/\/emergingmanagers.ca\/fr\/produit\/cotisation-annuelle-membre-non-votant-du-cge-2023-emb-non-voting-member-annual-dues\/#primaryimage\"},\"thumbnailUrl\":\"https:\/\/emergingmanagers.ca\/wp-content\/uploads\/2014\/12\/Ville-Marie.jpg\",\"datePublished\":\"2022-12-09T17:12:47+00:00\",\"dateModified\":\"2022-12-09T17:17:48+00:00\",\"breadcrumb\":{\"@id\":\"https:\/\/emergingmanagers.ca\/fr\/produit\/cotisation-annuelle-membre-non-votant-du-cge-2023-emb-non-voting-member-annual-dues\/#breadcrumb\"},\"inLanguage\":\"fr-FR\",\"potentialAction\":[{\"@type\":\"ReadAction\",\"target\":[\"https:\/\/emergingmanagers.ca\/fr\/produit\/cotisation-annuelle-membre-non-votant-du-cge-2023-emb-non-voting-member-annual-dues\/\"]}]},{\"@type\":\"ImageObject\",\"inLanguage\":\"fr-FR\",\"@id\":\"https:\/\/emergingmanagers.ca\/fr\/produit\/cotisation-annuelle-membre-non-votant-du-cge-2023-emb-non-voting-member-annual-dues\/#primaryimage\",\"url\":\"https:\/\/emergingmanagers.ca\/wp-content\/uploads\/2014\/12\/Ville-Marie.jpg\",\"contentUrl\":\"https:\/\/emergingmanagers.ca\/wp-content\/uploads\/2014\/12\/Ville-Marie.jpg\",\"width\":300,\"height\":298},{\"@type\":\"BreadcrumbList\",\"@id\":\"https:\/\/emergingmanagers.ca\/fr\/produit\/cotisation-annuelle-membre-non-votant-du-cge-2023-emb-non-voting-member-annual-dues\/#breadcrumb\",\"itemListElement\":[{\"@type\":\"ListItem\",\"position\":1,\"name\":\"Home\",\"item\":\"https:\/\/emergingmanagers.ca\/\"},{\"@type\":\"ListItem\",\"position\":2,\"name\":\"Products\",\"item\":\"https:\/\/emergingmanagers.ca\/shop\/\"},{\"@type\":\"ListItem\",\"position\":3,\"name\":\"Cotisation Annuelle Membre Non-Votant du CGE 2023-EMB Non-Voting Member Annual Dues\"}]},{\"@type\":\"WebSite\",\"@id\":\"https:\/\/emergingmanagers.ca\/#website\",\"url\":\"https:\/\/emergingmanagers.ca\/\",\"name\":\"CGE-EMB\",\"description\":\"Conseil des Gestionnaires Emergents | Emerging Managers Board\",\"potentialAction\":[{\"@type\":\"SearchAction\",\"target\":{\"@type\":\"EntryPoint\",\"urlTemplate\":\"https:\/\/emergingmanagers.ca\/?s={search_term_string}\"},\"query-input\":{\"@type\":\"PropertyValueSpecification\",\"valueRequired\":true,\"valueName\":\"search_term_string\"}}],\"inLanguage\":\"fr-FR\"}]}<\/script>\n<!-- \/ Yoast SEO plugin. -->","yoast_head_json":{"title":"Cotisation Annuelle Membre Non-Votant du CGE 2023-EMB Non-Voting Member Annual Dues - CGE-EMB","robots":{"index":"noindex","follow":"follow"},"og_locale":"fr_FR","og_type":"article","og_title":"Cotisation Annuelle Membre Non-Votant du CGE 2023-EMB Non-Voting Member Annual Dues - CGE-EMB","og_description":"Pour les gestionnaires ayant plus\u00a0 de 1 milliard$ d\u2019ASG. Le paiement peut \u00eatre effectu\u00e9 par carte de cr\u00e9dit. Une fois le paiement effectu\u00e9, vous recevrez un courriel confirmant votre adh\u00e9sion au CGE pour votre adh\u00e9sion 2023.  Si vous avez des questions s'il vous pla\u00eet, communiquez avec le CGE \u00e0 info@emergingmanagers.ca  Cotisations des membres pour la p\u00e9riode du 1er janvier 2023 au 31 d\u00e9cembre 2023.\u00a0  &nbsp;","og_url":"https:\/\/emergingmanagers.ca\/fr\/produit\/cotisation-annuelle-membre-non-votant-du-cge-2023-emb-non-voting-member-annual-dues\/","og_site_name":"CGE-EMB","article_modified_time":"2022-12-09T17:17:48+00:00","og_image":[{"width":300,"height":298,"url":"https:\/\/emergingmanagers.ca\/wp-content\/uploads\/2014\/12\/Ville-Marie.jpg","type":"image\/jpeg"}],"schema":{"@context":"https:\/\/schema.org","@graph":[{"@type":"WebPage","@id":"https:\/\/emergingmanagers.ca\/fr\/produit\/cotisation-annuelle-membre-non-votant-du-cge-2023-emb-non-voting-member-annual-dues\/","url":"https:\/\/emergingmanagers.ca\/fr\/produit\/cotisation-annuelle-membre-non-votant-du-cge-2023-emb-non-voting-member-annual-dues\/","name":"Cotisation Annuelle Membre Non-Votant du CGE 2023-EMB Non-Voting Member Annual Dues - CGE-EMB","isPartOf":{"@id":"https:\/\/emergingmanagers.ca\/#website"},"primaryImageOfPage":{"@id":"https:\/\/emergingmanagers.ca\/fr\/produit\/cotisation-annuelle-membre-non-votant-du-cge-2023-emb-non-voting-member-annual-dues\/#primaryimage"},"image":{"@id":"https:\/\/emergingmanagers.ca\/fr\/produit\/cotisation-annuelle-membre-non-votant-du-cge-2023-emb-non-voting-member-annual-dues\/#primaryimage"},"thumbnailUrl":"https:\/\/emergingmanagers.ca\/wp-content\/uploads\/2014\/12\/Ville-Marie.jpg","datePublished":"2022-12-09T17:12:47+00:00","dateModified":"2022-12-09T17:17:48+00:00","breadcrumb":{"@id":"https:\/\/emergingmanagers.ca\/fr\/produit\/cotisation-annuelle-membre-non-votant-du-cge-2023-emb-non-voting-member-annual-dues\/#breadcrumb"},"inLanguage":"fr-FR","potentialAction":[{"@type":"ReadAction","target":["https:\/\/emergingmanagers.ca\/fr\/produit\/cotisation-annuelle-membre-non-votant-du-cge-2023-emb-non-voting-member-annual-dues\/"]}]},{"@type":"ImageObject","inLanguage":"fr-FR","@id":"https:\/\/emergingmanagers.ca\/fr\/produit\/cotisation-annuelle-membre-non-votant-du-cge-2023-emb-non-voting-member-annual-dues\/#primaryimage","url":"https:\/\/emergingmanagers.ca\/wp-content\/uploads\/2014\/12\/Ville-Marie.jpg","contentUrl":"https:\/\/emergingmanagers.ca\/wp-content\/uploads\/2014\/12\/Ville-Marie.jpg","width":300,"height":298},{"@type":"BreadcrumbList","@id":"https:\/\/emergingmanagers.ca\/fr\/produit\/cotisation-annuelle-membre-non-votant-du-cge-2023-emb-non-voting-member-annual-dues\/#breadcrumb","itemListElement":[{"@type":"ListItem","position":1,"name":"Home","item":"https:\/\/emergingmanagers.ca\/"},{"@type":"ListItem","position":2,"name":"Products","item":"https:\/\/emergingmanagers.ca\/shop\/"},{"@type":"ListItem","position":3,"name":"Cotisation Annuelle Membre Non-Votant du CGE 2023-EMB Non-Voting Member Annual Dues"}]},{"@type":"WebSite","@id":"https:\/\/emergingmanagers.ca\/#website","url":"https:\/\/emergingmanagers.ca\/","name":"CGE-EMB","description":"Conseil des Gestionnaires Emergents | Emerging Managers Board","potentialAction":[{"@type":"SearchAction","target":{"@type":"EntryPoint","urlTemplate":"https:\/\/emergingmanagers.ca\/?s={search_term_string}"},"query-input":{"@type":"PropertyValueSpecification","valueRequired":true,"valueName":"search_term_string"}}],"inLanguage":"fr-FR"}]}},"_links":{"self":[{"href":"https:\/\/emergingmanagers.ca\/fr\/wp-json\/wp\/v2\/product\/24455","targetHints":{"allow":["GET"]}}],"collection":[{"href":"https:\/\/emergingmanagers.ca\/fr\/wp-json\/wp\/v2\/product"}],"about":[{"href":"https:\/\/emergingmanagers.ca\/fr\/wp-json\/wp\/v2\/types\/product"}],"wp:featuredmedia":[{"embeddable":true,"href":"https:\/\/emergingmanagers.ca\/fr\/wp-json\/wp\/v2\/media\/11857"}],"wp:attachment":[{"href":"https:\/\/emergingmanagers.ca\/fr\/wp-json\/wp\/v2\/media?parent=24455"}],"wp:term":[{"taxonomy":"product_brand","embeddable":true,"href":"https:\/\/emergingmanagers.ca\/fr\/wp-json\/wp\/v2\/product_brand?post=24455"},{"taxonomy":"product_cat","embeddable":true,"href":"https:\/\/emergingmanagers.ca\/fr\/wp-json\/wp\/v2\/product_cat?post=24455"},{"taxonomy":"product_tag","embeddable":true,"href":"https:\/\/emergingmanagers.ca\/fr\/wp-json\/wp\/v2\/product_tag?post=24455"}],"curies":[{"name":"wp","href":"https:\/\/api.w.org\/{rel}","templated":true}]}}