{"id":23773,"date":"2022-09-19T09:26:40","date_gmt":"2022-09-26T13:38:50","guid":{"rendered":"https:\/\/emergingmanagers.ca\/?post_type=product&#038;p=23773"},"modified":"2022-10-05T10:52:13","modified_gmt":"2022-10-05T14:52:13","slug":"montreal-cap-intro-2022","status":"publish","type":"product","link":"https:\/\/emergingmanagers.ca\/fr\/produit\/montreal-cap-intro-2022\/","title":{"rendered":"Montreal Cap Intro 2022"},"content":{"rendered":"","protected":false},"excerpt":{"rendered":"<h4><a href=\"https:\/\/emergingmanagers.ca\/fr\/?attachment_id=23958\" rel=\"attachment wp-att-23958\"><img loading=\"lazy\" decoding=\"async\" class=\"size-full wp-image-23958 alignnone\" src=\"https:\/\/emergingmanagers.ca\/wp-content\/uploads\/2022\/09\/Bannie\u0300re-Cap-Intro.png\" alt=\"\" width=\"3960\" height=\"990\" srcset=\"https:\/\/emergingmanagers.ca\/wp-content\/uploads\/2022\/09\/Bannie\u0300re-Cap-Intro.png 3960w, https:\/\/emergingmanagers.ca\/wp-content\/uploads\/2022\/09\/Bannie\u0300re-Cap-Intro-600x150.png 600w, https:\/\/emergingmanagers.ca\/wp-content\/uploads\/2022\/09\/Bannie\u0300re-Cap-Intro-300x75.png 300w, https:\/\/emergingmanagers.ca\/wp-content\/uploads\/2022\/09\/Bannie\u0300re-Cap-Intro-1024x256.png 1024w, https:\/\/emergingmanagers.ca\/wp-content\/uploads\/2022\/09\/Bannie\u0300re-Cap-Intro-768x192.png 768w, https:\/\/emergingmanagers.ca\/wp-content\/uploads\/2022\/09\/Bannie\u0300re-Cap-Intro-1536x384.png 1536w, https:\/\/emergingmanagers.ca\/wp-content\/uploads\/2022\/09\/Bannie\u0300re-Cap-Intro-2048x512.png 2048w, https:\/\/emergingmanagers.ca\/wp-content\/uploads\/2022\/09\/Bannie\u0300re-Cap-Intro-830x208.png 830w\" sizes=\"(max-width: 3960px) 100vw, 3960px\" \/><\/a><\/h4>\n<p>Un \u00e9v\u00e9nement qui facilitera les liens entre les institutions, les investisseurs, et les principaux gestionnaires de fonds.<\/p>\n<p>De plus, le Cap Intro du CGE accueillera quelques conf\u00e9renciers et en plus de rencontre individuelle de type <em>One on one meeting<\/em>. Un moyen rapide et efficace de se faire connaitre par diff\u00e9rents allocateurs d\u2019actif.<\/p>\n<p>L&rsquo;\u00e9v\u00e9nement aura lieu \u00e0 la date, l&rsquo;heure et le lieu ci-dessous :<\/p>\n<p><strong>Date:<\/strong>\u00a0 9 novembre, 2022<\/p>\n<p><strong>Location:<\/strong> Club Saint-James de Montr\u00e9al, 1145 Avenue Union, Montr\u00e9al<\/p>\n<p><strong>Prix:<\/strong> $250 par firme membre<\/p>\n<h4><\/h4>\n<p style=\"text-align: center;\"><strong><span style=\"text-decoration: underline;\">Programme pr\u00e9liminaire:<\/span><\/strong><\/p>\n<p><strong>8 h 30-9 h 30 inscription et r\u00e9seautage<\/strong><\/p>\n<p><strong>D\u00e9jeuner continental<\/strong><\/p>\n<p><strong>9\u00a0h\u00a030 \u201310\u00a0h 30 De\u0301bat d\u2019experts # 1:<\/strong><\/p>\n<div class=\"page\" title=\"Page 1\">\n<div class=\"section\">\n<div class=\"layoutArea\">\n<div class=\"column\"><\/div>\n<\/div>\n<\/div>\n<\/div>\n<p><strong>10\u00a0h\u00a045 \u201312\u00a0h 15\u00a01-on-1 Meetings\u00a0:<\/strong><\/p>\n<p>Rencontres individuelles de 15 minutes entre allocateurs d\u2019actifs et gestionnaires \u00e9mergents.<\/p>\n<p><strong>12h 30 \u201313 h 30 Diner et pr\u00e9sentation #2 :<\/strong><\/p>\n<h4><\/h4>\n<p>Afin de compl\u00e9ter votre inscription, cliquez sur lien \u00ab fiche de votre firme\u00bb. Veuillez remplir et nous retourner ce formulaire d\u00e8s que possible \u00e0 info@emergingmanagers.ca.<\/p>\n<p style=\"text-align: center;\"><span style=\"background-color: #4485b8; color: #fff; display: inline-block; padding: 2px 8px; font-weight: bold; border-radius: 5px;\"><a style=\"color: #ffffff;\" href=\"https:\/\/emergingmanagers.ca\/wp-content\/uploads\/2022\/09\/Manager-factsheet-Cap-Intro-2022.xlsx\" rel=\"attachment wp-att-20838\">Fiche de votre firme &#8211; Cap Intro 2022<\/a><\/span><\/p>\n<p>&nbsp;<\/p>\n<p>Merci \u00e0 nos commanditaires:<\/p>\n<p><a href=\"https:\/\/emergingmanagers.ca\/fr\/?attachment_id=24049\" rel=\"attachment wp-att-24049\"><img loading=\"lazy\" decoding=\"async\" class=\"aligncenter size-full wp-image-24049\" src=\"https:\/\/emergingmanagers.ca\/wp-content\/uploads\/2022\/09\/sponsors-CGE-2022-1.png\" alt=\"\" width=\"1920\" height=\"1158\" srcset=\"https:\/\/emergingmanagers.ca\/wp-content\/uploads\/2022\/09\/sponsors-CGE-2022-1.png 1920w, https:\/\/emergingmanagers.ca\/wp-content\/uploads\/2022\/09\/sponsors-CGE-2022-1-600x362.png 600w, https:\/\/emergingmanagers.ca\/wp-content\/uploads\/2022\/09\/sponsors-CGE-2022-1-300x181.png 300w, https:\/\/emergingmanagers.ca\/wp-content\/uploads\/2022\/09\/sponsors-CGE-2022-1-1024x618.png 1024w, https:\/\/emergingmanagers.ca\/wp-content\/uploads\/2022\/09\/sponsors-CGE-2022-1-768x463.png 768w, https:\/\/emergingmanagers.ca\/wp-content\/uploads\/2022\/09\/sponsors-CGE-2022-1-1536x926.png 1536w, https:\/\/emergingmanagers.ca\/wp-content\/uploads\/2022\/09\/sponsors-CGE-2022-1-830x501.png 830w\" sizes=\"(max-width: 1920px) 100vw, 1920px\" \/><\/a><\/p>\n","protected":false},"featured_media":23958,"template":"","meta":{"_acf_changed":false,"_et_pb_use_builder":"","_et_pb_old_content":"","_et_gb_content_width":"","_monsterinsights_skip_tracking":false,"_monsterinsights_sitenote_active":false,"_monsterinsights_sitenote_note":"","_monsterinsights_sitenote_category":0},"product_brand":[],"product_cat":[49,210],"product_tag":[],"class_list":{"0":"post-23773","1":"product","2":"type-product","3":"status-publish","4":"has-post-thumbnail","6":"product_cat-event-fr","7":"product_cat-non-classifiee","9":"first","10":"instock","11":"sold-individually","12":"taxable","13":"shipping-taxable","14":"purchasable","15":"product-type-simple"},"acf":[],"yoast_head":"<!-- This site is optimized with the Yoast SEO plugin v27.2 - https:\/\/yoast.com\/product\/yoast-seo-wordpress\/ -->\n<title>Montreal Cap Intro 2022 - CGE-EMB<\/title>\n<meta name=\"robots\" content=\"noindex, follow\" \/>\n<meta property=\"og:locale\" content=\"fr_FR\" \/>\n<meta property=\"og:type\" content=\"article\" \/>\n<meta property=\"og:title\" content=\"Montreal Cap Intro 2022 - CGE-EMB\" \/>\n<meta property=\"og:description\" content=\"Un \u00e9v\u00e9nement qui facilitera les liens entre les institutions, les investisseurs, et les principaux gestionnaires de fonds.  De plus, le Cap Intro du CGE accueillera quelques conf\u00e9renciers et en plus de rencontre individuelle de type One on one meeting. Un moyen rapide et efficace de se faire connaitre par diff\u00e9rents allocateurs d\u2019actif.  L&#039;\u00e9v\u00e9nement aura lieu \u00e0 la date, l&#039;heure et le lieu ci-dessous :  Date:\u00a0 9 novembre, 2022  Location: Club Saint-James de Montr\u00e9al, 1145 Avenue Union, Montr\u00e9al  Prix: $250 par firme membre  Programme pr\u00e9liminaire: 8 h 30-9 h 30 inscription et r\u00e9seautage  D\u00e9jeuner continental  9\u00a0h\u00a030 \u201310\u00a0h 30 De\u0301bat d\u2019experts # 1:        10\u00a0h\u00a045 \u201312\u00a0h 15\u00a01-on-1 Meetings\u00a0:  Rencontres individuelles de 15 minutes entre allocateurs d\u2019actifs et gestionnaires \u00e9mergents.  12h 30 \u201313 h 30 Diner et pr\u00e9sentation #2 :  Afin de compl\u00e9ter votre inscription, cliquez sur lien \u00ab fiche de votre firme\u00bb. Veuillez remplir et nous retourner ce formulaire d\u00e8s que possible \u00e0 info@emergingmanagers.ca. Fiche de votre firme - Cap Intro 2022 &nbsp;  Merci \u00e0 nos commanditaires:\" \/>\n<meta property=\"og:url\" content=\"https:\/\/emergingmanagers.ca\/fr\/produit\/montreal-cap-intro-2022\/\" \/>\n<meta property=\"og:site_name\" content=\"CGE-EMB\" \/>\n<meta property=\"article:modified_time\" content=\"2022-10-05T14:52:13+00:00\" \/>\n<meta property=\"og:image\" content=\"https:\/\/emergingmanagers.ca\/wp-content\/uploads\/2022\/09\/Bannie\u0300re-Cap-Intro.png\" \/>\n\t<meta property=\"og:image:width\" content=\"3960\" \/>\n\t<meta property=\"og:image:height\" content=\"990\" \/>\n\t<meta property=\"og:image:type\" content=\"image\/png\" \/>\n<script type=\"application\/ld+json\" class=\"yoast-schema-graph\">{\"@context\":\"https:\/\/schema.org\",\"@graph\":[{\"@type\":\"WebPage\",\"@id\":\"https:\/\/emergingmanagers.ca\/fr\/produit\/montreal-cap-intro-2022\/\",\"url\":\"https:\/\/emergingmanagers.ca\/fr\/produit\/montreal-cap-intro-2022\/\",\"name\":\"Montreal Cap Intro 2022 - CGE-EMB\",\"isPartOf\":{\"@id\":\"https:\/\/emergingmanagers.ca\/#website\"},\"primaryImageOfPage\":{\"@id\":\"https:\/\/emergingmanagers.ca\/fr\/produit\/montreal-cap-intro-2022\/#primaryimage\"},\"image\":{\"@id\":\"https:\/\/emergingmanagers.ca\/fr\/produit\/montreal-cap-intro-2022\/#primaryimage\"},\"thumbnailUrl\":\"https:\/\/emergingmanagers.ca\/wp-content\/uploads\/2022\/09\/Bannie\u0300re-Cap-Intro.png\",\"datePublished\":\"2022-09-26T13:38:50+00:00\",\"dateModified\":\"2022-10-05T14:52:13+00:00\",\"breadcrumb\":{\"@id\":\"https:\/\/emergingmanagers.ca\/fr\/produit\/montreal-cap-intro-2022\/#breadcrumb\"},\"inLanguage\":\"fr-FR\",\"potentialAction\":[{\"@type\":\"ReadAction\",\"target\":[\"https:\/\/emergingmanagers.ca\/fr\/produit\/montreal-cap-intro-2022\/\"]}]},{\"@type\":\"ImageObject\",\"inLanguage\":\"fr-FR\",\"@id\":\"https:\/\/emergingmanagers.ca\/fr\/produit\/montreal-cap-intro-2022\/#primaryimage\",\"url\":\"https:\/\/emergingmanagers.ca\/wp-content\/uploads\/2022\/09\/Bannie\u0300re-Cap-Intro.png\",\"contentUrl\":\"https:\/\/emergingmanagers.ca\/wp-content\/uploads\/2022\/09\/Bannie\u0300re-Cap-Intro.png\",\"width\":3960,\"height\":990},{\"@type\":\"BreadcrumbList\",\"@id\":\"https:\/\/emergingmanagers.ca\/fr\/produit\/montreal-cap-intro-2022\/#breadcrumb\",\"itemListElement\":[{\"@type\":\"ListItem\",\"position\":1,\"name\":\"Home\",\"item\":\"https:\/\/emergingmanagers.ca\/\"},{\"@type\":\"ListItem\",\"position\":2,\"name\":\"Products\",\"item\":\"https:\/\/emergingmanagers.ca\/shop\/\"},{\"@type\":\"ListItem\",\"position\":3,\"name\":\"Montreal Cap Intro 2022\"}]},{\"@type\":\"WebSite\",\"@id\":\"https:\/\/emergingmanagers.ca\/#website\",\"url\":\"https:\/\/emergingmanagers.ca\/\",\"name\":\"CGE-EMB\",\"description\":\"Conseil des Gestionnaires Emergents | Emerging Managers Board\",\"potentialAction\":[{\"@type\":\"SearchAction\",\"target\":{\"@type\":\"EntryPoint\",\"urlTemplate\":\"https:\/\/emergingmanagers.ca\/?s={search_term_string}\"},\"query-input\":{\"@type\":\"PropertyValueSpecification\",\"valueRequired\":true,\"valueName\":\"search_term_string\"}}],\"inLanguage\":\"fr-FR\"}]}<\/script>\n<!-- \/ Yoast SEO plugin. -->","yoast_head_json":{"title":"Montreal Cap Intro 2022 - CGE-EMB","robots":{"index":"noindex","follow":"follow"},"og_locale":"fr_FR","og_type":"article","og_title":"Montreal Cap Intro 2022 - CGE-EMB","og_description":"Un \u00e9v\u00e9nement qui facilitera les liens entre les institutions, les investisseurs, et les principaux gestionnaires de fonds.  De plus, le Cap Intro du CGE accueillera quelques conf\u00e9renciers et en plus de rencontre individuelle de type One on one meeting. Un moyen rapide et efficace de se faire connaitre par diff\u00e9rents allocateurs d\u2019actif.  L'\u00e9v\u00e9nement aura lieu \u00e0 la date, l'heure et le lieu ci-dessous :  Date:\u00a0 9 novembre, 2022  Location: Club Saint-James de Montr\u00e9al, 1145 Avenue Union, Montr\u00e9al  Prix: $250 par firme membre  Programme pr\u00e9liminaire: 8 h 30-9 h 30 inscription et r\u00e9seautage  D\u00e9jeuner continental  9\u00a0h\u00a030 \u201310\u00a0h 30 De\u0301bat d\u2019experts # 1:        10\u00a0h\u00a045 \u201312\u00a0h 15\u00a01-on-1 Meetings\u00a0:  Rencontres individuelles de 15 minutes entre allocateurs d\u2019actifs et gestionnaires \u00e9mergents.  12h 30 \u201313 h 30 Diner et pr\u00e9sentation #2 :  Afin de compl\u00e9ter votre inscription, cliquez sur lien \u00ab fiche de votre firme\u00bb. Veuillez remplir et nous retourner ce formulaire d\u00e8s que possible \u00e0 info@emergingmanagers.ca. Fiche de votre firme - Cap Intro 2022 &nbsp;  Merci \u00e0 nos commanditaires:","og_url":"https:\/\/emergingmanagers.ca\/fr\/produit\/montreal-cap-intro-2022\/","og_site_name":"CGE-EMB","article_modified_time":"2022-10-05T14:52:13+00:00","og_image":[{"width":3960,"height":990,"url":"https:\/\/emergingmanagers.ca\/wp-content\/uploads\/2022\/09\/Bannie\u0300re-Cap-Intro.png","type":"image\/png"}],"schema":{"@context":"https:\/\/schema.org","@graph":[{"@type":"WebPage","@id":"https:\/\/emergingmanagers.ca\/fr\/produit\/montreal-cap-intro-2022\/","url":"https:\/\/emergingmanagers.ca\/fr\/produit\/montreal-cap-intro-2022\/","name":"Montreal Cap Intro 2022 - CGE-EMB","isPartOf":{"@id":"https:\/\/emergingmanagers.ca\/#website"},"primaryImageOfPage":{"@id":"https:\/\/emergingmanagers.ca\/fr\/produit\/montreal-cap-intro-2022\/#primaryimage"},"image":{"@id":"https:\/\/emergingmanagers.ca\/fr\/produit\/montreal-cap-intro-2022\/#primaryimage"},"thumbnailUrl":"https:\/\/emergingmanagers.ca\/wp-content\/uploads\/2022\/09\/Bannie\u0300re-Cap-Intro.png","datePublished":"2022-09-26T13:38:50+00:00","dateModified":"2022-10-05T14:52:13+00:00","breadcrumb":{"@id":"https:\/\/emergingmanagers.ca\/fr\/produit\/montreal-cap-intro-2022\/#breadcrumb"},"inLanguage":"fr-FR","potentialAction":[{"@type":"ReadAction","target":["https:\/\/emergingmanagers.ca\/fr\/produit\/montreal-cap-intro-2022\/"]}]},{"@type":"ImageObject","inLanguage":"fr-FR","@id":"https:\/\/emergingmanagers.ca\/fr\/produit\/montreal-cap-intro-2022\/#primaryimage","url":"https:\/\/emergingmanagers.ca\/wp-content\/uploads\/2022\/09\/Bannie\u0300re-Cap-Intro.png","contentUrl":"https:\/\/emergingmanagers.ca\/wp-content\/uploads\/2022\/09\/Bannie\u0300re-Cap-Intro.png","width":3960,"height":990},{"@type":"BreadcrumbList","@id":"https:\/\/emergingmanagers.ca\/fr\/produit\/montreal-cap-intro-2022\/#breadcrumb","itemListElement":[{"@type":"ListItem","position":1,"name":"Home","item":"https:\/\/emergingmanagers.ca\/"},{"@type":"ListItem","position":2,"name":"Products","item":"https:\/\/emergingmanagers.ca\/shop\/"},{"@type":"ListItem","position":3,"name":"Montreal Cap Intro 2022"}]},{"@type":"WebSite","@id":"https:\/\/emergingmanagers.ca\/#website","url":"https:\/\/emergingmanagers.ca\/","name":"CGE-EMB","description":"Conseil des Gestionnaires Emergents | Emerging Managers Board","potentialAction":[{"@type":"SearchAction","target":{"@type":"EntryPoint","urlTemplate":"https:\/\/emergingmanagers.ca\/?s={search_term_string}"},"query-input":{"@type":"PropertyValueSpecification","valueRequired":true,"valueName":"search_term_string"}}],"inLanguage":"fr-FR"}]}},"_links":{"self":[{"href":"https:\/\/emergingmanagers.ca\/fr\/wp-json\/wp\/v2\/product\/23773","targetHints":{"allow":["GET"]}}],"collection":[{"href":"https:\/\/emergingmanagers.ca\/fr\/wp-json\/wp\/v2\/product"}],"about":[{"href":"https:\/\/emergingmanagers.ca\/fr\/wp-json\/wp\/v2\/types\/product"}],"wp:featuredmedia":[{"embeddable":true,"href":"https:\/\/emergingmanagers.ca\/fr\/wp-json\/wp\/v2\/media\/23958"}],"wp:attachment":[{"href":"https:\/\/emergingmanagers.ca\/fr\/wp-json\/wp\/v2\/media?parent=23773"}],"wp:term":[{"taxonomy":"product_brand","embeddable":true,"href":"https:\/\/emergingmanagers.ca\/fr\/wp-json\/wp\/v2\/product_brand?post=23773"},{"taxonomy":"product_cat","embeddable":true,"href":"https:\/\/emergingmanagers.ca\/fr\/wp-json\/wp\/v2\/product_cat?post=23773"},{"taxonomy":"product_tag","embeddable":true,"href":"https:\/\/emergingmanagers.ca\/fr\/wp-json\/wp\/v2\/product_tag?post=23773"}],"curies":[{"name":"wp","href":"https:\/\/api.w.org\/{rel}","templated":true}]}}