{"id":19173,"date":"2020-10-14T12:15:01","date_gmt":"2020-10-14T16:15:01","guid":{"rendered":"https:\/\/emergingmanagers.ca\/?post_type=product&#038;p=19173"},"modified":"2022-01-17T13:05:35","modified_gmt":"2022-01-17T18:05:35","slug":"2021-cge-emb-cap-intro-2","status":"publish","type":"product","link":"https:\/\/emergingmanagers.ca\/fr\/produit\/2021-cge-emb-cap-intro-2\/","title":{"rendered":"2021 CGE-EMB CAP INTRO"},"content":{"rendered":"<p><a href=\"https:\/\/emergingmanagers.ca\/fr\/calendar-event\/cap-intro-2021\/collage-td-cap-intro-2021\/\" rel=\"attachment wp-att-20820\"><img loading=\"lazy\" decoding=\"async\" class=\"aligncenter wp-image-20820\" src=\"https:\/\/emergingmanagers.ca\/wp-content\/uploads\/2021\/09\/Collage-TD-CAP-INTRO-2021-scaled.jpg\" alt=\"\" width=\"375\" height=\"192\" srcset=\"https:\/\/emergingmanagers.ca\/wp-content\/uploads\/2021\/09\/Collage-TD-CAP-INTRO-2021-scaled.jpg 2560w, https:\/\/emergingmanagers.ca\/wp-content\/uploads\/2021\/09\/Collage-TD-CAP-INTRO-2021-scaled-600x307.jpg 600w, https:\/\/emergingmanagers.ca\/wp-content\/uploads\/2021\/09\/Collage-TD-CAP-INTRO-2021-scaled-300x154.jpg 300w, https:\/\/emergingmanagers.ca\/wp-content\/uploads\/2021\/09\/Collage-TD-CAP-INTRO-2021-1024x524.jpg 1024w, https:\/\/emergingmanagers.ca\/wp-content\/uploads\/2021\/09\/Collage-TD-CAP-INTRO-2021-768x393.jpg 768w, https:\/\/emergingmanagers.ca\/wp-content\/uploads\/2021\/09\/Collage-TD-CAP-INTRO-2021-1536x786.jpg 1536w, https:\/\/emergingmanagers.ca\/wp-content\/uploads\/2021\/09\/Collage-TD-CAP-INTRO-2021-2048x1048.jpg 2048w, https:\/\/emergingmanagers.ca\/wp-content\/uploads\/2021\/09\/Collage-TD-CAP-INTRO-2021-scaled-830x425.jpg 830w\" sizes=\"(max-width: 375px) 100vw, 375px\" \/><\/a><\/p>\n<h3 style=\"text-align: center;\"><span style=\"color: #993300;\">IMPORTANT! <\/span><\/h3>\n<h4>Date limite pour s&rsquo;incrire aux rencontres One-on-One<\/h4>\n<h3><span style=\"color: #993300;\">22 octobre<\/span><\/h3>\n<p><strong>Date:<\/strong> 10 novembre 2021<\/p>\n<p><strong>Lieu:<\/strong> En ligne!<\/p>\n<p><strong>Frais:<\/strong> $100 pas firme de gestionnaire en \u00e9mergence et GRATUIT pour les allocateurs potentiels<\/p>\n<p style=\"text-align: center;\"><strong><span style=\"text-decoration: underline;\">Programme Virtuel Pr\u00e9liminaire:<\/span><\/strong><\/p>\n<p style=\"padding-left: 40px;\"><strong>9 h-9 h 30 r\u00e9seautage en ligne et v\u00e9rification de votre syst\u00e8me.<\/strong><\/p>\n<p style=\"padding-left: 40px;\"><strong>9 h 30 \u201310 h 30 De\u0301bat d\u2019experts :<\/strong>\u00a0<em>Aventures et exp\u00e9riences de gestionnaires \u00e9mergents<\/em><\/p>\n<ul>\n<li style=\"list-style-type: none;\">\n<ul>\n<li style=\"list-style-type: none;\">\n<ul>\n<li style=\"list-style-type: none;\">\n<ul>\n<li style=\"list-style-type: none;\">\n<ul>\n<li><strong>Aaron Stern<\/strong>, CIO chez Converium Capita<\/li>\n<li><strong>Amira Strasser<\/strong>, CEO chez Applied Research<\/li>\n<li><strong>Mathieu Boisvert<\/strong>, CEO chez Bastion Asset Mgmt.<\/li>\n<\/ul>\n<\/li>\n<\/ul>\n<\/li>\n<\/ul>\n<\/li>\n<\/ul>\n<\/li>\n<\/ul>\n<p style=\"padding-left: 40px;\"><strong>10 h 45 \u201315 h 00 1-on-1 Meetings : <\/strong>Rencontres individuelles de 15 minutes entre allocateurs d\u2019actifs et gestionnaires \u00e9mergents.<\/p>\n<h4>Afin de compl\u00e9ter votre inscription, cliquez sur lien \u00ab fiche de votre firme\u00bb. Veuillez remplir et nous retourner ce formulaire d\u00e8s que possible \u00e0 info@emergingmanagers.ca.<\/h4>\n<p style=\"text-align: center;\"><span style=\"background-color: #4485b8; color: #fff; display: inline-block; padding: 2px 8px; font-weight: bold; border-radius: 5px;\"><a style=\"color: #ffffff;\" href=\"https:\/\/emergingmanagers.ca\/fr\/?attachment_id=20838\" rel=\"attachment wp-att-20838\">Fiche de votre firme &#8211; Cap Intro 2021<\/a><\/span><\/p>\n<p>&nbsp;<\/p>\n","protected":false},"excerpt":{"rendered":"<p><a href=\"https:\/\/emergingmanagers.ca\/fr\/calendar-event\/cap-intro-2021\/collage-td-cap-intro-2021\/\" rel=\"attachment wp-att-20820\"><img loading=\"lazy\" decoding=\"async\" class=\"aligncenter wp-image-20820\" src=\"https:\/\/emergingmanagers.ca\/wp-content\/uploads\/2021\/09\/Collage-TD-CAP-INTRO-2021-scaled.jpg\" alt=\"\" width=\"375\" height=\"192\" srcset=\"https:\/\/emergingmanagers.ca\/wp-content\/uploads\/2021\/09\/Collage-TD-CAP-INTRO-2021-scaled.jpg 2560w, https:\/\/emergingmanagers.ca\/wp-content\/uploads\/2021\/09\/Collage-TD-CAP-INTRO-2021-scaled-600x307.jpg 600w, https:\/\/emergingmanagers.ca\/wp-content\/uploads\/2021\/09\/Collage-TD-CAP-INTRO-2021-scaled-300x154.jpg 300w, https:\/\/emergingmanagers.ca\/wp-content\/uploads\/2021\/09\/Collage-TD-CAP-INTRO-2021-1024x524.jpg 1024w, https:\/\/emergingmanagers.ca\/wp-content\/uploads\/2021\/09\/Collage-TD-CAP-INTRO-2021-768x393.jpg 768w, https:\/\/emergingmanagers.ca\/wp-content\/uploads\/2021\/09\/Collage-TD-CAP-INTRO-2021-1536x786.jpg 1536w, https:\/\/emergingmanagers.ca\/wp-content\/uploads\/2021\/09\/Collage-TD-CAP-INTRO-2021-2048x1048.jpg 2048w, https:\/\/emergingmanagers.ca\/wp-content\/uploads\/2021\/09\/Collage-TD-CAP-INTRO-2021-scaled-830x425.jpg 830w\" sizes=\"(max-width: 375px) 100vw, 375px\" \/><\/a><\/p>\n<h3 style=\"text-align: center;\"><span style=\"color: #993300;\">IMPORTANT! <\/span><\/h3>\n<h5>Date limite pour s&rsquo;incrire aux rencontres One-on-One<\/h5>\n<h3><span style=\"color: #993300;\">22 octobre<\/span><\/h3>\n<p><strong>Date:<\/strong> 10 novembre 2021<\/p>\n<p><strong>Lieu:<\/strong> En ligne!<\/p>\n<p><strong>Frais:<\/strong> $100 pas firme de gestionnaire en \u00e9mergence et GRATUIT pour les allocateurs potentiels<\/p>\n<p style=\"text-align: center;\"><strong><span style=\"text-decoration: underline;\">Programme Virtuel Pr\u00e9liminaire:<\/span><\/strong><\/p>\n<p><strong>9 h-9 h 30 r\u00e9seautage en ligne et v\u00e9rification de votre syst\u00e8me.<\/strong><\/p>\n<p><strong>9 h 30 \u201310 h 30 De\u0301bat d\u2019experts: <\/strong><em>Aventures et exp\u00e9riences de gestionnaires \u00e9mergents<\/em><\/p>\n<ul>\n<li style=\"list-style-type: none;\">\n<ul>\n<li style=\"list-style-type: none;\">\n<ul>\n<li style=\"list-style-type: none;\">\n<ul>\n<li style=\"list-style-type: none;\">\n<ul>\n<li><strong>Aaron Stern<\/strong>, CIO chez Converium Capita<\/li>\n<li><strong>Amira Strasser<\/strong>, CEO chez Applied Research<\/li>\n<li><strong>Mathieu Boisvert<\/strong>, CEO chez Bastion Asset Mgmt.<\/li>\n<\/ul>\n<\/li>\n<\/ul>\n<\/li>\n<\/ul>\n<\/li>\n<\/ul>\n<\/li>\n<\/ul>\n<div class=\"page\" title=\"Page 1\">\n<div class=\"section\"><\/div>\n<\/div>\n<p><strong>10 h 45 \u201315 h 00 1-on-1 Meetings :<\/strong><\/p>\n<p>Rencontres individuelles de 15 minutes entre allocateurs d\u2019actifs et gestionnaires \u00e9mergents.<\/p>\n<h4>Afin de compl\u00e9ter votre inscription, veuillez remplir et nous retourner ce formulaire d\u00e8s que possible \u00e0 info@emergingmanagers.ca.<\/h4>\n<p>&nbsp;<\/p>\n<p style=\"text-align: center;\"><span style=\"background-color: #4485b8; color: #fff; display: inline-block; padding: 2px 8px; font-weight: bold; border-radius: 5px;\"><a style=\"color: #ffffff;\" href=\"https:\/\/emergingmanagers.ca\/fr\/?attachment_id=20838\" rel=\"attachment wp-att-20838\">Fiche de votre firme &#8211; Cap Intro 2021<\/a><\/span><\/p>\n<p>&nbsp;<\/p>\n","protected":false},"featured_media":20820,"template":"","meta":{"_acf_changed":false,"_et_pb_use_builder":"","_et_pb_old_content":"","_et_gb_content_width":"","_monsterinsights_skip_tracking":false,"_monsterinsights_sitenote_active":false,"_monsterinsights_sitenote_note":"","_monsterinsights_sitenote_category":0},"product_brand":[],"product_cat":[210],"product_tag":[268],"class_list":{"0":"post-19173","1":"product","2":"type-product","3":"status-publish","4":"has-post-thumbnail","6":"product_cat-non-classifiee","7":"product_tag-cap-intro","9":"first","10":"instock","11":"virtual","12":"sold-individually","13":"taxable","14":"purchasable","15":"product-type-simple"},"acf":[],"yoast_head":"<!-- This site is optimized with the Yoast SEO plugin v27.5 - https:\/\/yoast.com\/product\/yoast-seo-wordpress\/ -->\n<title>2021 CGE-EMB CAP INTRO - CGE-EMB<\/title>\n<meta name=\"robots\" content=\"noindex, follow\" \/>\n<meta property=\"og:locale\" content=\"fr_FR\" \/>\n<meta property=\"og:type\" content=\"article\" \/>\n<meta property=\"og:title\" content=\"2021 CGE-EMB CAP INTRO - CGE-EMB\" \/>\n<meta property=\"og:description\" content=\"IMPORTANT!  Date limite pour s&#039;incrire aux rencontres One-on-One 22 octobre Date: 10 novembre 2021  Lieu: En ligne!  Frais: $100 pas firme de gestionnaire en \u00e9mergence et GRATUIT pour les allocateurs potentiels Programme Virtuel Pr\u00e9liminaire: 9 h-9 h 30 r\u00e9seautage en ligne et v\u00e9rification de votre syst\u00e8me.  9 h 30 \u201310 h 30 De\u0301bat d\u2019experts: Aventures et exp\u00e9riences de gestionnaires \u00e9mergents               Aaron Stern, CIO chez Converium Capita  Amira Strasser, CEO chez Applied Research  Mathieu Boisvert, CEO chez Bastion Asset Mgmt.             10 h 45 \u201315 h 00 1-on-1 Meetings :  Rencontres individuelles de 15 minutes entre allocateurs d\u2019actifs et gestionnaires \u00e9mergents. Afin de compl\u00e9ter votre inscription, veuillez remplir et nous retourner ce formulaire d\u00e8s que possible \u00e0 info@emergingmanagers.ca. &nbsp; Fiche de votre firme - Cap Intro 2021 &nbsp;\" \/>\n<meta property=\"og:url\" content=\"https:\/\/emergingmanagers.ca\/fr\/produit\/2021-cge-emb-cap-intro-2\/\" \/>\n<meta property=\"og:site_name\" content=\"CGE-EMB\" \/>\n<meta property=\"article:modified_time\" content=\"2022-01-17T18:05:35+00:00\" \/>\n<meta property=\"og:image\" content=\"https:\/\/emergingmanagers.ca\/wp-content\/uploads\/2021\/09\/Collage-TD-CAP-INTRO-2021-scaled.jpg\" \/>\n\t<meta property=\"og:image:width\" content=\"2560\" \/>\n\t<meta property=\"og:image:height\" content=\"1310\" \/>\n\t<meta property=\"og:image:type\" content=\"image\/jpeg\" \/>\n<meta name=\"twitter:label1\" content=\"Dur\u00e9e de lecture estim\u00e9e\" \/>\n\t<meta name=\"twitter:data1\" content=\"1 minute\" \/>\n<script type=\"application\/ld+json\" class=\"yoast-schema-graph\">{\"@context\":\"https:\\\/\\\/schema.org\",\"@graph\":[{\"@type\":\"WebPage\",\"@id\":\"https:\\\/\\\/emergingmanagers.ca\\\/fr\\\/produit\\\/2021-cge-emb-cap-intro-2\\\/\",\"url\":\"https:\\\/\\\/emergingmanagers.ca\\\/fr\\\/produit\\\/2021-cge-emb-cap-intro-2\\\/\",\"name\":\"2021 CGE-EMB CAP INTRO - CGE-EMB\",\"isPartOf\":{\"@id\":\"https:\\\/\\\/emergingmanagers.ca\\\/#website\"},\"primaryImageOfPage\":{\"@id\":\"https:\\\/\\\/emergingmanagers.ca\\\/fr\\\/produit\\\/2021-cge-emb-cap-intro-2\\\/#primaryimage\"},\"image\":{\"@id\":\"https:\\\/\\\/emergingmanagers.ca\\\/fr\\\/produit\\\/2021-cge-emb-cap-intro-2\\\/#primaryimage\"},\"thumbnailUrl\":\"https:\\\/\\\/emergingmanagers.ca\\\/wp-content\\\/uploads\\\/2021\\\/09\\\/Collage-TD-CAP-INTRO-2021-scaled.jpg\",\"datePublished\":\"2020-10-14T16:15:01+00:00\",\"dateModified\":\"2022-01-17T18:05:35+00:00\",\"breadcrumb\":{\"@id\":\"https:\\\/\\\/emergingmanagers.ca\\\/fr\\\/produit\\\/2021-cge-emb-cap-intro-2\\\/#breadcrumb\"},\"inLanguage\":\"fr-FR\",\"potentialAction\":[{\"@type\":\"ReadAction\",\"target\":[\"https:\\\/\\\/emergingmanagers.ca\\\/fr\\\/produit\\\/2021-cge-emb-cap-intro-2\\\/\"]}]},{\"@type\":\"ImageObject\",\"inLanguage\":\"fr-FR\",\"@id\":\"https:\\\/\\\/emergingmanagers.ca\\\/fr\\\/produit\\\/2021-cge-emb-cap-intro-2\\\/#primaryimage\",\"url\":\"https:\\\/\\\/emergingmanagers.ca\\\/wp-content\\\/uploads\\\/2021\\\/09\\\/Collage-TD-CAP-INTRO-2021-scaled.jpg\",\"contentUrl\":\"https:\\\/\\\/emergingmanagers.ca\\\/wp-content\\\/uploads\\\/2021\\\/09\\\/Collage-TD-CAP-INTRO-2021-scaled.jpg\",\"width\":2560,\"height\":1310},{\"@type\":\"BreadcrumbList\",\"@id\":\"https:\\\/\\\/emergingmanagers.ca\\\/fr\\\/produit\\\/2021-cge-emb-cap-intro-2\\\/#breadcrumb\",\"itemListElement\":[{\"@type\":\"ListItem\",\"position\":1,\"name\":\"Home\",\"item\":\"https:\\\/\\\/emergingmanagers.ca\\\/\"},{\"@type\":\"ListItem\",\"position\":2,\"name\":\"Products\",\"item\":\"https:\\\/\\\/emergingmanagers.ca\\\/shop\\\/\"},{\"@type\":\"ListItem\",\"position\":3,\"name\":\"2021 CGE-EMB CAP INTRO\"}]},{\"@type\":\"WebSite\",\"@id\":\"https:\\\/\\\/emergingmanagers.ca\\\/#website\",\"url\":\"https:\\\/\\\/emergingmanagers.ca\\\/\",\"name\":\"CGE-EMB\",\"description\":\"Conseil des Gestionnaires Emergents | Emerging Managers Board\",\"potentialAction\":[{\"@type\":\"SearchAction\",\"target\":{\"@type\":\"EntryPoint\",\"urlTemplate\":\"https:\\\/\\\/emergingmanagers.ca\\\/?s={search_term_string}\"},\"query-input\":{\"@type\":\"PropertyValueSpecification\",\"valueRequired\":true,\"valueName\":\"search_term_string\"}}],\"inLanguage\":\"fr-FR\"}]}<\/script>\n<!-- \/ Yoast SEO plugin. -->","yoast_head_json":{"title":"2021 CGE-EMB CAP INTRO - CGE-EMB","robots":{"index":"noindex","follow":"follow"},"og_locale":"fr_FR","og_type":"article","og_title":"2021 CGE-EMB CAP INTRO - CGE-EMB","og_description":"IMPORTANT!  Date limite pour s'incrire aux rencontres One-on-One 22 octobre Date: 10 novembre 2021  Lieu: En ligne!  Frais: $100 pas firme de gestionnaire en \u00e9mergence et GRATUIT pour les allocateurs potentiels Programme Virtuel Pr\u00e9liminaire: 9 h-9 h 30 r\u00e9seautage en ligne et v\u00e9rification de votre syst\u00e8me.  9 h 30 \u201310 h 30 De\u0301bat d\u2019experts: Aventures et exp\u00e9riences de gestionnaires \u00e9mergents               Aaron Stern, CIO chez Converium Capita  Amira Strasser, CEO chez Applied Research  Mathieu Boisvert, CEO chez Bastion Asset Mgmt.             10 h 45 \u201315 h 00 1-on-1 Meetings :  Rencontres individuelles de 15 minutes entre allocateurs d\u2019actifs et gestionnaires \u00e9mergents. Afin de compl\u00e9ter votre inscription, veuillez remplir et nous retourner ce formulaire d\u00e8s que possible \u00e0 info@emergingmanagers.ca. &nbsp; Fiche de votre firme - Cap Intro 2021 &nbsp;","og_url":"https:\/\/emergingmanagers.ca\/fr\/produit\/2021-cge-emb-cap-intro-2\/","og_site_name":"CGE-EMB","article_modified_time":"2022-01-17T18:05:35+00:00","og_image":[{"width":2560,"height":1310,"url":"https:\/\/emergingmanagers.ca\/wp-content\/uploads\/2021\/09\/Collage-TD-CAP-INTRO-2021-scaled.jpg","type":"image\/jpeg"}],"twitter_misc":{"Dur\u00e9e de lecture estim\u00e9e":"1 minute"},"schema":{"@context":"https:\/\/schema.org","@graph":[{"@type":"WebPage","@id":"https:\/\/emergingmanagers.ca\/fr\/produit\/2021-cge-emb-cap-intro-2\/","url":"https:\/\/emergingmanagers.ca\/fr\/produit\/2021-cge-emb-cap-intro-2\/","name":"2021 CGE-EMB CAP INTRO - CGE-EMB","isPartOf":{"@id":"https:\/\/emergingmanagers.ca\/#website"},"primaryImageOfPage":{"@id":"https:\/\/emergingmanagers.ca\/fr\/produit\/2021-cge-emb-cap-intro-2\/#primaryimage"},"image":{"@id":"https:\/\/emergingmanagers.ca\/fr\/produit\/2021-cge-emb-cap-intro-2\/#primaryimage"},"thumbnailUrl":"https:\/\/emergingmanagers.ca\/wp-content\/uploads\/2021\/09\/Collage-TD-CAP-INTRO-2021-scaled.jpg","datePublished":"2020-10-14T16:15:01+00:00","dateModified":"2022-01-17T18:05:35+00:00","breadcrumb":{"@id":"https:\/\/emergingmanagers.ca\/fr\/produit\/2021-cge-emb-cap-intro-2\/#breadcrumb"},"inLanguage":"fr-FR","potentialAction":[{"@type":"ReadAction","target":["https:\/\/emergingmanagers.ca\/fr\/produit\/2021-cge-emb-cap-intro-2\/"]}]},{"@type":"ImageObject","inLanguage":"fr-FR","@id":"https:\/\/emergingmanagers.ca\/fr\/produit\/2021-cge-emb-cap-intro-2\/#primaryimage","url":"https:\/\/emergingmanagers.ca\/wp-content\/uploads\/2021\/09\/Collage-TD-CAP-INTRO-2021-scaled.jpg","contentUrl":"https:\/\/emergingmanagers.ca\/wp-content\/uploads\/2021\/09\/Collage-TD-CAP-INTRO-2021-scaled.jpg","width":2560,"height":1310},{"@type":"BreadcrumbList","@id":"https:\/\/emergingmanagers.ca\/fr\/produit\/2021-cge-emb-cap-intro-2\/#breadcrumb","itemListElement":[{"@type":"ListItem","position":1,"name":"Home","item":"https:\/\/emergingmanagers.ca\/"},{"@type":"ListItem","position":2,"name":"Products","item":"https:\/\/emergingmanagers.ca\/shop\/"},{"@type":"ListItem","position":3,"name":"2021 CGE-EMB CAP INTRO"}]},{"@type":"WebSite","@id":"https:\/\/emergingmanagers.ca\/#website","url":"https:\/\/emergingmanagers.ca\/","name":"CGE-EMB","description":"Conseil des Gestionnaires Emergents | Emerging Managers Board","potentialAction":[{"@type":"SearchAction","target":{"@type":"EntryPoint","urlTemplate":"https:\/\/emergingmanagers.ca\/?s={search_term_string}"},"query-input":{"@type":"PropertyValueSpecification","valueRequired":true,"valueName":"search_term_string"}}],"inLanguage":"fr-FR"}]}},"_links":{"self":[{"href":"https:\/\/emergingmanagers.ca\/fr\/wp-json\/wp\/v2\/product\/19173","targetHints":{"allow":["GET"]}}],"collection":[{"href":"https:\/\/emergingmanagers.ca\/fr\/wp-json\/wp\/v2\/product"}],"about":[{"href":"https:\/\/emergingmanagers.ca\/fr\/wp-json\/wp\/v2\/types\/product"}],"wp:featuredmedia":[{"embeddable":true,"href":"https:\/\/emergingmanagers.ca\/fr\/wp-json\/wp\/v2\/media\/20820"}],"wp:attachment":[{"href":"https:\/\/emergingmanagers.ca\/fr\/wp-json\/wp\/v2\/media?parent=19173"}],"wp:term":[{"taxonomy":"product_brand","embeddable":true,"href":"https:\/\/emergingmanagers.ca\/fr\/wp-json\/wp\/v2\/product_brand?post=19173"},{"taxonomy":"product_cat","embeddable":true,"href":"https:\/\/emergingmanagers.ca\/fr\/wp-json\/wp\/v2\/product_cat?post=19173"},{"taxonomy":"product_tag","embeddable":true,"href":"https:\/\/emergingmanagers.ca\/fr\/wp-json\/wp\/v2\/product_tag?post=19173"}],"curies":[{"name":"wp","href":"https:\/\/api.w.org\/{rel}","templated":true}]}}