{"id":18968,"date":"2020-09-21T14:13:05","date_gmt":"2020-09-21T18:13:05","guid":{"rendered":"https:\/\/emergingmanagers.ca\/?post_type=product&#038;p=18968"},"modified":"2021-03-15T16:40:10","modified_gmt":"2021-03-15T20:40:10","slug":"2020-cge-emb-cap-intro","status":"publish","type":"product","link":"https:\/\/emergingmanagers.ca\/fr\/produit\/2020-cge-emb-cap-intro\/","title":{"rendered":"2020 CGE-EMB CAP INTRO"},"content":{"rendered":"<p style=\"text-align: center;\"><span lang=\"FR-CA\">CGE \u2014EMB Cap Intro 2020<\/span><span lang=\"FR-CA\">\u00a0<\/span><\/p>\n<p style=\"text-align: center;\"><strong><span style=\"text-decoration: underline;\">Programme Virtuel Pr\u00e9liminaire:<\/span><\/strong><\/p>\n<p><strong>9 h-9 h 30 r\u00e9seautage en ligne et v\u00e9rification de votre syst\u00e8me.<\/strong><\/p>\n<p><strong>9 h 30 \u201310 h 30 De\u0301bat d\u2019experts :<\/strong><\/p>\n<p>TBD<\/p>\n<div class=\"page\" title=\"Page 1\">\n<div class=\"section\">\n<div class=\"layoutArea\">\n<div class=\"column\"><\/div>\n<\/div>\n<\/div>\n<\/div>\n<p><strong>10 h 45 \u201315 h 00 1-on-1 Meetings :<\/strong><\/p>\n<p>Rencontres individuelles de 15 minutes entre allocateurs d\u2019actifs et gestionnaires \u00e9mergents.<\/p>\n<p><a href=\"https:\/\/emergingmanagers.ca\/fr\/?attachment_id=13405\" rel=\"attachment wp-att-9686\"><img loading=\"lazy\" decoding=\"async\" class=\"wp-image-13405 size-full aligncenter\" src=\"https:\/\/emergingmanagers.ca\/wp-content\/uploads\/2019\/12\/Collage_sponsors-2019_crop-1-scaled.jpg\" alt=\"\" width=\"2560\" height=\"1381\" srcset=\"https:\/\/emergingmanagers.ca\/wp-content\/uploads\/2019\/12\/Collage_sponsors-2019_crop-1-scaled.jpg 2560w, https:\/\/emergingmanagers.ca\/wp-content\/uploads\/2019\/12\/Collage_sponsors-2019_crop-1-scaled-600x324.jpg 600w, https:\/\/emergingmanagers.ca\/wp-content\/uploads\/2019\/12\/Collage_sponsors-2019_crop-1-scaled-300x162.jpg 300w, https:\/\/emergingmanagers.ca\/wp-content\/uploads\/2019\/12\/Collage_sponsors-2019_crop-1-1024x552.jpg 1024w, https:\/\/emergingmanagers.ca\/wp-content\/uploads\/2019\/12\/Collage_sponsors-2019_crop-1-768x414.jpg 768w, https:\/\/emergingmanagers.ca\/wp-content\/uploads\/2019\/12\/Collage_sponsors-2019_crop-1-1536x828.jpg 1536w, https:\/\/emergingmanagers.ca\/wp-content\/uploads\/2019\/12\/Collage_sponsors-2019_crop-1-2048x1105.jpg 2048w, https:\/\/emergingmanagers.ca\/wp-content\/uploads\/2019\/12\/Collage_sponsors-2019_crop-1-scaled-830x448.jpg 830w\" sizes=\"(max-width: 2560px) 100vw, 2560px\" \/><\/a><\/p>\n<p>&nbsp;<\/p>\n<p>&nbsp;<\/p>\n","protected":false},"excerpt":{"rendered":"<h4 style=\"text-align: center;\">Assister au CAP INTRO 2020!<\/h4>\n<h4>Un \u00e9v\u00e9nement qui facilitera les liens entre les institutions, les investisseurs, et les principaux gestionnaires de fonds malgr\u00e9 les distances!!<\/h4>\n<h4>Encore cette ann\u00e9e, le Cap Intro du CGE accueillera quelques conf\u00e9renciers en plus des rencontres individuelles de type <em>One on one meeting<\/em> mais cette fois l&rsquo;\u00e9v\u00e9nement sera enti\u00e8rement virtuel ! Un moyen rapide et efficace de se faire connaitre par diff\u00e9rents allocateurs d\u2019actif.<\/h4>\n<p>L&rsquo;\u00e9v\u00e9nement aura lieu \u00e0 la date, l&rsquo;heure et le lieu ci-dessous :<\/p>\n<p><strong>Date:<\/strong>\u00a0 5 novembre, 2020<\/p>\n<p><strong>Location:<\/strong> Virtuel, d\u00e9tails \u00e0 venir<\/p>\n<p><strong>Prix:<\/strong> $100 par firme membre<\/p>\n<h4><a href=\"https:\/\/emergingmanagers.ca\/wp-content\/uploads\/2020\/10\/1-CGE-EMB-Montreal-Cap-Intro-November-2020-.xlsx\">Afin de compl\u00e9ter votre inscription, veuillez remplir et nous retourner ce formulaire d\u00e8s que possible \u00e0 info@emergingmanagers.ca.<\/a><\/h4>\n<p>ou<\/p>\n<p>Cliquez sur le button pour r\u00e9cup\u00e9rer le formulaire:<a href=\"https:\/\/emergingmanagers.ca\/wp-content\/uploads\/2020\/10\/1-CGE-EMB-Montreal-Cap-Intro-November-2020-.xlsx\"><span style=\"background-color: #2b2301; color: #fff; display: inline-block; padding: 3px 10px; font-weight: bold; border-radius: 5px;\">2020 Montreal Cap Intro formulaire\u00a0 des firmes<\/span><\/a><\/p>\n<h4><\/h4>\n<h4><em><strong>Merci \u00e0 nos partenaires et au commanditaire de l&rsquo;\u00e9v\u00e9nement<\/strong><\/em><\/h4>\n<p><a href=\"https:\/\/emergingmanagers.ca\/fr\/?attachment_id=13405\" rel=\"attachment wp-att-9686\"><img loading=\"lazy\" decoding=\"async\" class=\"aligncenter wp-image-13405 size-full\" src=\"https:\/\/emergingmanagers.ca\/wp-content\/uploads\/2019\/12\/Collage_sponsors-2019_crop-1-scaled.jpg\" alt=\"\" width=\"2560\" height=\"1381\" srcset=\"https:\/\/emergingmanagers.ca\/wp-content\/uploads\/2019\/12\/Collage_sponsors-2019_crop-1-scaled.jpg 2560w, https:\/\/emergingmanagers.ca\/wp-content\/uploads\/2019\/12\/Collage_sponsors-2019_crop-1-scaled-600x324.jpg 600w, https:\/\/emergingmanagers.ca\/wp-content\/uploads\/2019\/12\/Collage_sponsors-2019_crop-1-scaled-300x162.jpg 300w, https:\/\/emergingmanagers.ca\/wp-content\/uploads\/2019\/12\/Collage_sponsors-2019_crop-1-1024x552.jpg 1024w, https:\/\/emergingmanagers.ca\/wp-content\/uploads\/2019\/12\/Collage_sponsors-2019_crop-1-768x414.jpg 768w, https:\/\/emergingmanagers.ca\/wp-content\/uploads\/2019\/12\/Collage_sponsors-2019_crop-1-1536x828.jpg 1536w, https:\/\/emergingmanagers.ca\/wp-content\/uploads\/2019\/12\/Collage_sponsors-2019_crop-1-2048x1105.jpg 2048w, https:\/\/emergingmanagers.ca\/wp-content\/uploads\/2019\/12\/Collage_sponsors-2019_crop-1-scaled-830x448.jpg 830w\" sizes=\"(max-width: 2560px) 100vw, 2560px\" \/><\/a><\/p>\n<p>Veuillez confirmer votre pr\u00e9sence\u00a0en s\u00e9lectionnant le lien suivant:<\/p>\n","protected":false},"featured_media":0,"template":"","meta":{"_acf_changed":false,"_et_pb_use_builder":"","_et_pb_old_content":"","_et_gb_content_width":"","_monsterinsights_skip_tracking":false,"_monsterinsights_sitenote_active":false,"_monsterinsights_sitenote_note":"","_monsterinsights_sitenote_category":0},"product_brand":[],"product_cat":[210],"product_tag":[],"class_list":{"0":"post-18968","1":"product","2":"type-product","3":"status-publish","5":"product_cat-non-classifiee","7":"first","8":"instock","9":"virtual","10":"sold-individually","11":"taxable","12":"purchasable","13":"product-type-simple"},"acf":[],"yoast_head":"<!-- This site is optimized with the Yoast SEO plugin v27.2 - https:\/\/yoast.com\/product\/yoast-seo-wordpress\/ -->\n<title>2020 CGE-EMB CAP INTRO - CGE-EMB<\/title>\n<meta name=\"robots\" content=\"noindex, follow\" \/>\n<meta property=\"og:locale\" content=\"fr_FR\" \/>\n<meta property=\"og:type\" content=\"article\" \/>\n<meta property=\"og:title\" content=\"2020 CGE-EMB CAP INTRO - CGE-EMB\" \/>\n<meta property=\"og:description\" content=\"Assister au CAP INTRO 2020! Un \u00e9v\u00e9nement qui facilitera les liens entre les institutions, les investisseurs, et les principaux gestionnaires de fonds malgr\u00e9 les distances!! Encore cette ann\u00e9e, le Cap Intro du CGE accueillera quelques conf\u00e9renciers en plus des rencontres individuelles de type One on one meeting mais cette fois l&#039;\u00e9v\u00e9nement sera enti\u00e8rement virtuel ! Un moyen rapide et efficace de se faire connaitre par diff\u00e9rents allocateurs d\u2019actif. L&#039;\u00e9v\u00e9nement aura lieu \u00e0 la date, l&#039;heure et le lieu ci-dessous :  Date:\u00a0 5 novembre, 2020  Location: Virtuel, d\u00e9tails \u00e0 venir  Prix: $100 par firme membre Afin de compl\u00e9ter votre inscription, veuillez remplir et nous retourner ce formulaire d\u00e8s que possible \u00e0 info@emergingmanagers.ca. ou  Cliquez sur le button pour r\u00e9cup\u00e9rer le formulaire:2020 Montreal Cap Intro formulaire\u00a0 des firmes  Merci \u00e0 nos partenaires et au commanditaire de l&#039;\u00e9v\u00e9nement   Veuillez confirmer votre pr\u00e9sence\u00a0en s\u00e9lectionnant le lien suivant:\" \/>\n<meta property=\"og:url\" content=\"https:\/\/emergingmanagers.ca\/fr\/produit\/2020-cge-emb-cap-intro\/\" \/>\n<meta property=\"og:site_name\" content=\"CGE-EMB\" \/>\n<meta property=\"article:modified_time\" content=\"2021-03-15T20:40:10+00:00\" \/>\n<meta property=\"og:image\" content=\"https:\/\/emergingmanagers.ca\/wp-content\/uploads\/2019\/12\/Collage_sponsors-2019_crop-1-scaled.jpg\" \/>\n<script type=\"application\/ld+json\" class=\"yoast-schema-graph\">{\"@context\":\"https:\/\/schema.org\",\"@graph\":[{\"@type\":\"WebPage\",\"@id\":\"https:\/\/emergingmanagers.ca\/fr\/produit\/2020-cge-emb-cap-intro\/\",\"url\":\"https:\/\/emergingmanagers.ca\/fr\/produit\/2020-cge-emb-cap-intro\/\",\"name\":\"2020 CGE-EMB CAP INTRO - CGE-EMB\",\"isPartOf\":{\"@id\":\"https:\/\/emergingmanagers.ca\/#website\"},\"primaryImageOfPage\":{\"@id\":\"https:\/\/emergingmanagers.ca\/fr\/produit\/2020-cge-emb-cap-intro\/#primaryimage\"},\"image\":{\"@id\":\"https:\/\/emergingmanagers.ca\/fr\/produit\/2020-cge-emb-cap-intro\/#primaryimage\"},\"thumbnailUrl\":\"https:\/\/emergingmanagers.ca\/wp-content\/uploads\/2019\/12\/Collage_sponsors-2019_crop-1-scaled.jpg\",\"datePublished\":\"2020-09-21T18:13:05+00:00\",\"dateModified\":\"2021-03-15T20:40:10+00:00\",\"breadcrumb\":{\"@id\":\"https:\/\/emergingmanagers.ca\/fr\/produit\/2020-cge-emb-cap-intro\/#breadcrumb\"},\"inLanguage\":\"fr-FR\",\"potentialAction\":[{\"@type\":\"ReadAction\",\"target\":[\"https:\/\/emergingmanagers.ca\/fr\/produit\/2020-cge-emb-cap-intro\/\"]}]},{\"@type\":\"ImageObject\",\"inLanguage\":\"fr-FR\",\"@id\":\"https:\/\/emergingmanagers.ca\/fr\/produit\/2020-cge-emb-cap-intro\/#primaryimage\",\"url\":\"https:\/\/emergingmanagers.ca\/wp-content\/uploads\/2019\/12\/Collage_sponsors-2019_crop-1-scaled.jpg\",\"contentUrl\":\"https:\/\/emergingmanagers.ca\/wp-content\/uploads\/2019\/12\/Collage_sponsors-2019_crop-1-scaled.jpg\"},{\"@type\":\"BreadcrumbList\",\"@id\":\"https:\/\/emergingmanagers.ca\/fr\/produit\/2020-cge-emb-cap-intro\/#breadcrumb\",\"itemListElement\":[{\"@type\":\"ListItem\",\"position\":1,\"name\":\"Home\",\"item\":\"https:\/\/emergingmanagers.ca\/\"},{\"@type\":\"ListItem\",\"position\":2,\"name\":\"Products\",\"item\":\"https:\/\/emergingmanagers.ca\/shop\/\"},{\"@type\":\"ListItem\",\"position\":3,\"name\":\"2020 CGE-EMB CAP INTRO\"}]},{\"@type\":\"WebSite\",\"@id\":\"https:\/\/emergingmanagers.ca\/#website\",\"url\":\"https:\/\/emergingmanagers.ca\/\",\"name\":\"CGE-EMB\",\"description\":\"Conseil des Gestionnaires Emergents | Emerging Managers Board\",\"potentialAction\":[{\"@type\":\"SearchAction\",\"target\":{\"@type\":\"EntryPoint\",\"urlTemplate\":\"https:\/\/emergingmanagers.ca\/?s={search_term_string}\"},\"query-input\":{\"@type\":\"PropertyValueSpecification\",\"valueRequired\":true,\"valueName\":\"search_term_string\"}}],\"inLanguage\":\"fr-FR\"}]}<\/script>\n<!-- \/ Yoast SEO plugin. -->","yoast_head_json":{"title":"2020 CGE-EMB CAP INTRO - CGE-EMB","robots":{"index":"noindex","follow":"follow"},"og_locale":"fr_FR","og_type":"article","og_title":"2020 CGE-EMB CAP INTRO - CGE-EMB","og_description":"Assister au CAP INTRO 2020! Un \u00e9v\u00e9nement qui facilitera les liens entre les institutions, les investisseurs, et les principaux gestionnaires de fonds malgr\u00e9 les distances!! Encore cette ann\u00e9e, le Cap Intro du CGE accueillera quelques conf\u00e9renciers en plus des rencontres individuelles de type One on one meeting mais cette fois l'\u00e9v\u00e9nement sera enti\u00e8rement virtuel ! Un moyen rapide et efficace de se faire connaitre par diff\u00e9rents allocateurs d\u2019actif. L'\u00e9v\u00e9nement aura lieu \u00e0 la date, l'heure et le lieu ci-dessous :  Date:\u00a0 5 novembre, 2020  Location: Virtuel, d\u00e9tails \u00e0 venir  Prix: $100 par firme membre Afin de compl\u00e9ter votre inscription, veuillez remplir et nous retourner ce formulaire d\u00e8s que possible \u00e0 info@emergingmanagers.ca. ou  Cliquez sur le button pour r\u00e9cup\u00e9rer le formulaire:2020 Montreal Cap Intro formulaire\u00a0 des firmes  Merci \u00e0 nos partenaires et au commanditaire de l'\u00e9v\u00e9nement   Veuillez confirmer votre pr\u00e9sence\u00a0en s\u00e9lectionnant le lien suivant:","og_url":"https:\/\/emergingmanagers.ca\/fr\/produit\/2020-cge-emb-cap-intro\/","og_site_name":"CGE-EMB","article_modified_time":"2021-03-15T20:40:10+00:00","og_image":[{"url":"https:\/\/emergingmanagers.ca\/wp-content\/uploads\/2019\/12\/Collage_sponsors-2019_crop-1-scaled.jpg","type":"","width":"","height":""}],"schema":{"@context":"https:\/\/schema.org","@graph":[{"@type":"WebPage","@id":"https:\/\/emergingmanagers.ca\/fr\/produit\/2020-cge-emb-cap-intro\/","url":"https:\/\/emergingmanagers.ca\/fr\/produit\/2020-cge-emb-cap-intro\/","name":"2020 CGE-EMB CAP INTRO - CGE-EMB","isPartOf":{"@id":"https:\/\/emergingmanagers.ca\/#website"},"primaryImageOfPage":{"@id":"https:\/\/emergingmanagers.ca\/fr\/produit\/2020-cge-emb-cap-intro\/#primaryimage"},"image":{"@id":"https:\/\/emergingmanagers.ca\/fr\/produit\/2020-cge-emb-cap-intro\/#primaryimage"},"thumbnailUrl":"https:\/\/emergingmanagers.ca\/wp-content\/uploads\/2019\/12\/Collage_sponsors-2019_crop-1-scaled.jpg","datePublished":"2020-09-21T18:13:05+00:00","dateModified":"2021-03-15T20:40:10+00:00","breadcrumb":{"@id":"https:\/\/emergingmanagers.ca\/fr\/produit\/2020-cge-emb-cap-intro\/#breadcrumb"},"inLanguage":"fr-FR","potentialAction":[{"@type":"ReadAction","target":["https:\/\/emergingmanagers.ca\/fr\/produit\/2020-cge-emb-cap-intro\/"]}]},{"@type":"ImageObject","inLanguage":"fr-FR","@id":"https:\/\/emergingmanagers.ca\/fr\/produit\/2020-cge-emb-cap-intro\/#primaryimage","url":"https:\/\/emergingmanagers.ca\/wp-content\/uploads\/2019\/12\/Collage_sponsors-2019_crop-1-scaled.jpg","contentUrl":"https:\/\/emergingmanagers.ca\/wp-content\/uploads\/2019\/12\/Collage_sponsors-2019_crop-1-scaled.jpg"},{"@type":"BreadcrumbList","@id":"https:\/\/emergingmanagers.ca\/fr\/produit\/2020-cge-emb-cap-intro\/#breadcrumb","itemListElement":[{"@type":"ListItem","position":1,"name":"Home","item":"https:\/\/emergingmanagers.ca\/"},{"@type":"ListItem","position":2,"name":"Products","item":"https:\/\/emergingmanagers.ca\/shop\/"},{"@type":"ListItem","position":3,"name":"2020 CGE-EMB CAP INTRO"}]},{"@type":"WebSite","@id":"https:\/\/emergingmanagers.ca\/#website","url":"https:\/\/emergingmanagers.ca\/","name":"CGE-EMB","description":"Conseil des Gestionnaires Emergents | Emerging Managers Board","potentialAction":[{"@type":"SearchAction","target":{"@type":"EntryPoint","urlTemplate":"https:\/\/emergingmanagers.ca\/?s={search_term_string}"},"query-input":{"@type":"PropertyValueSpecification","valueRequired":true,"valueName":"search_term_string"}}],"inLanguage":"fr-FR"}]}},"_links":{"self":[{"href":"https:\/\/emergingmanagers.ca\/fr\/wp-json\/wp\/v2\/product\/18968","targetHints":{"allow":["GET"]}}],"collection":[{"href":"https:\/\/emergingmanagers.ca\/fr\/wp-json\/wp\/v2\/product"}],"about":[{"href":"https:\/\/emergingmanagers.ca\/fr\/wp-json\/wp\/v2\/types\/product"}],"wp:attachment":[{"href":"https:\/\/emergingmanagers.ca\/fr\/wp-json\/wp\/v2\/media?parent=18968"}],"wp:term":[{"taxonomy":"product_brand","embeddable":true,"href":"https:\/\/emergingmanagers.ca\/fr\/wp-json\/wp\/v2\/product_brand?post=18968"},{"taxonomy":"product_cat","embeddable":true,"href":"https:\/\/emergingmanagers.ca\/fr\/wp-json\/wp\/v2\/product_cat?post=18968"},{"taxonomy":"product_tag","embeddable":true,"href":"https:\/\/emergingmanagers.ca\/fr\/wp-json\/wp\/v2\/product_tag?post=18968"}],"curies":[{"name":"wp","href":"https:\/\/api.w.org\/{rel}","templated":true}]}}