{"id":11853,"date":"2019-11-15T13:47:58","date_gmt":"2019-11-15T19:17:58","guid":{"rendered":"https:\/\/emergingmanagers.ca\/product\/cotisation-annuelle-membre-votant-2020-voting-member-annual-dues\/"},"modified":"2019-12-06T16:02:29","modified_gmt":"2019-12-06T21:32:29","slug":"cotisation-annuelle-membre-votant-2020-voting-member-annual-dues","status":"publish","type":"product","link":"https:\/\/emergingmanagers.ca\/fr\/produit\/cotisation-annuelle-membre-votant-2020-voting-member-annual-dues\/","title":{"rendered":"Cotisation Annuelle Membre Votant 2020- Voting Member Annual Dues"},"content":{"rendered":"","protected":false},"excerpt":{"rendered":"<p>SVP cliquez sur le lien ci-dessous pour payer vos frais d&rsquo;adh\u00e9sion au Conseil des Gestionnaires en \u00c9mergence.<\/p>\n<p>Le paiement peut \u00eatre effectu\u00e9 par carte de cr\u00e9dit. Une fois le paiement effectu\u00e9, vous recevrez un e-mail confirmant votre adh\u00e9sion au CGE pour votre adh\u00e9sion 2020 ainsi qu\u2019un re\u00e7u.<\/p>\n<p>Si vous avez des questions s&rsquo;il vous pla\u00eet communiquez avec le CGE \u00e0 info@emergingmanagers.ca<\/p>\n<p>Pour les gestionnaires\u00a0ayant moins de 1 milliard$ d\u2019ASG.<\/p>\n<p><strong>Cotisations des membres pour la p\u00e9riode du 1er Janvier 2020 au 31 D\u00e9cembre 2020.<\/strong><\/p>\n","protected":false},"featured_media":11854,"template":"","meta":{"_acf_changed":false,"_et_pb_use_builder":"","_et_pb_old_content":"","_et_gb_content_width":"","_monsterinsights_skip_tracking":false,"_monsterinsights_sitenote_active":false,"_monsterinsights_sitenote_note":"","_monsterinsights_sitenote_category":0},"product_brand":[],"product_cat":[210],"product_tag":[],"class_list":{"0":"post-11853","1":"product","2":"type-product","3":"status-publish","4":"has-post-thumbnail","6":"product_cat-non-classifiee","8":"first","9":"instock","10":"virtual","11":"sold-individually","12":"taxable","13":"purchasable","14":"product-type-simple"},"acf":[],"yoast_head":"<!-- This site is optimized with the Yoast SEO plugin v27.2 - https:\/\/yoast.com\/product\/yoast-seo-wordpress\/ -->\n<title>Cotisation Annuelle Membre Votant 2020- Voting Member Annual Dues - CGE-EMB<\/title>\n<meta name=\"robots\" content=\"noindex, follow\" \/>\n<meta property=\"og:locale\" content=\"fr_FR\" \/>\n<meta property=\"og:type\" content=\"article\" \/>\n<meta property=\"og:title\" content=\"Cotisation Annuelle Membre Votant 2020- Voting Member Annual Dues - CGE-EMB\" \/>\n<meta property=\"og:description\" content=\"SVP cliquez sur le lien ci-dessous pour payer vos frais d&#039;adh\u00e9sion au Conseil des Gestionnaires en \u00c9mergence.  Le paiement peut \u00eatre effectu\u00e9 par carte de cr\u00e9dit. Une fois le paiement effectu\u00e9, vous recevrez un e-mail confirmant votre adh\u00e9sion au CGE pour votre adh\u00e9sion 2020 ainsi qu\u2019un re\u00e7u.  Si vous avez des questions s&#039;il vous pla\u00eet communiquez avec le CGE \u00e0 info@emergingmanagers.ca  Pour les gestionnaires\u00a0ayant moins de 1 milliard$ d\u2019ASG.  Cotisations des membres pour la p\u00e9riode du 1er Janvier 2020 au 31 D\u00e9cembre 2020.\" \/>\n<meta property=\"og:url\" content=\"https:\/\/emergingmanagers.ca\/fr\/produit\/cotisation-annuelle-membre-votant-2020-voting-member-annual-dues\/\" \/>\n<meta property=\"og:site_name\" content=\"CGE-EMB\" \/>\n<meta property=\"article:modified_time\" content=\"2019-12-06T21:32:29+00:00\" \/>\n<meta property=\"og:image\" content=\"https:\/\/emergingmanagers.ca\/wp-content\/uploads\/2015\/01\/Voting-Members.png\" \/>\n\t<meta property=\"og:image:width\" content=\"800\" \/>\n\t<meta property=\"og:image:height\" content=\"421\" \/>\n\t<meta property=\"og:image:type\" content=\"image\/png\" \/>\n<script type=\"application\/ld+json\" class=\"yoast-schema-graph\">{\"@context\":\"https:\/\/schema.org\",\"@graph\":[{\"@type\":\"WebPage\",\"@id\":\"https:\/\/emergingmanagers.ca\/fr\/produit\/cotisation-annuelle-membre-votant-2020-voting-member-annual-dues\/\",\"url\":\"https:\/\/emergingmanagers.ca\/fr\/produit\/cotisation-annuelle-membre-votant-2020-voting-member-annual-dues\/\",\"name\":\"Cotisation Annuelle Membre Votant 2020- Voting Member Annual Dues - CGE-EMB\",\"isPartOf\":{\"@id\":\"https:\/\/emergingmanagers.ca\/#website\"},\"primaryImageOfPage\":{\"@id\":\"https:\/\/emergingmanagers.ca\/fr\/produit\/cotisation-annuelle-membre-votant-2020-voting-member-annual-dues\/#primaryimage\"},\"image\":{\"@id\":\"https:\/\/emergingmanagers.ca\/fr\/produit\/cotisation-annuelle-membre-votant-2020-voting-member-annual-dues\/#primaryimage\"},\"thumbnailUrl\":\"https:\/\/emergingmanagers.ca\/wp-content\/uploads\/2015\/01\/Voting-Members.png\",\"datePublished\":\"2019-11-15T19:17:58+00:00\",\"dateModified\":\"2019-12-06T21:32:29+00:00\",\"breadcrumb\":{\"@id\":\"https:\/\/emergingmanagers.ca\/fr\/produit\/cotisation-annuelle-membre-votant-2020-voting-member-annual-dues\/#breadcrumb\"},\"inLanguage\":\"fr-FR\",\"potentialAction\":[{\"@type\":\"ReadAction\",\"target\":[\"https:\/\/emergingmanagers.ca\/fr\/produit\/cotisation-annuelle-membre-votant-2020-voting-member-annual-dues\/\"]}]},{\"@type\":\"ImageObject\",\"inLanguage\":\"fr-FR\",\"@id\":\"https:\/\/emergingmanagers.ca\/fr\/produit\/cotisation-annuelle-membre-votant-2020-voting-member-annual-dues\/#primaryimage\",\"url\":\"https:\/\/emergingmanagers.ca\/wp-content\/uploads\/2015\/01\/Voting-Members.png\",\"contentUrl\":\"https:\/\/emergingmanagers.ca\/wp-content\/uploads\/2015\/01\/Voting-Members.png\",\"width\":800,\"height\":421},{\"@type\":\"BreadcrumbList\",\"@id\":\"https:\/\/emergingmanagers.ca\/fr\/produit\/cotisation-annuelle-membre-votant-2020-voting-member-annual-dues\/#breadcrumb\",\"itemListElement\":[{\"@type\":\"ListItem\",\"position\":1,\"name\":\"Home\",\"item\":\"https:\/\/emergingmanagers.ca\/\"},{\"@type\":\"ListItem\",\"position\":2,\"name\":\"Products\",\"item\":\"https:\/\/emergingmanagers.ca\/shop\/\"},{\"@type\":\"ListItem\",\"position\":3,\"name\":\"Cotisation Annuelle Membre Votant 2020- Voting Member Annual Dues\"}]},{\"@type\":\"WebSite\",\"@id\":\"https:\/\/emergingmanagers.ca\/#website\",\"url\":\"https:\/\/emergingmanagers.ca\/\",\"name\":\"CGE-EMB\",\"description\":\"Conseil des Gestionnaires Emergents | Emerging Managers Board\",\"potentialAction\":[{\"@type\":\"SearchAction\",\"target\":{\"@type\":\"EntryPoint\",\"urlTemplate\":\"https:\/\/emergingmanagers.ca\/?s={search_term_string}\"},\"query-input\":{\"@type\":\"PropertyValueSpecification\",\"valueRequired\":true,\"valueName\":\"search_term_string\"}}],\"inLanguage\":\"fr-FR\"}]}<\/script>\n<!-- \/ Yoast SEO plugin. -->","yoast_head_json":{"title":"Cotisation Annuelle Membre Votant 2020- Voting Member Annual Dues - CGE-EMB","robots":{"index":"noindex","follow":"follow"},"og_locale":"fr_FR","og_type":"article","og_title":"Cotisation Annuelle Membre Votant 2020- Voting Member Annual Dues - CGE-EMB","og_description":"SVP cliquez sur le lien ci-dessous pour payer vos frais d'adh\u00e9sion au Conseil des Gestionnaires en \u00c9mergence.  Le paiement peut \u00eatre effectu\u00e9 par carte de cr\u00e9dit. Une fois le paiement effectu\u00e9, vous recevrez un e-mail confirmant votre adh\u00e9sion au CGE pour votre adh\u00e9sion 2020 ainsi qu\u2019un re\u00e7u.  Si vous avez des questions s'il vous pla\u00eet communiquez avec le CGE \u00e0 info@emergingmanagers.ca  Pour les gestionnaires\u00a0ayant moins de 1 milliard$ d\u2019ASG.  Cotisations des membres pour la p\u00e9riode du 1er Janvier 2020 au 31 D\u00e9cembre 2020.","og_url":"https:\/\/emergingmanagers.ca\/fr\/produit\/cotisation-annuelle-membre-votant-2020-voting-member-annual-dues\/","og_site_name":"CGE-EMB","article_modified_time":"2019-12-06T21:32:29+00:00","og_image":[{"width":800,"height":421,"url":"https:\/\/emergingmanagers.ca\/wp-content\/uploads\/2015\/01\/Voting-Members.png","type":"image\/png"}],"schema":{"@context":"https:\/\/schema.org","@graph":[{"@type":"WebPage","@id":"https:\/\/emergingmanagers.ca\/fr\/produit\/cotisation-annuelle-membre-votant-2020-voting-member-annual-dues\/","url":"https:\/\/emergingmanagers.ca\/fr\/produit\/cotisation-annuelle-membre-votant-2020-voting-member-annual-dues\/","name":"Cotisation Annuelle Membre Votant 2020- Voting Member Annual Dues - CGE-EMB","isPartOf":{"@id":"https:\/\/emergingmanagers.ca\/#website"},"primaryImageOfPage":{"@id":"https:\/\/emergingmanagers.ca\/fr\/produit\/cotisation-annuelle-membre-votant-2020-voting-member-annual-dues\/#primaryimage"},"image":{"@id":"https:\/\/emergingmanagers.ca\/fr\/produit\/cotisation-annuelle-membre-votant-2020-voting-member-annual-dues\/#primaryimage"},"thumbnailUrl":"https:\/\/emergingmanagers.ca\/wp-content\/uploads\/2015\/01\/Voting-Members.png","datePublished":"2019-11-15T19:17:58+00:00","dateModified":"2019-12-06T21:32:29+00:00","breadcrumb":{"@id":"https:\/\/emergingmanagers.ca\/fr\/produit\/cotisation-annuelle-membre-votant-2020-voting-member-annual-dues\/#breadcrumb"},"inLanguage":"fr-FR","potentialAction":[{"@type":"ReadAction","target":["https:\/\/emergingmanagers.ca\/fr\/produit\/cotisation-annuelle-membre-votant-2020-voting-member-annual-dues\/"]}]},{"@type":"ImageObject","inLanguage":"fr-FR","@id":"https:\/\/emergingmanagers.ca\/fr\/produit\/cotisation-annuelle-membre-votant-2020-voting-member-annual-dues\/#primaryimage","url":"https:\/\/emergingmanagers.ca\/wp-content\/uploads\/2015\/01\/Voting-Members.png","contentUrl":"https:\/\/emergingmanagers.ca\/wp-content\/uploads\/2015\/01\/Voting-Members.png","width":800,"height":421},{"@type":"BreadcrumbList","@id":"https:\/\/emergingmanagers.ca\/fr\/produit\/cotisation-annuelle-membre-votant-2020-voting-member-annual-dues\/#breadcrumb","itemListElement":[{"@type":"ListItem","position":1,"name":"Home","item":"https:\/\/emergingmanagers.ca\/"},{"@type":"ListItem","position":2,"name":"Products","item":"https:\/\/emergingmanagers.ca\/shop\/"},{"@type":"ListItem","position":3,"name":"Cotisation Annuelle Membre Votant 2020- Voting Member Annual Dues"}]},{"@type":"WebSite","@id":"https:\/\/emergingmanagers.ca\/#website","url":"https:\/\/emergingmanagers.ca\/","name":"CGE-EMB","description":"Conseil des Gestionnaires Emergents | Emerging Managers Board","potentialAction":[{"@type":"SearchAction","target":{"@type":"EntryPoint","urlTemplate":"https:\/\/emergingmanagers.ca\/?s={search_term_string}"},"query-input":{"@type":"PropertyValueSpecification","valueRequired":true,"valueName":"search_term_string"}}],"inLanguage":"fr-FR"}]}},"_links":{"self":[{"href":"https:\/\/emergingmanagers.ca\/fr\/wp-json\/wp\/v2\/product\/11853","targetHints":{"allow":["GET"]}}],"collection":[{"href":"https:\/\/emergingmanagers.ca\/fr\/wp-json\/wp\/v2\/product"}],"about":[{"href":"https:\/\/emergingmanagers.ca\/fr\/wp-json\/wp\/v2\/types\/product"}],"wp:featuredmedia":[{"embeddable":true,"href":"https:\/\/emergingmanagers.ca\/fr\/wp-json\/wp\/v2\/media\/11854"}],"wp:attachment":[{"href":"https:\/\/emergingmanagers.ca\/fr\/wp-json\/wp\/v2\/media?parent=11853"}],"wp:term":[{"taxonomy":"product_brand","embeddable":true,"href":"https:\/\/emergingmanagers.ca\/fr\/wp-json\/wp\/v2\/product_brand?post=11853"},{"taxonomy":"product_cat","embeddable":true,"href":"https:\/\/emergingmanagers.ca\/fr\/wp-json\/wp\/v2\/product_cat?post=11853"},{"taxonomy":"product_tag","embeddable":true,"href":"https:\/\/emergingmanagers.ca\/fr\/wp-json\/wp\/v2\/product_tag?post=11853"}],"curies":[{"name":"wp","href":"https:\/\/api.w.org\/{rel}","templated":true}]}}