{"id":451,"date":"2014-11-06T07:10:13","date_gmt":"2014-11-06T07:10:13","guid":{"rendered":"http:\/\/www.emergingmanagers.ca\/premium-sponsor-2\/"},"modified":"2015-01-17T21:38:07","modified_gmt":"2015-01-18T03:08:07","slug":"pwc","status":"publish","type":"page","link":"https:\/\/emergingmanagers.ca\/fr\/pwc\/","title":{"rendered":"PWC"},"content":{"rendered":"\n<div class=\"innercontent-left01\">\n<h1 class=\"innercontent-left01-left\">PWC Premium Sponsor<\/h1>\n<div class=\"innercontent-left01-left\"><\/div>\n<div class=\"innercontent-left01-right\"><iframe loading=\"lazy\" src=\"\/\/www.youtube.com\/embed\/6yJ30dxONeQ?rel=0\" width=\"853\" height=\"480\" frameborder=\"0\" allowfullscreen=\"allowfullscreen\"><\/iframe><\/div>\n<div class=\"clr\"><\/div>\n<\/div>\n<div class=\"innercontent-left02\">\n<h2>PWC supports emerging managers across Canada.<\/h2>\n<p>In Canada, PwC has more than 6,500 partners and staff in\u00a0locations\u00a0from St. John&rsquo;s, Newfoundland to Victoria, British Columbia.<br \/>\n<\/br><br \/>\nAs part of a larger network of over 180,000 people in 158 countries, we work to provide clients with the best of our collective thinking, experience and solutions to build public trust and enhance value for our clients and their stakeholders.<br \/>\n<\/br>\n<\/div>\n<div class=\"innercontent-left03\">\n<div class=\"innercontent-left03-left\"><img decoding=\"async\" class=\"alignnone wp-image-69 size-thumbnail\" src=\"\/\/emergingmanagers.ca\/wp-content\/uploads\/2015\/01\/pwc-logo.png\" alt=\"slidepic01\" width=\"100%\" height=\"auto\" \/><\/div>\n<div class=\"innercontent-left03-middle\">\n<h3>Contact Person<\/h3>\n<p><strong>Billy Jeans<\/strong><br \/>\nPartner<br \/>\n<\/br><br \/>\nMedia Relations<\/p>\n<\/div>\n<div class=\"innercontent-left03-right\">\n<h3>Contact information<\/h3>\n<p>Address:<\/p>\n<p>1250 Ren\u00e9 L\u00e9vesque Boulevard West, Suite 2800<br \/>\nMontr\u00e9al, Qu\u00e9bec H3B 2G4<\/p>\n<p>Telephone:\u00a0+1 514 205 5000<\/p>\n<p>Website:<a href=\"#\">\u00a0<\/a><a href=\"http:\/\/www.pwc.com\/ca\" target=\"_blank\">www.pwc.com<\/a><\/p>\n<p>Email:<a href=\"#\"> info@pwc.com<\/a><\/p>\n<\/div>\n<div class=\"clr\"><\/div>\n<\/div>\n","protected":false},"excerpt":{"rendered":"<p>PWC Premium Sponsor PWC supports emerging managers across Canada. In Canada, PwC has more than 6,500 partners and staff in\u00a0locations\u00a0from St. John&rsquo;s, Newfoundland to Victoria, British Columbia. As part of [&hellip;]<\/p>\n","protected":false},"author":24,"featured_media":1035,"parent":0,"menu_order":0,"comment_status":"closed","ping_status":"open","template":"","meta":{"_acf_changed":false,"_et_pb_use_builder":"","_et_pb_old_content":"","_et_gb_content_width":"","_monsterinsights_skip_tracking":false,"_monsterinsights_sitenote_active":false,"_monsterinsights_sitenote_note":"","_monsterinsights_sitenote_category":0,"footnotes":""},"class_list":["post-451","page","type-page","status-publish","has-post-thumbnail","hentry"],"acf":[],"yoast_head":"<!-- This site is optimized with the Yoast SEO plugin v27.2 - https:\/\/yoast.com\/product\/yoast-seo-wordpress\/ -->\n<title>Commanditaires Principaux -CGE-EMB<\/title>\n<meta name=\"description\" content=\"L\u2019id\u00e9e de contribuer \u00e0 fortifier l\u2019industrie financi\u00e8re vous inspire ? Alors impliquez-vous dans un de nos comit\u00e9s ! Contactez-nous pour avoir plus de d\u00e9tails.\" \/>\n<meta name=\"robots\" content=\"index, follow, max-snippet:-1, max-image-preview:large, max-video-preview:-1\" \/>\n<link rel=\"canonical\" href=\"https:\/\/emergingmanagers.ca\/fr\/pwc\/\" \/>\n<meta property=\"og:locale\" content=\"fr_FR\" \/>\n<meta property=\"og:type\" content=\"article\" \/>\n<meta property=\"og:title\" content=\"Commanditaires Principaux -CGE-EMB\" \/>\n<meta property=\"og:description\" content=\"L\u2019id\u00e9e de contribuer \u00e0 fortifier l\u2019industrie financi\u00e8re vous inspire ? Alors impliquez-vous dans un de nos comit\u00e9s ! Contactez-nous pour avoir plus de d\u00e9tails.\" \/>\n<meta property=\"og:url\" content=\"https:\/\/emergingmanagers.ca\/fr\/pwc\/\" \/>\n<meta property=\"og:site_name\" content=\"CGE-EMB\" \/>\n<meta property=\"article:modified_time\" content=\"2015-01-18T03:08:07+00:00\" \/>\n<meta property=\"og:image\" content=\"https:\/\/emergingmanagers.ca\/wp-content\/uploads\/2014\/11\/hdr-photography-montreal-cities-774451-1920x1200.jpg\" \/>\n\t<meta property=\"og:image:width\" content=\"1920\" \/>\n\t<meta property=\"og:image:height\" content=\"1200\" \/>\n\t<meta property=\"og:image:type\" content=\"image\/jpeg\" \/>\n<script type=\"application\/ld+json\" class=\"yoast-schema-graph\">{\"@context\":\"https:\/\/schema.org\",\"@graph\":[{\"@type\":\"WebPage\",\"@id\":\"https:\/\/emergingmanagers.ca\/fr\/pwc\/\",\"url\":\"https:\/\/emergingmanagers.ca\/fr\/pwc\/\",\"name\":\"Commanditaires Principaux -CGE-EMB\",\"isPartOf\":{\"@id\":\"https:\/\/emergingmanagers.ca\/#website\"},\"primaryImageOfPage\":{\"@id\":\"https:\/\/emergingmanagers.ca\/fr\/pwc\/#primaryimage\"},\"image\":{\"@id\":\"https:\/\/emergingmanagers.ca\/fr\/pwc\/#primaryimage\"},\"thumbnailUrl\":\"https:\/\/emergingmanagers.ca\/wp-content\/uploads\/2014\/11\/hdr-photography-montreal-cities-774451-1920x1200.jpg\",\"datePublished\":\"2014-11-06T07:10:13+00:00\",\"dateModified\":\"2015-01-18T03:08:07+00:00\",\"description\":\"L\u2019id\u00e9e de contribuer \u00e0 fortifier l\u2019industrie financi\u00e8re vous inspire ? Alors impliquez-vous dans un de nos comit\u00e9s ! Contactez-nous pour avoir plus de d\u00e9tails.\",\"breadcrumb\":{\"@id\":\"https:\/\/emergingmanagers.ca\/fr\/pwc\/#breadcrumb\"},\"inLanguage\":\"fr-FR\",\"potentialAction\":[{\"@type\":\"ReadAction\",\"target\":[\"https:\/\/emergingmanagers.ca\/fr\/pwc\/\"]}]},{\"@type\":\"ImageObject\",\"inLanguage\":\"fr-FR\",\"@id\":\"https:\/\/emergingmanagers.ca\/fr\/pwc\/#primaryimage\",\"url\":\"https:\/\/emergingmanagers.ca\/wp-content\/uploads\/2014\/11\/hdr-photography-montreal-cities-774451-1920x1200.jpg\",\"contentUrl\":\"https:\/\/emergingmanagers.ca\/wp-content\/uploads\/2014\/11\/hdr-photography-montreal-cities-774451-1920x1200.jpg\",\"width\":1920,\"height\":1200},{\"@type\":\"BreadcrumbList\",\"@id\":\"https:\/\/emergingmanagers.ca\/fr\/pwc\/#breadcrumb\",\"itemListElement\":[{\"@type\":\"ListItem\",\"position\":1,\"name\":\"Home\",\"item\":\"https:\/\/emergingmanagers.ca\/\"},{\"@type\":\"ListItem\",\"position\":2,\"name\":\"PWC\"}]},{\"@type\":\"WebSite\",\"@id\":\"https:\/\/emergingmanagers.ca\/#website\",\"url\":\"https:\/\/emergingmanagers.ca\/\",\"name\":\"CGE-EMB\",\"description\":\"Conseil des Gestionnaires Emergents | Emerging Managers Board\",\"potentialAction\":[{\"@type\":\"SearchAction\",\"target\":{\"@type\":\"EntryPoint\",\"urlTemplate\":\"https:\/\/emergingmanagers.ca\/?s={search_term_string}\"},\"query-input\":{\"@type\":\"PropertyValueSpecification\",\"valueRequired\":true,\"valueName\":\"search_term_string\"}}],\"inLanguage\":\"fr-FR\"}]}<\/script>\n<!-- \/ Yoast SEO plugin. -->","yoast_head_json":{"title":"Commanditaires Principaux -CGE-EMB","description":"L\u2019id\u00e9e de contribuer \u00e0 fortifier l\u2019industrie financi\u00e8re vous inspire ? Alors impliquez-vous dans un de nos comit\u00e9s ! Contactez-nous pour avoir plus de d\u00e9tails.","robots":{"index":"index","follow":"follow","max-snippet":"max-snippet:-1","max-image-preview":"max-image-preview:large","max-video-preview":"max-video-preview:-1"},"canonical":"https:\/\/emergingmanagers.ca\/fr\/pwc\/","og_locale":"fr_FR","og_type":"article","og_title":"Commanditaires Principaux -CGE-EMB","og_description":"L\u2019id\u00e9e de contribuer \u00e0 fortifier l\u2019industrie financi\u00e8re vous inspire ? Alors impliquez-vous dans un de nos comit\u00e9s ! Contactez-nous pour avoir plus de d\u00e9tails.","og_url":"https:\/\/emergingmanagers.ca\/fr\/pwc\/","og_site_name":"CGE-EMB","article_modified_time":"2015-01-18T03:08:07+00:00","og_image":[{"width":1920,"height":1200,"url":"https:\/\/emergingmanagers.ca\/wp-content\/uploads\/2014\/11\/hdr-photography-montreal-cities-774451-1920x1200.jpg","type":"image\/jpeg"}],"schema":{"@context":"https:\/\/schema.org","@graph":[{"@type":"WebPage","@id":"https:\/\/emergingmanagers.ca\/fr\/pwc\/","url":"https:\/\/emergingmanagers.ca\/fr\/pwc\/","name":"Commanditaires Principaux -CGE-EMB","isPartOf":{"@id":"https:\/\/emergingmanagers.ca\/#website"},"primaryImageOfPage":{"@id":"https:\/\/emergingmanagers.ca\/fr\/pwc\/#primaryimage"},"image":{"@id":"https:\/\/emergingmanagers.ca\/fr\/pwc\/#primaryimage"},"thumbnailUrl":"https:\/\/emergingmanagers.ca\/wp-content\/uploads\/2014\/11\/hdr-photography-montreal-cities-774451-1920x1200.jpg","datePublished":"2014-11-06T07:10:13+00:00","dateModified":"2015-01-18T03:08:07+00:00","description":"L\u2019id\u00e9e de contribuer \u00e0 fortifier l\u2019industrie financi\u00e8re vous inspire ? Alors impliquez-vous dans un de nos comit\u00e9s ! Contactez-nous pour avoir plus de d\u00e9tails.","breadcrumb":{"@id":"https:\/\/emergingmanagers.ca\/fr\/pwc\/#breadcrumb"},"inLanguage":"fr-FR","potentialAction":[{"@type":"ReadAction","target":["https:\/\/emergingmanagers.ca\/fr\/pwc\/"]}]},{"@type":"ImageObject","inLanguage":"fr-FR","@id":"https:\/\/emergingmanagers.ca\/fr\/pwc\/#primaryimage","url":"https:\/\/emergingmanagers.ca\/wp-content\/uploads\/2014\/11\/hdr-photography-montreal-cities-774451-1920x1200.jpg","contentUrl":"https:\/\/emergingmanagers.ca\/wp-content\/uploads\/2014\/11\/hdr-photography-montreal-cities-774451-1920x1200.jpg","width":1920,"height":1200},{"@type":"BreadcrumbList","@id":"https:\/\/emergingmanagers.ca\/fr\/pwc\/#breadcrumb","itemListElement":[{"@type":"ListItem","position":1,"name":"Home","item":"https:\/\/emergingmanagers.ca\/"},{"@type":"ListItem","position":2,"name":"PWC"}]},{"@type":"WebSite","@id":"https:\/\/emergingmanagers.ca\/#website","url":"https:\/\/emergingmanagers.ca\/","name":"CGE-EMB","description":"Conseil des Gestionnaires Emergents | Emerging Managers Board","potentialAction":[{"@type":"SearchAction","target":{"@type":"EntryPoint","urlTemplate":"https:\/\/emergingmanagers.ca\/?s={search_term_string}"},"query-input":{"@type":"PropertyValueSpecification","valueRequired":true,"valueName":"search_term_string"}}],"inLanguage":"fr-FR"}]}},"_links":{"self":[{"href":"https:\/\/emergingmanagers.ca\/fr\/wp-json\/wp\/v2\/pages\/451","targetHints":{"allow":["GET"]}}],"collection":[{"href":"https:\/\/emergingmanagers.ca\/fr\/wp-json\/wp\/v2\/pages"}],"about":[{"href":"https:\/\/emergingmanagers.ca\/fr\/wp-json\/wp\/v2\/types\/page"}],"author":[{"embeddable":true,"href":"https:\/\/emergingmanagers.ca\/fr\/wp-json\/wp\/v2\/users\/24"}],"replies":[{"embeddable":true,"href":"https:\/\/emergingmanagers.ca\/fr\/wp-json\/wp\/v2\/comments?post=451"}],"version-history":[{"count":3,"href":"https:\/\/emergingmanagers.ca\/fr\/wp-json\/wp\/v2\/pages\/451\/revisions"}],"predecessor-version":[{"id":1265,"href":"https:\/\/emergingmanagers.ca\/fr\/wp-json\/wp\/v2\/pages\/451\/revisions\/1265"}],"wp:featuredmedia":[{"embeddable":true,"href":"https:\/\/emergingmanagers.ca\/fr\/wp-json\/wp\/v2\/media\/1035"}],"wp:attachment":[{"href":"https:\/\/emergingmanagers.ca\/fr\/wp-json\/wp\/v2\/media?parent=451"}],"curies":[{"name":"wp","href":"https:\/\/api.w.org\/{rel}","templated":true}]}}