{"id":26802,"date":"2023-08-17T12:58:40","date_gmt":"2023-08-17T16:58:40","guid":{"rendered":"https:\/\/emergingmanagers.ca\/?page_id=26802"},"modified":"2023-08-17T12:58:45","modified_gmt":"2023-08-17T16:58:45","slug":"attendee-registration-2","status":"publish","type":"page","link":"https:\/\/emergingmanagers.ca\/fr\/attendee-registration-2\/","title":{"rendered":"Attendee Registration"},"content":{"rendered":"[et_pb_section fb_built=\u00a0\u00bb1&Prime; _builder_version=\u00a0\u00bb4.21.0&Prime; _module_preset=\u00a0\u00bbdefault\u00a0\u00bb global_colors_info=\u00a0\u00bb{}\u00a0\u00bb][et_pb_row _builder_version=\u00a0\u00bb4.21.0&Prime; _module_preset=\u00a0\u00bbdefault\u00a0\u00bb global_colors_info=\u00a0\u00bb{}\u00a0\u00bb][et_pb_column type=\u00a0\u00bb4_4&Prime; _builder_version=\u00a0\u00bb4.21.0&Prime; _module_preset=\u00a0\u00bbdefault\u00a0\u00bb global_colors_info=\u00a0\u00bb{}\u00a0\u00bb][et_pb_text _builder_version=\u00a0\u00bb4.21.0&Prime; _module_preset=\u00a0\u00bbdefault\u00a0\u00bb global_colors_info=\u00a0\u00bb{}\u00a0\u00bb]\n<div\n\t class=\"tribe-common event-tickets tribe-tickets__registration\" \tdata-provider=\"tribe_wooticket\"\n>\n\t\n\t<div class=\"tribe-common-h8 tribe-common-h--alt tribe-tickets__registration-actions\">\n\t\t<a\n\thref=\"https:\/\/emergingmanagers.ca\/fr\/panier\/\"\n\tclass=\"tribe-tickets__registration-back-to-cart\"\n>Retour au panier<\/a>\n\t<\/div>\n\n\t<script\n\ttype=\"text\/template\"\n\tid=\"tmpl-tribe-tickets__iac-unique-name-error-template\"\n\tclass=\"tribe-tickets__iac-unique-name-error-template\"\n>\n\t<div class=\"tribe-tickets__form-field-input-helper tribe-tickets__form-field-input-helper--error\">\n\t\tLe nom du participant ne peut \u00eatre r\u00e9p\u00e9t\u00e9.\t<\/div>\n<\/script>\n<script\n\ttype=\"text\/template\"\n\tid=\"tmpl-tribe-tickets__iac-unique-email-error-template\"\n\tclass=\"tribe-tickets__iac-unique-email-error-template\"\n>\n\t<div class=\"tribe-tickets__form-field-input-helper tribe-tickets__form-field-input-helper--error\">\n\t\tL&#039;email du participant ne peut \u00eatre r\u00e9p\u00e9t\u00e9.\t<\/div>\n<\/script>\n\n<h1 class=\"tribe-common-h2 tribe-common-h1--min-medium tribe-common-h--alt tribe-tickets__registration-page-title\">\n\tInscription du participant<\/h1>\n\t<form\n\t\tmethod=\"post\"\n\t\tid=\"tribe-tickets__registration-form\"\n\t\taction=\"https:\/\/emergingmanagers.ca\/fr\/caisse\/\"\n\t\tdata-provider=\"tribe_wooticket\"\n\t\tnovalidate\n\t>\n\t\t<div class=\"tribe-tickets__registration-grid\">\n\n\t\t\t<div id=\"tribe-tickets__notice__attendee-registration\"  class=\"tribe-tickets__notice tribe-tickets__notice--error tribe-tickets__validation-notice\" >\n\t\n\t<div  class=\"tribe-common-b2 tribe-tickets-notice__content\" >\n\t\tIl y a <span class=\"tribe-tickets__notice--error__count\">1<\/span> ticket(s) qui demandent des informations additionnelles.\t<\/div>\n<\/div>\n<aside\n\t class=\"tribe-common event-tickets tribe-tickets__mini-cart\" \tid=\"tribe-tickets__mini-cart\"\n\tdata-provider=\"Tribe__Tickets_Plus__Commerce__WooCommerce__Main\"\n>\n\t\n<h3 class=\"tribe-common-h6 tribe-common-h5--min-medium tribe-common-h--alt tribe-tickets__mini-cart-title\">\n\tR\u00e9sum\u00e9<\/h3>\n\n<div class=\"tribe-tickets__tickets-footer\">\n\n\t<a class=\"tribe-common-b2 tribe-tickets__tickets-footer-back-link\" href=\"https:\/\/emergingmanagers.ca\/fr\/panier\/\">\n\tRetour au panier<\/a>\n\n\t<div class=\"tribe-common-b2 tribe-tickets__tickets-footer-quantity\">\n\t<span class=\"tribe-tickets__tickets-footer-quantity-label\">\n\t\tQuantity:\t<\/span>\n\t<span class=\"tribe-tickets__tickets-footer-quantity-number\">0<\/span>\n<\/div>\n\n\t<div class=\"tribe-common-b2 tribe-tickets__tickets-footer-total\">\n\t<span class=\"tribe-tickets__tickets-footer-total-label\">\n\t\tTotal:\t<\/span>\n\t<span class=\"tribe-tickets__tickets-footer-total-wrap\">\n\t\t\n\t\t\t\t<span class=\"tribe-formatted-currency-wrap tribe-currency-prefix\">\n\t\t\t\t\t<span class=\"tribe-currency-symbol\">&#36;<\/span>\n\t\t\t\t\t<span class=\"tribe-amount\">0.00<\/span>\n\t\t\t\t<\/span>\n\t\t\t\t<\/span>\n<\/div>\n\n\t\n<\/div>\n<\/aside>\n\n\t\t\t<div class=\"tribe-tickets__registration-content\">\n\t\t\t\t<input type=\"hidden\" name=\"tribe_tickets_saving_attendees\" value=\"1\" \/>\n\t\t\t\t<input type=\"hidden\" name=\"tribe_tickets_ar\" value=\"1\" \/>\n\t\t\t\t<input type=\"hidden\" name=\"tribe_tickets_ar_page\" value=\"1\" \/>\n\t\t\t\t<input type=\"hidden\" name=\"tribe_tickets_ar_data\" value=\"\" id=\"tribe_tickets_ar_data\" \/>\n\t\t\t\t<input type=\"hidden\" name=\"tribe_tickets_provider\" value=\"tribe_wooticket\" \/>\n\n\t\t\t\t\t\t\t<\/div>\n\t\t<\/div>\n\n\t\t<div class=\"tribe-tickets__registration-footer\">\n\t<div id=\"tribe-tickets__notice__attendee-registration\"  class=\"tribe-tickets__notice tribe-tickets__notice--non-ar tribe-common-a11y-hidden\" >\n\t\n\t<div  class=\"tribe-common-b2 tribe-tickets-notice__content\" >\n\t\tIl y a <span id=\"tribe-tickets__non-ar-count\">0<\/span> autre(s) ticket(s) dans votre panier qui ne requi\u00e8rent pas l&#039;enregistrement du participant.\t<\/div>\n<\/div>\n<button\n\tclass=\"tribe-common-c-btn tribe-common-c-btn--small tribe-tickets__registration-submit\"\n\ttype=\"submit\"\n>\n\tSauvegarder et payer<\/button>\n<\/div>\n\n\t<\/form>\n\t<div  class=\"tribe-tickets-loader__dots tribe-common-c-loader tribe-common-a11y-hidden\" >\n\t<svg  class=\"tribe-common-c-svgicon tribe-common-c-svgicon--dot tribe-common-c-loader__dot tribe-common-c-loader__dot--first\"  viewBox=\"0 0 15 15\" xmlns=\"http:\/\/www.w3.org\/2000\/svg\"><circle cx=\"7.5\" cy=\"7.5\" r=\"7.5\"\/><\/svg>\n\t<svg  class=\"tribe-common-c-svgicon tribe-common-c-svgicon--dot tribe-common-c-loader__dot tribe-common-c-loader__dot--second\"  viewBox=\"0 0 15 15\" xmlns=\"http:\/\/www.w3.org\/2000\/svg\"><circle cx=\"7.5\" cy=\"7.5\" r=\"7.5\"\/><\/svg>\n\t<svg  class=\"tribe-common-c-svgicon tribe-common-c-svgicon--dot tribe-common-c-loader__dot tribe-common-c-loader__dot--third\"  viewBox=\"0 0 15 15\" xmlns=\"http:\/\/www.w3.org\/2000\/svg\"><circle cx=\"7.5\" cy=\"7.5\" r=\"7.5\"\/><\/svg>\n<\/div>\n<\/div>\n\n[\/et_pb_text][\/et_pb_column][\/et_pb_row][\/et_pb_section]\n","protected":false},"excerpt":{"rendered":"<div\n\t class=\"tribe-common event-tickets tribe-tickets__registration\" \tdata-provider=\"tribe_wooticket\"\n>\n\t\n\t<div class=\"tribe-common-h8 tribe-common-h--alt tribe-tickets__registration-actions\">\n\t\t<a\n\thref=\"https:\/\/emergingmanagers.ca\/fr\/panier\/\"\n\tclass=\"tribe-tickets__registration-back-to-cart\"\n>Retour au panier<\/a>\n\t<\/div>\n\n\t<script\n\ttype=\"text\/template\"\n\tid=\"tmpl-tribe-tickets__iac-unique-name-error-template\"\n\tclass=\"tribe-tickets__iac-unique-name-error-template\"\n>\n\t<div class=\"tribe-tickets__form-field-input-helper tribe-tickets__form-field-input-helper--error\">\n\t\tLe nom du participant ne peut \u00eatre r\u00e9p\u00e9t\u00e9.\t<\/div>\n<\/script>\n<script\n\ttype=\"text\/template\"\n\tid=\"tmpl-tribe-tickets__iac-unique-email-error-template\"\n\tclass=\"tribe-tickets__iac-unique-email-error-template\"\n>\n\t<div class=\"tribe-tickets__form-field-input-helper tribe-tickets__form-field-input-helper--error\">\n\t\tL&#039;email du participant ne peut \u00eatre r\u00e9p\u00e9t\u00e9.\t<\/div>\n<\/script>\n\n<h1 class=\"tribe-common-h2 tribe-common-h1--min-medium tribe-common-h--alt tribe-tickets__registration-page-title\">\n\tInscription du participant<\/h1>\n\t<form\n\t\tmethod=\"post\"\n\t\tid=\"tribe-tickets__registration-form\"\n\t\taction=\"https:\/\/emergingmanagers.ca\/fr\/caisse\/\"\n\t\tdata-provider=\"tribe_wooticket\"\n\t\tnovalidate\n\t>\n\t\t<div class=\"tribe-tickets__registration-grid\">\n\n\t\t\t<div id=\"tribe-tickets__notice__attendee-registration\"  class=\"tribe-tickets__notice tribe-tickets__notice--error tribe-tickets__validation-notice\" >\n\t\n\t<div  class=\"tribe-common-b2 tribe-tickets-notice__content\" >\n\t\tIl y a <span class=\"tribe-tickets__notice--error__count\">1<\/span> ticket(s) qui demandent des informations additionnelles.\t<\/div>\n<\/div>\n<aside\n\t class=\"tribe-common event-tickets tribe-tickets__mini-cart\" \tid=\"tribe-tickets__mini-cart\"\n\tdata-provider=\"Tribe__Tickets_Plus__Commerce__WooCommerce__Main\"\n>\n\t\n<h3 class=\"tribe-common-h6 tribe-common-h5--min-medium tribe-common-h--alt tribe-tickets__mini-cart-title\">\n\tR\u00e9sum\u00e9<\/h3>\n\n<div class=\"tribe-tickets__tickets-footer\">\n\n\t<a class=\"tribe-common-b2 tribe-tickets__tickets-footer-back-link\" href=\"https:\/\/emergingmanagers.ca\/fr\/panier\/\">\n\tRetour au panier<\/a>\n\n\t<div class=\"tribe-common-b2 tribe-tickets__tickets-footer-quantity\">\n\t<span class=\"tribe-tickets__tickets-footer-quantity-label\">\n\t\tQuantity:\t<\/span>\n\t<span class=\"tribe-tickets__tickets-footer-quantity-number\">0<\/span>\n<\/div>\n\n\t<div class=\"tribe-common-b2 tribe-tickets__tickets-footer-total\">\n\t<span class=\"tribe-tickets__tickets-footer-total-label\">\n\t\tTotal:\t<\/span>\n\t<span class=\"tribe-tickets__tickets-footer-total-wrap\">\n\t\t\n\t\t\t\t<span class=\"tribe-formatted-currency-wrap tribe-currency-prefix\">\n\t\t\t\t\t<span class=\"tribe-currency-symbol\">&#36;<\/span>\n\t\t\t\t\t<span class=\"tribe-amount\">0.00<\/span>\n\t\t\t\t<\/span>\n\t\t\t\t<\/span>\n<\/div>\n\n\t\n<\/div>\n<\/aside>\n\n\t\t\t<div class=\"tribe-tickets__registration-content\">\n\t\t\t\t<input type=\"hidden\" name=\"tribe_tickets_saving_attendees\" value=\"1\" \/>\n\t\t\t\t<input type=\"hidden\" name=\"tribe_tickets_ar\" value=\"1\" \/>\n\t\t\t\t<input type=\"hidden\" name=\"tribe_tickets_ar_page\" value=\"1\" \/>\n\t\t\t\t<input type=\"hidden\" name=\"tribe_tickets_ar_data\" value=\"\" id=\"tribe_tickets_ar_data\" \/>\n\t\t\t\t<input type=\"hidden\" name=\"tribe_tickets_provider\" value=\"tribe_wooticket\" \/>\n\n\t\t\t\t\t\t\t<\/div>\n\t\t<\/div>\n\n\t\t<div class=\"tribe-tickets__registration-footer\">\n\t<div id=\"tribe-tickets__notice__attendee-registration\"  class=\"tribe-tickets__notice tribe-tickets__notice--non-ar tribe-common-a11y-hidden\" >\n\t\n\t<div  class=\"tribe-common-b2 tribe-tickets-notice__content\" >\n\t\tIl y a <span id=\"tribe-tickets__non-ar-count\">0<\/span> autre(s) ticket(s) dans votre panier qui ne requi\u00e8rent pas l&#039;enregistrement du participant.\t<\/div>\n<\/div>\n<button\n\tclass=\"tribe-common-c-btn tribe-common-c-btn--small tribe-tickets__registration-submit\"\n\ttype=\"submit\"\n>\n\tSauvegarder et payer<\/button>\n<\/div>\n\n\t<\/form>\n\t<div  class=\"tribe-tickets-loader__dots tribe-common-c-loader tribe-common-a11y-hidden tribe-common-c-loader__dot tribe-common-c-loader__dot--third\" >\n\t<svg  class=\"tribe-common-c-svgicon tribe-common-c-svgicon--dot tribe-common-c-loader__dot tribe-common-c-loader__dot--first\"  viewBox=\"0 0 15 15\" xmlns=\"http:\/\/www.w3.org\/2000\/svg\"><circle cx=\"7.5\" cy=\"7.5\" r=\"7.5\"\/><\/svg>\n\t<svg  class=\"tribe-common-c-svgicon tribe-common-c-svgicon--dot tribe-common-c-loader__dot tribe-common-c-loader__dot--second\"  viewBox=\"0 0 15 15\" xmlns=\"http:\/\/www.w3.org\/2000\/svg\"><circle cx=\"7.5\" cy=\"7.5\" r=\"7.5\"\/><\/svg>\n\t<svg  class=\"tribe-common-c-svgicon tribe-common-c-svgicon--dot tribe-common-c-loader__dot tribe-common-c-loader__dot--third\"  viewBox=\"0 0 15 15\" xmlns=\"http:\/\/www.w3.org\/2000\/svg\"><circle cx=\"7.5\" cy=\"7.5\" r=\"7.5\"\/><\/svg>\n<\/div>\n<\/div>\n\n","protected":false},"author":33,"featured_media":0,"parent":0,"menu_order":0,"comment_status":"closed","ping_status":"closed","template":"","meta":{"_acf_changed":false,"_et_pb_use_builder":"on","_et_pb_old_content":"","_et_gb_content_width":"","_monsterinsights_skip_tracking":false,"_monsterinsights_sitenote_active":false,"_monsterinsights_sitenote_note":"","_monsterinsights_sitenote_category":0,"footnotes":""},"class_list":["post-26802","page","type-page","status-publish","hentry"],"acf":[],"yoast_head":"<!-- This site is optimized with the Yoast SEO plugin v27.5 - https:\/\/yoast.com\/product\/yoast-seo-wordpress\/ -->\n<title>Attendee Registration - CGE-EMB<\/title>\n<meta name=\"robots\" content=\"index, follow, max-snippet:-1, max-image-preview:large, max-video-preview:-1\" \/>\n<link rel=\"canonical\" href=\"https:\/\/emergingmanagers.ca\/fr\/attendee-registration-2\/\" \/>\n<meta property=\"og:locale\" content=\"fr_FR\" \/>\n<meta property=\"og:type\" content=\"article\" \/>\n<meta property=\"og:title\" content=\"Attendee Registration - CGE-EMB\" \/>\n<meta property=\"og:url\" content=\"https:\/\/emergingmanagers.ca\/fr\/attendee-registration-2\/\" \/>\n<meta property=\"og:site_name\" content=\"CGE-EMB\" \/>\n<meta property=\"article:modified_time\" content=\"2023-08-17T16:58:45+00:00\" \/>\n<script type=\"application\/ld+json\" class=\"yoast-schema-graph\">{\"@context\":\"https:\\\/\\\/schema.org\",\"@graph\":[{\"@type\":\"WebPage\",\"@id\":\"https:\\\/\\\/emergingmanagers.ca\\\/fr\\\/attendee-registration-2\\\/\",\"url\":\"https:\\\/\\\/emergingmanagers.ca\\\/fr\\\/attendee-registration-2\\\/\",\"name\":\"Attendee Registration - CGE-EMB\",\"isPartOf\":{\"@id\":\"https:\\\/\\\/emergingmanagers.ca\\\/#website\"},\"datePublished\":\"2023-08-17T16:58:40+00:00\",\"dateModified\":\"2023-08-17T16:58:45+00:00\",\"breadcrumb\":{\"@id\":\"https:\\\/\\\/emergingmanagers.ca\\\/fr\\\/attendee-registration-2\\\/#breadcrumb\"},\"inLanguage\":\"fr-FR\",\"potentialAction\":[{\"@type\":\"ReadAction\",\"target\":[\"https:\\\/\\\/emergingmanagers.ca\\\/fr\\\/attendee-registration-2\\\/\"]}]},{\"@type\":\"BreadcrumbList\",\"@id\":\"https:\\\/\\\/emergingmanagers.ca\\\/fr\\\/attendee-registration-2\\\/#breadcrumb\",\"itemListElement\":[{\"@type\":\"ListItem\",\"position\":1,\"name\":\"Home\",\"item\":\"https:\\\/\\\/emergingmanagers.ca\\\/\"},{\"@type\":\"ListItem\",\"position\":2,\"name\":\"Attendee Registration\"}]},{\"@type\":\"WebSite\",\"@id\":\"https:\\\/\\\/emergingmanagers.ca\\\/#website\",\"url\":\"https:\\\/\\\/emergingmanagers.ca\\\/\",\"name\":\"CGE-EMB\",\"description\":\"Conseil des Gestionnaires Emergents | Emerging Managers Board\",\"potentialAction\":[{\"@type\":\"SearchAction\",\"target\":{\"@type\":\"EntryPoint\",\"urlTemplate\":\"https:\\\/\\\/emergingmanagers.ca\\\/?s={search_term_string}\"},\"query-input\":{\"@type\":\"PropertyValueSpecification\",\"valueRequired\":true,\"valueName\":\"search_term_string\"}}],\"inLanguage\":\"fr-FR\"}]}<\/script>\n<!-- \/ Yoast SEO plugin. -->","yoast_head_json":{"title":"Attendee Registration - CGE-EMB","robots":{"index":"index","follow":"follow","max-snippet":"max-snippet:-1","max-image-preview":"max-image-preview:large","max-video-preview":"max-video-preview:-1"},"canonical":"https:\/\/emergingmanagers.ca\/fr\/attendee-registration-2\/","og_locale":"fr_FR","og_type":"article","og_title":"Attendee Registration - CGE-EMB","og_url":"https:\/\/emergingmanagers.ca\/fr\/attendee-registration-2\/","og_site_name":"CGE-EMB","article_modified_time":"2023-08-17T16:58:45+00:00","schema":{"@context":"https:\/\/schema.org","@graph":[{"@type":"WebPage","@id":"https:\/\/emergingmanagers.ca\/fr\/attendee-registration-2\/","url":"https:\/\/emergingmanagers.ca\/fr\/attendee-registration-2\/","name":"Attendee Registration - CGE-EMB","isPartOf":{"@id":"https:\/\/emergingmanagers.ca\/#website"},"datePublished":"2023-08-17T16:58:40+00:00","dateModified":"2023-08-17T16:58:45+00:00","breadcrumb":{"@id":"https:\/\/emergingmanagers.ca\/fr\/attendee-registration-2\/#breadcrumb"},"inLanguage":"fr-FR","potentialAction":[{"@type":"ReadAction","target":["https:\/\/emergingmanagers.ca\/fr\/attendee-registration-2\/"]}]},{"@type":"BreadcrumbList","@id":"https:\/\/emergingmanagers.ca\/fr\/attendee-registration-2\/#breadcrumb","itemListElement":[{"@type":"ListItem","position":1,"name":"Home","item":"https:\/\/emergingmanagers.ca\/"},{"@type":"ListItem","position":2,"name":"Attendee Registration"}]},{"@type":"WebSite","@id":"https:\/\/emergingmanagers.ca\/#website","url":"https:\/\/emergingmanagers.ca\/","name":"CGE-EMB","description":"Conseil des Gestionnaires Emergents | Emerging Managers Board","potentialAction":[{"@type":"SearchAction","target":{"@type":"EntryPoint","urlTemplate":"https:\/\/emergingmanagers.ca\/?s={search_term_string}"},"query-input":{"@type":"PropertyValueSpecification","valueRequired":true,"valueName":"search_term_string"}}],"inLanguage":"fr-FR"}]}},"_links":{"self":[{"href":"https:\/\/emergingmanagers.ca\/fr\/wp-json\/wp\/v2\/pages\/26802","targetHints":{"allow":["GET"]}}],"collection":[{"href":"https:\/\/emergingmanagers.ca\/fr\/wp-json\/wp\/v2\/pages"}],"about":[{"href":"https:\/\/emergingmanagers.ca\/fr\/wp-json\/wp\/v2\/types\/page"}],"author":[{"embeddable":true,"href":"https:\/\/emergingmanagers.ca\/fr\/wp-json\/wp\/v2\/users\/33"}],"replies":[{"embeddable":true,"href":"https:\/\/emergingmanagers.ca\/fr\/wp-json\/wp\/v2\/comments?post=26802"}],"version-history":[{"count":1,"href":"https:\/\/emergingmanagers.ca\/fr\/wp-json\/wp\/v2\/pages\/26802\/revisions"}],"predecessor-version":[{"id":26803,"href":"https:\/\/emergingmanagers.ca\/fr\/wp-json\/wp\/v2\/pages\/26802\/revisions\/26803"}],"wp:attachment":[{"href":"https:\/\/emergingmanagers.ca\/fr\/wp-json\/wp\/v2\/media?parent=26802"}],"curies":[{"name":"wp","href":"https:\/\/api.w.org\/{rel}","templated":true}]}}