{"id":25970,"date":"2023-07-11T17:10:38","date_gmt":"2023-07-11T21:10:38","guid":{"rendered":"https:\/\/emergingmanagers.ca\/?page_id=25970"},"modified":"2023-08-03T12:49:04","modified_gmt":"2023-08-03T16:49:04","slug":"classement","status":"publish","type":"page","link":"https:\/\/emergingmanagers.ca\/fr\/classement\/","title":{"rendered":"Classement"},"content":{"rendered":"[et_pb_section fb_built=\u00a0\u00bb1&Prime; _builder_version=\u00a0\u00bb4.20.4&Prime; custom_margin=\u00a0\u00bb||0px||false|false\u00a0\u00bb custom_padding=\u00a0\u00bb||0px||false|false\u00a0\u00bb global_colors_info=\u00a0\u00bb{}\u00a0\u00bb][et_pb_row column_structure=\u00a0\u00bb2_5,3_5&Prime; _builder_version=\u00a0\u00bb4.21.0&Prime; _module_preset=\u00a0\u00bbdefault\u00a0\u00bb background_enable_image=\u00a0\u00bboff\u00a0\u00bb width_tablet=\u00a0\u00bb\u00a0\u00bb width_phone=\u00a0\u00bb100%\u00a0\u00bb width_last_edited=\u00a0\u00bbon|phone\u00a0\u00bb custom_margin=\u00a0\u00bb0px||||false|false\u00a0\u00bb custom_padding=\u00a0\u00bb0px||||false|false\u00a0\u00bb global_colors_info=\u00a0\u00bb{}\u00a0\u00bb][et_pb_column type=\u00a0\u00bb2_5&Prime; _builder_version=\u00a0\u00bb4.20.4&Prime; _module_preset=\u00a0\u00bbdefault\u00a0\u00bb custom_padding=\u00a0\u00bb|0px|||false|false\u00a0\u00bb custom_css_main_element=\u00a0\u00bbmargin-right:0px!important;\u00a0\u00bb global_colors_info=\u00a0\u00bb{}\u00a0\u00bb][et_pb_text _builder_version=\u00a0\u00bb4.21.0&Prime; _module_preset=\u00a0\u00bbdefault\u00a0\u00bb text_font=\u00a0\u00bbRaleway||||||||\u00a0\u00bb text_text_color=\u00a0\u00bb#FFFFFF\u00a0\u00bb text_font_size=\u00a0\u00bb17px\u00a0\u00bb header_font=\u00a0\u00bbMerriweather||||||||\u00a0\u00bb header_text_color=\u00a0\u00bb#FFFFFF\u00a0\u00bb header_font_size=\u00a0\u00bb40px\u00a0\u00bb header_line_height=\u00a0\u00bb1.5em\u00a0\u00bb background_color=\u00a0\u00bb#239cc2&Prime; min_height=\u00a0\u00bb467px\u00a0\u00bb min_height_tablet=\u00a0\u00bb467px\u00a0\u00bb min_height_phone=\u00a0\u00bb225px\u00a0\u00bb min_height_last_edited=\u00a0\u00bbon|phone\u00a0\u00bb custom_margin=\u00a0\u00bb|0px|||false|false\u00a0\u00bb custom_padding=\u00a0\u00bb|0px||0px|false|false\u00a0\u00bb custom_css_main_element=\u00a0\u00bbmargin-right:0px;\u00a0\u00bb global_colors_info=\u00a0\u00bb{}\u00a0\u00bb]\n<p>&nbsp;<\/p>\n<h1 class=\"S1PPyQ\" style=\"padding-left: 50px; padding-right: 25px;\"><\/h1>\n<h1 class=\"S1PPyQ\" style=\"padding-left: 50px; padding-right: 25px;\"><\/h1>\n<h1 class=\"S1PPyQ\" style=\"padding-left: 50px; padding-right: 25px;\"><\/h1>\n<h1 class=\"S1PPyQ\" style=\"padding-left: 50px; padding-right: 25px;\"><\/h1>\n<h1 class=\"S1PPyQ\" style=\"padding-left: 50px; padding-right: 25px;\"><\/h1>\n<h1 class=\"S1PPyQ\" style=\"padding-left: 50px; padding-right: 25px;\"><\/h1>\n<h1 class=\"S1PPyQ\" style=\"padding-left: 50px; padding-right: 25px;\"><\/h1>\n<h1 class=\"S1PPyQ\" style=\"padding-left: 50px; padding-right: 25px;\">Classement<\/h1>\n<p class=\"S1PPyQ\" style=\"padding-left: 50px; padding-right: 50px;\">Pleins feux sur les gestionnaires dont la performance se distingue cette ann\u00e9e!<\/p>\n[\/et_pb_text][\/et_pb_column][et_pb_column type=\u00a0\u00bb3_5&Prime; _builder_version=\u00a0\u00bb4.20.4&Prime; _module_preset=\u00a0\u00bbdefault\u00a0\u00bb global_colors_info=\u00a0\u00bb{}\u00a0\u00bb][et_pb_image src=\u00a0\u00bbhttps:\/\/emergingmanagers.ca\/wp-content\/uploads\/2023\/07\/header-classement.jpg\u00a0\u00bb title_text=\u00a0\u00bbheader-classement\u00a0\u00bb disabled_on=\u00a0\u00bbon|off|off\u00a0\u00bb _builder_version=\u00a0\u00bb4.20.4&Prime; _module_preset=\u00a0\u00bbdefault\u00a0\u00bb width=\u00a0\u00bb110%\u00a0\u00bb height=\u00a0\u00bb467px\u00a0\u00bb global_colors_info=\u00a0\u00bb{}\u00a0\u00bb][\/et_pb_image][\/et_pb_column][\/et_pb_row][\/et_pb_section][et_pb_section fb_built=\u00a0\u00bb1&Prime; _builder_version=\u00a0\u00bb4.21.0&Prime; _module_preset=\u00a0\u00bbdefault\u00a0\u00bb custom_margin=\u00a0\u00bb0px||0px||false|false\u00a0\u00bb custom_padding=\u00a0\u00bb0px||0px||false|false\u00a0\u00bb global_colors_info=\u00a0\u00bb{}\u00a0\u00bb][et_pb_row custom_padding_last_edited=\u00a0\u00bbon|phone\u00a0\u00bb _builder_version=\u00a0\u00bb4.21.0&Prime; _module_preset=\u00a0\u00bbdefault\u00a0\u00bb custom_margin=\u00a0\u00bb||0px||false|false\u00a0\u00bb custom_padding=\u00a0\u00bb||0px||false|false\u00a0\u00bb custom_padding_tablet=\u00a0\u00bb||0px||false|false\u00a0\u00bb custom_padding_phone=\u00a0\u00bb0px||||false|false\u00a0\u00bb global_colors_info=\u00a0\u00bb{}\u00a0\u00bb][et_pb_column type=\u00a0\u00bb4_4&Prime; _builder_version=\u00a0\u00bb4.20.4&Prime; _module_preset=\u00a0\u00bbdefault\u00a0\u00bb global_colors_info=\u00a0\u00bb{}\u00a0\u00bb][et_pb_text _builder_version=\u00a0\u00bb4.21.0&Prime; _module_preset=\u00a0\u00bbdefault\u00a0\u00bb header_2_font_size=\u00a0\u00bb34px\u00a0\u00bb header_2_line_height=\u00a0\u00bb1.5em\u00a0\u00bb header_2_font_size_tablet=\u00a0\u00bb34px\u00a0\u00bb header_2_font_size_phone=\u00a0\u00bb22px\u00a0\u00bb header_2_font_size_last_edited=\u00a0\u00bbon|phone\u00a0\u00bb global_colors_info=\u00a0\u00bb{}\u00a0\u00bb]\n<h2 style=\"text-align: center;\"><span id=\"page1R_mcid5\" class=\"markedContent\"><span dir=\"ltr\" role=\"presentation\">Suivez les gestionnaires \u00e9mergents qui se <\/span><\/span><span id=\"page1R_mcid6\" class=\"markedContent\"><span dir=\"ltr\" role=\"presentation\">d\u00e9marquent par leur performance remarquable.<\/span><\/span><\/h2>\n[\/et_pb_text][\/et_pb_column][\/et_pb_row][\/et_pb_section]\n","protected":false},"excerpt":{"rendered":"<p>&nbsp; Classement Pleins feux sur les gestionnaires dont la performance se distingue cette ann\u00e9e!Suivez les gestionnaires \u00e9mergents qui se d\u00e9marquent par leur performance remarquable.<\/p>\n","protected":false},"author":33,"featured_media":0,"parent":0,"menu_order":0,"comment_status":"closed","ping_status":"closed","template":"emb-ranking-page.php","meta":{"_acf_changed":false,"_et_pb_use_builder":"on","_et_pb_old_content":"","_et_gb_content_width":"","_monsterinsights_skip_tracking":false,"_monsterinsights_sitenote_active":false,"_monsterinsights_sitenote_note":"","_monsterinsights_sitenote_category":0,"footnotes":""},"class_list":["post-25970","page","type-page","status-publish","hentry"],"acf":[],"yoast_head":"<!-- This site is optimized with the Yoast SEO plugin v27.2 - https:\/\/yoast.com\/product\/yoast-seo-wordpress\/ -->\n<title>Classement des gestionnaires - CGE-EMB<\/title>\n<meta name=\"description\" content=\"Suivez les gestionnaires \u00e9mergents qui se d\u00e9marquent par leur performance durant cette ann\u00e9e en d\u00e9couvrant leurs rendements.\" \/>\n<meta name=\"robots\" content=\"index, follow, max-snippet:-1, max-image-preview:large, max-video-preview:-1\" \/>\n<link rel=\"canonical\" href=\"https:\/\/emergingmanagers.ca\/fr\/classement\/\" \/>\n<meta property=\"og:locale\" content=\"fr_FR\" \/>\n<meta property=\"og:type\" content=\"article\" \/>\n<meta property=\"og:title\" content=\"Classement des gestionnaires - CGE-EMB\" \/>\n<meta property=\"og:description\" content=\"Suivez les gestionnaires \u00e9mergents qui se d\u00e9marquent par leur performance durant cette ann\u00e9e en d\u00e9couvrant leurs rendements.\" \/>\n<meta property=\"og:url\" content=\"https:\/\/emergingmanagers.ca\/fr\/classement\/\" \/>\n<meta property=\"og:site_name\" content=\"CGE-EMB\" \/>\n<meta property=\"article:modified_time\" content=\"2023-08-03T16:49:04+00:00\" \/>\n<meta name=\"twitter:label1\" content=\"Dur\u00e9e de lecture estim\u00e9e\" \/>\n\t<meta name=\"twitter:data1\" content=\"2 minutes\" \/>\n<script type=\"application\/ld+json\" class=\"yoast-schema-graph\">{\"@context\":\"https:\/\/schema.org\",\"@graph\":[{\"@type\":\"WebPage\",\"@id\":\"https:\/\/emergingmanagers.ca\/fr\/classement\/\",\"url\":\"https:\/\/emergingmanagers.ca\/fr\/classement\/\",\"name\":\"Classement des gestionnaires - CGE-EMB\",\"isPartOf\":{\"@id\":\"https:\/\/emergingmanagers.ca\/#website\"},\"datePublished\":\"2023-07-11T21:10:38+00:00\",\"dateModified\":\"2023-08-03T16:49:04+00:00\",\"description\":\"Suivez les gestionnaires \u00e9mergents qui se d\u00e9marquent par leur performance durant cette ann\u00e9e en d\u00e9couvrant leurs rendements.\",\"breadcrumb\":{\"@id\":\"https:\/\/emergingmanagers.ca\/fr\/classement\/#breadcrumb\"},\"inLanguage\":\"fr-FR\",\"potentialAction\":[{\"@type\":\"ReadAction\",\"target\":[\"https:\/\/emergingmanagers.ca\/fr\/classement\/\"]}]},{\"@type\":\"BreadcrumbList\",\"@id\":\"https:\/\/emergingmanagers.ca\/fr\/classement\/#breadcrumb\",\"itemListElement\":[{\"@type\":\"ListItem\",\"position\":1,\"name\":\"Home\",\"item\":\"https:\/\/emergingmanagers.ca\/\"},{\"@type\":\"ListItem\",\"position\":2,\"name\":\"Classement\"}]},{\"@type\":\"WebSite\",\"@id\":\"https:\/\/emergingmanagers.ca\/#website\",\"url\":\"https:\/\/emergingmanagers.ca\/\",\"name\":\"CGE-EMB\",\"description\":\"Conseil des Gestionnaires Emergents | Emerging Managers Board\",\"potentialAction\":[{\"@type\":\"SearchAction\",\"target\":{\"@type\":\"EntryPoint\",\"urlTemplate\":\"https:\/\/emergingmanagers.ca\/?s={search_term_string}\"},\"query-input\":{\"@type\":\"PropertyValueSpecification\",\"valueRequired\":true,\"valueName\":\"search_term_string\"}}],\"inLanguage\":\"fr-FR\"}]}<\/script>\n<!-- \/ Yoast SEO plugin. -->","yoast_head_json":{"title":"Classement des gestionnaires - CGE-EMB","description":"Suivez les gestionnaires \u00e9mergents qui se d\u00e9marquent par leur performance durant cette ann\u00e9e en d\u00e9couvrant leurs rendements.","robots":{"index":"index","follow":"follow","max-snippet":"max-snippet:-1","max-image-preview":"max-image-preview:large","max-video-preview":"max-video-preview:-1"},"canonical":"https:\/\/emergingmanagers.ca\/fr\/classement\/","og_locale":"fr_FR","og_type":"article","og_title":"Classement des gestionnaires - CGE-EMB","og_description":"Suivez les gestionnaires \u00e9mergents qui se d\u00e9marquent par leur performance durant cette ann\u00e9e en d\u00e9couvrant leurs rendements.","og_url":"https:\/\/emergingmanagers.ca\/fr\/classement\/","og_site_name":"CGE-EMB","article_modified_time":"2023-08-03T16:49:04+00:00","twitter_misc":{"Dur\u00e9e de lecture estim\u00e9e":"2 minutes"},"schema":{"@context":"https:\/\/schema.org","@graph":[{"@type":"WebPage","@id":"https:\/\/emergingmanagers.ca\/fr\/classement\/","url":"https:\/\/emergingmanagers.ca\/fr\/classement\/","name":"Classement des gestionnaires - CGE-EMB","isPartOf":{"@id":"https:\/\/emergingmanagers.ca\/#website"},"datePublished":"2023-07-11T21:10:38+00:00","dateModified":"2023-08-03T16:49:04+00:00","description":"Suivez les gestionnaires \u00e9mergents qui se d\u00e9marquent par leur performance durant cette ann\u00e9e en d\u00e9couvrant leurs rendements.","breadcrumb":{"@id":"https:\/\/emergingmanagers.ca\/fr\/classement\/#breadcrumb"},"inLanguage":"fr-FR","potentialAction":[{"@type":"ReadAction","target":["https:\/\/emergingmanagers.ca\/fr\/classement\/"]}]},{"@type":"BreadcrumbList","@id":"https:\/\/emergingmanagers.ca\/fr\/classement\/#breadcrumb","itemListElement":[{"@type":"ListItem","position":1,"name":"Home","item":"https:\/\/emergingmanagers.ca\/"},{"@type":"ListItem","position":2,"name":"Classement"}]},{"@type":"WebSite","@id":"https:\/\/emergingmanagers.ca\/#website","url":"https:\/\/emergingmanagers.ca\/","name":"CGE-EMB","description":"Conseil des Gestionnaires Emergents | Emerging Managers Board","potentialAction":[{"@type":"SearchAction","target":{"@type":"EntryPoint","urlTemplate":"https:\/\/emergingmanagers.ca\/?s={search_term_string}"},"query-input":{"@type":"PropertyValueSpecification","valueRequired":true,"valueName":"search_term_string"}}],"inLanguage":"fr-FR"}]}},"_links":{"self":[{"href":"https:\/\/emergingmanagers.ca\/fr\/wp-json\/wp\/v2\/pages\/25970","targetHints":{"allow":["GET"]}}],"collection":[{"href":"https:\/\/emergingmanagers.ca\/fr\/wp-json\/wp\/v2\/pages"}],"about":[{"href":"https:\/\/emergingmanagers.ca\/fr\/wp-json\/wp\/v2\/types\/page"}],"author":[{"embeddable":true,"href":"https:\/\/emergingmanagers.ca\/fr\/wp-json\/wp\/v2\/users\/33"}],"replies":[{"embeddable":true,"href":"https:\/\/emergingmanagers.ca\/fr\/wp-json\/wp\/v2\/comments?post=25970"}],"version-history":[{"count":13,"href":"https:\/\/emergingmanagers.ca\/fr\/wp-json\/wp\/v2\/pages\/25970\/revisions"}],"predecessor-version":[{"id":26597,"href":"https:\/\/emergingmanagers.ca\/fr\/wp-json\/wp\/v2\/pages\/25970\/revisions\/26597"}],"wp:attachment":[{"href":"https:\/\/emergingmanagers.ca\/fr\/wp-json\/wp\/v2\/media?parent=25970"}],"curies":[{"name":"wp","href":"https:\/\/api.w.org\/{rel}","templated":true}]}}