{"id":23610,"date":"2022-07-30T16:23:43","date_gmt":"2022-07-30T20:23:43","guid":{"rendered":"https:\/\/emergingmanagers.ca\/?page_id=23610"},"modified":"2023-05-16T17:30:10","modified_gmt":"2023-05-16T21:30:10","slug":"classement-2022","status":"publish","type":"page","link":"https:\/\/emergingmanagers.ca\/fr\/classement-2022\/","title":{"rendered":"Classement"},"content":{"rendered":"\n<h2 class=\"wp-block-heading\">Classement CGE : Pleins feux sur les meilleurs rendements<\/h2>\n\n\n\n<p>Suivez la performance de nos gestionnaires gr\u00e2ce aux trois tableaux de classement CGE et surveillez nos membres qui se d\u00e9marquent \u00e0 mesure que l\u2019ann\u00e9e progresse.<\/p>\n","protected":false},"excerpt":{"rendered":"<p>Tous les rendements pr\u00e9sent\u00e9s ci-dessus sont en dollars canadiens, bruts des frais de gestion. Sources : Les rendements des strat\u00e9gies offertes en fonds communs proviennent de Fundata et ceux des comptes en gestion s\u00e9gr\u00e9gu\u00e9e sont fournis par les gestionnaires de portefeuille. <\/p>\n","protected":false},"author":31,"featured_media":0,"parent":0,"menu_order":0,"comment_status":"closed","ping_status":"closed","template":"EMB_Rankings.php","meta":{"_acf_changed":false,"_et_pb_use_builder":"","_et_pb_old_content":"","_et_gb_content_width":"","_monsterinsights_skip_tracking":false,"_monsterinsights_sitenote_active":false,"_monsterinsights_sitenote_note":"","_monsterinsights_sitenote_category":0,"footnotes":""},"class_list":["post-23610","page","type-page","status-publish","hentry"],"acf":[],"yoast_head":"<!-- This site is optimized with the Yoast SEO plugin v27.2 - https:\/\/yoast.com\/product\/yoast-seo-wordpress\/ -->\n<title>Classement - CGE-EMB<\/title>\n<meta name=\"robots\" content=\"index, follow, max-snippet:-1, max-image-preview:large, max-video-preview:-1\" \/>\n<link rel=\"canonical\" href=\"https:\/\/emergingmanagers.ca\/fr\/classement-2022\/\" \/>\n<meta property=\"og:locale\" content=\"fr_FR\" \/>\n<meta property=\"og:type\" content=\"article\" \/>\n<meta property=\"og:title\" content=\"Classement - CGE-EMB\" \/>\n<meta property=\"og:description\" content=\"Tous les rendements pr\u00e9sent\u00e9s ci-dessus sont en dollars canadiens, bruts des frais de gestion. Sources : Les rendements des strat\u00e9gies offertes en fonds communs proviennent de Fundata et ceux des comptes en gestion s\u00e9gr\u00e9gu\u00e9e sont fournis par les gestionnaires de portefeuille.\" \/>\n<meta property=\"og:url\" content=\"https:\/\/emergingmanagers.ca\/fr\/classement-2022\/\" \/>\n<meta property=\"og:site_name\" content=\"CGE-EMB\" \/>\n<meta property=\"article:modified_time\" content=\"2023-05-16T21:30:10+00:00\" \/>\n<meta name=\"twitter:label1\" content=\"Dur\u00e9e de lecture estim\u00e9e\" \/>\n\t<meta name=\"twitter:data1\" content=\"1 minute\" \/>\n<script type=\"application\/ld+json\" class=\"yoast-schema-graph\">{\"@context\":\"https:\/\/schema.org\",\"@graph\":[{\"@type\":\"WebPage\",\"@id\":\"https:\/\/emergingmanagers.ca\/fr\/classement-2022\/\",\"url\":\"https:\/\/emergingmanagers.ca\/fr\/classement-2022\/\",\"name\":\"Classement - CGE-EMB\",\"isPartOf\":{\"@id\":\"https:\/\/emergingmanagers.ca\/#website\"},\"datePublished\":\"2022-07-30T20:23:43+00:00\",\"dateModified\":\"2023-05-16T21:30:10+00:00\",\"breadcrumb\":{\"@id\":\"https:\/\/emergingmanagers.ca\/fr\/classement-2022\/#breadcrumb\"},\"inLanguage\":\"fr-FR\",\"potentialAction\":[{\"@type\":\"ReadAction\",\"target\":[\"https:\/\/emergingmanagers.ca\/fr\/classement-2022\/\"]}]},{\"@type\":\"BreadcrumbList\",\"@id\":\"https:\/\/emergingmanagers.ca\/fr\/classement-2022\/#breadcrumb\",\"itemListElement\":[{\"@type\":\"ListItem\",\"position\":1,\"name\":\"Home\",\"item\":\"https:\/\/emergingmanagers.ca\/\"},{\"@type\":\"ListItem\",\"position\":2,\"name\":\"Classement\"}]},{\"@type\":\"WebSite\",\"@id\":\"https:\/\/emergingmanagers.ca\/#website\",\"url\":\"https:\/\/emergingmanagers.ca\/\",\"name\":\"CGE-EMB\",\"description\":\"Conseil des Gestionnaires Emergents | Emerging Managers Board\",\"potentialAction\":[{\"@type\":\"SearchAction\",\"target\":{\"@type\":\"EntryPoint\",\"urlTemplate\":\"https:\/\/emergingmanagers.ca\/?s={search_term_string}\"},\"query-input\":{\"@type\":\"PropertyValueSpecification\",\"valueRequired\":true,\"valueName\":\"search_term_string\"}}],\"inLanguage\":\"fr-FR\"}]}<\/script>\n<!-- \/ Yoast SEO plugin. -->","yoast_head_json":{"title":"Classement - CGE-EMB","robots":{"index":"index","follow":"follow","max-snippet":"max-snippet:-1","max-image-preview":"max-image-preview:large","max-video-preview":"max-video-preview:-1"},"canonical":"https:\/\/emergingmanagers.ca\/fr\/classement-2022\/","og_locale":"fr_FR","og_type":"article","og_title":"Classement - CGE-EMB","og_description":"Tous les rendements pr\u00e9sent\u00e9s ci-dessus sont en dollars canadiens, bruts des frais de gestion. Sources : Les rendements des strat\u00e9gies offertes en fonds communs proviennent de Fundata et ceux des comptes en gestion s\u00e9gr\u00e9gu\u00e9e sont fournis par les gestionnaires de portefeuille.","og_url":"https:\/\/emergingmanagers.ca\/fr\/classement-2022\/","og_site_name":"CGE-EMB","article_modified_time":"2023-05-16T21:30:10+00:00","twitter_misc":{"Dur\u00e9e de lecture estim\u00e9e":"1 minute"},"schema":{"@context":"https:\/\/schema.org","@graph":[{"@type":"WebPage","@id":"https:\/\/emergingmanagers.ca\/fr\/classement-2022\/","url":"https:\/\/emergingmanagers.ca\/fr\/classement-2022\/","name":"Classement - CGE-EMB","isPartOf":{"@id":"https:\/\/emergingmanagers.ca\/#website"},"datePublished":"2022-07-30T20:23:43+00:00","dateModified":"2023-05-16T21:30:10+00:00","breadcrumb":{"@id":"https:\/\/emergingmanagers.ca\/fr\/classement-2022\/#breadcrumb"},"inLanguage":"fr-FR","potentialAction":[{"@type":"ReadAction","target":["https:\/\/emergingmanagers.ca\/fr\/classement-2022\/"]}]},{"@type":"BreadcrumbList","@id":"https:\/\/emergingmanagers.ca\/fr\/classement-2022\/#breadcrumb","itemListElement":[{"@type":"ListItem","position":1,"name":"Home","item":"https:\/\/emergingmanagers.ca\/"},{"@type":"ListItem","position":2,"name":"Classement"}]},{"@type":"WebSite","@id":"https:\/\/emergingmanagers.ca\/#website","url":"https:\/\/emergingmanagers.ca\/","name":"CGE-EMB","description":"Conseil des Gestionnaires Emergents | Emerging Managers Board","potentialAction":[{"@type":"SearchAction","target":{"@type":"EntryPoint","urlTemplate":"https:\/\/emergingmanagers.ca\/?s={search_term_string}"},"query-input":{"@type":"PropertyValueSpecification","valueRequired":true,"valueName":"search_term_string"}}],"inLanguage":"fr-FR"}]}},"_links":{"self":[{"href":"https:\/\/emergingmanagers.ca\/fr\/wp-json\/wp\/v2\/pages\/23610","targetHints":{"allow":["GET"]}}],"collection":[{"href":"https:\/\/emergingmanagers.ca\/fr\/wp-json\/wp\/v2\/pages"}],"about":[{"href":"https:\/\/emergingmanagers.ca\/fr\/wp-json\/wp\/v2\/types\/page"}],"author":[{"embeddable":true,"href":"https:\/\/emergingmanagers.ca\/fr\/wp-json\/wp\/v2\/users\/31"}],"replies":[{"embeddable":true,"href":"https:\/\/emergingmanagers.ca\/fr\/wp-json\/wp\/v2\/comments?post=23610"}],"version-history":[{"count":9,"href":"https:\/\/emergingmanagers.ca\/fr\/wp-json\/wp\/v2\/pages\/23610\/revisions"}],"predecessor-version":[{"id":25231,"href":"https:\/\/emergingmanagers.ca\/fr\/wp-json\/wp\/v2\/pages\/23610\/revisions\/25231"}],"wp:attachment":[{"href":"https:\/\/emergingmanagers.ca\/fr\/wp-json\/wp\/v2\/media?parent=23610"}],"curies":[{"name":"wp","href":"https:\/\/api.w.org\/{rel}","templated":true}]}}