{"id":23606,"date":"2022-07-30T16:20:51","date_gmt":"2022-07-30T20:20:51","guid":{"rendered":"https:\/\/emergingmanagers.ca\/?page_id=23606"},"modified":"2022-08-23T16:03:26","modified_gmt":"2022-08-23T20:03:26","slug":"indices-cge","status":"publish","type":"page","link":"https:\/\/emergingmanagers.ca\/fr\/indices-cge\/","title":{"rendered":"Indices CGE"},"content":{"rendered":"\n<h2 class=\"wp-block-heading\">Indices CGE : D\u00e9cryptez le potentiel de rendement des gestionnnaires \u00e9mergents<\/h2>\n\n\n\n<p>Suivez la performance cumulative combin\u00e9e de nos gestionnaires d&rsquo;actions et de strat\u00e9gies alternatives.<\/p>\n","protected":false},"excerpt":{"rendered":"<p>Tous les rendements pr\u00e9sent\u00e9s ci-dessus sont en dollars canadiens, bruts des frais de gestion. Les rendements depuis cr\u00e9ation sont annualis\u00e9s. Sources : Les rendements des strat\u00e9gies offertes en fonds communs proviennent de Fundata et ceux des comptes en gestion s\u00e9gr\u00e9gu\u00e9e sont fournis par les gestionnaires de portefeuille.<\/p>\n","protected":false},"author":31,"featured_media":0,"parent":0,"menu_order":0,"comment_status":"closed","ping_status":"closed","template":"EMB_Indices.php","meta":{"_acf_changed":false,"_et_pb_use_builder":"","_et_pb_old_content":"","_et_gb_content_width":"","_monsterinsights_skip_tracking":false,"_monsterinsights_sitenote_active":false,"_monsterinsights_sitenote_note":"","_monsterinsights_sitenote_category":0,"footnotes":""},"class_list":["post-23606","page","type-page","status-publish","hentry"],"acf":[],"yoast_head":"<!-- This site is optimized with the Yoast SEO plugin v27.2 - https:\/\/yoast.com\/product\/yoast-seo-wordpress\/ -->\n<title>Indices CGE - CGE-EMB<\/title>\n<meta name=\"robots\" content=\"index, follow, max-snippet:-1, max-image-preview:large, max-video-preview:-1\" \/>\n<link rel=\"canonical\" href=\"https:\/\/emergingmanagers.ca\/fr\/indices-cge\/\" \/>\n<meta property=\"og:locale\" content=\"fr_FR\" \/>\n<meta property=\"og:type\" content=\"article\" \/>\n<meta property=\"og:title\" content=\"Indices CGE - CGE-EMB\" \/>\n<meta property=\"og:description\" content=\"Tous les rendements pr\u00e9sent\u00e9s ci-dessus sont en dollars canadiens, bruts des frais de gestion. Les rendements depuis cr\u00e9ation sont annualis\u00e9s. Sources : Les rendements des strat\u00e9gies offertes en fonds communs proviennent de Fundata et ceux des comptes en gestion s\u00e9gr\u00e9gu\u00e9e sont fournis par les gestionnaires de portefeuille.\" \/>\n<meta property=\"og:url\" content=\"https:\/\/emergingmanagers.ca\/fr\/indices-cge\/\" \/>\n<meta property=\"og:site_name\" content=\"CGE-EMB\" \/>\n<meta property=\"article:modified_time\" content=\"2022-08-23T20:03:26+00:00\" \/>\n<meta name=\"twitter:label1\" content=\"Dur\u00e9e de lecture estim\u00e9e\" \/>\n\t<meta name=\"twitter:data1\" content=\"1 minute\" \/>\n<script type=\"application\/ld+json\" class=\"yoast-schema-graph\">{\"@context\":\"https:\/\/schema.org\",\"@graph\":[{\"@type\":\"WebPage\",\"@id\":\"https:\/\/emergingmanagers.ca\/fr\/indices-cge\/\",\"url\":\"https:\/\/emergingmanagers.ca\/fr\/indices-cge\/\",\"name\":\"Indices CGE - CGE-EMB\",\"isPartOf\":{\"@id\":\"https:\/\/emergingmanagers.ca\/#website\"},\"datePublished\":\"2022-07-30T20:20:51+00:00\",\"dateModified\":\"2022-08-23T20:03:26+00:00\",\"breadcrumb\":{\"@id\":\"https:\/\/emergingmanagers.ca\/fr\/indices-cge\/#breadcrumb\"},\"inLanguage\":\"fr-FR\",\"potentialAction\":[{\"@type\":\"ReadAction\",\"target\":[\"https:\/\/emergingmanagers.ca\/fr\/indices-cge\/\"]}]},{\"@type\":\"BreadcrumbList\",\"@id\":\"https:\/\/emergingmanagers.ca\/fr\/indices-cge\/#breadcrumb\",\"itemListElement\":[{\"@type\":\"ListItem\",\"position\":1,\"name\":\"Home\",\"item\":\"https:\/\/emergingmanagers.ca\/\"},{\"@type\":\"ListItem\",\"position\":2,\"name\":\"Indices CGE\"}]},{\"@type\":\"WebSite\",\"@id\":\"https:\/\/emergingmanagers.ca\/#website\",\"url\":\"https:\/\/emergingmanagers.ca\/\",\"name\":\"CGE-EMB\",\"description\":\"Conseil des Gestionnaires Emergents | Emerging Managers Board\",\"potentialAction\":[{\"@type\":\"SearchAction\",\"target\":{\"@type\":\"EntryPoint\",\"urlTemplate\":\"https:\/\/emergingmanagers.ca\/?s={search_term_string}\"},\"query-input\":{\"@type\":\"PropertyValueSpecification\",\"valueRequired\":true,\"valueName\":\"search_term_string\"}}],\"inLanguage\":\"fr-FR\"}]}<\/script>\n<!-- \/ Yoast SEO plugin. -->","yoast_head_json":{"title":"Indices CGE - CGE-EMB","robots":{"index":"index","follow":"follow","max-snippet":"max-snippet:-1","max-image-preview":"max-image-preview:large","max-video-preview":"max-video-preview:-1"},"canonical":"https:\/\/emergingmanagers.ca\/fr\/indices-cge\/","og_locale":"fr_FR","og_type":"article","og_title":"Indices CGE - CGE-EMB","og_description":"Tous les rendements pr\u00e9sent\u00e9s ci-dessus sont en dollars canadiens, bruts des frais de gestion. Les rendements depuis cr\u00e9ation sont annualis\u00e9s. Sources : Les rendements des strat\u00e9gies offertes en fonds communs proviennent de Fundata et ceux des comptes en gestion s\u00e9gr\u00e9gu\u00e9e sont fournis par les gestionnaires de portefeuille.","og_url":"https:\/\/emergingmanagers.ca\/fr\/indices-cge\/","og_site_name":"CGE-EMB","article_modified_time":"2022-08-23T20:03:26+00:00","twitter_misc":{"Dur\u00e9e de lecture estim\u00e9e":"1 minute"},"schema":{"@context":"https:\/\/schema.org","@graph":[{"@type":"WebPage","@id":"https:\/\/emergingmanagers.ca\/fr\/indices-cge\/","url":"https:\/\/emergingmanagers.ca\/fr\/indices-cge\/","name":"Indices CGE - CGE-EMB","isPartOf":{"@id":"https:\/\/emergingmanagers.ca\/#website"},"datePublished":"2022-07-30T20:20:51+00:00","dateModified":"2022-08-23T20:03:26+00:00","breadcrumb":{"@id":"https:\/\/emergingmanagers.ca\/fr\/indices-cge\/#breadcrumb"},"inLanguage":"fr-FR","potentialAction":[{"@type":"ReadAction","target":["https:\/\/emergingmanagers.ca\/fr\/indices-cge\/"]}]},{"@type":"BreadcrumbList","@id":"https:\/\/emergingmanagers.ca\/fr\/indices-cge\/#breadcrumb","itemListElement":[{"@type":"ListItem","position":1,"name":"Home","item":"https:\/\/emergingmanagers.ca\/"},{"@type":"ListItem","position":2,"name":"Indices CGE"}]},{"@type":"WebSite","@id":"https:\/\/emergingmanagers.ca\/#website","url":"https:\/\/emergingmanagers.ca\/","name":"CGE-EMB","description":"Conseil des Gestionnaires Emergents | Emerging Managers Board","potentialAction":[{"@type":"SearchAction","target":{"@type":"EntryPoint","urlTemplate":"https:\/\/emergingmanagers.ca\/?s={search_term_string}"},"query-input":{"@type":"PropertyValueSpecification","valueRequired":true,"valueName":"search_term_string"}}],"inLanguage":"fr-FR"}]}},"_links":{"self":[{"href":"https:\/\/emergingmanagers.ca\/fr\/wp-json\/wp\/v2\/pages\/23606","targetHints":{"allow":["GET"]}}],"collection":[{"href":"https:\/\/emergingmanagers.ca\/fr\/wp-json\/wp\/v2\/pages"}],"about":[{"href":"https:\/\/emergingmanagers.ca\/fr\/wp-json\/wp\/v2\/types\/page"}],"author":[{"embeddable":true,"href":"https:\/\/emergingmanagers.ca\/fr\/wp-json\/wp\/v2\/users\/31"}],"replies":[{"embeddable":true,"href":"https:\/\/emergingmanagers.ca\/fr\/wp-json\/wp\/v2\/comments?post=23606"}],"version-history":[{"count":4,"href":"https:\/\/emergingmanagers.ca\/fr\/wp-json\/wp\/v2\/pages\/23606\/revisions"}],"predecessor-version":[{"id":23832,"href":"https:\/\/emergingmanagers.ca\/fr\/wp-json\/wp\/v2\/pages\/23606\/revisions\/23832"}],"wp:attachment":[{"href":"https:\/\/emergingmanagers.ca\/fr\/wp-json\/wp\/v2\/media?parent=23606"}],"curies":[{"name":"wp","href":"https:\/\/api.w.org\/{rel}","templated":true}]}}